{"id":2457,"date":"2025-09-18T12:13:03","date_gmt":"2025-09-18T15:13:03","guid":{"rendered":"https:\/\/portal.uern.br\/proplan\/?page_id=2457"},"modified":"2025-09-18T13:02:30","modified_gmt":"2025-09-18T16:02:30","slug":"convenios-2025","status":"publish","type":"page","link":"https:\/\/portal.uern.br\/proplan\/convenios-2025\/","title":{"rendered":"Conv\u00eanios 2025"},"content":{"rendered":"<p><strong>CONV\u00caNIO<\/strong><\/p>\n<p><strong>Proposta n\u00ba 24789\/2025<br \/>\n<\/strong><\/p>\n<p><strong>Conv\u00eanio n\u00ba 975823\/2025<br \/>\n<\/strong><\/p>\n<p><strong>Objeto:<\/strong> O presente Plano de Trabalho tem como objeto a forma\u00e7\u00e3o e certifica\u00e7\u00e3o de especialistas por meio da oferta do Curso de Especializa\u00e7\u00e3o em Gest\u00e3o Escolar para o Ensino M\u00e9dio, exclusivamente aprovado pelo Sistema Universidade Aberta do Brasil (UAB) e executados pela Universidade do Estado do Rio Grande do Norte &#8211; UERN.<\/p>\n<p><strong>Valor Global:<\/strong> R$ 354.600,00<\/p>\n<p><strong>Valor da Contrapartida:<\/strong> R$ 3.546,00<\/p>\n<p><strong>Desembolso:<\/strong> R$ 0,00<\/p>\n<p><strong>Percentual executado do Plano de Trabalho:<\/strong> 0,00%<\/p>\n<p><strong>Vig\u00eancia:<\/strong> 01\/04\/2027<\/p>\n<p><strong>Situa\u00e7\u00e3o:<\/strong> Em execu\u00e7\u00e3o.<\/p>\n<p><strong>Anexo: <\/strong><a href=\"https:\/\/portal.uern.br\/proplan\/wp-content\/uploads\/2025\/09\/extrato_proposta_24789.2025.pdf\">Extrato da Proposta<\/a><\/p>\n<p>Maiores informa\u00e7\u00f5es acesse o <a href=\"https:\/\/portaldatransparencia.gov.br\/convenios\/975823\">Portal da Transpar\u00eancia<\/a><\/p>\n<hr \/>\n<p><strong>CONV\u00caNIO<\/strong><\/p>\n<p><strong>Proposta n\u00ba 40\/2025<br \/>\n<\/strong><\/p>\n<p><strong>Conv\u00eanio n\u00ba 973867\/2025<br \/>\n<\/strong><\/p>\n<p><strong>Objeto:<\/strong> O presente Plano de Trabalho tem como objeto a forma\u00e7\u00e3o de licenciados, bachar\u00e9is, tecn\u00f3logos e\/ou a certifica\u00e7\u00e3o de especialistas, mediante os cursos superiores ou programas e projetos especiais exclusivamente aprovados pelo Sistema Universidade Aberta do Brasil (UAB) e executados pela Universidade do Estado do Rio Grande do Norte &#8211; UERN.<\/p>\n<p><strong>Valor Global:<\/strong> R$ 11.927.280,00<\/p>\n<p><strong>Valor da Contrapartida:<\/strong> R$ 119.280,00<\/p>\n<p><strong>Desembolso:<\/strong> R$ 0,00<\/p>\n<p><strong>Percentual executado do Plano de Trabalho:<\/strong> 0,00%<\/p>\n<p><strong>Vig\u00eancia:<\/strong> 01\/08\/2030<\/p>\n<p><strong>Situa\u00e7\u00e3o:<\/strong> Em execu\u00e7\u00e3o.<\/p>\n<p><strong>Anexo: <\/strong><a href=\"https:\/\/portal.uern.br\/proplan\/wp-content\/uploads\/2025\/09\/extrato_proposta_00040.2025.pdf\">Extrato da Proposta<\/a><\/p>\n<p>Maiores informa\u00e7\u00f5es acesse o <a href=\"https:\/\/portaldatransparencia.gov.br\/convenios\/973867\">Portal da Transpar\u00eancia<\/a><\/p>\n","protected":false},"excerpt":{"rendered":"<p>CONV\u00caNIO Proposta n\u00ba 24789\/2025 Conv\u00eanio n\u00ba 975823\/2025 Objeto: O presente Plano de Trabalho tem como objeto a forma\u00e7\u00e3o e certifica\u00e7\u00e3o de especialistas por meio da oferta do Curso de Especializa\u00e7\u00e3o em Gest\u00e3o Escolar para o Ensino M\u00e9dio, exclusivamente aprovado pelo Sistema Universidade Aberta do Brasil (UAB) e executados pela Universidade do Estado do Rio Grande [&hellip;]<\/p>\n","protected":false},"author":2,"featured_media":0,"parent":0,"menu_order":0,"comment_status":"closed","ping_status":"closed","template":"","meta":{"footnotes":""},"class_list":["post-2457","page","type-page","status-publish","hentry"],"_links":{"self":[{"href":"https:\/\/portal.uern.br\/proplan\/wp-json\/wp\/v2\/pages\/2457","targetHints":{"allow":["GET"]}}],"collection":[{"href":"https:\/\/portal.uern.br\/proplan\/wp-json\/wp\/v2\/pages"}],"about":[{"href":"https:\/\/portal.uern.br\/proplan\/wp-json\/wp\/v2\/types\/page"}],"author":[{"embeddable":true,"href":"https:\/\/portal.uern.br\/proplan\/wp-json\/wp\/v2\/users\/2"}],"replies":[{"embeddable":true,"href":"https:\/\/portal.uern.br\/proplan\/wp-json\/wp\/v2\/comments?post=2457"}],"version-history":[{"count":8,"href":"https:\/\/portal.uern.br\/proplan\/wp-json\/wp\/v2\/pages\/2457\/revisions"}],"predecessor-version":[{"id":2469,"href":"https:\/\/portal.uern.br\/proplan\/wp-json\/wp\/v2\/pages\/2457\/revisions\/2469"}],"wp:attachment":[{"href":"https:\/\/portal.uern.br\/proplan\/wp-json\/wp\/v2\/media?parent=2457"}],"curies":[{"name":"wp","href":"https:\/\/api.w.org\/{rel}","templated":true}]}}