{"id":2441,"date":"2025-09-17T12:35:00","date_gmt":"2025-09-17T15:35:00","guid":{"rendered":"https:\/\/portal.uern.br\/proplan\/?page_id=2441"},"modified":"2025-09-18T12:38:42","modified_gmt":"2025-09-18T15:38:42","slug":"convenios-2023","status":"publish","type":"page","link":"https:\/\/portal.uern.br\/proplan\/convenios-2023\/","title":{"rendered":"Conv\u00eanios 2023"},"content":{"rendered":"<p><strong>CONV\u00caNIO<\/strong><\/p>\n<p><strong>Proposta n\u00ba 14\/2023<\/strong><\/p>\n<p><strong>Conv\u00eanio n\u00ba 945554\/2023 (PARFOR)<br \/>\n<\/strong><\/p>\n<p><strong>Objeto:<\/strong> O presente Plano de Trabalho tem como objeto a forma\u00e7\u00e3o de professores da rede p\u00fablica de educa\u00e7\u00e3o b\u00e1sica, mediante a implementa\u00e7\u00e3o de cinco turmas em cursos de licenciatura, sendo tr\u00eas turmas de cursos de licenciatura, aprovadas em 1\u00aa Etapa (Etapa 2022): uma turma de curso de licenciatura em Pedagogia (primeira licenciatura com 30 alunos do munic\u00edpio de Assu), uma turma de curso de licenciatura em Pedagogia (primeira licenciatura com 42 alunos no munic\u00edpio de Patu), e uma turma de de licenciatura em Pedagogia (primeira licenciatura com 25 alunos no munic\u00edpio de Pau dos Ferros); e outras duas turmas de cursos de licenciatura, aprovadas em 2\u00aa Etapa (Etapa 2023): uma turma de curso de licenciatura em Pedagogia (primeira licenciatura com 27 alunos no munic\u00edpio de Patu), e uma turma de curso de licenciatura em Pedagogia (primeira licenciatura com 15 alunos no munic\u00edpio de Pau dos Ferros), aprovados por meio do Edital Capes 08\/2022 do Programa Nacional de Forma\u00e7\u00e3o de Professores da Educa\u00e7\u00e3o B\u00e1sica &#8211; Parfor e executados pela FUNDA\u00c7\u00c3O UNIVERSIDADE DO ESTADO DO RIO GRANDE DO NORTE, de acordo com o disposto na Portaria CAPES n\u00ba 220\/2021 e no Edital CAPES n\u00ba 08\/2022.<\/p>\n<p><strong>Valor Global:<\/strong> R$ 819.000,00<\/p>\n<p><strong>Valor da Contrapartida:<\/strong> R$ 8.190,00<\/p>\n<p><strong>Desembolso:<\/strong> R$ 126.522,00<\/p>\n<p><strong>Percentual executado do Plano de Trabalho:<\/strong> 4,55%<\/p>\n<p><strong>Vig\u00eancia:<\/strong> 31\/12\/2028<\/p>\n<p><strong>Situa\u00e7\u00e3o:<\/strong> Em execu\u00e7\u00e3o.<\/p>\n<p><strong>Anexo: <\/strong><a href=\"https:\/\/portal.uern.br\/proplan\/wp-content\/uploads\/2025\/09\/extrato_proposta_00014.2023.pdf\">Extrato da Proposta<\/a><\/p>\n<p>Maiores informa\u00e7\u00f5es acesse o <a href=\"https:\/\/portaldatransparencia.gov.br\/convenios\/945554\">Portal da Transpar\u00eancia<\/a><\/p>\n<hr \/>\n<p><strong>CONV\u00caNIO<\/strong><\/p>\n<p><strong>Proposta n\u00ba 58168\/2023<br \/>\n<\/strong><\/p>\n<p><strong>Conv\u00eanio n\u00ba 949284\/2023<br \/>\n<\/strong><\/p>\n<p><strong>Objeto:<\/strong> O presente Plano de Trabalho tem como objeto a aquisi\u00e7\u00e3o de equipamentos de tecnologia da informa\u00e7\u00e3o e comunica\u00e7\u00e3o para suporte aos alunos e \u00e0s atividades docentes do Sistema Universidade Aberta do Brasil.<\/p>\n<p><strong>Valor Global:<\/strong> R$ 243.227,86<\/p>\n<p><strong>Valor da Contrapartida:<\/strong> R$ 47.450,16<\/p>\n<p><strong>Desembolso:<\/strong> R$ 195.777,70<\/p>\n<p><strong>Percentual executado do Plano de Trabalho:<\/strong> 0,00%<\/p>\n<p><strong>Vig\u00eancia:<\/strong> 28\/06\/2026<\/p>\n<p><strong>Situa\u00e7\u00e3o:<\/strong> Em execu\u00e7\u00e3o.<\/p>\n<p><strong>Anexo: <\/strong><a href=\"https:\/\/portal.uern.br\/proplan\/wp-content\/uploads\/2025\/09\/extrato_proposta_58168.2023.pdf\">Extrato da Proposta<\/a><\/p>\n<p>Maiores informa\u00e7\u00f5es acesse o <a href=\"https:\/\/portaldatransparencia.gov.br\/convenios\/949284\">Portal da Transpar\u00eancia<\/a><\/p>\n<hr \/>\n<p><strong>CONV\u00caNIO<\/strong><\/p>\n<p><strong>Proposta n\u00ba 68130\/2023<br \/>\n<\/strong><\/p>\n<p><strong>Conv\u00eanio n\u00ba 953738\/2023<br \/>\n<\/strong><\/p>\n<p><strong>Objeto:<\/strong> O presente Plano de Trabalho tem como objeto a Equidade de G\u00eanero, ra\u00e7a e valoriza\u00e7\u00e3o das trabalhadoras do Sistema \u00danico de Sa\u00fade \u2013 SUS.<\/p>\n<p><strong>Valor Global:<\/strong> R$ 499.380,00<\/p>\n<p><strong>Valor da Contrapartida:<\/strong> R$ 0,00<\/p>\n<p><strong>Desembolso:<\/strong> R$ 0,00<\/p>\n<p><strong>Percentual executado do Plano de Trabalho:<\/strong> 0,00%<\/p>\n<p><strong>Vig\u00eancia:<\/strong> 28\/12\/2025<\/p>\n<p><strong>Situa\u00e7\u00e3o:<\/strong> Em execu\u00e7\u00e3o.<\/p>\n<p><strong>Anexo: <\/strong><a href=\"https:\/\/portal.uern.br\/proplan\/wp-content\/uploads\/2025\/09\/extrato_proposta_68130.2023.pdf\">Extrato da Proposta<\/a><\/p>\n<p>Maiores informa\u00e7\u00f5es acesse o <a href=\"https:\/\/portaldatransparencia.gov.br\/convenios\/953738\">Portal da Transpar\u00eancia<\/a><\/p>\n","protected":false},"excerpt":{"rendered":"<p>CONV\u00caNIO Proposta n\u00ba 14\/2023 Conv\u00eanio n\u00ba 945554\/2023 (PARFOR) Objeto: O presente Plano de Trabalho tem como objeto a forma\u00e7\u00e3o de professores da rede p\u00fablica de educa\u00e7\u00e3o b\u00e1sica, mediante a implementa\u00e7\u00e3o de cinco turmas em cursos de licenciatura, sendo tr\u00eas turmas de cursos de licenciatura, aprovadas em 1\u00aa Etapa (Etapa 2022): uma turma de curso de [&hellip;]<\/p>\n","protected":false},"author":2,"featured_media":0,"parent":0,"menu_order":0,"comment_status":"closed","ping_status":"closed","template":"","meta":{"footnotes":""},"class_list":["post-2441","page","type-page","status-publish","hentry"],"_links":{"self":[{"href":"https:\/\/portal.uern.br\/proplan\/wp-json\/wp\/v2\/pages\/2441","targetHints":{"allow":["GET"]}}],"collection":[{"href":"https:\/\/portal.uern.br\/proplan\/wp-json\/wp\/v2\/pages"}],"about":[{"href":"https:\/\/portal.uern.br\/proplan\/wp-json\/wp\/v2\/types\/page"}],"author":[{"embeddable":true,"href":"https:\/\/portal.uern.br\/proplan\/wp-json\/wp\/v2\/users\/2"}],"replies":[{"embeddable":true,"href":"https:\/\/portal.uern.br\/proplan\/wp-json\/wp\/v2\/comments?post=2441"}],"version-history":[{"count":14,"href":"https:\/\/portal.uern.br\/proplan\/wp-json\/wp\/v2\/pages\/2441\/revisions"}],"predecessor-version":[{"id":2465,"href":"https:\/\/portal.uern.br\/proplan\/wp-json\/wp\/v2\/pages\/2441\/revisions\/2465"}],"wp:attachment":[{"href":"https:\/\/portal.uern.br\/proplan\/wp-json\/wp\/v2\/media?parent=2441"}],"curies":[{"name":"wp","href":"https:\/\/api.w.org\/{rel}","templated":true}]}}