{"id":2404,"date":"2025-08-07T10:45:42","date_gmt":"2025-08-07T13:45:42","guid":{"rendered":"https:\/\/portal.uern.br\/proplan\/?page_id=2404"},"modified":"2025-08-07T10:53:20","modified_gmt":"2025-08-07T13:53:20","slug":"emendas-estaduais-2025","status":"publish","type":"page","link":"https:\/\/portal.uern.br\/proplan\/emendas-estaduais-2025\/","title":{"rendered":"Emendas Estaduais 2025"},"content":{"rendered":"<p><strong>EMENDA N\u00ba 260<\/strong><\/p>\n<p><strong>Parlamentar: <\/strong>Francisco do PT<\/p>\n<p><strong>Objeto:\u00a0<\/strong>Destina cr\u00e9dito or\u00e7ament\u00e1rio para Equipamentos e material permanente.<\/p>\n<p><strong>Valor:<\/strong> R$ 126.000,00<\/p>\n<p><a href=\"https:\/\/portal.uern.br\/proplan\/wp-content\/uploads\/2025\/08\/emenda_260_francisco_do_PT.pdf\">Relat\u00f3rio SIGEF<\/a><\/p>\n","protected":false},"excerpt":{"rendered":"<p>EMENDA N\u00ba 260 Parlamentar: Francisco do PT Objeto:\u00a0Destina cr\u00e9dito or\u00e7ament\u00e1rio para Equipamentos e material permanente. Valor: R$ 126.000,00 Relat\u00f3rio SIGEF<\/p>\n","protected":false},"author":2,"featured_media":0,"parent":0,"menu_order":0,"comment_status":"closed","ping_status":"closed","template":"","meta":{"footnotes":""},"class_list":["post-2404","page","type-page","status-publish","hentry"],"_links":{"self":[{"href":"https:\/\/portal.uern.br\/proplan\/wp-json\/wp\/v2\/pages\/2404","targetHints":{"allow":["GET"]}}],"collection":[{"href":"https:\/\/portal.uern.br\/proplan\/wp-json\/wp\/v2\/pages"}],"about":[{"href":"https:\/\/portal.uern.br\/proplan\/wp-json\/wp\/v2\/types\/page"}],"author":[{"embeddable":true,"href":"https:\/\/portal.uern.br\/proplan\/wp-json\/wp\/v2\/users\/2"}],"replies":[{"embeddable":true,"href":"https:\/\/portal.uern.br\/proplan\/wp-json\/wp\/v2\/comments?post=2404"}],"version-history":[{"count":5,"href":"https:\/\/portal.uern.br\/proplan\/wp-json\/wp\/v2\/pages\/2404\/revisions"}],"predecessor-version":[{"id":2410,"href":"https:\/\/portal.uern.br\/proplan\/wp-json\/wp\/v2\/pages\/2404\/revisions\/2410"}],"wp:attachment":[{"href":"https:\/\/portal.uern.br\/proplan\/wp-json\/wp\/v2\/media?parent=2404"}],"curies":[{"name":"wp","href":"https:\/\/api.w.org\/{rel}","templated":true}]}}