{"id":2332,"date":"2025-07-28T12:06:33","date_gmt":"2025-07-28T15:06:33","guid":{"rendered":"https:\/\/portal.uern.br\/proplan\/?page_id=2332"},"modified":"2025-07-29T11:30:20","modified_gmt":"2025-07-29T14:30:20","slug":"emendas-estaduais-2023","status":"publish","type":"page","link":"https:\/\/portal.uern.br\/proplan\/emendas-estaduais-2023\/","title":{"rendered":"Emendas Estaduais 2023"},"content":{"rendered":"<p><strong>EMENDA N\u00ba 088<\/strong><\/p>\n<p><strong>Parlamentar: <\/strong>Souza Neto<\/p>\n<p><strong>Objeto: <\/strong>Destina cr\u00e9dito or\u00e7ament\u00e1rio para Aux\u00edlio Financeiro a Pesquisadores para realizar estudo de pesquisa sobre o avan\u00e7o do mar no munic\u00edpio de Tibau\/RN.<\/p>\n<p><strong>Valor:<\/strong> R$ 120.000,00<\/p>\n<p><a href=\"https:\/\/portal.uern.br\/proplan\/wp-content\/uploads\/2025\/07\/emenda_088_souza_neto.pdf\">Relat\u00f3rio SIGEF<\/a><\/p>\n<hr \/>\n<p><strong>EMENDA N\u00ba 200<\/strong><\/p>\n<p><strong>Parlamentar: <\/strong>Isolda Dantas<\/p>\n<p><strong>Objeto: <\/strong>Destina cr\u00e9dito or\u00e7ament\u00e1rio para Obras e Instala\u00e7\u00f5es.<\/p>\n<p><strong>Valor:<\/strong> R$ 500.000,00<\/p>\n<p><a href=\"https:\/\/portal.uern.br\/proplan\/wp-content\/uploads\/2025\/07\/emenda_200_isolda_dantas.pdf\">Relat\u00f3rio SIGEF<\/a><\/p>\n<hr \/>\n<p><strong>EMENDA N\u00ba 221<\/strong><\/p>\n<p><strong>Parlamentar: <\/strong>Francisco do PT<\/p>\n<p><strong>Objeto: <\/strong>Destina cr\u00e9dito or\u00e7ament\u00e1rio para Equipamentos e material permanente.<\/p>\n<p><strong>Valor:<\/strong> R$ 100.000,00<\/p>\n<p><a href=\"https:\/\/portal.uern.br\/proplan\/wp-content\/uploads\/2025\/07\/emenda_221_francisco_do_PT.pdf\">Relat\u00f3rio SIGEF<\/a><\/p>\n","protected":false},"excerpt":{"rendered":"<p>EMENDA N\u00ba 088 Parlamentar: Souza Neto Objeto: Destina cr\u00e9dito or\u00e7ament\u00e1rio para Aux\u00edlio Financeiro a Pesquisadores para realizar estudo de pesquisa sobre o avan\u00e7o do mar no munic\u00edpio de Tibau\/RN. Valor: R$ 120.000,00 Relat\u00f3rio SIGEF EMENDA N\u00ba 200 Parlamentar: Isolda Dantas Objeto: Destina cr\u00e9dito or\u00e7ament\u00e1rio para Obras e Instala\u00e7\u00f5es. Valor: R$ 500.000,00 Relat\u00f3rio SIGEF EMENDA N\u00ba [&hellip;]<\/p>\n","protected":false},"author":2,"featured_media":0,"parent":0,"menu_order":0,"comment_status":"closed","ping_status":"closed","template":"","meta":{"footnotes":""},"class_list":["post-2332","page","type-page","status-publish","hentry"],"_links":{"self":[{"href":"https:\/\/portal.uern.br\/proplan\/wp-json\/wp\/v2\/pages\/2332","targetHints":{"allow":["GET"]}}],"collection":[{"href":"https:\/\/portal.uern.br\/proplan\/wp-json\/wp\/v2\/pages"}],"about":[{"href":"https:\/\/portal.uern.br\/proplan\/wp-json\/wp\/v2\/types\/page"}],"author":[{"embeddable":true,"href":"https:\/\/portal.uern.br\/proplan\/wp-json\/wp\/v2\/users\/2"}],"replies":[{"embeddable":true,"href":"https:\/\/portal.uern.br\/proplan\/wp-json\/wp\/v2\/comments?post=2332"}],"version-history":[{"count":2,"href":"https:\/\/portal.uern.br\/proplan\/wp-json\/wp\/v2\/pages\/2332\/revisions"}],"predecessor-version":[{"id":2369,"href":"https:\/\/portal.uern.br\/proplan\/wp-json\/wp\/v2\/pages\/2332\/revisions\/2369"}],"wp:attachment":[{"href":"https:\/\/portal.uern.br\/proplan\/wp-json\/wp\/v2\/media?parent=2332"}],"curies":[{"name":"wp","href":"https:\/\/api.w.org\/{rel}","templated":true}]}}