{"id":2210,"date":"2025-02-04T13:10:05","date_gmt":"2025-02-04T16:10:05","guid":{"rendered":"https:\/\/portal.uern.br\/proplan\/?page_id=2210"},"modified":"2026-01-30T15:30:03","modified_gmt":"2026-01-30T18:30:03","slug":"pagamentos-realizados-2025","status":"publish","type":"page","link":"https:\/\/portal.uern.br\/proplan\/pagamentos-realizados-2025\/","title":{"rendered":"Pagamentos Realizados 2025"},"content":{"rendered":"<h3>Rela\u00e7\u00e3o Geral de Pagamentos &#8211; 2025<\/h3>\n<ul>\n<li><a href=\"https:\/\/portal.uern.br\/proplan\/wp-content\/uploads\/2025\/02\/01_relacao_geral_de_pagamentos_janeiro_2025.pdf\">Janeiro de 2025<\/a><\/li>\n<li><a href=\"https:\/\/portal.uern.br\/proplan\/wp-content\/uploads\/2025\/03\/02_relacao_geral_de_pagamentos_fevereiro_2025.pdf\">Fevereiro de 2025<\/a><\/li>\n<li><a href=\"https:\/\/portal.uern.br\/proplan\/wp-content\/uploads\/2025\/04\/03_relacao_geral_de_pagamentos_marco_2025.pdf\">Mar\u00e7o de 2025<\/a><\/li>\n<li><a href=\"https:\/\/portal.uern.br\/proplan\/wp-content\/uploads\/2025\/05\/04_relacao_geral_de_pagamentos_abril_2025.pdf\">Abril de 2025<\/a><\/li>\n<li><a href=\"https:\/\/portal.uern.br\/proplan\/wp-content\/uploads\/2025\/06\/05_relacao_geral_de_pagamentos_maio_2025.pdf\">Maio de 2025<\/a><\/li>\n<li><a href=\"https:\/\/portal.uern.br\/proplan\/wp-content\/uploads\/2025\/08\/06_relacao_geral_de_pagamentos_junho_2025.pdf\">Junho de 2025<\/a><\/li>\n<li><a href=\"https:\/\/portal.uern.br\/proplan\/wp-content\/uploads\/2025\/08\/07_relacao_geral_de_pagamentos_julho_2025.pdf\">Julho de 2025<\/a><\/li>\n<li><a href=\"https:\/\/portal.uern.br\/proplan\/wp-content\/uploads\/2025\/09\/08_relacao_geral_de_pagamentos_agosto_2025.pdf\">Agosto de 2025<\/a><\/li>\n<li><a href=\"https:\/\/portal.uern.br\/proplan\/wp-content\/uploads\/2025\/10\/09_relacao_geral_de_pagamentos_setembro_2025.pdf\">Setembro de 2025<\/a><\/li>\n<li><a href=\"https:\/\/portal.uern.br\/proplan\/wp-content\/uploads\/2026\/01\/10_relacao_geral_de_pagamentos_outubro_2025.pdf\">Outubro de 2025<\/a><\/li>\n<li><a href=\"https:\/\/portal.uern.br\/proplan\/wp-content\/uploads\/2026\/01\/11_relacao_geral_de_pagamentos_novembro_2025.pdf\">Novembro de 2025<\/a><\/li>\n<li><a href=\"https:\/\/portal.uern.br\/proplan\/wp-content\/uploads\/2026\/01\/12_relacao_geral_de_pagamentos_dezembro_2025.pdf\">Dezembro de 2025<\/a><\/li>\n<\/ul>\n","protected":false},"excerpt":{"rendered":"<p>Rela\u00e7\u00e3o Geral de Pagamentos &#8211; 2025 Janeiro de 2025 Fevereiro de 2025 Mar\u00e7o de 2025 Abril de 2025 Maio de 2025 Junho de 2025 Julho de 2025 Agosto de 2025 Setembro de 2025 Outubro de 2025 Novembro de 2025 Dezembro de 2025<\/p>\n","protected":false},"author":2,"featured_media":0,"parent":0,"menu_order":0,"comment_status":"closed","ping_status":"closed","template":"","meta":{"footnotes":""},"class_list":["post-2210","page","type-page","status-publish","hentry"],"_links":{"self":[{"href":"https:\/\/portal.uern.br\/proplan\/wp-json\/wp\/v2\/pages\/2210","targetHints":{"allow":["GET"]}}],"collection":[{"href":"https:\/\/portal.uern.br\/proplan\/wp-json\/wp\/v2\/pages"}],"about":[{"href":"https:\/\/portal.uern.br\/proplan\/wp-json\/wp\/v2\/types\/page"}],"author":[{"embeddable":true,"href":"https:\/\/portal.uern.br\/proplan\/wp-json\/wp\/v2\/users\/2"}],"replies":[{"embeddable":true,"href":"https:\/\/portal.uern.br\/proplan\/wp-json\/wp\/v2\/comments?post=2210"}],"version-history":[{"count":11,"href":"https:\/\/portal.uern.br\/proplan\/wp-json\/wp\/v2\/pages\/2210\/revisions"}],"predecessor-version":[{"id":2545,"href":"https:\/\/portal.uern.br\/proplan\/wp-json\/wp\/v2\/pages\/2210\/revisions\/2545"}],"wp:attachment":[{"href":"https:\/\/portal.uern.br\/proplan\/wp-json\/wp\/v2\/media?parent=2210"}],"curies":[{"name":"wp","href":"https:\/\/api.w.org\/{rel}","templated":true}]}}