{"id":2164,"date":"2024-11-12T13:43:38","date_gmt":"2024-11-12T16:43:38","guid":{"rendered":"https:\/\/portal.uern.br\/proplan\/?page_id=2164"},"modified":"2024-11-12T13:52:24","modified_gmt":"2024-11-12T16:52:24","slug":"relatorio-de-gestao-fiscal-rgf","status":"publish","type":"page","link":"https:\/\/portal.uern.br\/proplan\/relatorio-de-gestao-fiscal-rgf\/","title":{"rendered":"Relat\u00f3rio de Gest\u00e3o Fiscal &#8211; RGF"},"content":{"rendered":"<div class=\"elementor-element elementor-element-703bc4ce elementor-widget elementor-widget-theme-post-content\" data-id=\"703bc4ce\" data-element_type=\"widget\" data-widget_type=\"theme-post-content.default\">\n<div class=\"elementor-widget-container\">\n<p><span class=\"fontstyle0\"><strong>Como Consultar o Relat\u00f3rio de Gest\u00e3o Fiscal &#8211; RGF no Portal da Transpar\u00eancia<\/strong><\/span><\/p>\n<p><span class=\"fontstyle0\"><br \/>\n<\/span><span class=\"fontstyle2\">Prezado(a) Usu\u00e1rio(a),<br \/>\nPara acessar as informa\u00e7\u00f5es sobre o RGF no Portal da Transpar\u00eancia, siga<br \/>\nos passos abaixo:<\/span><\/p>\n<p style=\"padding-left: 40px\"><span class=\"fontstyle2\"><br \/>\n<strong>1. <\/strong><\/span><strong><span class=\"fontstyle0\">Acesse o Portal da Transpar\u00eancia<\/span><\/strong><span class=\"fontstyle2\">: Navegue at\u00e9 o site oficial do Portal da<br \/>\nTranspar\u00eancia <a href=\"http:\/\/www.transparencia.rn.gov.br\/demonstrativo-fiscal\">http:\/\/www.transparencia.rn.gov.br\/demonstrativo-fiscal<\/a><\/span><span class=\"fontstyle2\">.<br \/>\n<strong>2. <\/strong><\/span><strong><span class=\"fontstyle0\">Preencha os Dados Relevantes<\/span><\/strong><span class=\"fontstyle2\">: Insira os dados solicitados, como o ano, tipo<br \/>\n<\/span><span class=\"fontstyle2\">e per\u00edodo desejado.<br \/>\n<strong>3. <\/strong><\/span><strong><span class=\"fontstyle0\">Visualize e Baixe os Relat\u00f3rios<\/span><\/strong><span class=\"fontstyle2\">: Ap\u00f3s realizar a pesquisa, voc\u00ea poder\u00e1 visualizar<br \/>\ne baixar os relat\u00f3rios.<\/span><\/p>\n<p><span class=\"fontstyle2\"><br \/>\nSe tiver alguma dificuldade ou precisar de ajuda adicional, n\u00e3o hesite em entrar em contato<br \/>\ncom o nosso suporte atrav\u00e9s do e-mail <a href=\"mailto:contabilidade@uern.br\">contabilidade@uern.br<\/a><\/span><\/p>\n<\/div>\n<\/div>\n","protected":false},"excerpt":{"rendered":"<p>Como Consultar o Relat\u00f3rio de Gest\u00e3o Fiscal &#8211; RGF no Portal da Transpar\u00eancia Prezado(a) Usu\u00e1rio(a), Para acessar as informa\u00e7\u00f5es sobre o RGF no Portal da Transpar\u00eancia, siga os passos abaixo: 1. Acesse o Portal da Transpar\u00eancia: Navegue at\u00e9 o site oficial do Portal da Transpar\u00eancia http:\/\/www.transparencia.rn.gov.br\/demonstrativo-fiscal. 2. Preencha os Dados Relevantes: Insira os dados solicitados, [&hellip;]<\/p>\n","protected":false},"author":2,"featured_media":0,"parent":0,"menu_order":0,"comment_status":"closed","ping_status":"closed","template":"","meta":{"footnotes":""},"class_list":["post-2164","page","type-page","status-publish","hentry"],"_links":{"self":[{"href":"https:\/\/portal.uern.br\/proplan\/wp-json\/wp\/v2\/pages\/2164","targetHints":{"allow":["GET"]}}],"collection":[{"href":"https:\/\/portal.uern.br\/proplan\/wp-json\/wp\/v2\/pages"}],"about":[{"href":"https:\/\/portal.uern.br\/proplan\/wp-json\/wp\/v2\/types\/page"}],"author":[{"embeddable":true,"href":"https:\/\/portal.uern.br\/proplan\/wp-json\/wp\/v2\/users\/2"}],"replies":[{"embeddable":true,"href":"https:\/\/portal.uern.br\/proplan\/wp-json\/wp\/v2\/comments?post=2164"}],"version-history":[{"count":2,"href":"https:\/\/portal.uern.br\/proplan\/wp-json\/wp\/v2\/pages\/2164\/revisions"}],"predecessor-version":[{"id":2171,"href":"https:\/\/portal.uern.br\/proplan\/wp-json\/wp\/v2\/pages\/2164\/revisions\/2171"}],"wp:attachment":[{"href":"https:\/\/portal.uern.br\/proplan\/wp-json\/wp\/v2\/media?parent=2164"}],"curies":[{"name":"wp","href":"https:\/\/api.w.org\/{rel}","templated":true}]}}