{"id":2161,"date":"2024-11-12T13:22:53","date_gmt":"2024-11-12T16:22:53","guid":{"rendered":"https:\/\/portal.uern.br\/proplan\/?page_id=2161"},"modified":"2024-11-12T13:50:32","modified_gmt":"2024-11-12T16:50:32","slug":"relatorio-resumido-de-execucao-orcamentaria-rreo","status":"publish","type":"page","link":"https:\/\/portal.uern.br\/proplan\/relatorio-resumido-de-execucao-orcamentaria-rreo\/","title":{"rendered":"Relat\u00f3rio Resumido de Execu\u00e7\u00e3o Or\u00e7ament\u00e1ria &#8211; RREO"},"content":{"rendered":"<p><span class=\"fontstyle0\"><strong>Como Consultar o Relat\u00f3rio Resumido de Execu\u00e7\u00e3o Or\u00e7ament\u00e1ria &#8211; RREO no Portal da Transpar\u00eancia<\/strong><\/span><\/p>\n<p><span class=\"fontstyle0\"><br \/>\n<\/span><span class=\"fontstyle2\">Prezado(a) Usu\u00e1rio(a),<br \/>\nPara acessar as informa\u00e7\u00f5es sobre o <span class=\"fontstyle0\">RREO<\/span> no Portal da Transpar\u00eancia, siga<br \/>\nos passos abaixo:<\/span><\/p>\n<p style=\"padding-left: 40px\"><span class=\"fontstyle2\"><br \/>\n<strong>1. <\/strong><\/span><strong><span class=\"fontstyle0\">Acesse o Portal da Transpar\u00eancia<\/span><\/strong><span class=\"fontstyle2\">: Navegue at\u00e9 o site oficial do Portal da<br \/>\nTranspar\u00eancia <a href=\"http:\/\/www.transparencia.rn.gov.br\/contas-bimestrais\">http:\/\/www.transparencia.rn.gov.br\/contas-bimestrais<\/a><\/span><span class=\"fontstyle2\">.<br \/>\n<\/span><span class=\"fontstyle2\"><strong>2. <\/strong><\/span><strong><span class=\"fontstyle0\">Selecione o RREO<\/span><\/strong><span class=\"fontstyle2\">: Clique no per\u00edodo desejado para abrir <\/span><span class=\"fontstyle2\">o relat\u00f3rio.<br \/>\n<\/span><span class=\"fontstyle2\"><strong>3. <\/strong><\/span><strong><span class=\"fontstyle0\">Visualize e Baixe os Relat\u00f3rios<\/span><\/strong><span class=\"fontstyle2\">: Voc\u00ea poder\u00e1 visualizar e baixar os relat\u00f3rios.<\/span><\/p>\n<p><span class=\"fontstyle2\"><br \/>\nSe tiver alguma dificuldade ou precisar de ajuda adicional, n\u00e3o hesite em entrar em contato<br \/>\ncom o nosso suporte atrav\u00e9s do e-mail <a href=\"mailto:contabilidade@uern.br\">contabilidade@uern.br<\/a><\/span><\/p>\n","protected":false},"excerpt":{"rendered":"<p>Como Consultar o Relat\u00f3rio Resumido de Execu\u00e7\u00e3o Or\u00e7ament\u00e1ria &#8211; RREO no Portal da Transpar\u00eancia Prezado(a) Usu\u00e1rio(a), Para acessar as informa\u00e7\u00f5es sobre o RREO no Portal da Transpar\u00eancia, siga os passos abaixo: 1. Acesse o Portal da Transpar\u00eancia: Navegue at\u00e9 o site oficial do Portal da Transpar\u00eancia http:\/\/www.transparencia.rn.gov.br\/contas-bimestrais. 2. Selecione o RREO: Clique no per\u00edodo desejado [&hellip;]<\/p>\n","protected":false},"author":2,"featured_media":0,"parent":0,"menu_order":0,"comment_status":"closed","ping_status":"closed","template":"","meta":{"footnotes":""},"class_list":["post-2161","page","type-page","status-publish","hentry"],"_links":{"self":[{"href":"https:\/\/portal.uern.br\/proplan\/wp-json\/wp\/v2\/pages\/2161","targetHints":{"allow":["GET"]}}],"collection":[{"href":"https:\/\/portal.uern.br\/proplan\/wp-json\/wp\/v2\/pages"}],"about":[{"href":"https:\/\/portal.uern.br\/proplan\/wp-json\/wp\/v2\/types\/page"}],"author":[{"embeddable":true,"href":"https:\/\/portal.uern.br\/proplan\/wp-json\/wp\/v2\/users\/2"}],"replies":[{"embeddable":true,"href":"https:\/\/portal.uern.br\/proplan\/wp-json\/wp\/v2\/comments?post=2161"}],"version-history":[{"count":5,"href":"https:\/\/portal.uern.br\/proplan\/wp-json\/wp\/v2\/pages\/2161\/revisions"}],"predecessor-version":[{"id":2170,"href":"https:\/\/portal.uern.br\/proplan\/wp-json\/wp\/v2\/pages\/2161\/revisions\/2170"}],"wp:attachment":[{"href":"https:\/\/portal.uern.br\/proplan\/wp-json\/wp\/v2\/media?parent=2161"}],"curies":[{"name":"wp","href":"https:\/\/api.w.org\/{rel}","templated":true}]}}