{"id":202,"date":"2022-09-12T15:03:42","date_gmt":"2022-09-12T18:03:42","guid":{"rendered":"https:\/\/paisdemossoro.com.br\/wordpress\/proplan\/?page_id=202"},"modified":"2022-09-12T15:03:42","modified_gmt":"2022-09-12T18:03:42","slug":"formularios","status":"publish","type":"page","link":"https:\/\/portal.uern.br\/proplan\/formularios\/","title":{"rendered":"Formul\u00e1rios"},"content":{"rendered":"<h5><strong>Formul\u00e1rios<\/strong><\/p>\n<p>PRESTA\u00c7\u00c3O DE CONTAS :: SUPRIMENTO DE FUNDOS<\/h5>\n<ul>\n<li><a href=\"https:\/\/www.uern.br\/controledepaginas\/proplan-formularios\/arquivos\/0538formularios_prestacao_de_contas_word.zip\">Formul\u00e1rios para Presta\u00e7\u00e3o de Contas &#8211; Vers\u00e3o Word\/Microsoft<\/a><\/li>\n<li><a href=\"https:\/\/www.uern.br\/controledepaginas\/proplan-formularios\/arquivos\/0538formularios_prestacao_de_contas_broffice.zip\">Formul\u00e1rios para Presta\u00e7\u00e3o de Contas &#8211; Vers\u00e3o BrOffice\/Libre Office<\/a><\/li>\n<\/ul>\n<p>&nbsp;<\/p>\n<h5>FORMUL\u00c1RIO PARA PLANEJAMENTO OR\u00c7AMENT\u00c1RIO 2015<\/h5>\n<p><strong>Data limite para envio das informa\u00e7\u00f5es: 30\/06\/2014<\/strong><\/p>\n<ul>\n<li><a href=\"https:\/\/www.uern.br\/controledepaginas\/proplan-formularios\/arquivos\/0538formulario_orcamento_2015_word.zip\">Formul\u00e1rio de Metas e Prioridades &#8211; Or\u00e7amento 2015 &#8211; Vers\u00e3o Word\/Microsoft<\/a><\/li>\n<li><a href=\"https:\/\/www.uern.br\/controledepaginas\/proplan-formularios\/arquivos\/0538formulario_orcamento_2015_broffice.zip\">Formul\u00e1rio de Metas e Prioridades &#8211; Or\u00e7amento 2015 &#8211; Vers\u00e3o BrOffice\/Libre Office<\/a><\/li>\n<\/ul>\n<p>&nbsp;<\/p>\n<h5>OUTROS FORMUL\u00c1RIOS<\/h5>\n<ul>\n<li><a href=\"https:\/\/www.uern.br\/controledepaginas\/proplan-formularios\/arquivos\/0538_formulario_relatorio_de_viagem.pdf\">Relat\u00f3rio de Viagem<\/a>\u00a0(Atualizado em 27\/05\/2019)<br \/>\n(Obs.: para salvar os dados a serem preenchidos no Relat\u00f3rio de Viagem, \u00e9 necess\u00e1rio fazer download previamente do arquivo e preencher o formul\u00e1rio)<\/li>\n<li><a href=\"https:\/\/www.uern.br\/controledepaginas\/proplan-formularios\/arquivos\/0538formulario_para_apresentacao_de_proposta_de_convenio.zip\">Apresenta\u00e7\u00e3o de Proposta de Conv\u00eanio<\/a><\/li>\n<li><a href=\"https:\/\/www.uern.br\/controledepaginas\/proplan-formularios\/arquivos\/0538formulario_para_solicitacao_de_diarias.zip\">Solicita\u00e7\u00e3o de Di\u00e1rias (PCD)<\/a><\/li>\n<\/ul>\n","protected":false},"excerpt":{"rendered":"<p>Formul\u00e1rios PRESTA\u00c7\u00c3O DE CONTAS :: SUPRIMENTO DE FUNDOS Formul\u00e1rios para Presta\u00e7\u00e3o de Contas &#8211; Vers\u00e3o Word\/Microsoft Formul\u00e1rios para Presta\u00e7\u00e3o de Contas &#8211; Vers\u00e3o BrOffice\/Libre Office &nbsp; FORMUL\u00c1RIO PARA PLANEJAMENTO OR\u00c7AMENT\u00c1RIO 2015 Data limite para envio das informa\u00e7\u00f5es: 30\/06\/2014 Formul\u00e1rio de Metas e Prioridades &#8211; Or\u00e7amento 2015 &#8211; Vers\u00e3o Word\/Microsoft Formul\u00e1rio de Metas e Prioridades &#8211; [&hellip;]<\/p>\n","protected":false},"author":1,"featured_media":0,"parent":0,"menu_order":0,"comment_status":"closed","ping_status":"closed","template":"","meta":{"footnotes":""},"class_list":["post-202","page","type-page","status-publish","hentry"],"_links":{"self":[{"href":"https:\/\/portal.uern.br\/proplan\/wp-json\/wp\/v2\/pages\/202","targetHints":{"allow":["GET"]}}],"collection":[{"href":"https:\/\/portal.uern.br\/proplan\/wp-json\/wp\/v2\/pages"}],"about":[{"href":"https:\/\/portal.uern.br\/proplan\/wp-json\/wp\/v2\/types\/page"}],"author":[{"embeddable":true,"href":"https:\/\/portal.uern.br\/proplan\/wp-json\/wp\/v2\/users\/1"}],"replies":[{"embeddable":true,"href":"https:\/\/portal.uern.br\/proplan\/wp-json\/wp\/v2\/comments?post=202"}],"version-history":[{"count":3,"href":"https:\/\/portal.uern.br\/proplan\/wp-json\/wp\/v2\/pages\/202\/revisions"}],"predecessor-version":[{"id":205,"href":"https:\/\/portal.uern.br\/proplan\/wp-json\/wp\/v2\/pages\/202\/revisions\/205"}],"wp:attachment":[{"href":"https:\/\/portal.uern.br\/proplan\/wp-json\/wp\/v2\/media?parent=202"}],"curies":[{"name":"wp","href":"https:\/\/api.w.org\/{rel}","templated":true}]}}