{"id":198,"date":"2022-09-12T14:54:11","date_gmt":"2022-09-12T17:54:11","guid":{"rendered":"https:\/\/paisdemossoro.com.br\/wordpress\/proplan\/?page_id=198"},"modified":"2022-09-12T14:54:11","modified_gmt":"2022-09-12T17:54:11","slug":"manual-de-rotinas","status":"publish","type":"page","link":"https:\/\/portal.uern.br\/proplan\/manual-de-rotinas\/","title":{"rendered":"Manual de Rotinas"},"content":{"rendered":"<p><strong>Manual de Rotinas<\/strong><\/p>\n<p>O Manual de Cargos, Fun\u00e7\u00f5es e Rotinas Administrativas da Pr\u00f3-Reitoria de Planejamento, Or\u00e7amento e Finan\u00e7as \u00e9 um instrumento que tem por objetivo orientar servidores, gestores e demais pessoas interessadas, sobre o trabalho administrativo desenvolvido neste setor da Universidade do Estado do Rio Grande do Norte.<\/p>\n<p><a href=\"https:\/\/www.uern.br\/controledepaginas\/proplan-manual-rotinas\/arquivos\/0536manual_de_rotinas_proplan.pdf\">Manual de Rotinas<\/a><\/p>\n","protected":false},"excerpt":{"rendered":"<p>Manual de Rotinas O Manual de Cargos, Fun\u00e7\u00f5es e Rotinas Administrativas da Pr\u00f3-Reitoria de Planejamento, Or\u00e7amento e Finan\u00e7as \u00e9 um instrumento que tem por objetivo orientar servidores, gestores e demais pessoas interessadas, sobre o trabalho administrativo desenvolvido neste setor da Universidade do Estado do Rio Grande do Norte. Manual de Rotinas<\/p>\n","protected":false},"author":1,"featured_media":0,"parent":0,"menu_order":0,"comment_status":"closed","ping_status":"closed","template":"","meta":{"footnotes":""},"class_list":["post-198","page","type-page","status-publish","hentry"],"_links":{"self":[{"href":"https:\/\/portal.uern.br\/proplan\/wp-json\/wp\/v2\/pages\/198","targetHints":{"allow":["GET"]}}],"collection":[{"href":"https:\/\/portal.uern.br\/proplan\/wp-json\/wp\/v2\/pages"}],"about":[{"href":"https:\/\/portal.uern.br\/proplan\/wp-json\/wp\/v2\/types\/page"}],"author":[{"embeddable":true,"href":"https:\/\/portal.uern.br\/proplan\/wp-json\/wp\/v2\/users\/1"}],"replies":[{"embeddable":true,"href":"https:\/\/portal.uern.br\/proplan\/wp-json\/wp\/v2\/comments?post=198"}],"version-history":[{"count":3,"href":"https:\/\/portal.uern.br\/proplan\/wp-json\/wp\/v2\/pages\/198\/revisions"}],"predecessor-version":[{"id":201,"href":"https:\/\/portal.uern.br\/proplan\/wp-json\/wp\/v2\/pages\/198\/revisions\/201"}],"wp:attachment":[{"href":"https:\/\/portal.uern.br\/proplan\/wp-json\/wp\/v2\/media?parent=198"}],"curies":[{"name":"wp","href":"https:\/\/api.w.org\/{rel}","templated":true}]}}