{"id":193,"date":"2022-09-12T14:51:44","date_gmt":"2022-09-12T17:51:44","guid":{"rendered":"https:\/\/paisdemossoro.com.br\/wordpress\/proplan\/?page_id=193"},"modified":"2025-10-30T11:28:39","modified_gmt":"2025-10-30T14:28:39","slug":"gestao","status":"publish","type":"page","link":"https:\/\/portal.uern.br\/proplan\/gestao\/","title":{"rendered":"Gest\u00e3o"},"content":{"rendered":"<p><strong>EQUIPE GESTORA<\/strong><\/p>\n<hr \/>\n<p>&nbsp;<\/p>\n<p><strong>PR\u00d3-REITORA:<\/strong><\/p>\n<p style=\"padding-left: 40px\">Prof\u00aa. Dr\u00aa. F\u00e1tima Raquel Rosado Morais<br \/>\n<a href=\"mailto:proplan@uern.br\">proplan@uern.br<\/a><\/p>\n<p><strong>PR\u00d3-REITOR ADJUNTO:<\/strong><\/p>\n<p style=\"padding-left: 40px\">\u00cdtalo de Sousa Dantas<br \/>\n<a href=\"mailto:proplan@uern.br\">proplan@uern.br<\/a><\/p>\n<p>&nbsp;<\/p>\n<p><strong>SECRETARIA:<\/strong> Ra\u00edssa Medeiros<br \/>\n<strong>AUXILIAR DE GABINETE: <\/strong>M\u00e1rcio Cleiton Batista Lopes<br \/>\n<a href=\"mailto:proplan@uern.br\">proplan@uern.br<\/a><br \/>\n(84) 3314-2495<\/p>\n<p>&nbsp;<\/p>\n<p><strong>ASSESSORIA T\u00c9CNICA:<br \/>\n<\/strong><a href=\"mailto:assessoria.proplan@uern.br\">assessoria.proplan@uern.br<\/a><br \/>\n(84) 3315-2150<strong><br \/>\n<\/strong><\/p>\n<ul>\n<li>Lady Macbeth Rodrigues de Oliveira Fernandes<\/li>\n<li>Kelly Cristina Cassimiro de Andrade Silva<\/li>\n<li>Mylane Maria Alves de Melo Meireles<\/li>\n<li>Priscilla Elaine de Freitas Santos<\/li>\n<\/ul>\n<p>&nbsp;<\/p>\n<hr \/>\n<p>&nbsp;<\/p>\n<p><strong>DIRETORIA DE CONTABILIDADE &#8211; DICONT:<br \/>\n<\/strong><a href=\"mailto:contabilidade@uern.br\">contabilidade@uern.br<\/a><br \/>\n(84) 3315-2121<strong><br \/>\n<\/strong><\/p>\n<p><strong>Diretor:<\/strong> Fl\u00e1vio Henrique da Rocha Silva<\/p>\n<p><strong>Departamento de Execu\u00e7\u00e3o Or\u00e7ament\u00e1ria:<\/strong><\/p>\n<p><strong>Chefe de Departamento :<\/strong> Ana C\u00e9lia Nogueira Granja de Melo<\/p>\n<ul>\n<li><strong>Setor de Regularidade e Legisla\u00e7\u00e3o:<\/strong> Eduardo Eug\u00eanio Rebou\u00e7as Veras<\/li>\n<li><strong>Setor de Transpar\u00eancia e Controle Social:<\/strong> Greicy Cunha de Oliveira Medeiros<\/li>\n<li><strong>Setor de Empenho:<\/strong> Pedro Andr\u00e9 Pinto Barra<\/li>\n<li><strong>Setor de Liquida\u00e7\u00e3o:<\/strong> Paulo Guilherme de Oliveira Torres<\/li>\n<\/ul>\n<p>&nbsp;<\/p>\n<hr \/>\n<p>&nbsp;<\/p>\n<p><strong>DIRETORIA FINANCEIRA &#8211; DIFIN:<br \/>\n<\/strong><a href=\"mailto:financeiro@uern.br\">financeiro@uern.br<\/a><br \/>\n(84) 3315-3018 \/ 3315-2120<strong><br \/>\n<\/strong><\/p>\n<p><strong>Diretora:<\/strong>\u00a0R\u00e9gia Carla Costa Rebou\u00e7as Fernandes<\/p>\n<ul>\n<li><strong>Secret\u00e1ria: <\/strong>P\u00e2mela Priscila Saldanha Martins<\/li>\n<\/ul>\n<p>&nbsp;<\/p>\n<p><strong>Departamento de Tesouraria:<br \/>\n<\/strong><a href=\"mailto:tesouraria@uern.br\">tesouraria@uern.br<\/a><br \/>\n(84) 3315-2118<strong><br \/>\n<\/strong><\/p>\n<p><strong>Chefe de Departamento:<\/strong>\u00a0Thayse Cibelle de Medeiros Silva<\/p>\n<ul>\n<li><strong>Secret\u00e1rio:<\/strong> Marcelo Cavalcanti Barbosa<\/li>\n<li><strong>Setor de Pagamento:<\/strong> J\u00e9ssica Daniele Vale Ferreira<\/li>\n<li><strong>Setor de Duod\u00e9cimo:<\/strong> Ana Ruth de Morais Barreto Queiroz<\/li>\n<li><strong>Setor de Controle e Conformidade:<\/strong> Thiago Pessoa de Lima Solano<\/li>\n<li><strong>Setor de Concilia\u00e7\u00e3o Banc\u00e1ria:<\/strong> Francisca Gilv\u00e2nia Holanda do Carmo<\/li>\n<\/ul>\n<p>&nbsp;<\/p>\n<hr \/>\n<p>&nbsp;<\/p>\n<p><strong>DIRETORIA DE CONV\u00caNIOS E CONTRATOS &#8211; DICONV:<\/strong><br \/>\n<a href=\"mailto:convenios@uern.br\">convenios@uern.br<\/a><br \/>\n(84) 3315-2156<strong><br \/>\n<\/strong><\/p>\n<p><strong>Diretora:<\/strong>\u00a0K\u00e1lia Rivone Alves Barbosa<\/p>\n<ul>\n<li><strong>Setor de Capta\u00e7\u00e3o de Recursos:<\/strong>\u00a0Ricardo S\u00e9rgio de Medeiros<\/li>\n<\/ul>\n<p>&nbsp;<\/p>\n<p><strong>Departamento de Or\u00e7amento e Execu\u00e7\u00e3o:<\/strong><\/p>\n<p><strong>Chefe de Departamento:<\/strong> Jo\u00e3o Paulo Ferreira Gonzaga<\/p>\n<ul>\n<li><strong>Setor de Execu\u00e7\u00e3o:<\/strong> Maria da Concei\u00e7\u00e3o Santos de Lima Sousa<\/li>\n<li><strong>Setor de Or\u00e7amento: <\/strong>Fabr\u00edcio Daniel Soares Freire<\/li>\n<li><strong>Setor de Presta\u00e7\u00e3o de Contas:<\/strong>\u00a0Ana Camila Holanda Regalado de Queiroz<\/li>\n<\/ul>\n<p>&nbsp;<\/p>\n<hr \/>\n<p>&nbsp;<\/p>\n<p><strong>DIRETORIA DE PLANEJAMENTO &#8211; DIPLAN:<\/strong><\/p>\n<p><strong>Diretor:<\/strong> Prof. Dr. Adonias Vidal de Medeiros Junior<\/p>\n<ul>\n<li><strong>Secret\u00e1ria:<\/strong> N\u00e1dia Rog\u00e9ria de Morais<\/li>\n<\/ul>\n","protected":false},"excerpt":{"rendered":"<p>EQUIPE GESTORA &nbsp; PR\u00d3-REITORA: Prof\u00aa. Dr\u00aa. F\u00e1tima Raquel Rosado Morais proplan@uern.br PR\u00d3-REITOR ADJUNTO: \u00cdtalo de Sousa Dantas proplan@uern.br &nbsp; SECRETARIA: Ra\u00edssa Medeiros AUXILIAR DE GABINETE: M\u00e1rcio Cleiton Batista Lopes proplan@uern.br (84) 3314-2495 &nbsp; ASSESSORIA T\u00c9CNICA: assessoria.proplan@uern.br (84) 3315-2150 Lady Macbeth Rodrigues de Oliveira Fernandes Kelly Cristina Cassimiro de Andrade Silva Mylane Maria Alves de Melo [&hellip;]<\/p>\n","protected":false},"author":2,"featured_media":0,"parent":0,"menu_order":0,"comment_status":"closed","ping_status":"closed","template":"","meta":{"footnotes":""},"class_list":["post-193","page","type-page","status-publish","hentry"],"_links":{"self":[{"href":"https:\/\/portal.uern.br\/proplan\/wp-json\/wp\/v2\/pages\/193","targetHints":{"allow":["GET"]}}],"collection":[{"href":"https:\/\/portal.uern.br\/proplan\/wp-json\/wp\/v2\/pages"}],"about":[{"href":"https:\/\/portal.uern.br\/proplan\/wp-json\/wp\/v2\/types\/page"}],"author":[{"embeddable":true,"href":"https:\/\/portal.uern.br\/proplan\/wp-json\/wp\/v2\/users\/2"}],"replies":[{"embeddable":true,"href":"https:\/\/portal.uern.br\/proplan\/wp-json\/wp\/v2\/comments?post=193"}],"version-history":[{"count":30,"href":"https:\/\/portal.uern.br\/proplan\/wp-json\/wp\/v2\/pages\/193\/revisions"}],"predecessor-version":[{"id":2514,"href":"https:\/\/portal.uern.br\/proplan\/wp-json\/wp\/v2\/pages\/193\/revisions\/2514"}],"wp:attachment":[{"href":"https:\/\/portal.uern.br\/proplan\/wp-json\/wp\/v2\/media?parent=193"}],"curies":[{"name":"wp","href":"https:\/\/api.w.org\/{rel}","templated":true}]}}