{"id":187,"date":"2022-06-10T09:14:56","date_gmt":"2022-06-10T12:14:56","guid":{"rendered":"https:\/\/paisdemossoro.com.br\/wordpress\/proplan\/?page_id=187"},"modified":"2025-06-25T12:54:17","modified_gmt":"2025-06-25T15:54:17","slug":"apresentacao","status":"publish","type":"page","link":"https:\/\/portal.uern.br\/proplan\/","title":{"rendered":"Apresenta\u00e7\u00e3o"},"content":{"rendered":"<p>Criada, em 14 de maio de 2010, atrav\u00e9s da Resolu\u00e7\u00e3o n\u00b0 3\/2010 &#8211; CONSUNI\/UERN, a Pr\u00f3-Reitoria de Planejamento, Or\u00e7amento e Finan\u00e7as &#8211; PROPLAN \u00e9 o \u00f3rg\u00e3o vinculado a Reitoria da Universidade do Estado do Rio Grande do Norte, respons\u00e1vel pela elabora\u00e7\u00e3o do seu planejamento global, pelo controle e gest\u00e3o or\u00e7ament\u00e1ria, pela administra\u00e7\u00e3o e execu\u00e7\u00e3o financeira, auxiliando na moderniza\u00e7\u00e3o administrativa da Institui\u00e7\u00e3o.<\/p>\n<ul>\n<li>Contato: <a href=\"mailto:proplan@uern.br\">proplan@uern.br<\/a><\/li>\n<li>Endere\u00e7o: Pra\u00e7a Miguel Faustino, s\/n Centro &#8211; Cep: 59.610-190 &#8211; Mossor\u00f3\/RN<\/li>\n<li>Hor\u00e1rio de atendimento: de segunda a sexta, das 07h30min \u00e0s 17h30min.<\/li>\n<\/ul>\n<p>&nbsp;<\/p>\n<p><strong>Miss\u00e3o<\/strong><\/p>\n<p>Planejar e conduzir a execu\u00e7\u00e3o or\u00e7ament\u00e1ria e financeira da UERN, de maneira eficaz, eficiente, \u00e9tica, transparente e descentralizada, contribuindo para o desenvolvimento e moderniza\u00e7\u00e3o administrativa da Institui\u00e7\u00e3o.<\/p>\n<p><strong>Atribui\u00e7\u00f5es da Pr\u00f3-Reitoria<\/strong><\/p>\n<p>As principais atribui\u00e7\u00f5es da Pr\u00f3-Reitoria de Planejamento, Or\u00e7amento e Finan\u00e7as (PROPLAN) s\u00e3o:<\/p>\n<ul>\n<li>Promover o gerenciamento or\u00e7ament\u00e1rio e financeiro da Universidade;<\/li>\n<li>Garantir a transpar\u00eancia, a efici\u00eancia e a efic\u00e1cia na gest\u00e3o e aplica\u00e7\u00e3o dos recursos financeiros\u00a0\u00a0\u00a0 da Universidade;<\/li>\n<li>Assegurar, mediante o estabelecimento de normas e procedimentos or\u00e7ament\u00e1rios e financeiros, a aplica\u00e7\u00e3o de crit\u00e9rios t\u00e9cnico-econ\u00f4micos, administrativos e de indicadores acad\u00eamicos para o estabelecimento de prioridades e desenvolvimento das atividades e a\u00e7\u00f5es universit\u00e1rias;<\/li>\n<li>Promover a an\u00e1lise sistem\u00e1tica das condi\u00e7\u00f5es operacionais da Universidade, no que se refere aos seus aspectos e \u00edndices de produtividade, custos, financiamento, expans\u00e3o, dimensionamento acad\u00eamico, f\u00edsico e econ\u00f4mico;<\/li>\n<li>Modernizar, observando-se a legisla\u00e7\u00e3o vigente, as estruturas e os procedimentos or\u00e7ament\u00e1rios, cont\u00e1beis e financeiros relacionados \u00e0 gest\u00e3o da Universidade, objetivando seu cont\u00ednuo aperfei\u00e7oamento e maior efici\u00eancia e efic\u00e1cia no desempenho de suas fun\u00e7\u00f5es.<\/li>\n<\/ul>\n","protected":false},"excerpt":{"rendered":"<p>Criada, em 14 de maio de 2010, atrav\u00e9s da Resolu\u00e7\u00e3o n\u00b0 3\/2010 &#8211; CONSUNI\/UERN, a Pr\u00f3-Reitoria de Planejamento, Or\u00e7amento e Finan\u00e7as &#8211; PROPLAN \u00e9 o \u00f3rg\u00e3o vinculado a Reitoria da Universidade do Estado do Rio Grande do Norte, respons\u00e1vel pela elabora\u00e7\u00e3o do seu planejamento global, pelo controle e gest\u00e3o or\u00e7ament\u00e1ria, pela administra\u00e7\u00e3o e execu\u00e7\u00e3o financeira, [&hellip;]<\/p>\n","protected":false},"author":2,"featured_media":0,"parent":0,"menu_order":0,"comment_status":"closed","ping_status":"closed","template":"","meta":{"footnotes":""},"class_list":["post-187","page","type-page","status-publish","hentry"],"_links":{"self":[{"href":"https:\/\/portal.uern.br\/proplan\/wp-json\/wp\/v2\/pages\/187","targetHints":{"allow":["GET"]}}],"collection":[{"href":"https:\/\/portal.uern.br\/proplan\/wp-json\/wp\/v2\/pages"}],"about":[{"href":"https:\/\/portal.uern.br\/proplan\/wp-json\/wp\/v2\/types\/page"}],"author":[{"embeddable":true,"href":"https:\/\/portal.uern.br\/proplan\/wp-json\/wp\/v2\/users\/2"}],"replies":[{"embeddable":true,"href":"https:\/\/portal.uern.br\/proplan\/wp-json\/wp\/v2\/comments?post=187"}],"version-history":[{"count":8,"href":"https:\/\/portal.uern.br\/proplan\/wp-json\/wp\/v2\/pages\/187\/revisions"}],"predecessor-version":[{"id":2292,"href":"https:\/\/portal.uern.br\/proplan\/wp-json\/wp\/v2\/pages\/187\/revisions\/2292"}],"wp:attachment":[{"href":"https:\/\/portal.uern.br\/proplan\/wp-json\/wp\/v2\/media?parent=187"}],"curies":[{"name":"wp","href":"https:\/\/api.w.org\/{rel}","templated":true}]}}