{"id":1845,"date":"2024-04-24T09:06:30","date_gmt":"2024-04-24T12:06:30","guid":{"rendered":"https:\/\/portal.uern.br\/proplan\/?page_id=1845"},"modified":"2025-01-09T12:23:20","modified_gmt":"2025-01-09T15:23:20","slug":"pagamentos-realizados-2024","status":"publish","type":"page","link":"https:\/\/portal.uern.br\/proplan\/pagamentos-realizados-2024\/","title":{"rendered":"Pagamentos Realizados 2024"},"content":{"rendered":"<h3>Rela\u00e7\u00e3o Geral de Pagamentos &#8211; 2024<\/h3>\n<ul>\n<li><a href=\"https:\/\/portal.uern.br\/proplan\/wp-content\/uploads\/2024\/04\/01_relacao_geral_de_pagamentos_janeiro_2024.pdf\">Janeiro de 2024<\/a><\/li>\n<li><a href=\"https:\/\/portal.uern.br\/proplan\/wp-content\/uploads\/2024\/04\/02_relacao_geral_de_pagamentos_fevereiro_2024.pdf\">Fevereiro de 2024<\/a><\/li>\n<li><a href=\"https:\/\/portal.uern.br\/proplan\/wp-content\/uploads\/2024\/04\/03_relacao_geral_de_pagamentos_marco_2024.pdf\">Mar\u00e7o de 2024<\/a><\/li>\n<li><a href=\"https:\/\/portal.uern.br\/proplan\/wp-content\/uploads\/2024\/05\/04_relacao_geral_de_pagamentos_abril_2024.pdf\">Abril de 2024<\/a><\/li>\n<li><a href=\"https:\/\/portal.uern.br\/proplan\/wp-content\/uploads\/2024\/06\/05_relacao_geral_de_pagamentos_maio_2024.pdf\">Maio de 2024<\/a><\/li>\n<li><a href=\"https:\/\/portal.uern.br\/proplan\/wp-content\/uploads\/2024\/08\/06_relacao_geral_de_pagamentos_junho_2024.pdf\">Junho de 2024<\/a><\/li>\n<li><a href=\"https:\/\/portal.uern.br\/proplan\/wp-content\/uploads\/2024\/08\/07_relacao_geral_de_pagamentos_julho_2024.pdf\">Julho de 2024<\/a><\/li>\n<li><a href=\"https:\/\/portal.uern.br\/proplan\/wp-content\/uploads\/2024\/09\/08_relacao_geral_de_pagamentos_agosto_2024.pdf\">Agosto de 2024<\/a><\/li>\n<li><a href=\"https:\/\/portal.uern.br\/proplan\/wp-content\/uploads\/2024\/11\/09_relacao_geral_de_pagamentos_setembro_2024.pdf\">Setembro de 2024<\/a><\/li>\n<li><a href=\"https:\/\/portal.uern.br\/proplan\/wp-content\/uploads\/2024\/11\/10_relacao_geral_de_pagamentos_outubro_2024.pdf\">Outubro de 2024<\/a><\/li>\n<li><a href=\"https:\/\/portal.uern.br\/proplan\/wp-content\/uploads\/2025\/01\/11_relacao_geral_de_pagamentos_novembro_2024.pdf\">Novembro de 2024<\/a><\/li>\n<li><a href=\"https:\/\/portal.uern.br\/proplan\/wp-content\/uploads\/2025\/01\/12_relacao_geral_de_pagamentos_dezembro_2024.pdf\">Dezembro de 2024<\/a><\/li>\n<\/ul>\n","protected":false},"excerpt":{"rendered":"<p>Rela\u00e7\u00e3o Geral de Pagamentos &#8211; 2024 Janeiro de 2024 Fevereiro de 2024 Mar\u00e7o de 2024 Abril de 2024 Maio de 2024 Junho de 2024 Julho de 2024 Agosto de 2024 Setembro de 2024 Outubro de 2024 Novembro de 2024 Dezembro de 2024<\/p>\n","protected":false},"author":2,"featured_media":0,"parent":0,"menu_order":0,"comment_status":"closed","ping_status":"closed","template":"","meta":{"footnotes":""},"class_list":["post-1845","page","type-page","status-publish","hentry"],"_links":{"self":[{"href":"https:\/\/portal.uern.br\/proplan\/wp-json\/wp\/v2\/pages\/1845","targetHints":{"allow":["GET"]}}],"collection":[{"href":"https:\/\/portal.uern.br\/proplan\/wp-json\/wp\/v2\/pages"}],"about":[{"href":"https:\/\/portal.uern.br\/proplan\/wp-json\/wp\/v2\/types\/page"}],"author":[{"embeddable":true,"href":"https:\/\/portal.uern.br\/proplan\/wp-json\/wp\/v2\/users\/2"}],"replies":[{"embeddable":true,"href":"https:\/\/portal.uern.br\/proplan\/wp-json\/wp\/v2\/comments?post=1845"}],"version-history":[{"count":11,"href":"https:\/\/portal.uern.br\/proplan\/wp-json\/wp\/v2\/pages\/1845\/revisions"}],"predecessor-version":[{"id":2197,"href":"https:\/\/portal.uern.br\/proplan\/wp-json\/wp\/v2\/pages\/1845\/revisions\/2197"}],"wp:attachment":[{"href":"https:\/\/portal.uern.br\/proplan\/wp-json\/wp\/v2\/media?parent=1845"}],"curies":[{"name":"wp","href":"https:\/\/api.w.org\/{rel}","templated":true}]}}