{"id":1843,"date":"2024-04-24T09:05:37","date_gmt":"2024-04-24T12:05:37","guid":{"rendered":"https:\/\/portal.uern.br\/proplan\/?page_id=1843"},"modified":"2025-01-13T10:26:32","modified_gmt":"2025-01-13T13:26:32","slug":"orcamento-2024","status":"publish","type":"page","link":"https:\/\/portal.uern.br\/proplan\/orcamento-2024\/","title":{"rendered":"Or\u00e7amento 2024"},"content":{"rendered":"<h3>PESSOAL E ENCARGOS<\/h3>\n<ul>\n<li><a href=\"https:\/\/portal.uern.br\/proplan\/wp-content\/uploads\/2025\/01\/relatorio_folha_de_pagamento_fuern_2024.pdf\">Relat\u00f3rio de Execu\u00e7\u00e3o da Folha de Pagamento FUERN &#8211; Acumulado at\u00e9 Dezembro<\/a><\/li>\n<\/ul>\n<p>&nbsp;<\/p>\n<hr \/>\n<h3>EXECU\u00c7\u00c3O OR\u00c7AMENT\u00c1RIA<\/h3>\n<p><strong>JANEIRO<\/strong><\/p>\n<ul>\n<li><a href=\"https:\/\/portal.uern.br\/proplan\/wp-content\/uploads\/2024\/04\/01_relacao_execucao_orcamentaria_de_janeiro_2024.pdf\">Execu\u00e7\u00e3o Or\u00e7ament\u00e1ria de Janeiro<\/a><\/li>\n<\/ul>\n<p>&nbsp;<\/p>\n<p><strong>FEVEREIRO<\/strong><\/p>\n<ul>\n<li><a href=\"https:\/\/portal.uern.br\/proplan\/wp-content\/uploads\/2024\/04\/02_relacao_execucao_orcamentaria_de_fevereiro_2024.pdf\">Execu\u00e7\u00e3o Or\u00e7ament\u00e1ria de Fevereiro<\/a><\/li>\n<li><a href=\"https:\/\/portal.uern.br\/proplan\/wp-content\/uploads\/2024\/04\/02_relacao_execucao_orcamentaria_acumulado_ate_fevereiro_2024.pdf\">Execu\u00e7\u00e3o Or\u00e7ament\u00e1ria Acumulada at\u00e9 Fevereiro<\/a><\/li>\n<\/ul>\n<p>&nbsp;<\/p>\n<p><strong>MAR\u00c7O<\/strong><\/p>\n<ul>\n<li><a href=\"https:\/\/portal.uern.br\/proplan\/wp-content\/uploads\/2024\/04\/03_relacao_execucao_orcamentaria_de_marco_2024.pdf\">Execu\u00e7\u00e3o Or\u00e7ament\u00e1ria de Mar\u00e7o<\/a><\/li>\n<li><a href=\"https:\/\/portal.uern.br\/proplan\/wp-content\/uploads\/2024\/04\/03_relacao_execucao_orcamentaria_acumulado_ate_marco_2024.pdf\">Execu\u00e7\u00e3o Or\u00e7ament\u00e1ria Acumulada at\u00e9 Mar\u00e7o<\/a><\/li>\n<\/ul>\n<p>&nbsp;<\/p>\n<p><strong>ABRIL<\/strong><\/p>\n<ul>\n<li><a href=\"https:\/\/portal.uern.br\/proplan\/wp-content\/uploads\/2024\/05\/04_relacao_execucao_orcamentaria_de_abril_2024.pdf\">Execu\u00e7\u00e3o Or\u00e7ament\u00e1ria de Abril<\/a><\/li>\n<li><a href=\"https:\/\/portal.uern.br\/proplan\/wp-content\/uploads\/2024\/05\/04_relacao_execucao_orcamentaria_acumulado_ate_abril_2024.pdf\">Execu\u00e7\u00e3o Or\u00e7ament\u00e1ria Acumulada at\u00e9 Abril<\/a><\/li>\n<\/ul>\n<p>&nbsp;<\/p>\n<p><strong>MAIO<\/strong><\/p>\n<ul>\n<li><a href=\"https:\/\/portal.uern.br\/proplan\/wp-content\/uploads\/2024\/06\/05_relacao_execucao_orcamentaria_de_maio_2024.pdf\">Execu\u00e7\u00e3o Or\u00e7ament\u00e1ria de Maio<\/a><\/li>\n<li><a href=\"https:\/\/portal.uern.br\/proplan\/wp-content\/uploads\/2024\/06\/05_relacao_execucao_orcamentaria_acumulado_ate_maio_2024.pdf\">Execu\u00e7\u00e3o Or\u00e7ament\u00e1ria Acumulada at\u00e9 Maio<\/a><\/li>\n<\/ul>\n<p>&nbsp;<\/p>\n<p><strong>JUNHO<\/strong><\/p>\n<ul>\n<li><a href=\"https:\/\/portal.uern.br\/proplan\/wp-content\/uploads\/2024\/08\/06_relacao_execucao_orcamentaria_de_junho_2024.pdf\">Execu\u00e7\u00e3o Or\u00e7ament\u00e1ria de Junho<\/a><\/li>\n<li><a href=\"https:\/\/portal.uern.br\/proplan\/wp-content\/uploads\/2024\/08\/06_relacao_execucao_orcamentaria_acumulado_ate_junho_2024.pdf\">Execu\u00e7\u00e3o Or\u00e7ament\u00e1ria Acumulada at\u00e9 Junho<\/a><\/li>\n<\/ul>\n<p>&nbsp;<\/p>\n<p><strong>JULHO<\/strong><\/p>\n<ul>\n<li><a href=\"https:\/\/portal.uern.br\/proplan\/wp-content\/uploads\/2024\/08\/07_relacao_execucao_orcamentaria_de_julho_2024.pdf\">Execu\u00e7\u00e3o Or\u00e7ament\u00e1ria de Julho<\/a><\/li>\n<li><a href=\"https:\/\/portal.uern.br\/proplan\/wp-content\/uploads\/2024\/08\/07_relacao_execucao_orcamentaria_acumulado_ate_julho_2024.pdf\">Execu\u00e7\u00e3o Or\u00e7ament\u00e1ria Acumulada at\u00e9 Julho<\/a><\/li>\n<\/ul>\n<p>&nbsp;<\/p>\n<p><strong>AGOSTO<\/strong><\/p>\n<ul>\n<li><a href=\"https:\/\/portal.uern.br\/proplan\/wp-content\/uploads\/2024\/09\/08_relacao_execucao_orcamentaria_de_agosto_2024.pdf\">Execu\u00e7\u00e3o Or\u00e7ament\u00e1ria de Agosto<\/a><\/li>\n<li><a href=\"https:\/\/portal.uern.br\/proplan\/wp-content\/uploads\/2024\/09\/08_relacao_execucao_orcamentaria_acumulado_ate_agosto_2024.pdf\">Execu\u00e7\u00e3o Or\u00e7ament\u00e1ria Acumulada at\u00e9 Agosto<\/a><\/li>\n<\/ul>\n<p>&nbsp;<\/p>\n<p><strong>SETEMBRO<\/strong><\/p>\n<ul>\n<li><a href=\"https:\/\/portal.uern.br\/proplan\/wp-content\/uploads\/2024\/11\/09_relacao_execucao_orcamentaria_de_setembro_2024.pdf\">Execu\u00e7\u00e3o Or\u00e7ament\u00e1ria de Setembro<\/a><\/li>\n<li><a href=\"https:\/\/portal.uern.br\/proplan\/wp-content\/uploads\/2024\/11\/09_relacao_execucao_orcamentaria_acumulado_ate_setembro_2024.pdf\">Execu\u00e7\u00e3o Or\u00e7ament\u00e1ria Acumulada at\u00e9 Setembro<\/a><\/li>\n<\/ul>\n<p>&nbsp;<\/p>\n<p><strong>OUTUBRO<\/strong><\/p>\n<ul>\n<li><a href=\"https:\/\/portal.uern.br\/proplan\/wp-content\/uploads\/2024\/11\/10_relacao_execucao_orcamentaria_de_outubro_2024.pdf\">Execu\u00e7\u00e3o Or\u00e7ament\u00e1ria de Outubro<\/a><\/li>\n<li><a href=\"https:\/\/portal.uern.br\/proplan\/wp-content\/uploads\/2024\/11\/10_relacao_execucao_orcamentaria_acumulado_ate_outubro_2024.pdf\">Execu\u00e7\u00e3o Or\u00e7ament\u00e1ria Acumulada at\u00e9 Outubro<\/a><\/li>\n<\/ul>\n<p>&nbsp;<\/p>\n<p><strong>NOVEMBRO<\/strong><\/p>\n<ul>\n<li><a href=\"https:\/\/portal.uern.br\/proplan\/wp-content\/uploads\/2025\/01\/11_relacao_execucao_orcamentaria_de_novembro_2024.pdf\">Execu\u00e7\u00e3o Or\u00e7ament\u00e1ria de Novembro<\/a><\/li>\n<li><a href=\"https:\/\/portal.uern.br\/proplan\/wp-content\/uploads\/2025\/01\/11_relacao_execucao_orcamentaria_acumulado_ate_novembro_2024.pdf\">Execu\u00e7\u00e3o Or\u00e7ament\u00e1ria Acumulada at\u00e9 Novembro<\/a><\/li>\n<\/ul>\n<p>&nbsp;<\/p>\n<p><strong>DEZEMBRO<\/strong><\/p>\n<ul>\n<li><a href=\"https:\/\/portal.uern.br\/proplan\/wp-content\/uploads\/2025\/01\/12_relacao_execucao_orcamentaria_de_dezembro_2024.pdf\">Execu\u00e7\u00e3o Or\u00e7ament\u00e1ria de Dezembro<\/a><\/li>\n<li><a href=\"https:\/\/portal.uern.br\/proplan\/wp-content\/uploads\/2025\/01\/12_relacao_execucao_orcamentaria_acumulado_ate_dezembro_2024.pdf\">Execu\u00e7\u00e3o Or\u00e7ament\u00e1ria Acumulada at\u00e9 Dezembro<\/a><\/li>\n<\/ul>\n<p>&nbsp;<\/p>\n<h3>Execu\u00e7\u00e3o Or\u00e7ament\u00e1ria Fonte 0.500 &#8211; Tesouro Estadual<\/h3>\n<ul>\n<li><a href=\"https:\/\/portal.uern.br\/proplan\/wp-content\/uploads\/2024\/04\/01_relacao_execucao_orcamentaria_jan.2024_fonte_0.500.pdf\">Janeiro de 2024<\/a><\/li>\n<li><a href=\"https:\/\/portal.uern.br\/proplan\/wp-content\/uploads\/2024\/04\/02_relacao_execucao_orcamentaria_fev.2024_fonte_0.500.pdf\">Fevereiro de 2024<\/a><\/li>\n<li><a href=\"https:\/\/portal.uern.br\/proplan\/wp-content\/uploads\/2024\/04\/03_relacao_execucao_orcamentaria_mar.2024_fonte_0.500.pdf\">Mar\u00e7o de 2024<\/a><\/li>\n<li><a href=\"https:\/\/portal.uern.br\/proplan\/wp-content\/uploads\/2024\/05\/04_relacao_execucao_orcamentaria_abr.2024_fonte_0.500.pdf\">Abril de 2024<\/a><\/li>\n<li><a href=\"https:\/\/portal.uern.br\/proplan\/wp-content\/uploads\/2024\/06\/05_relacao_execucao_orcamentaria_mai.2024_fonte_0.500.pdf\">Maio de 2024<\/a><\/li>\n<li><a href=\"https:\/\/portal.uern.br\/proplan\/wp-content\/uploads\/2024\/08\/06_relacao_execucao_orcamentaria_jun.2024_fonte_0.500.pdf\">Junho de 2024<\/a><\/li>\n<li><a href=\"https:\/\/portal.uern.br\/proplan\/wp-content\/uploads\/2024\/08\/07_relacao_execucao_orcamentaria_jul.2024_fonte_0.500.pdf\">Julho de 2024<\/a><\/li>\n<li><a href=\"https:\/\/portal.uern.br\/proplan\/wp-content\/uploads\/2024\/09\/08_relacao_execucao_orcamentaria_ago.2024_fonte_0.500.pdf\">Agosto de 2024<\/a><\/li>\n<li><a href=\"https:\/\/portal.uern.br\/proplan\/wp-content\/uploads\/2024\/11\/09_relacao_execucao_orcamentaria_set.2024_fonte_0.500.pdf\">Setembro de 2024<\/a><\/li>\n<li><a href=\"https:\/\/portal.uern.br\/proplan\/wp-content\/uploads\/2024\/11\/10_relacao_execucao_orcamentaria_out.2024_fonte_0.500.pdf\">Outubro de 2024<\/a><\/li>\n<li><a href=\"https:\/\/portal.uern.br\/proplan\/wp-content\/uploads\/2025\/01\/11_relacao_execucao_orcamentaria_nov.2024_fonte_0.500.pdf\">Novembro de 2024<\/a><\/li>\n<li><a href=\"https:\/\/portal.uern.br\/proplan\/wp-content\/uploads\/2025\/01\/12_relacao_execucao_orcamentaria_dez.2024_fonte_0.500.pdf\">Dezembro de 2024<\/a><\/li>\n<\/ul>\n<h3>Execu\u00e7\u00e3o Or\u00e7ament\u00e1ria Fonte 5.500 &#8211; Super\u00e1vit Financeiro &#8211; Contrapartida de Conv\u00eanio<\/h3>\n<ul>\n<li><em>Janeiro de 2024<\/em><\/li>\n<li><em>Fevereiro de 2024<\/em><\/li>\n<li><a href=\"https:\/\/portal.uern.br\/proplan\/wp-content\/uploads\/2024\/04\/03_relacao_execucao_orcamentaria_mar.2024_fonte_5.500.pdf\">Mar\u00e7o de 2024<\/a><\/li>\n<li><a href=\"https:\/\/portal.uern.br\/proplan\/wp-content\/uploads\/2024\/05\/04_relacao_execucao_orcamentaria_abr.2024_fonte_5.500.pdf\">Abril de 2024<\/a><\/li>\n<li><em>Maio de 2024<\/em><\/li>\n<li><a href=\"https:\/\/portal.uern.br\/proplan\/wp-content\/uploads\/2024\/08\/06_relacao_execucao_orcamentaria_jun.2024_fonte_5.500.pdf\">Junho de 2024<\/a><\/li>\n<li><a href=\"https:\/\/portal.uern.br\/proplan\/wp-content\/uploads\/2024\/08\/07_relacao_execucao_orcamentaria_jul.2024_fonte_5.500.pdf\">Julho de 2024<\/a><\/li>\n<li><a href=\"https:\/\/portal.uern.br\/proplan\/wp-content\/uploads\/2024\/09\/08_relacao_execucao_orcamentaria_ago.2024_fonte_5.500.pdf\">Agosto de 2024<\/a><\/li>\n<li><a href=\"https:\/\/portal.uern.br\/proplan\/wp-content\/uploads\/2024\/11\/09_relacao_execucao_orcamentaria_set.2024_fonte_5.500.pdf\">Setembro de 2024<\/a><\/li>\n<li><a href=\"https:\/\/portal.uern.br\/proplan\/wp-content\/uploads\/2024\/11\/10_relacao_execucao_orcamentaria_out.2024_fonte_5.500.pdf\">Outubro de 2024<\/a><\/li>\n<li><a href=\"https:\/\/portal.uern.br\/proplan\/wp-content\/uploads\/2025\/01\/11_relacao_execucao_orcamentaria_nov.2024_fonte_5.500.pdf\">Novembro de 2024<\/a><\/li>\n<li><a href=\"https:\/\/portal.uern.br\/proplan\/wp-content\/uploads\/2025\/01\/12_relacao_execucao_orcamentaria_dez.2024_fonte_5.500.pdf\">Dezembro de 2024<\/a><\/li>\n<\/ul>\n<h3>Execu\u00e7\u00e3o Or\u00e7ament\u00e1ria Fonte 0.501 &#8211; Recursos Diretamente Arrecadados<\/h3>\n<ul>\n<li><a href=\"https:\/\/portal.uern.br\/proplan\/wp-content\/uploads\/2024\/04\/01_relacao_execucao_orcamentaria_jan.2024_fonte_0.501.pdf\">Janeiro de 2024<\/a><\/li>\n<li><a href=\"https:\/\/portal.uern.br\/proplan\/wp-content\/uploads\/2024\/04\/02_relacao_execucao_orcamentaria_fev.2024_fonte_0.501.pdf\">Fevereiro de 2024<\/a><\/li>\n<li><a href=\"https:\/\/portal.uern.br\/proplan\/wp-content\/uploads\/2024\/04\/03_relacao_execucao_orcamentaria_mar.2024_fonte_0.501.pdf\">Mar\u00e7o de 2024<\/a><\/li>\n<li><a href=\"https:\/\/portal.uern.br\/proplan\/wp-content\/uploads\/2024\/05\/04_relacao_execucao_orcamentaria_abr.2024_fonte_0.501.pdf\">Abril de 2024<\/a><\/li>\n<li><a href=\"https:\/\/portal.uern.br\/proplan\/wp-content\/uploads\/2024\/06\/05_relacao_execucao_orcamentaria_mai.2024_fonte_0.501.pdf\">Maio de 2024<\/a><\/li>\n<li><a href=\"https:\/\/portal.uern.br\/proplan\/wp-content\/uploads\/2024\/08\/06_relacao_execucao_orcamentaria_jun.2024_fonte_0.501.pdf\">Junho de 2024<\/a><\/li>\n<li><a href=\"https:\/\/portal.uern.br\/proplan\/wp-content\/uploads\/2024\/08\/07_relacao_execucao_orcamentaria_jul.2024_fonte_0.501.pdf\">Julho de 2024<\/a><\/li>\n<li><a href=\"https:\/\/portal.uern.br\/proplan\/wp-content\/uploads\/2024\/09\/08_relacao_execucao_orcamentaria_ago.2024_fonte_0.501.pdf\">Agosto de 2024<\/a><\/li>\n<li><a href=\"https:\/\/portal.uern.br\/proplan\/wp-content\/uploads\/2024\/11\/09_relacao_execucao_orcamentaria_set.2024_fonte_0.501.pdf\">Setembro de 2024<\/a><\/li>\n<li><a href=\"https:\/\/portal.uern.br\/proplan\/wp-content\/uploads\/2024\/11\/10_relacao_execucao_orcamentaria_out.2024_fonte_0.501.pdf\">Outubro de 2024<\/a><\/li>\n<li><a href=\"https:\/\/portal.uern.br\/proplan\/wp-content\/uploads\/2025\/01\/11_relacao_execucao_orcamentaria_nov.2024_fonte_0.501.pdf\">Novembro de 2024<\/a><\/li>\n<li><a href=\"https:\/\/portal.uern.br\/proplan\/wp-content\/uploads\/2025\/01\/12_relacao_execucao_orcamentaria_dez.2024_fonte_0.501.pdf\">Dezembro de 2024<\/a><\/li>\n<\/ul>\n<h3>Execu\u00e7\u00e3o Or\u00e7ament\u00e1ria Fonte 4.501 &#8211; Recursos Diretamente Arrecadados &#8211; Super\u00e1vit Financeiro<\/h3>\n<ul>\n<li><em>Janeiro de 2024<\/em><\/li>\n<li><a href=\"https:\/\/portal.uern.br\/proplan\/wp-content\/uploads\/2024\/04\/02_relacao_execucao_orcamentaria_fev.2024_fonte_4.501.pdf\">Fevereiro de 2024<\/a><\/li>\n<li><a href=\"https:\/\/portal.uern.br\/proplan\/wp-content\/uploads\/2024\/04\/03_relacao_execucao_orcamentaria_mar.2024_fonte_4.501.pdf\">Mar\u00e7o de 2024<\/a><\/li>\n<li><em>Abril de 2024<\/em><\/li>\n<li><em>Maio de 2024<\/em><\/li>\n<li><a href=\"https:\/\/portal.uern.br\/proplan\/wp-content\/uploads\/2024\/08\/06_relacao_execucao_orcamentaria_jun.2024_fonte_4.501.pdf\">Junho de 2024<\/a><\/li>\n<li><a href=\"https:\/\/portal.uern.br\/proplan\/wp-content\/uploads\/2024\/08\/07_relacao_execucao_orcamentaria_jul.2024_fonte_4.501.pdf\">Julho de 2024<\/a><\/li>\n<li><a href=\"https:\/\/portal.uern.br\/proplan\/wp-content\/uploads\/2024\/09\/08_relacao_execucao_orcamentaria_ago.2024_fonte_4.501.pdf\">Agosto de 2024<\/a><\/li>\n<li><a href=\"https:\/\/portal.uern.br\/proplan\/wp-content\/uploads\/2024\/11\/09_relacao_execucao_orcamentaria_set.2024_fonte_4.501.pdf\">Setembro de 2024<\/a><\/li>\n<li><a href=\"https:\/\/portal.uern.br\/proplan\/wp-content\/uploads\/2024\/11\/10_relacao_execucao_orcamentaria_out.2024_fonte_4.501.pdf\">Outubro de 2024<\/a><\/li>\n<li><a href=\"https:\/\/portal.uern.br\/proplan\/wp-content\/uploads\/2025\/01\/11_relacao_execucao_orcamentaria_nov.2024_fonte_4.501.pdf\">Novembro de 2024<\/a><\/li>\n<li><a href=\"https:\/\/portal.uern.br\/proplan\/wp-content\/uploads\/2025\/01\/12_relacao_execucao_orcamentaria_dez.2024_fonte_4.501.pdf\">Dezembro de 2024<\/a><\/li>\n<\/ul>\n<h3>Execu\u00e7\u00e3o Or\u00e7ament\u00e1ria Fonte 0.570 &#8211; Recursos de Conv\u00eanios<\/h3>\n<ul>\n<li><a href=\"https:\/\/portal.uern.br\/proplan\/wp-content\/uploads\/2024\/04\/01_relacao_execucao_orcamentaria_jan.2024_fonte_0.570.pdf\">Janeiro de 2024<\/a><\/li>\n<li><a href=\"https:\/\/portal.uern.br\/proplan\/wp-content\/uploads\/2024\/04\/02_relacao_execucao_orcamentaria_fev.2024_fonte_0.570.pdf\">Fevereiro de 2024<\/a><\/li>\n<li><a href=\"https:\/\/portal.uern.br\/proplan\/wp-content\/uploads\/2024\/04\/03_relacao_execucao_orcamentaria_mar.2024_fonte_0.570.pdf\">Mar\u00e7o de 2024<\/a><\/li>\n<li><a href=\"https:\/\/portal.uern.br\/proplan\/wp-content\/uploads\/2024\/05\/04_relacao_execucao_orcamentaria_abr.2024_fonte_0.570.pdf\">Abril de 2024<\/a><\/li>\n<li><a href=\"https:\/\/portal.uern.br\/proplan\/wp-content\/uploads\/2024\/06\/05_relacao_execucao_orcamentaria_mai.2024_fonte_0.570.pdf\">Maio de 2024<\/a><\/li>\n<li><a href=\"https:\/\/portal.uern.br\/proplan\/wp-content\/uploads\/2024\/08\/06_relacao_execucao_orcamentaria_jun.2024_fonte_0.570.pdf\">Junho de 2024<\/a><\/li>\n<li><a href=\"https:\/\/portal.uern.br\/proplan\/wp-content\/uploads\/2024\/08\/07_relacao_execucao_orcamentaria_jul.2024_fonte_0.570.pdf\">Julho de 2024<\/a><\/li>\n<li><a href=\"https:\/\/portal.uern.br\/proplan\/wp-content\/uploads\/2024\/09\/08_relacao_execucao_orcamentaria_ago.2024_fonte_0.570.pdf\">Agosto de 2024<\/a><\/li>\n<li><a href=\"https:\/\/portal.uern.br\/proplan\/wp-content\/uploads\/2024\/11\/09_relacao_execucao_orcamentaria_set.2024_fonte_0.570.pdf\">Setembro de 2024<\/a><\/li>\n<li><a href=\"https:\/\/portal.uern.br\/proplan\/wp-content\/uploads\/2024\/11\/10_relacao_execucao_orcamentaria_out.2024_fonte_0.570.pdf\">Outubro de 2024<\/a><\/li>\n<li><a href=\"https:\/\/portal.uern.br\/proplan\/wp-content\/uploads\/2025\/01\/11_relacao_execucao_orcamentaria_nov.2024_fonte_0.570.pdf\">Novembro de 2024<\/a><\/li>\n<li><a href=\"https:\/\/portal.uern.br\/proplan\/wp-content\/uploads\/2025\/01\/12_relacao_execucao_orcamentaria_dez.2024_fonte_0.570.pdf\">Dezembro de 2024<\/a><\/li>\n<\/ul>\n<h3>Execu\u00e7\u00e3o Or\u00e7ament\u00e1ria Fonte 4.570 &#8211; Recursos de Conv\u00eanios &#8211; Super\u00e1vit Financeiro<\/h3>\n<ul>\n<li><em>Janeiro de 2024<\/em><\/li>\n<li><em>Fevereiro de 2024<\/em><\/li>\n<li><a href=\"https:\/\/portal.uern.br\/proplan\/wp-content\/uploads\/2024\/04\/03_relacao_execucao_orcamentaria_mar.2024_fonte_4.570.pdf\">Mar\u00e7o de 2024<\/a><\/li>\n<li><a href=\"https:\/\/portal.uern.br\/proplan\/wp-content\/uploads\/2024\/05\/04_relacao_execucao_orcamentaria_abr.2024_fonte_4.570.pdf\">Abril de 2024<\/a><\/li>\n<li><a href=\"https:\/\/portal.uern.br\/proplan\/wp-content\/uploads\/2024\/06\/05_relacao_execucao_orcamentaria_mai.2024_fonte_4.570.pdf\">Maio de 2024<\/a><\/li>\n<li><a href=\"https:\/\/portal.uern.br\/proplan\/wp-content\/uploads\/2024\/08\/06_relacao_execucao_orcamentaria_jun.2024_fonte_4.570.pdf\">Junho de 2024<\/a><\/li>\n<li><a href=\"https:\/\/portal.uern.br\/proplan\/wp-content\/uploads\/2024\/08\/07_relacao_execucao_orcamentaria_jul.2024_fonte_4.570.pdf\">Julho de 2024<\/a><\/li>\n<li><a href=\"https:\/\/portal.uern.br\/proplan\/wp-content\/uploads\/2024\/09\/08_relacao_execucao_orcamentaria_ago.2024_fonte_4.570.pdf\">Agosto de 2024<\/a><\/li>\n<li><a href=\"https:\/\/portal.uern.br\/proplan\/wp-content\/uploads\/2024\/11\/09_relacao_execucao_orcamentaria_set.2024_fonte_4.570.pdf\">Setembro de 2024<\/a><\/li>\n<li><a href=\"https:\/\/portal.uern.br\/proplan\/wp-content\/uploads\/2024\/11\/10_relacao_execucao_orcamentaria_out.2024_fonte_4.570.pdf\">Outubro de 2024<\/a><\/li>\n<li><a href=\"https:\/\/portal.uern.br\/proplan\/wp-content\/uploads\/2025\/01\/11_relacao_execucao_orcamentaria_nov.2024_fonte_4.570.pdf\">Novembro de 2024<\/a><\/li>\n<li><a href=\"https:\/\/portal.uern.br\/proplan\/wp-content\/uploads\/2025\/01\/12_relacao_execucao_orcamentaria_dez.2024_fonte_4.570.pdf\">Dezembro de 2024<\/a><\/li>\n<\/ul>\n","protected":false},"excerpt":{"rendered":"<p>PESSOAL E ENCARGOS Relat\u00f3rio de Execu\u00e7\u00e3o da Folha de Pagamento FUERN &#8211; Acumulado at\u00e9 Dezembro &nbsp; EXECU\u00c7\u00c3O OR\u00c7AMENT\u00c1RIA JANEIRO Execu\u00e7\u00e3o Or\u00e7ament\u00e1ria de Janeiro &nbsp; FEVEREIRO Execu\u00e7\u00e3o Or\u00e7ament\u00e1ria de Fevereiro Execu\u00e7\u00e3o Or\u00e7ament\u00e1ria Acumulada at\u00e9 Fevereiro &nbsp; MAR\u00c7O Execu\u00e7\u00e3o Or\u00e7ament\u00e1ria de Mar\u00e7o Execu\u00e7\u00e3o Or\u00e7ament\u00e1ria Acumulada at\u00e9 Mar\u00e7o &nbsp; ABRIL Execu\u00e7\u00e3o Or\u00e7ament\u00e1ria de Abril Execu\u00e7\u00e3o Or\u00e7ament\u00e1ria Acumulada at\u00e9 [&hellip;]<\/p>\n","protected":false},"author":2,"featured_media":0,"parent":0,"menu_order":0,"comment_status":"closed","ping_status":"closed","template":"","meta":{"footnotes":""},"class_list":["post-1843","page","type-page","status-publish","hentry"],"_links":{"self":[{"href":"https:\/\/portal.uern.br\/proplan\/wp-json\/wp\/v2\/pages\/1843","targetHints":{"allow":["GET"]}}],"collection":[{"href":"https:\/\/portal.uern.br\/proplan\/wp-json\/wp\/v2\/pages"}],"about":[{"href":"https:\/\/portal.uern.br\/proplan\/wp-json\/wp\/v2\/types\/page"}],"author":[{"embeddable":true,"href":"https:\/\/portal.uern.br\/proplan\/wp-json\/wp\/v2\/users\/2"}],"replies":[{"embeddable":true,"href":"https:\/\/portal.uern.br\/proplan\/wp-json\/wp\/v2\/comments?post=1843"}],"version-history":[{"count":20,"href":"https:\/\/portal.uern.br\/proplan\/wp-json\/wp\/v2\/pages\/1843\/revisions"}],"predecessor-version":[{"id":2200,"href":"https:\/\/portal.uern.br\/proplan\/wp-json\/wp\/v2\/pages\/1843\/revisions\/2200"}],"wp:attachment":[{"href":"https:\/\/portal.uern.br\/proplan\/wp-json\/wp\/v2\/media?parent=1843"}],"curies":[{"name":"wp","href":"https:\/\/api.w.org\/{rel}","templated":true}]}}