{"id":1822,"date":"2024-04-16T10:35:00","date_gmt":"2024-04-16T13:35:00","guid":{"rendered":"https:\/\/portal.uern.br\/proplan\/?page_id=1822"},"modified":"2024-08-13T11:14:45","modified_gmt":"2024-08-13T14:14:45","slug":"perguntas-frequentes","status":"publish","type":"page","link":"https:\/\/portal.uern.br\/proplan\/perguntas-frequentes\/","title":{"rendered":"Perguntas Frequentes"},"content":{"rendered":"<h4><strong>Perguntas Frequentes &#8211; Diretoria Financeira &#8211; DIFIN<\/strong><\/h4>\n<p><strong>1 &#8211; Sou estudante e bolsista da UERN, para qual setor me dirijo em caso de d\u00favidas<\/strong><br \/>\n<strong>acerca do pagamento da minha bolsa?<\/strong><\/p>\n<p>Resp.: A sua bolsa \u00e9 solicitada pelo setor que emitiu o edital ao qual voc\u00ea concorreu e foi<br \/>\ncontemplado. Ao chegar na PROPLAN, os processos de pagamentos de bolsas passam por<br \/>\ndiversos setores at\u00e9 chegar no Departamento de Tesouraria &#8211; DETES, no qual ser\u00e1 emitida<br \/>\na ordem banc\u00e1ria, que ser\u00e1 encaminhada para processamento banc\u00e1rio, geralmente no<br \/>\n\u00faltimo dia \u00fatil do m\u00eas corrente, finalizando com o cr\u00e9dito do valor da bolsa na conta indicada<br \/>\npelo bolsista. D\u00favidas acerca do efetivo pagamento\/cr\u00e9dito em conta da bolsa, podem ser<br \/>\ntiradas com a Diretoria Financeira &#8211; Departamento de Tesouraria, pelos e-mails:<br \/>\n<a href=\"mailto:financeiro@uern.br\">financeiro@uern.br<\/a> e <a href=\"mailto:tesouraria@uern.br\">tesouraria@uern.br<\/a>.<\/p>\n<p><strong>2 &#8211; Fa\u00e7o jus ao recebimento de di\u00e1ria a ser paga pela UERN, como posso saber a<\/strong><br \/>\n<strong>previs\u00e3o do pagamento da minha di\u00e1ria?<\/strong><\/p>\n<p>Resp.: Ap\u00f3s a di\u00e1ria ser solicitada pelo setor do benefici\u00e1rio, o processo de pagamento<br \/>\ntramitar\u00e1 entre PROAD &#8211; UCI &#8211; PROPLAN para encaminhamentos necess\u00e1rios, finalizando<br \/>\nno Departamento de Tesouraria para emiss\u00e3o de ordem banc\u00e1ria. Caso a viagem ainda n\u00e3o<br \/>\ntenha ocorrido, a ordem banc\u00e1ria \u00e9 emitida e enviada para processamento banc\u00e1rio no<br \/>\nprazo de, em m\u00e9dia, 72h, a depender da demanda do Departamento. De outro modo, caso<br \/>\na viagem j\u00e1 tenha ocorrido, e se ao chegar no DETES, o interessado ainda n\u00e3o tiver<br \/>\nanexado o relat\u00f3rio de viagem ao processo, a Tesouraria encaminha o processo ao setor<br \/>\nrespons\u00e1vel para que o documento seja devidamente anexado. Com o relat\u00f3rio<br \/>\ncorretamente preenchido e assinado pelo benefici\u00e1rio, a ordem banc\u00e1ria \u00e9 emitida e<br \/>\nenviada para processamento banc\u00e1rio no prazo de, em m\u00e9dia, 72h, a depender da<br \/>\ndemanda do Departamento.<\/p>\n<p><strong>3 &#8211; Prestei servi\u00e7os \u00e0 UERN e j\u00e1 emiti a nota fiscal. Quando receberei meu pagamento?<\/strong><\/p>\n<p>Resp.: O processo do prestador de servi\u00e7o tramitar\u00e1 entre PROAD e PROPLAN para os devidos<br \/>\ndespachos necess\u00e1rios e terminar\u00e1 no Setor de Tesouraria para emiss\u00e3o de ordem<br \/>\nbanc\u00e1ria e posterior encaminhamento ao Banco. Todavia, estes processos obedecem a<br \/>\numa ordem cronol\u00f3gica de pagamentos, em respeito \u00e0 Resolu\u00e7\u00e3o n\u00ba 14\/2018 &#8211; CD, assim,<br \/>\ncaso o fornecedor n\u00e3o possua uma portaria para quebra de ordem cronol\u00f3gica, dever\u00e1<br \/>\naguardar o pagamento de sua nota fiscal conforme com os prazos estabelecidos na referida<br \/>\nResolu\u00e7\u00e3o e, de acordo com o fluxo processual das demandas do Departamento de<br \/>\nTesouraria.<\/p>\n<p><strong>4 &#8211; Solicitei di\u00e1rias e a viagem j\u00e1 ocorreu. \u00c9 necess\u00e1rio aguardar a solicita\u00e7\u00e3o do<\/strong><br \/>\n<strong>Departamento de Tesouraria que anexar o relat\u00f3rio de viagem?<\/strong><\/p>\n<p>Resp.: Segundo o art. 33 do Decreto n\u00ba 29.444, de 07 de janeiro de 2020 \u201cEm todos os casos<br \/>\nde deslocamento previstos neste Decreto, o benefici\u00e1rio dever\u00e1 apresentar Relat\u00f3rio de<br \/>\nViagem no prazo de 5 (cinco) dias \u00fateis ao retorno \u00e0 sede, por meio do preenchimento dos<br \/>\ndados relativos \u00e0 viagem em formul\u00e1rio espec\u00edfico, definido no art. 6\u00ba deste Decreto\u201d.<br \/>\nPortanto, n\u00e3o \u00e9 necess\u00e1rio que haja uma solicita\u00e7\u00e3o por parte do Departamento de<br \/>\nTesouraria. O interessado dever\u00e1 anexar o documento logo ap\u00f3s o retorno da viagem,<br \/>\nobedecendo o prazo estipulado no decreto.<\/p>\n<p><strong>5 &#8211; Solicitei di\u00e1rias, recebi o valor correspondente, mas n\u00e3o realizei a viagem. O que<\/strong><br \/>\n<strong>devo fazer?<\/strong><\/p>\n<p>Resp.: Nesses casos, o solicitante dever\u00e1 informar dentro do processo de despesa a n\u00e3o<br \/>\nrealiza\u00e7\u00e3o da viagem. Diante disso, o Departamento de Tesouraria informar\u00e1 os dados<br \/>\nbanc\u00e1rios para que seja realizada a devolu\u00e7\u00e3o dos valores pagos, na qual dever\u00e1 ser feita o<br \/>\nmais breve poss\u00edvel para efetivar a presta\u00e7\u00e3o de contas e a finaliza\u00e7\u00e3o dos autos.<\/p>\n<p><strong>6 &#8211; Como posso acompanhar minha solicita\u00e7\u00e3o de pagamento?<\/strong><\/p>\n<p>Resp.: Na parte inferior do portal da UERN, clicar na op\u00e7\u00e3o \u201cSEI (externo)\u201d, fazer o seu<br \/>\ncadastro e realizar o login Link:<\/p>\n<p><a href=\"https:\/\/sei.rn.gov.br\/sei\/controlador_externo.php?acao=usuario_externo_logar&amp;acao_origem=usuario_externo_gerar_senha&amp;id_orgao_acesso_externo=0\">https:\/\/sei.rn.gov.br\/sei\/controlador_externo.php?acao=usuario_externo_logar&amp;acao_origem=usuario_externo_gerar_senha&amp;id_orgao_acesso_externo=0<\/a><\/p>\n<p>Inserir o n\u00famero do Processo SEI e consultar a localiza\u00e7\u00e3o em que se encontra.<\/p>\n<hr \/>\n<h4><\/h4>\n<h4><strong>Perguntas Frequentes &#8211; Diretoria de Planejamento &#8211; DIPLAN<\/strong><\/h4>\n<p><b>1 &#8211; Como posso solicitar o c\u00e1lculo do Custo Aluno de um curso da UERN?<\/b><\/p>\n<p>Resp.: A cada in\u00edcio de ano letivo, a Pr\u00f3-Reitoria de Ensino e Gradua\u00e7\u00e3o \u2013 PROEG, conforme <a href=\"https:\/\/portal.uern.br\/proplan\/wp-content\/uploads\/2024\/04\/Norma_de_Procedimento_n_02-2019_PROPLAN.pdf\">Norma de Procedimento n\u00ba 02\/2019<\/a>, solicita \u00e0 Pr\u00f3-Reitoria de Planejamento, Or\u00e7amento e Finan\u00e7as \u2013 PROPLAN, a estimativa de c\u00e1lculo do custo aluno por cursos.<\/p>\n<p align=\"justify\">Eventualmente, o Departamento ou Curso, podem fazer essa mesma solicita\u00e7\u00e3o \u00e0 Diretoria de Planejamento &#8211; DIPLAN, para fins de avalia\u00e7\u00e3o do curso junto ao Conselho Estadual de Educa\u00e7\u00e3o \u2013 CEE.<\/p>\n","protected":false},"excerpt":{"rendered":"<p>Perguntas Frequentes &#8211; Diretoria Financeira &#8211; DIFIN 1 &#8211; Sou estudante e bolsista da UERN, para qual setor me dirijo em caso de d\u00favidas acerca do pagamento da minha bolsa? Resp.: A sua bolsa \u00e9 solicitada pelo setor que emitiu o edital ao qual voc\u00ea concorreu e foi contemplado. Ao chegar na PROPLAN, os processos [&hellip;]<\/p>\n","protected":false},"author":2,"featured_media":0,"parent":0,"menu_order":0,"comment_status":"closed","ping_status":"closed","template":"","meta":{"footnotes":""},"class_list":["post-1822","page","type-page","status-publish","hentry"],"_links":{"self":[{"href":"https:\/\/portal.uern.br\/proplan\/wp-json\/wp\/v2\/pages\/1822","targetHints":{"allow":["GET"]}}],"collection":[{"href":"https:\/\/portal.uern.br\/proplan\/wp-json\/wp\/v2\/pages"}],"about":[{"href":"https:\/\/portal.uern.br\/proplan\/wp-json\/wp\/v2\/types\/page"}],"author":[{"embeddable":true,"href":"https:\/\/portal.uern.br\/proplan\/wp-json\/wp\/v2\/users\/2"}],"replies":[{"embeddable":true,"href":"https:\/\/portal.uern.br\/proplan\/wp-json\/wp\/v2\/comments?post=1822"}],"version-history":[{"count":12,"href":"https:\/\/portal.uern.br\/proplan\/wp-json\/wp\/v2\/pages\/1822\/revisions"}],"predecessor-version":[{"id":2111,"href":"https:\/\/portal.uern.br\/proplan\/wp-json\/wp\/v2\/pages\/1822\/revisions\/2111"}],"wp:attachment":[{"href":"https:\/\/portal.uern.br\/proplan\/wp-json\/wp\/v2\/media?parent=1822"}],"curies":[{"name":"wp","href":"https:\/\/api.w.org\/{rel}","templated":true}]}}