{"id":1143,"date":"2023-03-30T12:29:39","date_gmt":"2023-03-30T15:29:39","guid":{"rendered":"https:\/\/portal.uern.br\/proplan\/?page_id=1143"},"modified":"2025-06-30T15:12:21","modified_gmt":"2025-06-30T18:12:21","slug":"ldo","status":"publish","type":"page","link":"https:\/\/portal.uern.br\/proplan\/ldo\/","title":{"rendered":"LDO"},"content":{"rendered":"<ul>\n<li><strong>LDO 2023<\/strong> \u2013 Lei de Diretrizes Or\u00e7ament\u00e1rias de 2023<br \/>\n<span class=\"fontstyle0\">Disp\u00f5e sobre as diretrizes para elabora\u00e7\u00e3o e execu\u00e7\u00e3o da Lei Or\u00e7ament\u00e1ria Anual para o exerc\u00edcio 2023 e d\u00e1 outras provid\u00eancias.<\/span><\/li>\n<li><a href=\"https:\/\/portal.uern.br\/proplan\/wp-content\/uploads\/2025\/06\/LDO_2024_Lei_n_11.545.pdf\"><strong>LDO 2024<\/strong> \u2013 Lei de Diretrizes Or\u00e7ament\u00e1rias de 2024<\/a><br \/>\n<span class=\"fontstyle0\">Disp\u00f5e sobre as diretrizes para elabora\u00e7\u00e3o e execu\u00e7\u00e3o da Lei Or\u00e7ament\u00e1ria Anual para o exerc\u00edcio 2024 e d\u00e1 outras provid\u00eancias.<\/span><\/li>\n<li><a href=\"https:\/\/portal.uern.br\/proplan\/wp-content\/uploads\/2025\/06\/LDO_2025_Lei_n_11.890.pdf\"><strong>LDO 2025<\/strong> \u2013 Lei de Diretrizes Or\u00e7ament\u00e1rias de 2025<\/a><br \/>\n<span class=\"fontstyle0\">Disp\u00f5e sobre as diretrizes para elabora\u00e7\u00e3o e execu\u00e7\u00e3o da Lei Or\u00e7ament\u00e1ria Anual para o exerc\u00edcio 2025 e d\u00e1 outras provid\u00eancias.<\/span><\/li>\n<\/ul>\n","protected":false},"excerpt":{"rendered":"<p>LDO 2023 \u2013 Lei de Diretrizes Or\u00e7ament\u00e1rias de 2023 Disp\u00f5e sobre as diretrizes para elabora\u00e7\u00e3o e execu\u00e7\u00e3o da Lei Or\u00e7ament\u00e1ria Anual para o exerc\u00edcio 2023 e d\u00e1 outras provid\u00eancias. LDO 2024 \u2013 Lei de Diretrizes Or\u00e7ament\u00e1rias de 2024 Disp\u00f5e sobre as diretrizes para elabora\u00e7\u00e3o e execu\u00e7\u00e3o da Lei Or\u00e7ament\u00e1ria Anual para o exerc\u00edcio 2024 e [&hellip;]<\/p>\n","protected":false},"author":2,"featured_media":0,"parent":0,"menu_order":0,"comment_status":"closed","ping_status":"closed","template":"","meta":{"footnotes":""},"class_list":["post-1143","page","type-page","status-publish","hentry"],"_links":{"self":[{"href":"https:\/\/portal.uern.br\/proplan\/wp-json\/wp\/v2\/pages\/1143","targetHints":{"allow":["GET"]}}],"collection":[{"href":"https:\/\/portal.uern.br\/proplan\/wp-json\/wp\/v2\/pages"}],"about":[{"href":"https:\/\/portal.uern.br\/proplan\/wp-json\/wp\/v2\/types\/page"}],"author":[{"embeddable":true,"href":"https:\/\/portal.uern.br\/proplan\/wp-json\/wp\/v2\/users\/2"}],"replies":[{"embeddable":true,"href":"https:\/\/portal.uern.br\/proplan\/wp-json\/wp\/v2\/comments?post=1143"}],"version-history":[{"count":7,"href":"https:\/\/portal.uern.br\/proplan\/wp-json\/wp\/v2\/pages\/1143\/revisions"}],"predecessor-version":[{"id":2304,"href":"https:\/\/portal.uern.br\/proplan\/wp-json\/wp\/v2\/pages\/1143\/revisions\/2304"}],"wp:attachment":[{"href":"https:\/\/portal.uern.br\/proplan\/wp-json\/wp\/v2\/media?parent=1143"}],"curies":[{"name":"wp","href":"https:\/\/api.w.org\/{rel}","templated":true}]}}