{"id":1141,"date":"2023-03-30T12:28:25","date_gmt":"2023-03-30T15:28:25","guid":{"rendered":"https:\/\/portal.uern.br\/proplan\/?page_id=1141"},"modified":"2025-06-30T15:14:50","modified_gmt":"2025-06-30T18:14:50","slug":"loa","status":"publish","type":"page","link":"https:\/\/portal.uern.br\/proplan\/loa\/","title":{"rendered":"LOA"},"content":{"rendered":"<ul>\n<li><a href=\"http:\/\/www.uern.br\/controledepaginas\/proplan-legislacao\/arquivos\/0539_loa_2023_lei_n_11.381.pdf\"><strong>LOA 2023<\/strong> \u2013 Lei Or\u00e7ament\u00e1ria Anual 2023<\/a><br \/>\nEstima a receita e fixa a despesa do Estado do Rio Grande do Norte para o exerc\u00edcio financeiro de 2023 e d\u00e1 outras provid\u00eancias.<\/li>\n<li><a href=\"https:\/\/portal.uern.br\/proplan\/wp-content\/uploads\/2025\/06\/LOA_2024_Lei_n_11.672.pdf\"><strong>LOA 2024<\/strong> \u2013 Lei Or\u00e7ament\u00e1ria Anual 2024<\/a><br \/>\nEstima a receita e fixa a despesa do Estado do Rio Grande do Norte para o exerc\u00edcio financeiro de 2024 e d\u00e1 outras provid\u00eancias.<\/li>\n<li><a href=\"https:\/\/portal.uern.br\/proplan\/wp-content\/uploads\/2025\/06\/LOA_2025_Lei_n_12.047.pdf\"><strong>LOA 2025<\/strong> \u2013 Lei Or\u00e7ament\u00e1ria Anual 2025<\/a><br \/>\nEstima a receita e fixa a despesa do Estado do Rio Grande do Norte para o exerc\u00edcio financeiro de 2025 e d\u00e1 outras provid\u00eancias.<\/li>\n<\/ul>\n","protected":false},"excerpt":{"rendered":"<p>LOA 2023 \u2013 Lei Or\u00e7ament\u00e1ria Anual 2023 Estima a receita e fixa a despesa do Estado do Rio Grande do Norte para o exerc\u00edcio financeiro de 2023 e d\u00e1 outras provid\u00eancias. LOA 2024 \u2013 Lei Or\u00e7ament\u00e1ria Anual 2024 Estima a receita e fixa a despesa do Estado do Rio Grande do Norte para o exerc\u00edcio [&hellip;]<\/p>\n","protected":false},"author":2,"featured_media":0,"parent":0,"menu_order":0,"comment_status":"closed","ping_status":"closed","template":"","meta":{"footnotes":""},"class_list":["post-1141","page","type-page","status-publish","hentry"],"_links":{"self":[{"href":"https:\/\/portal.uern.br\/proplan\/wp-json\/wp\/v2\/pages\/1141","targetHints":{"allow":["GET"]}}],"collection":[{"href":"https:\/\/portal.uern.br\/proplan\/wp-json\/wp\/v2\/pages"}],"about":[{"href":"https:\/\/portal.uern.br\/proplan\/wp-json\/wp\/v2\/types\/page"}],"author":[{"embeddable":true,"href":"https:\/\/portal.uern.br\/proplan\/wp-json\/wp\/v2\/users\/2"}],"replies":[{"embeddable":true,"href":"https:\/\/portal.uern.br\/proplan\/wp-json\/wp\/v2\/comments?post=1141"}],"version-history":[{"count":8,"href":"https:\/\/portal.uern.br\/proplan\/wp-json\/wp\/v2\/pages\/1141\/revisions"}],"predecessor-version":[{"id":2303,"href":"https:\/\/portal.uern.br\/proplan\/wp-json\/wp\/v2\/pages\/1141\/revisions\/2303"}],"wp:attachment":[{"href":"https:\/\/portal.uern.br\/proplan\/wp-json\/wp\/v2\/media?parent=1141"}],"curies":[{"name":"wp","href":"https:\/\/api.w.org\/{rel}","templated":true}]}}