{"id":1139,"date":"2023-03-30T12:26:25","date_gmt":"2023-03-30T15:26:25","guid":{"rendered":"https:\/\/portal.uern.br\/proplan\/?page_id=1139"},"modified":"2025-03-18T15:26:34","modified_gmt":"2025-03-18T18:26:34","slug":"orcamento-participativo","status":"publish","type":"page","link":"https:\/\/portal.uern.br\/proplan\/orcamento-participativo\/","title":{"rendered":"Or\u00e7amento Participativo"},"content":{"rendered":"<ul>\n<li><strong><a href=\"https:\/\/portal.uern.br\/proplan\/wp-content\/uploads\/2025\/03\/Apresentacao_1a_Reuniao_COP_2026.pdf\">Apresenta\u00e7\u00e3o<\/a><\/strong> &#8211; 1\u00aa Reuni\u00e3o da Comiss\u00e3o do Or\u00e7amento Participativo 2026<\/li>\n<li><a href=\"https:\/\/portal.uern.br\/proplan\/wp-content\/uploads\/2025\/03\/Portaria_n_701_2025_GP_FUERN.pdf\"><strong>Portaria n\u00ba 701\/2025 &#8211; GP\/FUERN<\/strong><\/a> &#8211; Constitui a Comiss\u00e3o do Or\u00e7amento Participativo no \u00e2mbito da Funda\u00e7\u00e3o Universidade do Rio Grande do Norte.<\/li>\n<li><a href=\"http:\/\/www.uern.br\/controledepaginas\/proplan-legislacao\/arquivos\/0539_referencial_basico_op_fuern_2023.pdf\"><strong>Referencial B\u00e1sico do Or\u00e7amento Participativo da FUERN<\/strong><\/a> &#8211; Relat\u00f3rio Geral de Atividades 2023.<\/li>\n<li><a href=\"https:\/\/portal.uern.br\/proplan\/wp-content\/uploads\/2023\/03\/Resolucao_n__55_2022_CD.pdf\"><strong>Resolu\u00e7\u00e3o n\u00ba 55\/2022 &#8211; CD<\/strong><\/a> &#8211; Institui o Or\u00e7amento Participativo e a Comiss\u00e3o do Or\u00e7amento Participativo no \u00e2mbito da Funda\u00e7\u00e3o Universidade do Estado do Rio Grande do Norte e d\u00e1 outras provid\u00eancias.<\/li>\n<li><a href=\"https:\/\/portal.uern.br\/proplan\/wp-content\/uploads\/2023\/03\/Portaria_n_2146_2022_GP_FUERN.pdf\"><strong>Portaria n\u00ba 2146\/2022 &#8211; GP\/FUERN<\/strong><\/a> &#8211; Constitui a Comiss\u00e3o do Or\u00e7amento Participativo no \u00e2mbito da Funda\u00e7\u00e3o Universidade do Rio Grande do Norte.<\/li>\n<\/ul>\n","protected":false},"excerpt":{"rendered":"<p>Apresenta\u00e7\u00e3o &#8211; 1\u00aa Reuni\u00e3o da Comiss\u00e3o do Or\u00e7amento Participativo 2026 Portaria n\u00ba 701\/2025 &#8211; GP\/FUERN &#8211; Constitui a Comiss\u00e3o do Or\u00e7amento Participativo no \u00e2mbito da Funda\u00e7\u00e3o Universidade do Rio Grande do Norte. Referencial B\u00e1sico do Or\u00e7amento Participativo da FUERN &#8211; Relat\u00f3rio Geral de Atividades 2023. Resolu\u00e7\u00e3o n\u00ba 55\/2022 &#8211; CD &#8211; Institui o Or\u00e7amento Participativo [&hellip;]<\/p>\n","protected":false},"author":2,"featured_media":0,"parent":0,"menu_order":0,"comment_status":"closed","ping_status":"closed","template":"","meta":{"footnotes":""},"class_list":["post-1139","page","type-page","status-publish","hentry"],"_links":{"self":[{"href":"https:\/\/portal.uern.br\/proplan\/wp-json\/wp\/v2\/pages\/1139","targetHints":{"allow":["GET"]}}],"collection":[{"href":"https:\/\/portal.uern.br\/proplan\/wp-json\/wp\/v2\/pages"}],"about":[{"href":"https:\/\/portal.uern.br\/proplan\/wp-json\/wp\/v2\/types\/page"}],"author":[{"embeddable":true,"href":"https:\/\/portal.uern.br\/proplan\/wp-json\/wp\/v2\/users\/2"}],"replies":[{"embeddable":true,"href":"https:\/\/portal.uern.br\/proplan\/wp-json\/wp\/v2\/comments?post=1139"}],"version-history":[{"count":6,"href":"https:\/\/portal.uern.br\/proplan\/wp-json\/wp\/v2\/pages\/1139\/revisions"}],"predecessor-version":[{"id":1158,"href":"https:\/\/portal.uern.br\/proplan\/wp-json\/wp\/v2\/pages\/1139\/revisions\/1158"}],"wp:attachment":[{"href":"https:\/\/portal.uern.br\/proplan\/wp-json\/wp\/v2\/media?parent=1139"}],"curies":[{"name":"wp","href":"https:\/\/api.w.org\/{rel}","templated":true}]}}