{"id":1085,"date":"2023-03-07T13:41:17","date_gmt":"2023-03-07T16:41:17","guid":{"rendered":"https:\/\/portal.uern.br\/proplan\/?page_id=1085"},"modified":"2023-03-07T13:59:15","modified_gmt":"2023-03-07T16:59:15","slug":"pagamentos-realizados-2020","status":"publish","type":"page","link":"https:\/\/portal.uern.br\/proplan\/pagamentos-realizados-2020\/","title":{"rendered":"Pagamentos Realizados 2020"},"content":{"rendered":"<h3>Rela\u00e7\u00e3o Geral de Pagamentos &#8211; 2020<\/h3>\n<ul>\n<li><a href=\"https:\/\/portal.uern.br\/proplan\/wp-content\/uploads\/2023\/03\/01_relacao_geral_de_pagamentos_janeiro_2020.pdf\">Janeiro de 2020<\/a><\/li>\n<li><a href=\"https:\/\/portal.uern.br\/proplan\/wp-content\/uploads\/2023\/03\/02_relacao_geral_de_pagamentos_fevereiro_2020.pdf\">Fevereiro de 2020<\/a><\/li>\n<li><a href=\"https:\/\/portal.uern.br\/proplan\/wp-content\/uploads\/2023\/03\/03_relacao_geral_de_pagamentos_marco_2020.pdf\">Mar\u00e7o de 2020<\/a><\/li>\n<li><a href=\"https:\/\/portal.uern.br\/proplan\/wp-content\/uploads\/2023\/03\/04_relacao_geral_de_pagamentos_abril_2020.pdf\">Abril de 2020<\/a><\/li>\n<li><a href=\"https:\/\/portal.uern.br\/proplan\/wp-content\/uploads\/2023\/03\/05_relacao_geral_de_pagamentos_maio_2020.pdf\">Maio de 2020<\/a><\/li>\n<li><a href=\"https:\/\/portal.uern.br\/proplan\/wp-content\/uploads\/2023\/03\/06_relacao_geral_de_pagamentos_junho_2020.pdf\">Junho de 2020<\/a><\/li>\n<li><a href=\"https:\/\/portal.uern.br\/proplan\/wp-content\/uploads\/2023\/03\/07_relacao_geral_de_pagamentos_julho_2020.pdf\">Julho de 2020<\/a><\/li>\n<li><a href=\"https:\/\/portal.uern.br\/proplan\/wp-content\/uploads\/2023\/03\/08_relacao_geral_de_pagamentos_agosto_2020.pdf\">Agosto de 2020<\/a><\/li>\n<li><a href=\"https:\/\/portal.uern.br\/proplan\/wp-content\/uploads\/2023\/03\/09_relacao_geral_de_pagamentos_setembro_2020.pdf\">Setembro de 2020<\/a><\/li>\n<li><a href=\"https:\/\/portal.uern.br\/proplan\/wp-content\/uploads\/2023\/03\/10_relacao_geral_de_pagamentos_outubro_2020.pdf\">Outubro de 2020<\/a><\/li>\n<li><a href=\"https:\/\/portal.uern.br\/proplan\/wp-content\/uploads\/2023\/03\/11_relacao_geral_de_pagamentos_novembro_2020.pdf\">Novembro de 2020<\/a><\/li>\n<li><a href=\"https:\/\/portal.uern.br\/proplan\/wp-content\/uploads\/2023\/03\/12_relacao_geral_de_pagamentos_dezembro_2020.pdf\">Dezembro de 2020<\/a><\/li>\n<\/ul>\n","protected":false},"excerpt":{"rendered":"<p>Rela\u00e7\u00e3o Geral de Pagamentos &#8211; 2020 Janeiro de 2020 Fevereiro de 2020 Mar\u00e7o de 2020 Abril de 2020 Maio de 2020 Junho de 2020 Julho de 2020 Agosto de 2020 Setembro de 2020 Outubro de 2020 Novembro de 2020 Dezembro de 2020<\/p>\n","protected":false},"author":2,"featured_media":0,"parent":0,"menu_order":0,"comment_status":"closed","ping_status":"closed","template":"","meta":{"footnotes":""},"class_list":["post-1085","page","type-page","status-publish","hentry"],"_links":{"self":[{"href":"https:\/\/portal.uern.br\/proplan\/wp-json\/wp\/v2\/pages\/1085","targetHints":{"allow":["GET"]}}],"collection":[{"href":"https:\/\/portal.uern.br\/proplan\/wp-json\/wp\/v2\/pages"}],"about":[{"href":"https:\/\/portal.uern.br\/proplan\/wp-json\/wp\/v2\/types\/page"}],"author":[{"embeddable":true,"href":"https:\/\/portal.uern.br\/proplan\/wp-json\/wp\/v2\/users\/2"}],"replies":[{"embeddable":true,"href":"https:\/\/portal.uern.br\/proplan\/wp-json\/wp\/v2\/comments?post=1085"}],"version-history":[{"count":4,"href":"https:\/\/portal.uern.br\/proplan\/wp-json\/wp\/v2\/pages\/1085\/revisions"}],"predecessor-version":[{"id":1101,"href":"https:\/\/portal.uern.br\/proplan\/wp-json\/wp\/v2\/pages\/1085\/revisions\/1101"}],"wp:attachment":[{"href":"https:\/\/portal.uern.br\/proplan\/wp-json\/wp\/v2\/media?parent=1085"}],"curies":[{"name":"wp","href":"https:\/\/api.w.org\/{rel}","templated":true}]}}