{"id":1030,"date":"2023-03-07T10:29:38","date_gmt":"2023-03-07T13:29:38","guid":{"rendered":"https:\/\/portal.uern.br\/proplan\/?page_id=1030"},"modified":"2024-04-16T12:20:30","modified_gmt":"2024-04-16T15:20:30","slug":"orcamento-2020","status":"publish","type":"page","link":"https:\/\/portal.uern.br\/proplan\/orcamento-2020\/","title":{"rendered":"Or\u00e7amento 2020"},"content":{"rendered":"<h3>PESSOAL E ENCARGOS<\/h3>\n<ul>\n<li><a href=\"https:\/\/portal.uern.br\/proplan\/wp-content\/uploads\/2023\/03\/relatorio_pessoal_e_encargos_2020.pdf\">Relat\u00f3rio de Pessoal e Encargos &#8211; Acumulado at\u00e9 Dezembro<\/a><\/li>\n<\/ul>\n<p>&nbsp;<\/p>\n<hr \/>\n<h3>EXECU\u00c7\u00c3O OR\u00c7AMENT\u00c1RIA<\/h3>\n<ul>\n<li><a href=\"https:\/\/portal.uern.br\/proplan\/wp-content\/uploads\/2023\/03\/01_relacao_execucao_orcamentaria_ate_janeiro_2020.pdf\">Acumulado de Janeiro<\/a><\/li>\n<li><a href=\"https:\/\/portal.uern.br\/proplan\/wp-content\/uploads\/2023\/03\/02_relacao_execucao_orcamentaria_ate_fevereiro_2020.pdf\">Acumulado at\u00e9 Fevereiro<\/a><\/li>\n<li><a href=\"https:\/\/portal.uern.br\/proplan\/wp-content\/uploads\/2023\/03\/03_relacao_execucao_orcamentaria_ate_marco_2020.pdf\">Acumulado at\u00e9 Mar\u00e7o<\/a><\/li>\n<li><a href=\"https:\/\/portal.uern.br\/proplan\/wp-content\/uploads\/2023\/03\/04_relacao_execucao_orcamentaria_ate_abril_2020.pdf\">Acumulado at\u00e9 Abril<\/a><\/li>\n<li><a href=\"https:\/\/portal.uern.br\/proplan\/wp-content\/uploads\/2023\/03\/05_relacao_execucao_orcamentaria_ate_maio_2020.pdf\">Acumulado at\u00e9 Maio<\/a><\/li>\n<li><a href=\"https:\/\/portal.uern.br\/proplan\/wp-content\/uploads\/2023\/03\/06_relacao_execucao_orcamentaria_ate_junho_2020.pdf\">Acumulado at\u00e9 Junho<\/a><\/li>\n<li><a href=\"https:\/\/portal.uern.br\/proplan\/wp-content\/uploads\/2023\/03\/07_relacao_execucao_orcamentaria_ate_julho_2020.pdf\">Acumulado at\u00e9 Julho<\/a><\/li>\n<li><a href=\"https:\/\/portal.uern.br\/proplan\/wp-content\/uploads\/2023\/03\/08_relacao_execucao_orcamentaria_ate_agosto_2020.pdf\">Acumulado at\u00e9 Agosto<\/a><\/li>\n<li><a href=\"https:\/\/portal.uern.br\/proplan\/wp-content\/uploads\/2023\/03\/09_relacao_execucao_orcamentaria_ate_setembro_2020.pdf\">Acumulado at\u00e9 Setembro<\/a><\/li>\n<li><a href=\"https:\/\/portal.uern.br\/proplan\/wp-content\/uploads\/2023\/03\/10_relacao_execucao_orcamentaria_ate_outubro_2020.pdf\">Acumulado at\u00e9 Outubro<\/a><\/li>\n<li><a href=\"https:\/\/portal.uern.br\/proplan\/wp-content\/uploads\/2023\/03\/11_relacao_execucao_orcamentaria_ate_novembro_2020.pdf\">Acumulado at\u00e9 Novembro<\/a><\/li>\n<li><a href=\"https:\/\/portal.uern.br\/proplan\/wp-content\/uploads\/2023\/03\/12_relacao_execucao_orcamentaria_ate_dezembro_2020.pdf\">Acumulado at\u00e9 Dezembro<\/a><\/li>\n<\/ul>\n<h3>Execu\u00e7\u00e3o Or\u00e7ament\u00e1ria Fonte 100 &#8211; Tesouro Estadual<\/h3>\n<ul>\n<li><a href=\"https:\/\/portal.uern.br\/proplan\/wp-content\/uploads\/2023\/03\/01_relacao_execucao_orcamentaria_jan.2020_fonte_100.pdf\">Janeiro de 2020<\/a><\/li>\n<li><a href=\"https:\/\/portal.uern.br\/proplan\/wp-content\/uploads\/2023\/03\/02_relacao_execucao_orcamentaria_fev.2020_fonte_100.pdf\">Fevereiro de 2020<\/a><\/li>\n<li><a href=\"https:\/\/portal.uern.br\/proplan\/wp-content\/uploads\/2023\/03\/03_relacao_execucao_orcamentaria_mar.2020_fonte_100.pdf\">Mar\u00e7o de 2020<\/a><\/li>\n<li><a href=\"https:\/\/portal.uern.br\/proplan\/wp-content\/uploads\/2023\/03\/04_relacao_execucao_orcamentaria_abr.2020_fonte_100.pdf\">Abril de 2020<\/a><\/li>\n<li><a href=\"https:\/\/portal.uern.br\/proplan\/wp-content\/uploads\/2023\/03\/05_relacao_execucao_orcamentaria_mai.2020_fonte_100.pdf\">Maio de 2020<\/a><\/li>\n<li><a href=\"https:\/\/portal.uern.br\/proplan\/wp-content\/uploads\/2023\/03\/06_relacao_execucao_orcamentaria_jun.2020_fonte_100.pdf\">Junho de 2020<\/a><\/li>\n<li><a href=\"https:\/\/portal.uern.br\/proplan\/wp-content\/uploads\/2023\/03\/07_relacao_execucao_orcamentaria_jul.2020_fonte_100.pdf\">Julho de 2020<\/a><\/li>\n<li><a href=\"https:\/\/portal.uern.br\/proplan\/wp-content\/uploads\/2023\/03\/08_relacao_execucao_orcamentaria_ago.2020_fonte_100.pdf\">Agosto de 2020<\/a><\/li>\n<li><a href=\"https:\/\/portal.uern.br\/proplan\/wp-content\/uploads\/2023\/03\/09_relacao_execucao_orcamentaria_set.2020_fonte_100.pdf\">Setembro de 2020<\/a><\/li>\n<li><a href=\"https:\/\/portal.uern.br\/proplan\/wp-content\/uploads\/2023\/03\/10_relacao_execucao_orcamentaria_out.2020_fonte_100.pdf\">Outubro de 2020<\/a><\/li>\n<li><a href=\"https:\/\/portal.uern.br\/proplan\/wp-content\/uploads\/2023\/03\/11_relacao_execucao_orcamentaria_nov.2020_fonte_100.pdf\">Novembro de 2020<\/a><\/li>\n<li><a href=\"https:\/\/portal.uern.br\/proplan\/wp-content\/uploads\/2023\/03\/12_relacao_execucao_orcamentaria_dez.2020_fonte_100.pdf\">Dezembro de 2020<\/a><\/li>\n<\/ul>\n<h3>Execu\u00e7\u00e3o Or\u00e7ament\u00e1ria Fonte 250 &#8211; Recursos Diretamente Arrecadados<\/h3>\n<ul>\n<li><a href=\"https:\/\/portal.uern.br\/proplan\/wp-content\/uploads\/2023\/03\/01_relacao_execucao_orcamentaria_jan.2020_fonte_250.pdf\">Janeiro de 2020<\/a><\/li>\n<li><a href=\"https:\/\/portal.uern.br\/proplan\/wp-content\/uploads\/2023\/03\/02_relacao_execucao_orcamentaria_fev.2020_fonte_250.pdf\">Fevereiro de 2020<\/a><\/li>\n<li><a href=\"https:\/\/portal.uern.br\/proplan\/wp-content\/uploads\/2023\/03\/03_relacao_execucao_orcamentaria_mar.2020_fonte_250.pdf\">Mar\u00e7o de 2020<\/a><\/li>\n<li><a href=\"https:\/\/portal.uern.br\/proplan\/wp-content\/uploads\/2023\/03\/04_relacao_execucao_orcamentaria_abr.2020_fonte_250.pdf\">Abril de 2020<\/a><\/li>\n<li><a href=\"https:\/\/portal.uern.br\/proplan\/wp-content\/uploads\/2023\/03\/05_relacao_execucao_orcamentaria_mai.2020_fonte_250.pdf\">Maio de 2020<\/a><\/li>\n<li><a href=\"https:\/\/portal.uern.br\/proplan\/wp-content\/uploads\/2023\/03\/06_relacao_execucao_orcamentaria_jun.2020_fonte_250.pdf\">Junho de 2020<\/a><\/li>\n<li><a href=\"https:\/\/portal.uern.br\/proplan\/wp-content\/uploads\/2023\/03\/07_relacao_execucao_orcamentaria_jul.2020_fonte_250.pdf\">Julho de 2020<\/a><\/li>\n<li><a href=\"https:\/\/portal.uern.br\/proplan\/wp-content\/uploads\/2023\/03\/08_relacao_execucao_orcamentaria_ago.2020_fonte_250.pdf\">Agosto de 2020<\/a><\/li>\n<li><a href=\"https:\/\/portal.uern.br\/proplan\/wp-content\/uploads\/2023\/03\/09_relacao_execucao_orcamentaria_set.2020_fonte_250.pdf\">Setembro de 2020<\/a><\/li>\n<li><a href=\"https:\/\/portal.uern.br\/proplan\/wp-content\/uploads\/2023\/03\/10_relacao_execucao_orcamentaria_out.2020_fonte_250.pdf\">Outubro de 2020<\/a><\/li>\n<li><a href=\"https:\/\/portal.uern.br\/proplan\/wp-content\/uploads\/2023\/03\/11_relacao_execucao_orcamentaria_nov.2020_fonte_250.pdf\">Novembro de 2020<\/a><\/li>\n<li><a href=\"https:\/\/portal.uern.br\/proplan\/wp-content\/uploads\/2023\/03\/12_relacao_execucao_orcamentaria_dez.2020_fonte_250.pdf\">Dezembro de 2020<\/a><\/li>\n<\/ul>\n<h3>Execu\u00e7\u00e3o Or\u00e7ament\u00e1ria Fonte 281 &#8211; Recursos de Conv\u00eanios<\/h3>\n<ul>\n<li><a href=\"https:\/\/portal.uern.br\/proplan\/wp-content\/uploads\/2023\/03\/01_relacao_execucao_orcamentaria_jan.2020_fonte_281.pdf\">Janeiro de 2020<\/a><\/li>\n<li><a href=\"https:\/\/portal.uern.br\/proplan\/wp-content\/uploads\/2023\/03\/02_relacao_execucao_orcamentaria_fev.2020_fonte_281.pdf\">Fevereiro de 2020<\/a><\/li>\n<li><a href=\"https:\/\/portal.uern.br\/proplan\/wp-content\/uploads\/2023\/03\/03_relacao_execucao_orcamentaria_mar.2020_fonte_281.pdf\">Mar\u00e7o de 2020<\/a><\/li>\n<li><em>Abril de 2020<\/em><\/li>\n<li><em>Maio de 2020<\/em><\/li>\n<li><em>Junho de 2020<\/em><\/li>\n<li><em>Julho de 2020<\/em><\/li>\n<li><em>Agosto de 2020<\/em><\/li>\n<li><em>Setembro de 2020<\/em><\/li>\n<li><a href=\"https:\/\/portal.uern.br\/proplan\/wp-content\/uploads\/2023\/03\/10_relacao_execucao_orcamentaria_out.2020_fonte_281.pdf\">Outubro de 2020<\/a><\/li>\n<li><em>Novembro de 2020<\/em><\/li>\n<li><a href=\"https:\/\/portal.uern.br\/proplan\/wp-content\/uploads\/2023\/03\/12_relacao_execucao_orcamentaria_dez.2020_fonte_281.pdf\">Dezembro de 2020<\/a><\/li>\n<\/ul>\n<h3>Execu\u00e7\u00e3o Or\u00e7ament\u00e1ria Fonte 290 &#8211; Recursos Diversos<\/h3>\n<ul>\n<li><a href=\"https:\/\/portal.uern.br\/proplan\/wp-content\/uploads\/2023\/03\/01_relacao_execucao_orcamentaria_jan.2020_fonte_290.pdf\">Janeiro de 2020<\/a><\/li>\n<li><a href=\"https:\/\/portal.uern.br\/proplan\/wp-content\/uploads\/2023\/03\/02_relacao_execucao_orcamentaria_fev.2020_fonte_290.pdf\">Fevereiro de 2020<\/a><\/li>\n<li><a href=\"https:\/\/portal.uern.br\/proplan\/wp-content\/uploads\/2023\/03\/03_relacao_execucao_orcamentaria_mar.2020_fonte_290.pdf\">Mar\u00e7o de 2020<\/a><\/li>\n<li><em>Abril de 2020<\/em><\/li>\n<li><em>Maio de 2020<\/em><\/li>\n<li><em>Junho de 2020<\/em><\/li>\n<li><em>Julho de 2020<\/em><\/li>\n<li><em>Agosto de 2020<\/em><\/li>\n<li><em>Setembro de 2020<\/em><\/li>\n<li><a href=\"https:\/\/portal.uern.br\/proplan\/wp-content\/uploads\/2023\/03\/10_relacao_execucao_orcamentaria_out.2020_fonte_290.pdf\">Outubro de 2020<\/a><\/li>\n<li><a href=\"https:\/\/portal.uern.br\/proplan\/wp-content\/uploads\/2023\/03\/11_relacao_execucao_orcamentaria_nov.2020_fonte_290.pdf\">Novembro de 2020<\/a><\/li>\n<li><a href=\"https:\/\/portal.uern.br\/proplan\/wp-content\/uploads\/2023\/03\/12_relacao_execucao_orcamentaria_dez.2020_fonte_290.pdf\">Dezembro de 2020<\/a><\/li>\n<\/ul>\n","protected":false},"excerpt":{"rendered":"<p>PESSOAL E ENCARGOS Relat\u00f3rio de Pessoal e Encargos &#8211; Acumulado at\u00e9 Dezembro &nbsp; EXECU\u00c7\u00c3O OR\u00c7AMENT\u00c1RIA Acumulado de Janeiro Acumulado at\u00e9 Fevereiro Acumulado at\u00e9 Mar\u00e7o Acumulado at\u00e9 Abril Acumulado at\u00e9 Maio Acumulado at\u00e9 Junho Acumulado at\u00e9 Julho Acumulado at\u00e9 Agosto Acumulado at\u00e9 Setembro Acumulado at\u00e9 Outubro Acumulado at\u00e9 Novembro Acumulado at\u00e9 Dezembro Execu\u00e7\u00e3o Or\u00e7ament\u00e1ria Fonte 100 [&hellip;]<\/p>\n","protected":false},"author":2,"featured_media":0,"parent":0,"menu_order":0,"comment_status":"closed","ping_status":"closed","template":"","meta":{"footnotes":""},"class_list":["post-1030","page","type-page","status-publish","hentry"],"_links":{"self":[{"href":"https:\/\/portal.uern.br\/proplan\/wp-json\/wp\/v2\/pages\/1030","targetHints":{"allow":["GET"]}}],"collection":[{"href":"https:\/\/portal.uern.br\/proplan\/wp-json\/wp\/v2\/pages"}],"about":[{"href":"https:\/\/portal.uern.br\/proplan\/wp-json\/wp\/v2\/types\/page"}],"author":[{"embeddable":true,"href":"https:\/\/portal.uern.br\/proplan\/wp-json\/wp\/v2\/users\/2"}],"replies":[{"embeddable":true,"href":"https:\/\/portal.uern.br\/proplan\/wp-json\/wp\/v2\/comments?post=1030"}],"version-history":[{"count":6,"href":"https:\/\/portal.uern.br\/proplan\/wp-json\/wp\/v2\/pages\/1030\/revisions"}],"predecessor-version":[{"id":1838,"href":"https:\/\/portal.uern.br\/proplan\/wp-json\/wp\/v2\/pages\/1030\/revisions\/1838"}],"wp:attachment":[{"href":"https:\/\/portal.uern.br\/proplan\/wp-json\/wp\/v2\/media?parent=1030"}],"curies":[{"name":"wp","href":"https:\/\/api.w.org\/{rel}","templated":true}]}}