{"id":995,"date":"2023-02-13T07:31:26","date_gmt":"2023-02-13T10:31:26","guid":{"rendered":"http:\/\/beta.apps.uern.br\/wordpress\/propeg\/?page_id=995"},"modified":"2026-01-18T09:37:16","modified_gmt":"2026-01-18T12:37:16","slug":"profissional","status":"publish","type":"page","link":"https:\/\/portal.uern.br\/propeg\/profissional\/","title":{"rendered":"Profissional"},"content":{"rendered":"<h3><strong>Campus Mossor\u00f3\u00a0<\/strong><\/h3>\n<p><strong>Programa de P\u00f3s-Gradua\u00e7\u00e3o Profissional em Ensino de Biologia \u2013 PROFBIO (Mestrado)<\/strong><br \/>\n<strong>Ano de Cria\u00e7\u00e3o<\/strong> (2017), <strong>Avalia\u00e7\u00e3o Quadrienal 2021-2024<\/strong>\u00a0(Conceito 5)<br \/>\n<strong>Email:<\/strong>\u00a0profbiouern@gmail.com\u00a0 profbio@mestrado.uern.br<br \/>\n<strong>Clique\u00a0<a href=\"https:\/\/sigaa.uern.br\/sigaa\/public\/programa\/portal.jsf?lc=pt_BR&amp;id=1057\" target=\"_blank\" rel=\"noopener\">aqui<\/a> e acesse a p\u00e1gina do\u00a0PROFBIO\u00a0na internet\u00a0<\/strong><\/p>\n<p>&nbsp;<\/p>\n<p><strong>Programa de P\u00f3s-Gradua\u00e7\u00e3o\u00a0Profissional em Letras \u2013 PROFLETRAS (Mestrado)<\/strong><br \/>\n<strong>Ano de Cria\u00e7\u00e3o<\/strong> (2013), <strong>Avalia\u00e7\u00e3o Quadrienal 2021-2024<\/strong>\u00a0(Conceito 4)<br \/>\n<strong>Email:<\/strong>\u00a0letras@mestrado.uern.br candicecris@outlook.com\u00a0 profletrasmossoro3@gmail.com<br \/>\n<strong>Clique\u00a0<a href=\"https:\/\/sigaa.uern.br\/sigaa\/public\/programa\/portal.jsf?lc=pt_BR&amp;id=1050\" target=\"_blank\" rel=\"noopener\">aqui<\/a> e acesse a p\u00e1gina do\u00a0PROFLETRAS\u00a0na internet<\/strong><\/p>\n<p>&nbsp;<\/p>\n<p><strong>Programa de P\u00f3s-Gradua\u00e7\u00e3o Profissional em Ensino de Hist\u00f3ria \u2013 PROFHISTORIA (Mestrado\/Doutorado)<\/strong><br \/>\n<strong>Ano de Cria\u00e7\u00e3o<\/strong> (2014), <strong>Avalia\u00e7\u00e3o Quadrienal 2021-2024<\/strong>\u00a0(Conceito 5)<br \/>\n<strong>Email:<\/strong> profhistoriauern@mestrado.uern.br<br \/>\n<strong>Clique\u00a0<a href=\"https:\/\/sigaa.uern.br\/sigaa\/public\/programa\/portal.jsf?lc=pt_BR&amp;id=1051\" target=\"_blank\" rel=\"noopener\">aqui<\/a>\u00a0e acesse a p\u00e1gina do\u00a0Profhistoria\u00a0na internet<br \/>\n<\/strong><\/p>\n<p>&nbsp;<\/p>\n<p><strong>Programa de P\u00f3s-Gradua\u00e7\u00e3o Profissional em Sociologia \u2013 PROFSOCIO (Mestrado)<\/strong><br \/>\n<strong>Ano de Cria\u00e7\u00e3o<\/strong> (2023), <strong>Avalia\u00e7\u00e3o Quadrienal 2021-2024<\/strong>\u00a0(Conceito 4)<br \/>\n<strong>Email: <\/strong>profsocio@mestrado.uern.br<br \/>\n<strong>Clique\u00a0<a href=\"https:\/\/sigaa.uern.br\/sigaa\/public\/programa\/portal.jsf?lc=pt_BR&amp;id=1390\">aqui<\/a> e acesse a p\u00e1gina do Profsocio na internet<\/strong><\/p>\n<p>&nbsp;<\/p>\n<p><strong>Programa de P\u00f3s-Gradua\u00e7\u00e3o Profissional em Educa\u00e7\u00e3o Inclusiva \u2013 PROFEI (Mestrado)<\/strong><br \/>\n<strong>Ano de Cria\u00e7\u00e3o<\/strong> (2023), <strong>Avalia\u00e7\u00e3o Quadrienal 2021-2024<\/strong>\u00a0(Conceito 4)<br \/>\n<strong>Email: <\/strong>profei@uern.br<br \/>\n<strong>Clique <a href=\"https:\/\/sigaa.uern.br\/sigaa\/public\/programa\/portal.jsf?lc=pt_BR&amp;id=1391\">aqui<\/a> e acesse a p\u00e1gina do Profei na internet<\/strong><\/p>\n<p>&nbsp;<\/p>\n<hr \/>\n<h3>Campus Assu<\/h3>\n<p><strong>Programa de P\u00f3s-Gradua\u00e7\u00e3o\u00a0Profissional em Letras \u2013 PROFLETRAS (Mestrado)<\/strong><br \/>\n<strong>Ano de Cria\u00e7\u00e3o<\/strong> (2013), <strong>Avalia\u00e7\u00e3o Quadrienal 2021-2024<\/strong>\u00a0(Conceito 4)<br \/>\n<strong>Email:\u00a0<\/strong>profletrasassu@gmail.com<br \/>\n<strong>Clique\u00a0<a href=\"https:\/\/sigaa.uern.br\/sigaa\/public\/programa\/portal.jsf?lc=pt_BR&amp;id=1045\" target=\"_blank\" rel=\"noopener\">aqui<\/a>\u00a0e acesse a p\u00e1gina do\u00a0PROFLETRAS\u00a0na internet<\/strong><\/p>\n<p>&nbsp;<\/p>\n<hr \/>\n<h3>Campus Pau dos Ferros<\/h3>\n<p><strong>Programa de P\u00f3s-Gradua\u00e7\u00e3o Profissional em Letras- PROFLETRAS (Mestrado)<\/strong><br \/>\n<strong>Ano de Cria\u00e7\u00e3o<\/strong> (2013), <strong>Avalia\u00e7\u00e3o Quadrienal 2021-2024<\/strong>\u00a0(Conceito 4)<br \/>\n<strong>Email:<\/strong>\u00a0profletras.pferros@uern.br<br \/>\n<strong>Clique\u00a0<a href=\"https:\/\/sigaa.uern.br\/sigaa\/public\/programa\/portal.jsf?lc=pt_BR&amp;id=1061\" target=\"_blank\" rel=\"noopener\">aqui<\/a>\u00a0e acesse a p\u00e1gina do\u00a0PROFLETRAS\u00a0na internet<\/strong><\/p>\n<p>&nbsp;<\/p>\n<hr \/>\n<h3>Campus Caic\u00f3<\/h3>\n<p><strong>Programa de P\u00f3s-Gradua\u00e7\u00e3o Profissional em Filosofia \u2013 PROFFILO (Mestrado)<\/strong><br \/>\n<strong>Ano de Cria\u00e7\u00e3o<\/strong> (2017), <strong>Avalia\u00e7\u00e3o Quadrienal 2021-2024<\/strong>\u00a0(Conceito 4)<br \/>\n<strong>Email:<\/strong>\u00a0proffilo@uern.br<br \/>\n<strong>Clique\u00a0<a href=\"https:\/\/sigaa.uern.br\/sigaa\/public\/programa\/portal.jsf?lc=pt_BR&amp;id=1052\" target=\"_blank\" rel=\"noopener\">aqui<\/a>\u00a0e acesse a p\u00e1gina do\u00a0PROFFILO\u00a0na internet<\/strong>\u00a0\u00a0<strong>\u00a0e acesse a p\u00e1gina do\u00a0PPGL\u00a0na internet<\/strong><\/p>\n<p><strong>Programa de P\u00f3s-Gradua\u00e7\u00e3o Profissional em Sa\u00fade \u2013 PROFSAUDE (Mestrado)<\/strong><br \/>\n<strong>Ano de Cria\u00e7\u00e3o<\/strong> (2023), <strong>Avalia\u00e7\u00e3o Quadrienal 2021-2024<\/strong>\u00a0(Conceito 4)<br \/>\n<strong>Email: <\/strong>profsaude@mestrado.uern.br<br \/>\n<strong>Clique <a href=\"https:\/\/sigaa.uern.br\/sigaa\/public\/programa\/noticias.jsf?lc=pt_BR&amp;id=1389\">aqui<\/a> e acesse a p\u00e1gina do Profsaude na internet<\/strong><\/p>\n","protected":false},"excerpt":{"rendered":"<p>Campus Mossor\u00f3\u00a0 Programa de P\u00f3s-Gradua\u00e7\u00e3o Profissional em Ensino de Biologia \u2013 PROFBIO (Mestrado) Ano de Cria\u00e7\u00e3o (2017), Avalia\u00e7\u00e3o Quadrienal 2021-2024\u00a0(Conceito 5) Email:\u00a0profbiouern@gmail.com\u00a0 profbio@mestrado.uern.br Clique\u00a0aqui e acesse a p\u00e1gina do\u00a0PROFBIO\u00a0na internet\u00a0 &nbsp; Programa de P\u00f3s-Gradua\u00e7\u00e3o\u00a0Profissional em Letras \u2013 PROFLETRAS (Mestrado) Ano de Cria\u00e7\u00e3o (2013), Avalia\u00e7\u00e3o Quadrienal 2021-2024\u00a0(Conceito 4) Email:\u00a0letras@mestrado.uern.br candicecris@outlook.com\u00a0 profletrasmossoro3@gmail.com Clique\u00a0aqui e acesse a p\u00e1gina [&hellip;]<\/p>\n","protected":false},"author":2,"featured_media":0,"parent":0,"menu_order":0,"comment_status":"closed","ping_status":"closed","template":"","meta":{"footnotes":""},"class_list":["post-995","page","type-page","status-publish","hentry"],"_links":{"self":[{"href":"https:\/\/portal.uern.br\/propeg\/wp-json\/wp\/v2\/pages\/995","targetHints":{"allow":["GET"]}}],"collection":[{"href":"https:\/\/portal.uern.br\/propeg\/wp-json\/wp\/v2\/pages"}],"about":[{"href":"https:\/\/portal.uern.br\/propeg\/wp-json\/wp\/v2\/types\/page"}],"author":[{"embeddable":true,"href":"https:\/\/portal.uern.br\/propeg\/wp-json\/wp\/v2\/users\/2"}],"replies":[{"embeddable":true,"href":"https:\/\/portal.uern.br\/propeg\/wp-json\/wp\/v2\/comments?post=995"}],"version-history":[{"count":19,"href":"https:\/\/portal.uern.br\/propeg\/wp-json\/wp\/v2\/pages\/995\/revisions"}],"predecessor-version":[{"id":4469,"href":"https:\/\/portal.uern.br\/propeg\/wp-json\/wp\/v2\/pages\/995\/revisions\/4469"}],"wp:attachment":[{"href":"https:\/\/portal.uern.br\/propeg\/wp-json\/wp\/v2\/media?parent=995"}],"curies":[{"name":"wp","href":"https:\/\/api.w.org\/{rel}","templated":true}]}}