{"id":993,"date":"2023-02-13T07:31:16","date_gmt":"2023-02-13T10:31:16","guid":{"rendered":"http:\/\/beta.apps.uern.br\/wordpress\/propeg\/?page_id=993"},"modified":"2026-01-18T09:35:57","modified_gmt":"2026-01-18T12:35:57","slug":"academico","status":"publish","type":"page","link":"https:\/\/portal.uern.br\/propeg\/academico\/","title":{"rendered":"Acad\u00eamico"},"content":{"rendered":"<h3><strong>Campus Mossor\u00f3\u00a0<\/strong><\/h3>\n<p><strong>Programa de P\u00f3s-Gradua\u00e7\u00e3o em F\u00edsica \u2013 PPGF<\/strong> (Mestrado\/Doutorado)<br \/>\n<strong>Ano de Cria\u00e7\u00e3o<\/strong>\u00a0(2008),\u00a0<strong>Avalia\u00e7\u00e3o Quadrienal 2021-2024<\/strong>\u00a0(Conceito 4)<br \/>\n<strong>Email:<\/strong>\u00a0ppg.fisica@uern.br<br \/>\nClique\u00a0<a href=\"https:\/\/sigaa.uern.br\/sigaa\/public\/programa\/portal.jsf?lc=pt_BR&amp;id=1058\">aqui<\/a> e acesse a p\u00e1gina do PPGFF<\/p>\n<p><strong>Programa de P\u00f3s-Gradua\u00e7\u00e3o em Ci\u00eancia da Computa\u00e7\u00e3o \u2013 PPGCC\u00a0<\/strong>(Mestrado)<br \/>\n<strong>Ano de Cria\u00e7\u00e3o<\/strong>\u00a0(2008),\u00a0<strong>Avalia\u00e7\u00e3o Quadrienal 2021-2024<\/strong>\u00a0(Conceito 3)<br \/>\n<strong>Email:<\/strong>\u00a0ppgcc@uern.br<br \/>\nClique\u00a0<a href=\"https:\/\/sigaa.uern.br\/sigaa\/public\/programa\/portal.jsf?lc=pt_BR&amp;id=1046\">aqui<\/a> e acesse a p\u00e1gina do PPGCC<\/p>\n<p><strong>Programa de P\u00f3s-Gradua\u00e7\u00e3o em Sa\u00fade e Sociedade \u2013 PPGSS\u00a0<\/strong>(Mestrado)<strong><br \/>\nAno de Cria\u00e7\u00e3o\u00a0<\/strong>(2011)<strong>, Avalia\u00e7\u00e3o Quadrienal 2021-2024 <\/strong>(Conceito 4)<strong><br \/>\n<\/strong><strong>Email: <\/strong>saudesociedade@mestrado.uern.br; ppgss.mestrado.uern@gmail.com<strong><br \/>\n<\/strong>Clique\u00a0<a href=\"https:\/\/sigaa.uern.br\/sigaa\/public\/programa\/portal.jsf?lc=pt_BR&amp;id=1043\" target=\"_blank\" rel=\"noopener\">aqui<\/a> e acesse a p\u00e1gina do PPGSS<\/p>\n<p><strong>Programa de P\u00f3s-Gradua\u00e7\u00e3o em Ci\u00eancias Naturais \u2013 PPGCN\u00a0<\/strong>(Mestrado\/Doutorado)<strong><br \/>\nAno de Cria\u00e7\u00e3o\u00a0<\/strong>(2011)<strong>, Avalia\u00e7\u00e3o Quadrienal 2021-2024 <\/strong>(Conceito 5)<strong><br \/>\n<\/strong><strong>Email:<\/strong>\u00a0cienciasnaturais@mestrado.uern.br; cienciasnaturais010@yahoo.com.br<br \/>\nClique\u00a0<a href=\"https:\/\/sigaa.uern.br\/sigaa\/public\/programa\/portal.jsf?lc=pt_BR&amp;id=1042\" target=\"_blank\" rel=\"noopener\">aqui<\/a> e acesse a p\u00e1gina do PPGCN<\/p>\n<p><strong>Programa de P\u00f3s-Gradua\u00e7\u00e3o em Educa\u00e7\u00e3o \u2013 POSEDUC <\/strong>(Mestrado)<strong><br \/>\nAno de Cria\u00e7\u00e3o\u00a0<\/strong>(2011)<strong>, Avalia\u00e7\u00e3o Quadrienal 2021-2024 <\/strong>(Conceito 4)<strong><br \/>\n<\/strong><strong>Email:<\/strong>\u00a0educacao@mestrado.uern.br<br \/>\nClique\u00a0<a href=\"https:\/\/sigaa.uern.br\/sigaa\/public\/programa\/portal.jsf?lc=pt_BR&amp;id=1063\" target=\"_blank\" rel=\"noopener\">aqui<\/a> e acesse a p\u00e1gina do POSEDUC<\/p>\n<p><strong>Programa de P\u00f3s-Gradua\u00e7\u00e3o em Ci\u00eancias Sociais e Humanas \u2013 PPGCISH\u00a0<\/strong>(Mestrado)<strong><br \/>\nAno de Cria\u00e7\u00e3o\u00a0<\/strong>(2011)<strong>, Avalia\u00e7\u00e3o Quadrienal 2021-2024 <\/strong>(Conceito 4)<strong><br \/>\n<\/strong><strong>Email:<\/strong>\u00a0ppg.cienciassociais@uern.br\u00a0 ppgcish@gmail.com<br \/>\nClique\u00a0<a href=\"https:\/\/ppgcish-uern.com.br\/\" target=\"_blank\" rel=\"noopener\">aqui<\/a> e acesse a p\u00e1gina do PPGCISH<\/p>\n<p><strong>Programa de P\u00f3s-Gradua\u00e7\u00e3o em Servi\u00e7o Social e Direitos Sociais \u2013 PPGSSDS\u00a0<\/strong>(Mestrado)<strong><br \/>\nAno de Cria\u00e7\u00e3o\u00a0<\/strong>(2013)<strong>, Avalia\u00e7\u00e3o Quadrienal 2021-2024 <\/strong>(Conceito 4)<strong><br \/>\n<\/strong><strong>Email:<\/strong>\u00a0servicosocialmestrado@gmail.com<br \/>\nClique\u00a0<a href=\"https:\/\/sigaa.uern.br\/sigaa\/public\/programa\/portal.jsf?lc=pt_BR&amp;id=1044\" target=\"_blank\" rel=\"noopener\">aqui<\/a> e acesse a p\u00e1gina do PPGSSDS<\/p>\n<p><strong>Programa de P\u00f3s-Gradua\u00e7\u00e3o em Ci\u00eancias da Linguagem \u2013 PPCL <\/strong>(Mestrado)<br \/>\n<strong>Ano de Cria\u00e7\u00e3o <\/strong>(2016)<strong>, Avalia\u00e7\u00e3o Quadrienal 2021-2024 <\/strong>(Conceito 4)<br \/>\n<strong>Email:<\/strong>\u00a0ppcl@mestrado.uern.br\u00a0 ppcl.uern@gmail.com<br \/>\nClique\u00a0<a href=\"https:\/\/sigaa.uern.br\/sigaa\/public\/programa\/portal.jsf?lc=pt_BR&amp;id=1053\" target=\"_blank\" rel=\"noopener\">aqui<\/a> e acesse a p\u00e1gina do PPCL<\/p>\n<p><strong>Programa de P\u00f3s-Gradua\u00e7\u00e3o em Geografia \u2013 PPGEO<\/strong> (Mestrado\/Doutorado)<strong><br \/>\nAno de Cria\u00e7\u00e3o<\/strong> (2016)<strong>, Avalia\u00e7\u00e3o Quadrienal 2021-2024 <\/strong>(Conceito 4)<strong><br \/>\nEmail:<\/strong>geografia@mestrado.uern.br ppgeouern@gmail.com<strong><br \/>\n<\/strong>Clique\u00a0<a href=\"https:\/\/sigaa.uern.br\/sigaa\/public\/programa\/portal.jsf?lc=pt_BR&amp;id=1056\" target=\"_blank\" rel=\"noopener\">aqui<\/a> e acesse a p\u00e1gina do PPGEO<strong><br \/>\n<\/strong><\/p>\n<p><strong>Programa de P\u00f3s-Gradua\u00e7\u00e3o em Ensino \u2013 POSENSINO <\/strong>(Mestrado\/Doutorado)<br \/>\n<strong>Ano de Cria\u00e7\u00e3o <\/strong>(2016)<strong>, Avalia\u00e7\u00e3o Quadrienal 2021-2024 <\/strong>(Conceito 5)<br \/>\n<strong>Email:<\/strong>\u00a0posensino@mestrado.uern.br<br \/>\nClique\u00a0<a href=\"https:\/\/sigaa.uern.br\/sigaa\/public\/programa\/portal.jsf?lc=pt_BR&amp;id=1049\" target=\"_blank\" rel=\"noopener\">aqui<\/a> e acesse a p\u00e1gina do POSENSINO<\/p>\n<p><strong>Programa de P\u00f3s-Gradua\u00e7\u00e3o em Economia \u2013 PPE <\/strong>(Mestrado)<br \/>\n<strong>Ano de Cria\u00e7\u00e3o <\/strong>(2016)<strong>, Avalia\u00e7\u00e3o Quadrienal 2021-2024 <\/strong>(Conceito 3)<br \/>\n<strong>Email:<\/strong>\u00a0ppe@mestrado.uern.br\u00a0 ppeuern@gmail.com<br \/>\nClique\u00a0<a href=\"https:\/\/sigaa.uern.br\/sigaa\/public\/programa\/portal.jsf?lc=pt_BR&amp;id=1055\" target=\"_blank\" rel=\"noopener\">aqui<\/a> e acesse a p\u00e1gina do PPE<\/p>\n<p><strong>Programa de P\u00f3s-Gradua\u00e7\u00e3o Multic\u00eantrico em Bioqu\u00edmica e Biologia Molecular \u2013 PMBqBM <\/strong>(Mestrado\/Doutorado)<br \/>\n<strong>Ano de Cria\u00e7\u00e3o <\/strong>(2014)<strong>, Avalia\u00e7\u00e3o Quadrienal 2021-2024 <\/strong>(Conceito 5)<br \/>\n<strong>Email:<\/strong>\u00a0pmbqbm.uern@gmail.com<br \/>\nClique\u00a0<a href=\"https:\/\/sigaa.uern.br\/sigaa\/public\/programa\/portal.jsf?lc=pt_BR&amp;id=1059\" target=\"_blank\" rel=\"noopener\">aqui<\/a> e acesse a p\u00e1gina do PMBqBM<\/p>\n<p><strong>Programa de P\u00f3s-Gradua\u00e7\u00e3o Multic\u00eantrico em Ci\u00eancias Fisiol\u00f3gicas \u2013 PPGMCF <\/strong>(Mestrado\/Doutorado)<br \/>\n<strong>Ano de Cria\u00e7\u00e3o <\/strong>(2020)<strong>, Avalia\u00e7\u00e3o Quadrienal 2021-2024 <\/strong>(Conceito 5)<br \/>\n<strong>Email:<\/strong>\u00a0pmpgcf@uern.br<br \/>\nClique\u00a0<a href=\"https:\/\/sigaa.uern.br\/sigaa\/public\/programa\/portal.jsf?lc=pt_BR&amp;id=1060\" target=\"_blank\" rel=\"noopener\">aqui\u00a0<\/a>e acesse a p\u00e1gina do PPGMCF<\/p>\n<p>&nbsp;<\/p>\n<hr \/>\n<h3>Campus Pau dos Ferros<\/h3>\n<p><strong>Programa de P\u00f3s-Gradua\u00e7\u00e3o em Letras \u2013 PPGL <\/strong>(Mestrado\/Doutorado)<br \/>\n<strong>Ano de Cria\u00e7\u00e3o <\/strong>(2008)<strong>, Avalia\u00e7\u00e3o Quadrienal 2021-2024 <\/strong>(Conceito 5)<br \/>\n<strong>Email:<\/strong>\u00a0letras.pferros@mestrado.uern.br mestrado.letras.pferros@gmai.com<br \/>\nClique\u00a0<a href=\"https:\/\/sigaa.uern.br\/sigaa\/public\/programa\/portal.jsf?lc=pt_BR&amp;id=1047\" target=\"_blank\" rel=\"noopener\">aqui<\/a> e acesse a p\u00e1gina do PPGL<\/p>\n<p><strong>Programa de P\u00f3s-Gradua\u00e7\u00e3o em Ensino \u2013 PPGE<\/strong> (Mestrado)<br \/>\n<strong>Ano de Cria\u00e7\u00e3o <\/strong>(2014)<strong>, Avalia\u00e7\u00e3o Quadrienal 2021-2024 <\/strong>(Conceito 4)<br \/>\n<strong>Email:<\/strong>\u00a0ppge.pferros@uern.br<br \/>\nClique\u00a0<a href=\"https:\/\/sigaa.uern.br\/sigaa\/public\/programa\/portal.jsf?lc=pt_BR&amp;id=1062\" target=\"_blank\" rel=\"noopener\">aqui<\/a> e acesse a p\u00e1gina do PPGE<\/p>\n<p><strong>Programa de P\u00f3s-Gradua\u00e7\u00e3o em Planejamento e Din\u00e2micas Territoriais no Semi\u00e1rido \u2013 PLANDITES <\/strong>(Mestrado\/Doutorado)<br \/>\n<strong>Ano de Cria\u00e7\u00e3o <\/strong>(2015)<strong>, Avalia\u00e7\u00e3o Quadrienal 2021-2024 <\/strong>(Conceito 4)<br \/>\n<strong>Email:<\/strong>\u00a0plandites@mestrado.uern.br<br \/>\nClique\u00a0<a href=\"https:\/\/sigaa.uern.br\/sigaa\/public\/programa\/portal.jsf?lc=pt_BR&amp;id=1048\" target=\"_blank\" rel=\"noopener\">aqui<\/a> e acesse a p\u00e1gina do PLANDITES<\/p>\n","protected":false},"excerpt":{"rendered":"<p>Campus Mossor\u00f3\u00a0 Programa de P\u00f3s-Gradua\u00e7\u00e3o em F\u00edsica \u2013 PPGF (Mestrado\/Doutorado) Ano de Cria\u00e7\u00e3o\u00a0(2008),\u00a0Avalia\u00e7\u00e3o Quadrienal 2021-2024\u00a0(Conceito 4) Email:\u00a0ppg.fisica@uern.br Clique\u00a0aqui e acesse a p\u00e1gina do PPGFF Programa de P\u00f3s-Gradua\u00e7\u00e3o em Ci\u00eancia da Computa\u00e7\u00e3o \u2013 PPGCC\u00a0(Mestrado) Ano de Cria\u00e7\u00e3o\u00a0(2008),\u00a0Avalia\u00e7\u00e3o Quadrienal 2021-2024\u00a0(Conceito 3) Email:\u00a0ppgcc@uern.br Clique\u00a0aqui e acesse a p\u00e1gina do PPGCC Programa de P\u00f3s-Gradua\u00e7\u00e3o em Sa\u00fade e Sociedade \u2013 [&hellip;]<\/p>\n","protected":false},"author":2,"featured_media":0,"parent":0,"menu_order":0,"comment_status":"closed","ping_status":"closed","template":"","meta":{"footnotes":""},"class_list":["post-993","page","type-page","status-publish","hentry"],"_links":{"self":[{"href":"https:\/\/portal.uern.br\/propeg\/wp-json\/wp\/v2\/pages\/993","targetHints":{"allow":["GET"]}}],"collection":[{"href":"https:\/\/portal.uern.br\/propeg\/wp-json\/wp\/v2\/pages"}],"about":[{"href":"https:\/\/portal.uern.br\/propeg\/wp-json\/wp\/v2\/types\/page"}],"author":[{"embeddable":true,"href":"https:\/\/portal.uern.br\/propeg\/wp-json\/wp\/v2\/users\/2"}],"replies":[{"embeddable":true,"href":"https:\/\/portal.uern.br\/propeg\/wp-json\/wp\/v2\/comments?post=993"}],"version-history":[{"count":27,"href":"https:\/\/portal.uern.br\/propeg\/wp-json\/wp\/v2\/pages\/993\/revisions"}],"predecessor-version":[{"id":4468,"href":"https:\/\/portal.uern.br\/propeg\/wp-json\/wp\/v2\/pages\/993\/revisions\/4468"}],"wp:attachment":[{"href":"https:\/\/portal.uern.br\/propeg\/wp-json\/wp\/v2\/media?parent=993"}],"curies":[{"name":"wp","href":"https:\/\/api.w.org\/{rel}","templated":true}]}}