{"id":766,"date":"2022-12-13T12:03:20","date_gmt":"2022-12-13T15:03:20","guid":{"rendered":"http:\/\/beta.apps.uern.br\/wordpress\/propeg\/?page_id=766"},"modified":"2023-10-10T08:16:39","modified_gmt":"2023-10-10T11:16:39","slug":"pos-graduacao-apresentacao","status":"publish","type":"page","link":"https:\/\/portal.uern.br\/propeg\/pos-graduacao-apresentacao\/","title":{"rendered":"Apresenta\u00e7\u00e3o"},"content":{"rendered":"<p>O Plano de Desenvolvimento Institucional de P\u00f3s-gradua\u00e7\u00e3o \u00e9 gerenciado pela Diretoria de P\u00f3s-Gradua\u00e7\u00e3o (DPG), que tem como miss\u00e3o acompanhar todo o planejamento e o funcionamento das pol\u00edticas de P\u00f3s-gradua\u00e7\u00e3o no \u00e2mbito da UERN, incentivando a expans\u00e3o sustent\u00e1vel de programas e cursos nas diversas \u00e1reas do conhecimento.<\/p>\n<p>Entre as principais atribui\u00e7\u00f5es da DPG est\u00e3o: acompanhar e orientar a constru\u00e7\u00e3o de novas propostas de cursos <em>stricto\u00a0<\/em>e\u00a0<em>lato sensu<\/em>, assessorar o Pr\u00f3-reitor de Pesquisa e P\u00f3s-gradua\u00e7\u00e3o quanto aos planos estrat\u00e9gicos de amplia\u00e7\u00e3o e otimiza\u00e7\u00e3o da p\u00f3s-gradua\u00e7\u00e3o, atualizar a base normativa para funcionamento dos cursos, considerando as necessidades emergentes do meio acad\u00eamico e da sociedade em geral, al\u00e9m da emiss\u00e3o de diplomas de cursos\u00a0<em>stricto<\/em>\u00a0<em>sensu\u00a0<\/em>e de certificados de cursos\u00a0<em>lato sensu<\/em>\u00a0ofertados pela UERN e reconhecimento de diplomas de p\u00f3s-gradua\u00e7\u00e3o obtidos no exterior.<\/p>\n<p>Com o intuito de garantir transpar\u00eancia e corresponsabilidade, contamos com o acompanhamento efetivo do Comit\u00ea Permanente de P\u00f3s-Gradua\u00e7\u00e3o\u00a0<em>Lato Sensu<\/em>\u00a0&#8211; CPPGLS e do Comit\u00ea Permanente de P\u00f3s-Gradua\u00e7\u00e3o\u00a0<em>Stricto Sensu<\/em> &#8211; CPPGSS, os quais auxiliam a DPG na discuss\u00e3o e aprova\u00e7\u00e3o das suas propostas de a\u00e7\u00f5es e pol\u00edticas em prol da expans\u00e3o e moderniza\u00e7\u00e3o da p\u00f3s-gradua\u00e7\u00e3o em nossa institui\u00e7\u00e3o.<\/p>\n<p>Conhe\u00e7a o <a href=\"https:\/\/portal.uern.br\/propeg\/wp-content\/uploads\/2022\/12\/plano_institucional_de_desenvolvimento_pos_graduacao.pdf\">Plano de Desenvolvimento Institucional<\/a> da P\u00f3s-Gradua\u00e7\u00e3o da UERN.<\/p>\n","protected":false},"excerpt":{"rendered":"<p>O Plano de Desenvolvimento Institucional de P\u00f3s-gradua\u00e7\u00e3o \u00e9 gerenciado pela Diretoria de P\u00f3s-Gradua\u00e7\u00e3o (DPG), que tem como miss\u00e3o acompanhar todo o planejamento e o funcionamento das pol\u00edticas de P\u00f3s-gradua\u00e7\u00e3o no \u00e2mbito da UERN, incentivando a expans\u00e3o sustent\u00e1vel de programas e cursos nas diversas \u00e1reas do conhecimento. Entre as principais atribui\u00e7\u00f5es da DPG est\u00e3o: acompanhar e [&hellip;]<\/p>\n","protected":false},"author":2,"featured_media":0,"parent":0,"menu_order":0,"comment_status":"closed","ping_status":"closed","template":"","meta":{"footnotes":""},"class_list":["post-766","page","type-page","status-publish","hentry"],"_links":{"self":[{"href":"https:\/\/portal.uern.br\/propeg\/wp-json\/wp\/v2\/pages\/766","targetHints":{"allow":["GET"]}}],"collection":[{"href":"https:\/\/portal.uern.br\/propeg\/wp-json\/wp\/v2\/pages"}],"about":[{"href":"https:\/\/portal.uern.br\/propeg\/wp-json\/wp\/v2\/types\/page"}],"author":[{"embeddable":true,"href":"https:\/\/portal.uern.br\/propeg\/wp-json\/wp\/v2\/users\/2"}],"replies":[{"embeddable":true,"href":"https:\/\/portal.uern.br\/propeg\/wp-json\/wp\/v2\/comments?post=766"}],"version-history":[{"count":9,"href":"https:\/\/portal.uern.br\/propeg\/wp-json\/wp\/v2\/pages\/766\/revisions"}],"predecessor-version":[{"id":2440,"href":"https:\/\/portal.uern.br\/propeg\/wp-json\/wp\/v2\/pages\/766\/revisions\/2440"}],"wp:attachment":[{"href":"https:\/\/portal.uern.br\/propeg\/wp-json\/wp\/v2\/media?parent=766"}],"curies":[{"name":"wp","href":"https:\/\/api.w.org\/{rel}","templated":true}]}}