{"id":722,"date":"2022-11-29T09:05:57","date_gmt":"2022-11-29T12:05:57","guid":{"rendered":"http:\/\/beta.apps.uern.br\/wordpress\/propeg\/?page_id=722"},"modified":"2024-04-18T12:44:07","modified_gmt":"2024-04-18T15:44:07","slug":"negocios-e-projetos","status":"publish","type":"page","link":"https:\/\/portal.uern.br\/propeg\/negocios-e-projetos\/","title":{"rendered":"Neg\u00f3cios e Projetos"},"content":{"rendered":"<p class=\"_04xlpA direction-ltr align-justify para-style-title\"><span class=\"S1PPyQ\">O <em>Setor de Neg\u00f3cios e Projetos<\/em> da Ag\u00eancia UERN Inova \u00e9 respons\u00e1vel por facilitar a transfer\u00eancia de tecnologia e inova\u00e7\u00e3o do ambiente acad\u00eamico para o setor produtivo. Este setor atua como uma ponte entre a universidade e a ind\u00fastria, buscando criar parcerias estrat\u00e9gicas e desenvolver projetos conjuntos que possam ser comercializados.\u00a0<\/span><\/p>\n<p>\u00a0 \u00a0 \u00a0 \u00a0 \u00a0 \u00a0Suas fun\u00e7\u00f5es principais incluem:<\/p>\n<ol>\n<li><strong>Identifica\u00e7\u00e3o de Oportunidades<\/strong>: Analisar as pesquisas e desenvolvimentos realizados na universidade para identificar aqueles com potencial comercial ou aplicabilidade no mercado.<\/li>\n<li><strong>Prote\u00e7\u00e3o de Propriedade Intelectual<\/strong>: Garantir que as inova\u00e7\u00f5es e cria\u00e7\u00f5es intelectuais sejam devidamente protegidas, por meio de patentes, direitos autorais e outras formas de propriedade intelectual.<\/li>\n<li><strong>Licenciamento e Comercializa\u00e7\u00e3o<\/strong>: Trabalhar para licenciar tecnologias desenvolvidas na universidade para empresas existentes ou startups, facilitando assim a comercializa\u00e7\u00e3o de novos produtos e servi\u00e7os.<\/li>\n<li><strong>Desenvolvimento de Projetos<\/strong>: Coordenar e gerenciar projetos de pesquisa aplicada em colabora\u00e7\u00e3o com parceiros industriais, governamentais e outros, visando o desenvolvimento tecnol\u00f3gico e inova\u00e7\u00e3o.<\/li>\n<li><strong>Capta\u00e7\u00e3o de Recursos<\/strong>: Buscar financiamento para projetos atrav\u00e9s de programas de fomento, parcerias com o setor privado e outras fontes de investimento.<\/li>\n<li><strong>Apoio ao Empreendedorismo<\/strong>: Fomentar o empreendedorismo entre alunos e pesquisadores, oferecendo suporte para a cria\u00e7\u00e3o de novas empresas baseadas em tecnologias desenvolvidas na universidade.<\/li>\n<\/ol>\n<p>&nbsp;<\/p>\n<p>O setor de <em>Neg\u00f3cios e Projetos<\/em> \u00e9 essencial para maximizar o impacto das pesquisas acad\u00eamicas, transformando conhecimento em inova\u00e7\u00f5es pr\u00e1ticas que beneficiem a sociedade como um todo.<\/p>\n","protected":false},"excerpt":{"rendered":"<p>O Setor de Neg\u00f3cios e Projetos da Ag\u00eancia UERN Inova \u00e9 respons\u00e1vel por facilitar a transfer\u00eancia de tecnologia e inova\u00e7\u00e3o do ambiente acad\u00eamico para o setor produtivo. Este setor atua como uma ponte entre a universidade e a ind\u00fastria, buscando criar parcerias estrat\u00e9gicas e desenvolver projetos conjuntos que possam ser comercializados.\u00a0 \u00a0 \u00a0 \u00a0 \u00a0 [&hellip;]<\/p>\n","protected":false},"author":2,"featured_media":0,"parent":0,"menu_order":0,"comment_status":"closed","ping_status":"closed","template":"","meta":{"footnotes":""},"class_list":["post-722","page","type-page","status-publish","hentry"],"_links":{"self":[{"href":"https:\/\/portal.uern.br\/propeg\/wp-json\/wp\/v2\/pages\/722","targetHints":{"allow":["GET"]}}],"collection":[{"href":"https:\/\/portal.uern.br\/propeg\/wp-json\/wp\/v2\/pages"}],"about":[{"href":"https:\/\/portal.uern.br\/propeg\/wp-json\/wp\/v2\/types\/page"}],"author":[{"embeddable":true,"href":"https:\/\/portal.uern.br\/propeg\/wp-json\/wp\/v2\/users\/2"}],"replies":[{"embeddable":true,"href":"https:\/\/portal.uern.br\/propeg\/wp-json\/wp\/v2\/comments?post=722"}],"version-history":[{"count":7,"href":"https:\/\/portal.uern.br\/propeg\/wp-json\/wp\/v2\/pages\/722\/revisions"}],"predecessor-version":[{"id":2824,"href":"https:\/\/portal.uern.br\/propeg\/wp-json\/wp\/v2\/pages\/722\/revisions\/2824"}],"wp:attachment":[{"href":"https:\/\/portal.uern.br\/propeg\/wp-json\/wp\/v2\/media?parent=722"}],"curies":[{"name":"wp","href":"https:\/\/api.w.org\/{rel}","templated":true}]}}