{"id":718,"date":"2022-11-29T08:45:09","date_gmt":"2022-11-29T11:45:09","guid":{"rendered":"http:\/\/beta.apps.uern.br\/wordpress\/propeg\/?page_id=718"},"modified":"2025-02-06T09:58:21","modified_gmt":"2025-02-06T12:58:21","slug":"agencia-uern-inova","status":"publish","type":"page","link":"https:\/\/portal.uern.br\/propeg\/agencia-uern-inova\/","title":{"rendered":"Ag\u00eancia UERN Inova"},"content":{"rendered":"<p><img fetchpriority=\"high\" decoding=\"async\" class=\"alignnone wp-image-719 size-full\" src=\"http:\/\/beta.apps.uern.br\/wordpress\/propeg\/wp-content\/uploads\/2022\/11\/LOGO-AGENCIA-UERN-INOVA-1.jpg\" alt=\"\" width=\"1000\" height=\"449\" srcset=\"https:\/\/portal.uern.br\/propeg\/wp-content\/uploads\/2022\/11\/LOGO-AGENCIA-UERN-INOVA-1.jpg 1000w, https:\/\/portal.uern.br\/propeg\/wp-content\/uploads\/2022\/11\/LOGO-AGENCIA-UERN-INOVA-1-300x135.jpg 300w, https:\/\/portal.uern.br\/propeg\/wp-content\/uploads\/2022\/11\/LOGO-AGENCIA-UERN-INOVA-1-768x345.jpg 768w\" sizes=\"(max-width: 1000px) 100vw, 1000px\" \/><\/p>\n<p>&nbsp;<\/p>\n<h3><strong>1) O que \u00e9 a Ag\u00eancia UERN Inova?<\/strong><\/h3>\n<p style=\"text-align: left\">\u00c9 uma diretoria da Pr\u00f3-reitoria de Pesquisa e P\u00f3s-gradua\u00e7\u00e3o respons\u00e1vel por aproximar a UERN da comunidade externa no que tange \u00e0 discuss\u00e3o e \u00e0 implementa\u00e7\u00e3o de a\u00e7\u00f5es que envolvam conhecimento cient\u00edfico, cultural, tecnol\u00f3gico, inovador e empreendedor. Al\u00e9m disso, a Ag\u00eancia UERN Inova, que \u00e9 o <em><strong>NIT<\/strong><\/em> da UERN, \u00e9 respons\u00e1vel pela gest\u00e3o da pol\u00edtica de inova\u00e7\u00e3o da UERN, a fim de difundir e orientar a comunidade acad\u00eamica sobre as formas legais de prote\u00e7\u00e3o do conhecimento gerado na universidade visando o desenvolvimento socioecon\u00f4mico regional e nacional.<\/p>\n<p>A UERN Inova analisa a viabilidade das inven\u00e7\u00f5es dos nossos pesquisadores e protege o patrim\u00f4nio intelectual da Universidade, negociando parcerias entre o setor p\u00fablico, privado e terceiro setor, a fim de desenvolver e transferir as tecnologias da UERN para os setores produtivos. Atualmente, est\u00e1 dividida em\u00a0 3 (tr\u00eas) setores, que s\u00e3o: o setor de Propriedade Intelectual, o setor de Empreendedorismo e o setor de Neg\u00f3cios e Projetos.<\/p>\n<h3><strong>2) Quais as atribui\u00e7\u00f5es gerais da Ag\u00eancia UERN Inova?<\/strong><\/h3>\n<ul>\n<li>Contribuir para o desenvolvimento da ci\u00eancia e tecnologia, tendo a inova\u00e7\u00e3o e o empreendedorismo como seus objetivos principais;<\/li>\n<li>Elaborar e zelar pela pol\u00edtica institucional de est\u00edmulo \u00e0 prote\u00e7\u00e3o das cria\u00e7\u00f5es, conhecimento t\u00e9cnico, licenciamento, inova\u00e7\u00e3o e outras formas de transfer\u00eancia de tecnologia;<\/li>\n<li>Coordenar as a\u00e7\u00f5es voltadas \u00e0 prote\u00e7\u00e3o dos direitos de propriedade intelectual, bem como as atividades desenvolvidas pelas incubadoras no \u00e2mbito da UERN;<\/li>\n<li>Monitorar e avaliar o funcionamento das incubadoras em opera\u00e7\u00e3o no \u00e2mbito da UERN;<\/li>\n<li>Mapear, promover e implementar parcerias com institui\u00e7\u00f5es p\u00fablicas e privadas para elabora\u00e7\u00e3o de projetos estrat\u00e9gicos de inova\u00e7\u00e3o e empreendedorismo;<\/li>\n<li>Sistematizar as informa\u00e7\u00f5es sobre oportunidades de intera\u00e7\u00e3o interna e externa em programas de inova\u00e7\u00e3o, empreendedorismo e transfer\u00eancia de tecnologia;<\/li>\n<li>Opinar pela conveni\u00eancia de divulga\u00e7\u00e3o das cria\u00e7\u00f5es desenvolvidas na UERN, pass\u00edveis de prote\u00e7\u00e3o intelectual;<\/li>\n<li>Apoiar a cria\u00e7\u00e3o de parques tecnol\u00f3gicos, incubadoras de base tecnol\u00f3gica, empresas, cooperativas e outras formas organizacionais, objetivando a pesquisa e o desenvolvimento;<\/li>\n<li>Estimular cria\u00e7\u00f5es inovadoras no ambiente acad\u00eamico, como as atividades desenvolvidas pelas Incubadoras e Empresas Juniores, acompanhando e apoiando suas iniciativas;<\/li>\n<li>Apoiar estudantes da UERN no processo de cria\u00e7\u00e3o de Empresas Juniores e participar da coordena\u00e7\u00e3o da Central de Empresas Juniores;<\/li>\n<li>Promover a coopera\u00e7\u00e3o regional, nacional e internacional para a promo\u00e7\u00e3o da inova\u00e7\u00e3o e do empreendedorismo;<\/li>\n<li>Apoiar atividades de ensino, pesquisa e extens\u00e3o com potencial inovador.<\/li>\n<\/ul>\n<p>&nbsp;<\/p>\n<h3><strong>3) Onde se situa a Ag\u00eancia UERN Inova na estrutura administrativa da UERN?<\/strong><\/h3>\n<p>A Ag\u00eancia UERN Inova est\u00e1 vinculada \u00e0 Pr\u00f3-reitoria de Pesquisa e P\u00f3s-Gradua\u00e7\u00e3o (PROPEG) da UERN.<\/p>\n<p>&nbsp;<\/p>\n<h3><strong>4) Quem faz parte da equipe da\u00a0Ag\u00eancia UERN Inova e como entrar em contato?<\/strong><\/h3>\n<p>Diretora da Ag\u00eancia UERN Inova<br \/>\n<strong><em>TNM. Ma. Priscilla Felipe de Sousa<\/em><\/strong><br \/>\nE-mail: inova.propeg@uern.br \/ priscillafelipe@uern.br<\/p>\n<p>Secret\u00e1ria da Ag\u00eancia UERN Inova<br \/>\n<em><strong>TNM. Esp. Nayara Ticianny Meneses de Oliveira<\/strong><\/em><br \/>\nE-mail: inova.propeg@uern.br \/ nayarameneses@uern.br<\/p>\n<p>Chefe do Setor de Propriedade Intelectual<br \/>\n<em><strong>TNS. Ma. Edigleyce de Lima Costa<\/strong><\/em><br \/>\nE-mail: pi.inova@uern.br \/ edigleycecosta@uern.br<\/p>\n<p>Chefe do Setor de Empreendedorismo<br \/>\n<em><strong>Profa. Jacinta de F\u00e1tima Martins Malala\u00a0<\/strong><\/em><br \/>\nE-mail: empreendedorismo.inova@uern.br \/ jacintamalala@uern.br<\/p>\n<p>Chefe do Setor de Empreendedorismo<br \/>\n<em><strong>Prof. Dr. Rafael Demetrius Rodrigues de Sousa<\/strong><\/em><br \/>\nEmail: nep.inova@uern.br<\/p>\n<p>&nbsp;<\/p>\n<h3><strong>Nossa Miss\u00e3o<\/strong><\/h3>\n<p><span class=\"S1PPyQ\">Fomentar a aplica\u00e7\u00e3o do patrim\u00f4nio intelectual, cient\u00edfico e tecnol\u00f3gico desenvolvido na UERN em benef\u00edcio do progresso socioecon\u00f4mico do Estado do Rio Grande do Norte.<\/span><\/p>\n<h3><strong>Nossa Vis\u00e3o<\/strong><\/h3>\n<p><span class=\"S1PPyQ\">Tornar<\/span> <span class=\"S1PPyQ\">o empreendedorismo e a inova\u00e7\u00e3o a base de sustenta\u00e7\u00e3o de nossa Universidade, sendo reconhecida perante a sociedade, pelas solu\u00e7\u00f5es inovadores e parcerias s\u00f3lidas entre a UERN e o setor produtivo.<\/span><\/p>\n<h3><strong>Nossos Valores<\/strong><\/h3>\n<p class=\"_04xlpA direction-ltr align-justify para-style-title\"><span class=\"S1PPyQ\"><strong>I<\/strong>nova\u00e7\u00e3o acima de tudo;<\/span><\/p>\n<p class=\"_04xlpA direction-ltr align-justify para-style-title\"><strong><span class=\"S1PPyQ\">N<\/span><\/strong><span class=\"S1PPyQ\">egocia\u00e7\u00e3o \u00e9 o nosso forte;<\/span><\/p>\n<p class=\"_04xlpA direction-ltr align-justify para-style-title\"><strong><span class=\"S1PPyQ\">O<\/span><\/strong><span class=\"S1PPyQ\">bedi\u00eancia \u00e0s normas;<\/span><\/p>\n<p class=\"_04xlpA direction-ltr align-justify para-style-title\"><strong><span class=\"S1PPyQ\">V<\/span><\/strong><span class=\"S1PPyQ\">erdade e transpar\u00eancia;<\/span><\/p>\n<p class=\"_04xlpA direction-ltr align-justify para-style-title\"><strong><span class=\"S1PPyQ\">A<\/span><\/strong><span class=\"S1PPyQ\">gilidade nos processos e solu\u00e7\u00f5es<\/span><span class=\"S1PPyQ\">.<\/span><\/p>\n","protected":false},"excerpt":{"rendered":"<p>&nbsp; 1) O que \u00e9 a Ag\u00eancia UERN Inova? \u00c9 uma diretoria da Pr\u00f3-reitoria de Pesquisa e P\u00f3s-gradua\u00e7\u00e3o respons\u00e1vel por aproximar a UERN da comunidade externa no que tange \u00e0 discuss\u00e3o e \u00e0 implementa\u00e7\u00e3o de a\u00e7\u00f5es que envolvam conhecimento cient\u00edfico, cultural, tecnol\u00f3gico, inovador e empreendedor. Al\u00e9m disso, a Ag\u00eancia UERN Inova, que \u00e9 o NIT [&hellip;]<\/p>\n","protected":false},"author":2,"featured_media":0,"parent":0,"menu_order":0,"comment_status":"closed","ping_status":"closed","template":"","meta":{"footnotes":""},"class_list":["post-718","page","type-page","status-publish","hentry"],"_links":{"self":[{"href":"https:\/\/portal.uern.br\/propeg\/wp-json\/wp\/v2\/pages\/718","targetHints":{"allow":["GET"]}}],"collection":[{"href":"https:\/\/portal.uern.br\/propeg\/wp-json\/wp\/v2\/pages"}],"about":[{"href":"https:\/\/portal.uern.br\/propeg\/wp-json\/wp\/v2\/types\/page"}],"author":[{"embeddable":true,"href":"https:\/\/portal.uern.br\/propeg\/wp-json\/wp\/v2\/users\/2"}],"replies":[{"embeddable":true,"href":"https:\/\/portal.uern.br\/propeg\/wp-json\/wp\/v2\/comments?post=718"}],"version-history":[{"count":22,"href":"https:\/\/portal.uern.br\/propeg\/wp-json\/wp\/v2\/pages\/718\/revisions"}],"predecessor-version":[{"id":3697,"href":"https:\/\/portal.uern.br\/propeg\/wp-json\/wp\/v2\/pages\/718\/revisions\/3697"}],"wp:attachment":[{"href":"https:\/\/portal.uern.br\/propeg\/wp-json\/wp\/v2\/media?parent=718"}],"curies":[{"name":"wp","href":"https:\/\/api.w.org\/{rel}","templated":true}]}}