{"id":505,"date":"2022-09-08T09:01:41","date_gmt":"2022-09-08T12:01:41","guid":{"rendered":"https:\/\/paisdemossoro.com.br\/wordpress\/propeg\/?page_id=505"},"modified":"2022-09-08T09:01:54","modified_gmt":"2022-09-08T12:01:54","slug":"formularios-pos-graduacao","status":"publish","type":"page","link":"https:\/\/portal.uern.br\/propeg\/formularios-pos-graduacao\/","title":{"rendered":"P\u00f3s-gradua\u00e7\u00e3o"},"content":{"rendered":"","protected":false},"excerpt":{"rendered":"","protected":false},"author":1,"featured_media":0,"parent":0,"menu_order":0,"comment_status":"closed","ping_status":"closed","template":"","meta":{"footnotes":""},"class_list":["post-505","page","type-page","status-publish","hentry"],"_links":{"self":[{"href":"https:\/\/portal.uern.br\/propeg\/wp-json\/wp\/v2\/pages\/505","targetHints":{"allow":["GET"]}}],"collection":[{"href":"https:\/\/portal.uern.br\/propeg\/wp-json\/wp\/v2\/pages"}],"about":[{"href":"https:\/\/portal.uern.br\/propeg\/wp-json\/wp\/v2\/types\/page"}],"author":[{"embeddable":true,"href":"https:\/\/portal.uern.br\/propeg\/wp-json\/wp\/v2\/users\/1"}],"replies":[{"embeddable":true,"href":"https:\/\/portal.uern.br\/propeg\/wp-json\/wp\/v2\/comments?post=505"}],"version-history":[{"count":1,"href":"https:\/\/portal.uern.br\/propeg\/wp-json\/wp\/v2\/pages\/505\/revisions"}],"predecessor-version":[{"id":506,"href":"https:\/\/portal.uern.br\/propeg\/wp-json\/wp\/v2\/pages\/505\/revisions\/506"}],"wp:attachment":[{"href":"https:\/\/portal.uern.br\/propeg\/wp-json\/wp\/v2\/media?parent=505"}],"curies":[{"name":"wp","href":"https:\/\/api.w.org\/{rel}","templated":true}]}}