{"id":495,"date":"2022-09-08T08:59:09","date_gmt":"2022-09-08T11:59:09","guid":{"rendered":"https:\/\/paisdemossoro.com.br\/wordpress\/propeg\/?page_id=495"},"modified":"2026-01-29T11:19:40","modified_gmt":"2026-01-29T14:19:40","slug":"legislacao-fomento","status":"publish","type":"page","link":"https:\/\/portal.uern.br\/propeg\/legislacao-fomento\/","title":{"rendered":"Fomento"},"content":{"rendered":"<h3><strong>Legisla\u00e7\u00e3o Interna<\/strong><\/h3>\n<p><a href=\"https:\/\/portal.uern.br\/propeg\/wp-content\/uploads\/2024\/07\/10.-MANUAL-DE-PROCEDIMENTOS-PROPEG-v2.3-Jul2024.pdf\">Manual de Procedimentos PROPEG<\/a> &#8211; Vers\u00e3o 2.3 (Jul.\/2024)<br \/>\n<a href=\"https:\/\/portal.uern.br\/propeg\/wp-content\/uploads\/2023\/03\/Decreto-29.444-2020-Diarias.pdf\">Decreto Estadual n\u00ba 24.944\/2020<\/a> &#8211; Disp\u00f5e sobre a concess\u00e3o de di\u00e1rias no \u00e2mbito do Estado do RN<br \/>\n<a href=\"https:\/\/portal.uern.br\/propeg\/wp-content\/uploads\/2023\/06\/DECRETO-no-32.688-2023_Altera_o_Decreto_n._29.444.pdf\">Decreto Estadual n\u00ba 32.688\/2023<\/a> &#8211; Altera o Decreto n\u00ba 24.944\/2020 que disp\u00f5e sobre a concess\u00e3o de di\u00e1rias no \u00e2mbito do Estado do RN<br \/>\n<a href=\"https:\/\/portal.uern.br\/propeg\/wp-content\/uploads\/2023\/06\/Portaria-de-Diarias-1454.2023.pdf\">Portaria n\u00ba 1454\/2023-GP\/FUERN<\/a> &#8211; Estabelece os novos valores de di\u00e1rias aos servidores da FUERN<br \/>\n<a href=\"https:\/\/portal.uern.br\/propeg\/wp-content\/uploads\/2023\/03\/47244476manual_de_compras.pdf\">Manual de Compras UERN<\/a> &#8211; PROAD\/Licita\u00e7\u00f5es e Contratos<br \/>\n<a href=\"https:\/\/portal.uern.br\/propeg\/wp-content\/uploads\/2023\/03\/Memorando-Circular-01.2019-DECONV-Contratos-apos-a-assinatura-do-termo-de-convenio.pdf\">Memorando Circular n\u00ba 001\/2019<\/a> &#8211; DECONV\/PROPLAN &#8211; Trata dos contratos referentes \u00e0 execu\u00e7\u00e3o de conv\u00eanios<br \/>\n<a href=\"https:\/\/portal.uern.br\/propeg\/wp-content\/uploads\/2023\/03\/Memorando-Circular-001-2018-Atestador-de-despesa-Folha-de-Pagamento.pdf\">Memorando Circular n\u00ba 001\/2018<\/a> &#8211; SFP\/PROGEP &#8211; Trata da assinatura do atestador de despesas<br \/>\n<a href=\"https:\/\/portal.uern.br\/propeg\/wp-content\/uploads\/2023\/03\/Memorando-Circular-0012017-Assinatura-Escaneada.pdf\">Memorando Circular Conjunto n\u00ba 001\/2017<\/a>-PROPLAN\/CCI &#8211; Trata da proibi\u00e7\u00e3o de utiliza\u00e7\u00e3o de assinatura escaneada<br \/>\n<a href=\"https:\/\/portal.uern.br\/propeg\/wp-content\/uploads\/2023\/03\/Memorando-Circular-Conjunto-No-01-2017-PROAD-PROPLAN.pdf\">Memorando Circular Conjunto n\u00ba 001\/2017<\/a>-PROAD\/PROPLAN &#8211; Trata dos prazos para solicita\u00e7\u00f5es de despesas<br \/>\n<a href=\"https:\/\/portal.uern.br\/propeg\/wp-content\/uploads\/2023\/03\/RECOMENDACAO-UCI-N.-02-2022-PCDs-e-diarias.pdf\">Recomenda\u00e7\u00e3o de Controle Interno n\u00ba 02\/2022<\/a> &#8211; Trata da assinatura da PCD e da Portaria de Concess\u00e3o de Di\u00e1rias<br \/>\n<a href=\"https:\/\/portal.uern.br\/propeg\/wp-content\/uploads\/2023\/03\/Diarias-Portaria-n.-215-2022-DOE_Delega_Poderes_compressed.pdf\">Portaria n\u00ba 215\/2022 &#8211; GP\/FUERN<\/a> &#8211; Delega poderes para concess\u00e3o de di\u00e1rias.<br \/>\n<a href=\"https:\/\/portal.uern.br\/propeg\/wp-content\/uploads\/2025\/10\/Resolucao-no-28.2022-CD-Arrecadacao-Pos-Graduacao.pdf\">Resolu\u00e7\u00e3o n\u00ba 28\/2022 &#8211; CD<\/a> &#8211; Fixa a destina\u00e7\u00e3o de percentual da arrecada\u00e7\u00e3o dos Cursos de P\u00f3s-Gradua\u00e7\u00e3o da Uern para manuten\u00e7\u00e3o das atividades de fomento da PROPEG.<br \/>\n<a href=\"https:\/\/portal.uern.br\/propeg\/wp-content\/uploads\/2025\/10\/Resolucao-no-28.2022-CD-Arrecadacao-Pos-Graduacao.pdf\">Resolu\u00e7\u00e3o n\u00ba 63\/2022 &#8211; CD<\/a> &#8211; Estabelece a Taxa Inicial e da Taxa de Apostilamento sobre processos dereconhecimento de diplomas de mestrado e doutorado expedidos por institui\u00e7\u00f5es estrangeiras de educa\u00e7\u00e3o superior.<br \/>\n<a href=\"https:\/\/portal.uern.br\/propeg\/wp-content\/uploads\/2024\/04\/Resolucao-No-04-2024-CD-Institui-o-Programa-de-Apoio-a-Participacao-de-Estudantes-em-atividades-academicas-esportivas-culturais-e-politico-estudantis.pdf\">Resolu\u00e7\u00e3o n\u00ba 04\/2024-CD<\/a> &#8211; Institui o Programa de Apoio \u00e0 Participa\u00e7\u00e3o de Estudantes em atividades acad\u00eamicas, esportivas, culturais e pol\u00edtico-estudantis e revoga a Resolu\u00e7\u00e3o n.39\/2009-CD.<br \/>\n<a href=\"https:\/\/portal.uern.br\/propeg\/wp-content\/uploads\/2025\/10\/Memorando-Circular-no-1_2025_UERN-PROAD.pdf\">Memorando-Circular n\u00ba 1\/2025\/UERN &#8211; PROAD &#8211; SDHP<\/a> &#8211; Trata dos prazos para solicita\u00e7\u00e3o de di\u00e1rias e para presta\u00e7\u00e3o de contas.<\/p>\n<h3><strong>Legisla\u00e7\u00e3o Externa<\/strong><\/h3>\n<p><a href=\"https:\/\/portal.uern.br\/propeg\/wp-content\/uploads\/2023\/07\/Portaria-no-448-2002-natureza-de-despesa.pdf\">Portaria STN n\u00ba 448\/2002<\/a>\u00a0&#8211; Divulga o detalhamento das naturezas de despesas 339030, 339036, 339039 e 449052.<br \/>\n<a href=\"http:\/\/www.planalto.gov.br\/ccivil_03\/_ato2004-2006\/2006\/decreto\/d5992.htm\">Decreto PR n\u00ba 5992\/2006<\/a> &#8211; Trata dos Valores de Di\u00e1rias no Pa\u00eds (Conv\u00eanios: PROAP, PROFLETRAS e IFRN)<br \/>\n<a href=\"http:\/\/www.planalto.gov.br\/ccivil_03\/_ato2007-2010\/2008\/decreto\/d6576.htm\">Decreto PR n\u00ba 6576\/2008<\/a> &#8211; Trata dos Valores de Di\u00e1rias no Exterior (Conv\u00eanios: PROAP, PROFLETRAS e IFRN)<br \/>\n<a href=\"https:\/\/portal.uern.br\/propeg\/wp-content\/uploads\/2023\/07\/portaria-86-2013-regulamento-pnpd-pdf.pdf\">Portaria CAPES n\u00ba 86\/2013<\/a> &#8211; Aprova Regulamento do PNPD &#8211; Programa Nacional de P\u00f3s-Doutorado<br \/>\n<a href=\"https:\/\/www.gov.br\/capes\/pt-br\/centrais-de-conteudo\/portaria-059-2013-auxpe-siprec-pdf\">Portaria CAPES n\u00ba 59\/2013<\/a>\u00a0 <strong>(Vigente at\u00e9 27\/04\/2026!)<\/strong> &#8211; Disciplina as condi\u00e7\u00f5es gerais para a concess\u00e3o e aplica\u00e7\u00e3o dos recursos financeiros, sua presta\u00e7\u00e3o de contas aprova o Manual de Utiliza\u00e7\u00e3o de Recursos de Aux\u00edlio Financeiro a Projeto Educacional ou de Pesquisa e o Manual de Presta\u00e7\u00e3o de Contas On Line do Sistema Informatizado de Presta\u00e7\u00e3o de Contas (SIPREC).<br \/>\n<a href=\"https:\/\/www.gov.br\/capes\/pt-br\/centrais-de-conteudo\/portaria-059-2013-anexoi-manual-auxpe-pdf\">&gt;&gt; Anexo I<\/a> &#8211; Manual de utiliza\u00e7\u00e3o do AUXPE<br \/>\n<a href=\"https:\/\/www.gov.br\/capes\/pt-br\/centrais-de-conteudo\/portaria-059-2013-anexoii-manual-prestacaocontasauxpe-pdf\">&gt;&gt;Anexo II<\/a> &#8211; Manual de Presta\u00e7\u00e3o de Contas no SIPREC<br \/>\n<a href=\"https:\/\/portal.uern.br\/propeg\/wp-content\/uploads\/2026\/01\/Portaria-no-37-de-26-de-Janeiro-de-2026.pdf\">Portaria CAPES n\u00ba 37\/2026<\/a> <strong>(Vigente a partir de 28\/04\/2026)<\/strong>&#8211; Disp\u00f5e sobre as condi\u00e7\u00f5es gerais para a concess\u00e3o, utiliza\u00e7\u00e3o e presta\u00e7\u00e3o de contas de recursos financeiros da CAPES por meio do Termo de Autorga de Aux\u00edlio Financeiro a Projeto Educacional ou de Pesquisa e P\u00f3s-Grauda\u00e7\u00e3o (AUXPE)<br \/>\n<a href=\"http:\/\/cad.capes.gov.br\/ato-administrativo-detalhar?idAtoAdmElastic=438#anchor\">Portaria CAPES n\u00ba 156\/2014<\/a> &#8211; Aprova Regulamento do PROAP &#8211; Programa de Apoio \u00e0 P\u00f3s-Gradua\u00e7\u00e3o<br \/>\n<a href=\"https:\/\/www.gov.br\/capes\/pt-br\/centrais-de-conteudo\/05092016-portaria-n-132-de-18-de-agosto-de-2016-pdf\/@@download\/file\/05092016-portaria-n-132-de-18-de-agosto-de-2016.pdf\">Portaria CAPES n\u00ba 132\/2016<\/a>\u00a0&#8211; Trata do Aux\u00edlio Di\u00e1rio (PROAP)<br \/>\n<a href=\"https:\/\/portal.uern.br\/propeg\/wp-content\/uploads\/2023\/07\/Portaria-no-155-de-10-de-Agosto-de-2022.pdf\">Portaria CAPES n\u00ba 155\/2022<\/a> &#8211; Disp\u00f5e sobre o Programa de Desenvolvimento da P\u00f3s-Gradua\u00e7\u00e3o (PDPG) Emergencial de Consolida\u00e7\u00e3o<br \/>\nEstrat\u00e9gica dos Programas de P\u00f3s-Gradua\u00e7\u00e3o stricto sensu acad\u00eamicos.<br \/>\n<a href=\"https:\/\/portal.uern.br\/propeg\/wp-content\/uploads\/2024\/08\/09042024_manual-cartao-pesquisador-capes-2024-v04.pdf\">Manual do Cart\u00e3o BB Pesquisa\/CAPES<\/a><br \/>\n<a href=\"https:\/\/portal.uern.br\/propeg\/wp-content\/uploads\/2026\/01\/Manual-do-SIPREC_NOVO.pdf\">Manual do Usu\u00e1rio do SIPREC 2.0<\/a> <strong>(NOVO! Atualizado em 29\/01\/2026)<\/strong><br \/>\n<a href=\"https:\/\/portal.uern.br\/propeg\/wp-content\/uploads\/2023\/07\/Manual-SCBA-Perfil-Coordenador-de-Projetos-002-1.pdf\">Manual de Utiliza\u00e7\u00e3o do SCBA<\/a> &#8211; Coordenador de Projetos<\/p>\n<h3><strong>Formul\u00e1rios<\/strong><\/h3>\n<h5>Di\u00e1rias<\/h5>\n<p><a href=\"https:\/\/portal.uern.br\/propeg\/wp-content\/uploads\/2024\/07\/Orientacoes_Diarias_PROAD.pdf\">Orienta\u00e7\u00f5es Gerais da PROAD para Solicita\u00e7\u00e3o de Di\u00e1rias<\/a> &#8211; Novo! Atualizado em 04\/07\/2024<br \/>\n<a href=\"https:\/\/portal.uern.br\/propeg\/wp-content\/uploads\/2024\/07\/Solicitacao-de-Diarias-Prof-Interno-e-Externo-NOVO_04.07.2024.docx\">Solicita\u00e7\u00e3o de Di\u00e1rias para Professor Interno\/Convidado Externo<\/a> &#8211; Novo! Atualizado em 04\/07\/2024<br \/>\n<a href=\"https:\/\/portal.uern.br\/propeg\/wp-content\/uploads\/2023\/03\/MODELO-PROPOSTA-DE-CONCESSAO-DE-DIARIA-ATUALIZADA-22.09.22.odt\">Proposta de Concess\u00e3o de Di\u00e1rias &#8211; PCD<\/a><br \/>\n<a href=\"https:\/\/portal.uern.br\/propeg\/wp-content\/uploads\/2024\/02\/FORMULARIO_E_SOCIAL___AGENTES_COLABORADORES_e_COLABORADORES_EVENTUAIS.odt\">Formul\u00e1rio de Cadastro de Colaborador Eventual\/Convidado Externo<\/a><br \/>\n<a href=\"https:\/\/portal.uern.br\/propeg\/wp-content\/uploads\/2025\/10\/Novo-Relatorio-de-Viagem-29.10.2025.docx\">Relat\u00f3rio de Viagem\u00a0<\/a><\/p>\n<h5>Aux\u00edlio Financeiro ao Estudante ou Pesquisador<\/h5>\n<p><a href=\"https:\/\/portal.uern.br\/propeg\/wp-content\/uploads\/2023\/03\/MODELO-Solicitacao-de-Auxilio-Financeiro-ao-Estudante-NOVO.docx\">Solicita\u00e7\u00e3o de Aux\u00edlio Financeiro a Estudante<\/a><br \/>\n<a href=\"https:\/\/portal.uern.br\/propeg\/wp-content\/uploads\/2023\/03\/MODELO-Solicitacao-de-Auxilio-Financeiro-ao-Pesquisador-NOVO.docx\">Solicita\u00e7\u00e3o de Aux\u00edlio Financeiro a Pesquisador<\/a><br \/>\n<a href=\"https:\/\/portal.uern.br\/propeg\/wp-content\/uploads\/2025\/10\/MODELO-Folha-de-Pagamento-Auxilios-Financeiros.xlsx\">Planilha de Demanda &#8211; Folha Pagamento &#8211; Aux\u00edlio Financeiro a Estudante\/Pesquisador<\/a><\/p>\n<h5>Passagens A\u00e9reas<\/h5>\n<p><a href=\"https:\/\/portal.uern.br\/propeg\/wp-content\/uploads\/2023\/03\/MODELO-Solicitacao-de-Passagens-Aereas.docx\">Solicita\u00e7\u00e3o de Passagens A\u00e9reas<\/a><\/p>\n<h5>Aquisi\u00e7\u00e3o de materiais, equipamentos e servi\u00e7os (NACIONAIS)<\/h5>\n<p><a href=\"https:\/\/portal.uern.br\/propeg\/wp-content\/uploads\/2023\/03\/MODELO-Formulario-para-Aquisicao-de-Equipamento-ou-Prestacao-de-Servico.doc\">Formul\u00e1rio para Aquisi\u00e7\u00e3o de Equipamento ou Presta\u00e7\u00e3o de Servi\u00e7o Nacional<\/a><\/p>\n<h5>Aquisi\u00e7\u00e3o de materiais, equipamentos e servi\u00e7os (POR IMPORTA\u00c7\u00c3O)<\/h5>\n<p><a href=\"https:\/\/portal.uern.br\/propeg\/wp-content\/uploads\/2023\/03\/MODELO-Formulario-Aquisicao-de-Equip.-Importado.doc\">Formul\u00e1rio para Aquisi\u00e7\u00e3o de Equipamento ou Presta\u00e7\u00e3o de Servi\u00e7o por Importa\u00e7\u00e3o<\/a><br \/>\n<a href=\"https:\/\/portal.uern.br\/propeg\/wp-content\/uploads\/2023\/03\/Anexo-A-Dados-da-PROFORMA.docx\">Dados necess\u00e1rios para Proforma INVOICE<\/a><\/p>\n<h5>AUXPE\/CAPES (PROAP \/ PDPG-Consolida\u00e7\u00e3o 3 e 4 \/ PDPG-P\u00f3s-Doc. \/ PDPG-Afirmativas \/ PRAPG \/ PROEXT-PG)<\/h5>\n<p><a href=\"https:\/\/www.gov.br\/capes\/pt-br\/centrais-de-conteudo\/auxpe-jun13-recibomodelo-a-doc\">Recibo Modelo A &#8211; Di\u00e1rias pagas a colaboradores<\/a><br \/>\n<a href=\"https:\/\/www.gov.br\/capes\/pt-br\/centrais-de-conteudo\/auxpe-jun13-recibomodelo-b-doc\">Recibo Modelo B &#8211; Di\u00e1rias pagas ao Coordenador<\/a><br \/>\n<a href=\"https:\/\/www.gov.br\/capes\/pt-br\/centrais-de-conteudo\/2062014-relatorio-de-execucao-dochttps:\/\/www.gov.br\/capes\/pt-br\/centrais-de-conteudo\/2062014-relatorio-de-execucao-doc\">Relat\u00f3rio de Execu\u00e7\u00e3o<\/a><br \/>\n<a href=\"https:\/\/www.gov.br\/capes\/pt-br\/centrais-de-conteudo\/2062014-relatorio-final-de-cumprimento-de-objeto-doc\">Relat\u00f3rio Final de Cumprimento do Objeto<\/a><br \/>\n<a href=\"https:\/\/www.gov.br\/capes\/pt-br\/centrais-de-conteudo\/772014-declaracaocumprimentoobjeto-doc\">Declara\u00e7\u00e3o de Realiza\u00e7\u00e3o de Objetivos do Instrumento<\/a><\/p>\n","protected":false},"excerpt":{"rendered":"<p>Legisla\u00e7\u00e3o Interna Manual de Procedimentos PROPEG &#8211; Vers\u00e3o 2.3 (Jul.\/2024) Decreto Estadual n\u00ba 24.944\/2020 &#8211; Disp\u00f5e sobre a concess\u00e3o de di\u00e1rias no \u00e2mbito do Estado do RN Decreto Estadual n\u00ba 32.688\/2023 &#8211; Altera o Decreto n\u00ba 24.944\/2020 que disp\u00f5e sobre a concess\u00e3o de di\u00e1rias no \u00e2mbito do Estado do RN Portaria n\u00ba 1454\/2023-GP\/FUERN &#8211; Estabelece [&hellip;]<\/p>\n","protected":false},"author":1,"featured_media":0,"parent":0,"menu_order":0,"comment_status":"closed","ping_status":"closed","template":"","meta":{"footnotes":""},"class_list":["post-495","page","type-page","status-publish","hentry"],"_links":{"self":[{"href":"https:\/\/portal.uern.br\/propeg\/wp-json\/wp\/v2\/pages\/495","targetHints":{"allow":["GET"]}}],"collection":[{"href":"https:\/\/portal.uern.br\/propeg\/wp-json\/wp\/v2\/pages"}],"about":[{"href":"https:\/\/portal.uern.br\/propeg\/wp-json\/wp\/v2\/types\/page"}],"author":[{"embeddable":true,"href":"https:\/\/portal.uern.br\/propeg\/wp-json\/wp\/v2\/users\/1"}],"replies":[{"embeddable":true,"href":"https:\/\/portal.uern.br\/propeg\/wp-json\/wp\/v2\/comments?post=495"}],"version-history":[{"count":78,"href":"https:\/\/portal.uern.br\/propeg\/wp-json\/wp\/v2\/pages\/495\/revisions"}],"predecessor-version":[{"id":4482,"href":"https:\/\/portal.uern.br\/propeg\/wp-json\/wp\/v2\/pages\/495\/revisions\/4482"}],"wp:attachment":[{"href":"https:\/\/portal.uern.br\/propeg\/wp-json\/wp\/v2\/media?parent=495"}],"curies":[{"name":"wp","href":"https:\/\/api.w.org\/{rel}","templated":true}]}}