{"id":469,"date":"2022-09-08T08:52:28","date_gmt":"2022-09-08T11:52:28","guid":{"rendered":"https:\/\/paisdemossoro.com.br\/wordpress\/propeg\/?page_id=469"},"modified":"2024-03-07T11:48:17","modified_gmt":"2024-03-07T14:48:17","slug":"editais-pesquisa","status":"publish","type":"page","link":"https:\/\/portal.uern.br\/propeg\/editais-pesquisa\/","title":{"rendered":"Pesquisa"},"content":{"rendered":"<p><a href=\"https:\/\/portal.uern.br\/propeg\/wp-content\/uploads\/2024\/03\/Edital-N.-23.2022.pdf\">Edital N\u00ba 023\/2022 &#8211; Fluxo Cont\u00ednuo para institucionaliza\u00e7\u00e3o de projetos de pesquisa<\/a><\/p>\n<p><a href=\"https:\/\/portal.uern.br\/propeg\/wp-content\/uploads\/2023\/05\/Formulario-submissao-de-projeto-2023.odt\">Formul\u00e1rio para Submiss\u00e3o de projeto de pesquisa (Edital N\u00ba 023\/2022)<\/a><\/p>\n<p><a href=\"https:\/\/portal.uern.br\/propeg\/wp-content\/uploads\/2023\/05\/Declaracao-Resp-Orcamentaria.odt\">Declara\u00e7\u00e3o de responsabilidade or\u00e7ament\u00e1ria &#8211; Modelo (Edital N\u00ba 023\/2022)<\/a><\/p>\n<p>&nbsp;<\/p>\n","protected":false},"excerpt":{"rendered":"<p>Edital N\u00ba 023\/2022 &#8211; Fluxo Cont\u00ednuo para institucionaliza\u00e7\u00e3o de projetos de pesquisa Formul\u00e1rio para Submiss\u00e3o de projeto de pesquisa (Edital N\u00ba 023\/2022) Declara\u00e7\u00e3o de responsabilidade or\u00e7ament\u00e1ria &#8211; Modelo (Edital N\u00ba 023\/2022) &nbsp;<\/p>\n","protected":false},"author":1,"featured_media":0,"parent":0,"menu_order":0,"comment_status":"closed","ping_status":"closed","template":"","meta":{"footnotes":""},"class_list":["post-469","page","type-page","status-publish","hentry"],"_links":{"self":[{"href":"https:\/\/portal.uern.br\/propeg\/wp-json\/wp\/v2\/pages\/469","targetHints":{"allow":["GET"]}}],"collection":[{"href":"https:\/\/portal.uern.br\/propeg\/wp-json\/wp\/v2\/pages"}],"about":[{"href":"https:\/\/portal.uern.br\/propeg\/wp-json\/wp\/v2\/types\/page"}],"author":[{"embeddable":true,"href":"https:\/\/portal.uern.br\/propeg\/wp-json\/wp\/v2\/users\/1"}],"replies":[{"embeddable":true,"href":"https:\/\/portal.uern.br\/propeg\/wp-json\/wp\/v2\/comments?post=469"}],"version-history":[{"count":7,"href":"https:\/\/portal.uern.br\/propeg\/wp-json\/wp\/v2\/pages\/469\/revisions"}],"predecessor-version":[{"id":2683,"href":"https:\/\/portal.uern.br\/propeg\/wp-json\/wp\/v2\/pages\/469\/revisions\/2683"}],"wp:attachment":[{"href":"https:\/\/portal.uern.br\/propeg\/wp-json\/wp\/v2\/media?parent=469"}],"curies":[{"name":"wp","href":"https:\/\/api.w.org\/{rel}","templated":true}]}}