{"id":453,"date":"2022-09-08T08:49:52","date_gmt":"2022-09-08T11:49:52","guid":{"rendered":"https:\/\/paisdemossoro.com.br\/wordpress\/propeg\/?page_id=453"},"modified":"2025-03-13T10:42:45","modified_gmt":"2025-03-13T13:42:45","slug":"propriedade-intelectual-pi","status":"publish","type":"page","link":"https:\/\/portal.uern.br\/propeg\/propriedade-intelectual-pi\/","title":{"rendered":"Setor de Propriedade Intelectual"},"content":{"rendered":"<h1><\/h1>\n<h2><b>Propriedade Intelectual<\/b><\/h2>\n<p><span style=\"font-weight: 400\">A Organiza\u00e7\u00e3o Mundial de Propriedade Intelectual (OMPI) define propriedade intelectual como a soma dos direitos relativos \u00e0s obras liter\u00e1rias, art\u00edsticas e cient\u00edficas, \u00e0s interpreta\u00e7\u00f5es dos artistas int\u00e9rpretes e \u00e0s execu\u00e7\u00f5es dos artistas executantes, aos fonogramas e \u00e0s emiss\u00f5es de radiodifus\u00e3o, \u00e0s inven\u00e7\u00f5es em todos os dom\u00ednios da atividade humana, \u00e0s descobertas cient\u00edficas, aos desenhos e modelos industriais, \u00e0s marcas industriais, comerciais e de servi\u00e7o, bem como \u00e0s firmas comerciais e denomina\u00e7\u00f5es comerciais, \u00e0 prote\u00e7\u00e3o contra a concorr\u00eancia desleal e todos os outros direitos inerentes \u00e0 atividade intelectual nos dom\u00ednios industrial, cient\u00edfico, liter\u00e1rio e art\u00edstico.<\/span><\/p>\n<h3><b>Fun\u00e7\u00f5es do Setor de Propriedade Intelectual<\/b><\/h3>\n<p><span style=\"font-weight: 400\">O Setor de Propriedade Intelectual da Ag\u00eancia UERN Inova atua, precipuamente, nas seguintes \u00e1reas:<\/span><\/p>\n<ul>\n<li style=\"font-weight: 400\"><span style=\"font-weight: 400\">Patentes, marcas, desenhos industriais, indica\u00e7\u00f5es geogr\u00e1ficas, segredo industrial e repress\u00e3o \u00e0 concorr\u00eancia desleal;<\/span><\/li>\n<li style=\"font-weight: 400\"><span style=\"font-weight: 400\">Direitos autorais;<\/span><\/li>\n<li style=\"font-weight: 400\"><span style=\"font-weight: 400\">Prote\u00e7\u00e3o sui generis;<\/span><\/li>\n<li style=\"font-weight: 400\"><span style=\"font-weight: 400\">Know-how (fornecimento de tecnologia);<\/span><\/li>\n<li style=\"font-weight: 400\"><span style=\"font-weight: 400\">An\u00e1lise das potencialidades das inven\u00e7\u00f5es para a transfer\u00eancia de tecnologia.<\/span><\/li>\n<\/ul>\n<p><span style=\"font-weight: 400\">\u00a0<\/span><\/p>\n<p><span style=\"font-weight: 400\">Os pesquisadores, ao protegerem suas propriedades intelectuais, t\u00eam a seguran\u00e7a jur\u00eddica e a exclusividade mercadol\u00f3gica durante um dado per\u00edodo pela sua inven\u00e7\u00e3o.\u00a0<\/span><\/p>\n<p><span style=\"font-weight: 400\">O Setor de Propriedade Intelectual da UERN faz a orienta\u00e7\u00e3o sobre todos os tr\u00e2mites necess\u00e1rios para a prote\u00e7\u00e3o das inven\u00e7\u00f5es dos nossos pesquisadores, estimulando as parcerias, com apoio e suporte durante todo o processo. Al\u00e9m disso, faz a gest\u00e3o da propriedade intelectual de projetos cujas potencialidades comerciais possam ser transformadas em benef\u00edcio para sociedade, por meio de novos produtos e\/ou patentes; Estabelece e orienta quanto aos procedimentos de prote\u00e7\u00e3o aos direitos de propriedade intelectual referentes \u00e0 patentes de inven\u00e7\u00e3o e de modelo de utilidade, marcas, desenhos industriais, programas de computador, indica\u00e7\u00f5es geogr\u00e1ficas, cultivares, direitos autorais e outros sistemas de prote\u00e7\u00e3o intelectual adotados pela legisla\u00e7\u00e3o brasileira e de titularidade da UERN.<\/span><\/p>\n<h2><b>Patente de Inven\u00e7\u00e3o (PI) e de Modelo de Utilidade (MU)<\/b><\/h2>\n<p><a href=\"https:\/\/portal.uern.br\/propeg\/wp-content\/uploads\/2024\/10\/PASSO-A-PASSO-DEPOSITO-PATENTE-1_compressed.pdf\"><span style=\"font-weight: 400\">Passo a passo para realizar o dep\u00f3sito de uma patente pela UERN<\/span><\/a><\/p>\n<h2><\/h2>\n<h2><b>Programa de Computador (Software)<\/b><\/h2>\n<p><a href=\"https:\/\/portal.uern.br\/propeg\/wp-content\/uploads\/2024\/10\/PASSO-A-PASSO-REGISTRO-Programa-de-Computador-2.pdf\"><span style=\"font-weight: 400\">Passo a passo para realizar o registro de um software pela UERN<\/span><\/a><\/p>\n<h2><b>Marcas<\/b><\/h2>\n<p><span style=\"font-weight: 400\"><a href=\"https:\/\/portal.uern.br\/propeg\/wp-content\/uploads\/2025\/03\/PASSO-A-PASSO-REGISTRO-Marcas_compressed.pdf\">Passo a passo para realizar o registro de uma marca pela UERN<\/a>.<\/span><\/p>\n<p class=\"_04xlpA direction-ltr align-justify para-style-title\">\n","protected":false},"excerpt":{"rendered":"<p>Propriedade Intelectual A Organiza\u00e7\u00e3o Mundial de Propriedade Intelectual (OMPI) define propriedade intelectual como a soma dos direitos relativos \u00e0s obras liter\u00e1rias, art\u00edsticas e cient\u00edficas, \u00e0s interpreta\u00e7\u00f5es dos artistas int\u00e9rpretes e \u00e0s execu\u00e7\u00f5es dos artistas executantes, aos fonogramas e \u00e0s emiss\u00f5es de radiodifus\u00e3o, \u00e0s inven\u00e7\u00f5es em todos os dom\u00ednios da atividade humana, \u00e0s descobertas cient\u00edficas, aos [&hellip;]<\/p>\n","protected":false},"author":1,"featured_media":0,"parent":0,"menu_order":0,"comment_status":"closed","ping_status":"closed","template":"","meta":{"footnotes":""},"class_list":["post-453","page","type-page","status-publish","hentry"],"_links":{"self":[{"href":"https:\/\/portal.uern.br\/propeg\/wp-json\/wp\/v2\/pages\/453","targetHints":{"allow":["GET"]}}],"collection":[{"href":"https:\/\/portal.uern.br\/propeg\/wp-json\/wp\/v2\/pages"}],"about":[{"href":"https:\/\/portal.uern.br\/propeg\/wp-json\/wp\/v2\/types\/page"}],"author":[{"embeddable":true,"href":"https:\/\/portal.uern.br\/propeg\/wp-json\/wp\/v2\/users\/1"}],"replies":[{"embeddable":true,"href":"https:\/\/portal.uern.br\/propeg\/wp-json\/wp\/v2\/comments?post=453"}],"version-history":[{"count":14,"href":"https:\/\/portal.uern.br\/propeg\/wp-json\/wp\/v2\/pages\/453\/revisions"}],"predecessor-version":[{"id":3730,"href":"https:\/\/portal.uern.br\/propeg\/wp-json\/wp\/v2\/pages\/453\/revisions\/3730"}],"wp:attachment":[{"href":"https:\/\/portal.uern.br\/propeg\/wp-json\/wp\/v2\/media?parent=453"}],"curies":[{"name":"wp","href":"https:\/\/api.w.org\/{rel}","templated":true}]}}