{"id":441,"date":"2022-09-08T08:49:26","date_gmt":"2022-09-08T11:49:26","guid":{"rendered":"https:\/\/paisdemossoro.com.br\/wordpress\/propeg\/?page_id=441"},"modified":"2025-01-20T09:10:44","modified_gmt":"2025-01-20T12:10:44","slug":"incubadoras","status":"publish","type":"page","link":"https:\/\/portal.uern.br\/propeg\/incubadoras\/","title":{"rendered":"Incubadoras"},"content":{"rendered":"<p><strong>O que \u00e9 uma incubadora?<\/strong><\/p>\n<p>Incubadoras s\u00e3o organiza\u00e7\u00f5es projetadas para apoiar o desenvolvimento de empresas iniciantes (startups) e empreendedores durante as fases iniciais de suas opera\u00e7\u00f5es. Elas s\u00e3o frequentemente associadas a universidades ou institui\u00e7\u00f5es de pesquisa, mas tamb\u00e9m podem ser independentes ou operar em parceria com o governo e o setor privado. O principal objetivo de uma incubadora \u00e9 fornecer suporte para que as novas empresas superem os desafios iniciais t\u00edpicos que enfrentam no in\u00edcio de suas atividades.<\/p>\n<p>&nbsp;<\/p>\n<p><strong> Benef\u00edcios<\/strong><\/p>\n<ol>\n<li><strong>Redu\u00e7\u00e3o de Risco<\/strong>: A orienta\u00e7\u00e3o e os recursos fornecidos pelas incubadoras podem significativamente diminuir o risco de falhas de startups, pois preparam os empreendedores para enfrentar desafios e tomar decis\u00f5es informadas.<\/li>\n<li><strong>Desenvolvimento Acelerado<\/strong>: Com suporte adequado, as empresas podem se desenvolver e crescer mais rapidamente do que se estivessem sozinhas. A colabora\u00e7\u00e3o e o apoio cont\u00ednuo ajudam a acelerar o processo de inova\u00e7\u00e3o e a entrada no mercado.<\/li>\n<li><strong>Legitimidade e Credibilidade<\/strong>: Associar-se a uma incubadora pode proporcionar a uma startup uma maior credibilidade no olhar de clientes, fornecedores e investidores, pois demonstra que o neg\u00f3cio foi validado e \u00e9 apoiado por uma organiza\u00e7\u00e3o respeit\u00e1vel.<\/li>\n<li><strong>Aprendizado Cont\u00ednuo<\/strong>: O ambiente de uma incubadora promove uma cultura de aprendizado e adapta\u00e7\u00e3o cont\u00ednuos, essenciais em um mundo empresarial que est\u00e1 sempre mudando.<\/li>\n<li><strong>Impacto Comunit\u00e1rio<\/strong>: Incubadoras tamb\u00e9m beneficiam a economia local ao promover o empreendedorismo e criar empregos, al\u00e9m de contribuir para o desenvolvimento de novas tecnologias e inova\u00e7\u00f5es que podem ter um impacto social positivo.<\/li>\n<\/ol>\n<p>&nbsp;<\/p>\n<p>Em resumo, incubadoras s\u00e3o catalisadores cruciais no ecossistema empreendedor, oferecendo suporte essencial que pode fazer a diferen\u00e7a entre o sucesso e o fracasso de uma nova empresa.<\/p>\n<p>&nbsp;<\/p>\n<p><strong>Como posso criar uma incubadora?<\/strong><\/p>\n<p>Os Editais para propostas de cria\u00e7\u00e3o de uma incubadora s\u00e3o publicados na p\u00e1gina da Pr\u00f3Reitoria de Pesquisa e P\u00f3s-Gradua\u00e7\u00e3o (PROPEG), Editais &#8211; Formul\u00e1rios e Documentos, de modo que poder\u00e3o ser submetidas por servidor docente ou t\u00e9cnico administrativo. D\u00favidas e informa\u00e7\u00f5es devem ser encaminhadas para o e-mail: empreendedorismo.inova@uern.br ou inova.propeg@uern.br<\/p>\n<p>&nbsp;<\/p>\n<p>As propostas dever\u00e3o dispor:<br \/>\n&#8211; Proposta de Regimento Interno;<br \/>\n&#8211; Plano Estrat\u00e9gico;<br \/>\n&#8211; Documento comprovando a disponibilidade de infraestrutura f\u00edsica que assegure sua<br \/>\ninstala\u00e7\u00e3o e seu funcionamento;<br \/>\n&#8211; Documento comprovando a disponibilidade de servidor com carga hor\u00e1ria, qualifica\u00e7\u00e3o e<br \/>\nperfil adequado para responsabilizar-se pela apresenta\u00e7\u00e3o da proposta e assumir a gest\u00e3o<br \/>\nda incubadora.<\/p>\n<p>&nbsp;<\/p>\n<p>&nbsp;<\/p>\n","protected":false},"excerpt":{"rendered":"<p>O que \u00e9 uma incubadora? Incubadoras s\u00e3o organiza\u00e7\u00f5es projetadas para apoiar o desenvolvimento de empresas iniciantes (startups) e empreendedores durante as fases iniciais de suas opera\u00e7\u00f5es. Elas s\u00e3o frequentemente associadas a universidades ou institui\u00e7\u00f5es de pesquisa, mas tamb\u00e9m podem ser independentes ou operar em parceria com o governo e o setor privado. O principal objetivo [&hellip;]<\/p>\n","protected":false},"author":1,"featured_media":0,"parent":0,"menu_order":0,"comment_status":"closed","ping_status":"closed","template":"","meta":{"footnotes":""},"class_list":["post-441","page","type-page","status-publish","hentry"],"_links":{"self":[{"href":"https:\/\/portal.uern.br\/propeg\/wp-json\/wp\/v2\/pages\/441","targetHints":{"allow":["GET"]}}],"collection":[{"href":"https:\/\/portal.uern.br\/propeg\/wp-json\/wp\/v2\/pages"}],"about":[{"href":"https:\/\/portal.uern.br\/propeg\/wp-json\/wp\/v2\/types\/page"}],"author":[{"embeddable":true,"href":"https:\/\/portal.uern.br\/propeg\/wp-json\/wp\/v2\/users\/1"}],"replies":[{"embeddable":true,"href":"https:\/\/portal.uern.br\/propeg\/wp-json\/wp\/v2\/comments?post=441"}],"version-history":[{"count":13,"href":"https:\/\/portal.uern.br\/propeg\/wp-json\/wp\/v2\/pages\/441\/revisions"}],"predecessor-version":[{"id":3580,"href":"https:\/\/portal.uern.br\/propeg\/wp-json\/wp\/v2\/pages\/441\/revisions\/3580"}],"wp:attachment":[{"href":"https:\/\/portal.uern.br\/propeg\/wp-json\/wp\/v2\/media?parent=441"}],"curies":[{"name":"wp","href":"https:\/\/api.w.org\/{rel}","templated":true}]}}