{"id":439,"date":"2022-09-08T08:44:35","date_gmt":"2022-09-08T11:44:35","guid":{"rendered":"https:\/\/paisdemossoro.com.br\/wordpress\/propeg\/?page_id=439"},"modified":"2025-12-02T11:09:10","modified_gmt":"2025-12-02T14:09:10","slug":"comissao-de-avaliacao-institucional-da-pos-graduacao-lato-sensu-cosaipg-ls","status":"publish","type":"page","link":"https:\/\/portal.uern.br\/propeg\/comissao-de-avaliacao-institucional-da-pos-graduacao-lato-sensu-cosaipg-ls\/","title":{"rendered":"Comiss\u00e3o de Avalia\u00e7\u00e3o Institucional da P\u00f3s-Gradua\u00e7\u00e3o Lato Sensu"},"content":{"rendered":"<p><strong>O que \u00e9?<\/strong><br \/>\nEspa\u00e7o colegiado com representantes dos coordenadores de curso de Especializa\u00e7\u00e3o, Comiss\u00e3o de Resid\u00eancias M\u00e9dicas, Comiss\u00e3o de Resid\u00eancia Multiprofissional em Sa\u00fade e da Pr\u00f3-reitoria de Pesquisa e P\u00f3s-Gradua\u00e7\u00e3o (PROPEG) para apoiar o processo de avalia\u00e7\u00e3o institucional da P\u00f3s Gradua\u00e7\u00e3o Lato Sensu em articula\u00e7\u00e3o com a Comiss\u00e3o Permanente de Avalia\u00e7\u00e3o (CPA).<\/p>\n<p><strong>Como se dar\u00e3o as avalia\u00e7\u00f5es?<\/strong><br \/>\nAs avalia\u00e7\u00f5es ser\u00e3o anuais e a aplica\u00e7\u00e3o dos instrumentos ser\u00e1 realizada pelas Coordena\u00e7\u00f5es de Cursos apoiadas pela COSAIPG-LS e CPA.<\/p>\n<p>&nbsp;<\/p>\n<hr \/>\n<p>&nbsp;<\/p>\n<p><strong>Composi\u00e7\u00e3o<br \/>\n<\/strong><\/p>\n<ul>\n<li><a href=\"https:\/\/portal.uern.br\/propeg\/wp-content\/uploads\/2025\/09\/SEI_SEARH-20138106-UERN-Portaria-2023.pdf\" target=\"_blank\" rel=\"noopener\">Portaria n\u00ba 1269\/2023-GP\/FUERN<\/a>&#8211; Designa membros para a Comiss\u00e3o Setorial de Avalia\u00e7\u00e3o Institucional da P\u00f3s-Gradua\u00e7\u00e3o Lato Sensu &#8211; CASAIPG-LS<\/li>\n<\/ul>\n<p>&nbsp;<\/p>\n<hr \/>\n<p>&nbsp;<\/p>\n<p><strong>Calend\u00e1rio de Reuni\u00f5es<br \/>\n<\/strong><\/p>\n<ul>\n<li><a href=\"https:\/\/portal.uern.br\/propeg\/wp-content\/uploads\/2025\/12\/calendario-reuniao-ordinaria-COSAIPGLS-2026.pdf\">Calend\u00e1rio 2026<\/a> &#8211; Aprovado em reuni\u00e3o da COSAIPG-LS<\/li>\n<\/ul>\n<p>&nbsp;<\/p>\n<hr \/>\n<p>&nbsp;<\/p>\n<p><strong>Legisla\u00e7\u00e3o<\/strong><\/p>\n<ul>\n<li><a href=\"https:\/\/www.uern.br\/controledepaginas\/propeg-posgraduacao-legislacao\/arquivos\/1140instrua%E2%80%A1a%C6%92o_normativa_sei_na_12.pdf\" target=\"_blank\" rel=\"noopener\">Instru\u00e7\u00e3o Normativa &#8211; SEI N\u00ba 12<\/a>\u00a0&#8211; Disp\u00f5e sobre a Avalia\u00e7\u00e3o Institucional nos Programas de P\u00f3s-gradua\u00e7\u00e3o lato sensu da UERN, conforme\u00a0<a href=\"https:\/\/www.uern.br\/controledepaginas\/propeg-posgraduacao-legislacao\/arquivos\/1140resolua%C2%A7ao_cee.pdf\" target=\"_blank\" rel=\"noopener\">Resolu\u00e7\u00e3o n\u00b0 05\/2020<\/a>\u00a0do Conselho Estadual de Educa\u00e7\u00e3o e complementa a\u00a0<a href=\"http:\/\/www.uern.br\/controledepaginas\/propeg-posgraduacao-legislacao\/arquivos\/1140resolua%C2%A7a%C2%A3o_na_032_2021_consepe_aprova_o_regulamento_que_dispa%C2%B5e_sobre_a_criaa%C2%A7a%C2%A3o_e_o_funcionamento_dos_cursos_lato_sensu_oferecidos_pela_uern.pdf\" target=\"_blank\" rel=\"noopener\">Resolu\u00e7\u00e3o n\u00ba 32\/2021 \u2013 CONSEPE<\/a><\/li>\n<\/ul>\n<p>&nbsp;<\/p>\n<hr \/>\n<p>&nbsp;<\/p>\n<p><strong>Formul\u00e1rios<br \/>\n<\/strong><\/p>\n<ul>\n<li><a href=\"http:\/\/www.uern.br\/controledepaginas\/comissao-de-avaliacao-lato-sensu\/arquivos\/6554formulario_avaliacao_pos_graduacao_lato_sensu_docentes_(5).zip\">Formul\u00e1rio Para Avalia\u00e7\u00e3o da P\u00f3s-Gradua\u00e7\u00e3o Lato Sensu Docente<\/a><\/li>\n<li><a href=\"http:\/\/www.uern.br\/controledepaginas\/comissao-de-avaliacao-lato-sensu\/arquivos\/6554formulario_de_avaliacao_da_pos_graduacao_lato_sensu_discente_(2).zip\">Formul\u00e1rio Para Avalia\u00e7\u00e3o da P\u00f3s-Gradua\u00e7\u00e3o Lato Sensu Discente<\/a><\/li>\n<\/ul>\n","protected":false},"excerpt":{"rendered":"<p>O que \u00e9? Espa\u00e7o colegiado com representantes dos coordenadores de curso de Especializa\u00e7\u00e3o, Comiss\u00e3o de Resid\u00eancias M\u00e9dicas, Comiss\u00e3o de Resid\u00eancia Multiprofissional em Sa\u00fade e da Pr\u00f3-reitoria de Pesquisa e P\u00f3s-Gradua\u00e7\u00e3o (PROPEG) para apoiar o processo de avalia\u00e7\u00e3o institucional da P\u00f3s Gradua\u00e7\u00e3o Lato Sensu em articula\u00e7\u00e3o com a Comiss\u00e3o Permanente de Avalia\u00e7\u00e3o (CPA). Como se dar\u00e3o [&hellip;]<\/p>\n","protected":false},"author":1,"featured_media":0,"parent":0,"menu_order":0,"comment_status":"closed","ping_status":"closed","template":"","meta":{"footnotes":""},"class_list":["post-439","page","type-page","status-publish","hentry"],"_links":{"self":[{"href":"https:\/\/portal.uern.br\/propeg\/wp-json\/wp\/v2\/pages\/439","targetHints":{"allow":["GET"]}}],"collection":[{"href":"https:\/\/portal.uern.br\/propeg\/wp-json\/wp\/v2\/pages"}],"about":[{"href":"https:\/\/portal.uern.br\/propeg\/wp-json\/wp\/v2\/types\/page"}],"author":[{"embeddable":true,"href":"https:\/\/portal.uern.br\/propeg\/wp-json\/wp\/v2\/users\/1"}],"replies":[{"embeddable":true,"href":"https:\/\/portal.uern.br\/propeg\/wp-json\/wp\/v2\/comments?post=439"}],"version-history":[{"count":13,"href":"https:\/\/portal.uern.br\/propeg\/wp-json\/wp\/v2\/pages\/439\/revisions"}],"predecessor-version":[{"id":4419,"href":"https:\/\/portal.uern.br\/propeg\/wp-json\/wp\/v2\/pages\/439\/revisions\/4419"}],"wp:attachment":[{"href":"https:\/\/portal.uern.br\/propeg\/wp-json\/wp\/v2\/media?parent=439"}],"curies":[{"name":"wp","href":"https:\/\/api.w.org\/{rel}","templated":true}]}}