{"id":4350,"date":"2025-10-20T11:20:49","date_gmt":"2025-10-20T14:20:49","guid":{"rendered":"https:\/\/portal.uern.br\/propeg\/?page_id=4350"},"modified":"2026-03-27T12:59:59","modified_gmt":"2026-03-27T15:59:59","slug":"tributo-mulheres-potiguares-na-ciencia-2","status":"publish","type":"page","link":"https:\/\/portal.uern.br\/propeg\/tributo-mulheres-potiguares-na-ciencia-2\/","title":{"rendered":"Tributo &#8220;Mulheres Potiguares na Ci\u00eancia&#8221;"},"content":{"rendered":"<p><a href=\"https:\/\/portal.uern.br\/propeg\/wp-content\/uploads\/2025\/10\/Tributo-Mulheres-Potiguares-na-Ciencia.pdf\">Resolu\u00e7\u00e3o N.\u00ba 13\/2025-CONSUNI &#8211; Tributo &#8220;Mulheres Potiguares na Ci\u00eancia&#8221;<\/a><\/p>\n<p><a href=\"https:\/\/portal.uern.br\/propeg\/wp-content\/uploads\/2026\/03\/Edital-Tributo-Mulheres-Potiguares-na-Ciencia.pdf\">Edital Tributo Mulheres Potiguares na Ci\u00eancia<\/a><\/p>\n<p><a href=\"https:\/\/forms.gle\/GL8WffawvLYtqN4C9\">Link de inscri\u00e7\u00e3o\u00a0<\/a><\/p>\n","protected":false},"excerpt":{"rendered":"<p>Resolu\u00e7\u00e3o N.\u00ba 13\/2025-CONSUNI &#8211; Tributo &#8220;Mulheres Potiguares na Ci\u00eancia&#8221; Edital Tributo Mulheres Potiguares na Ci\u00eancia Link de inscri\u00e7\u00e3o\u00a0<\/p>\n","protected":false},"author":2,"featured_media":0,"parent":0,"menu_order":0,"comment_status":"closed","ping_status":"closed","template":"","meta":{"footnotes":""},"class_list":["post-4350","page","type-page","status-publish","hentry"],"_links":{"self":[{"href":"https:\/\/portal.uern.br\/propeg\/wp-json\/wp\/v2\/pages\/4350","targetHints":{"allow":["GET"]}}],"collection":[{"href":"https:\/\/portal.uern.br\/propeg\/wp-json\/wp\/v2\/pages"}],"about":[{"href":"https:\/\/portal.uern.br\/propeg\/wp-json\/wp\/v2\/types\/page"}],"author":[{"embeddable":true,"href":"https:\/\/portal.uern.br\/propeg\/wp-json\/wp\/v2\/users\/2"}],"replies":[{"embeddable":true,"href":"https:\/\/portal.uern.br\/propeg\/wp-json\/wp\/v2\/comments?post=4350"}],"version-history":[{"count":6,"href":"https:\/\/portal.uern.br\/propeg\/wp-json\/wp\/v2\/pages\/4350\/revisions"}],"predecessor-version":[{"id":4594,"href":"https:\/\/portal.uern.br\/propeg\/wp-json\/wp\/v2\/pages\/4350\/revisions\/4594"}],"wp:attachment":[{"href":"https:\/\/portal.uern.br\/propeg\/wp-json\/wp\/v2\/media?parent=4350"}],"curies":[{"name":"wp","href":"https:\/\/api.w.org\/{rel}","templated":true}]}}