{"id":416,"date":"2022-09-08T08:41:47","date_gmt":"2022-09-08T11:41:47","guid":{"rendered":"https:\/\/paisdemossoro.com.br\/wordpress\/propeg\/?page_id=416"},"modified":"2026-03-16T12:17:48","modified_gmt":"2026-03-16T15:17:48","slug":"comite-institucional-de-pesquisa-e-inovacao-cipi","status":"publish","type":"page","link":"https:\/\/portal.uern.br\/propeg\/comite-institucional-de-pesquisa-e-inovacao-cipi\/","title":{"rendered":"Comit\u00ea Institucional de Pesquisa e Inova\u00e7\u00e3o &#8211; CIPI"},"content":{"rendered":"<p><a href=\"https:\/\/portal.uern.br\/propeg\/wp-content\/uploads\/2024\/11\/JOUERN_696-Resolucao-CIPI.pdf\">Resolu\u00e7\u00e3o N.\u00ba 23\/2024 &#8211; CONSEPE<\/a> &#8211; Disp\u00f5e sobre o Comit\u00ea Institucional de Pesquisa e Inova\u00e7\u00e3o da Pr\u00f3-Reitoria de Pesquisa e P\u00f3s-Gradua\u00e7\u00e3o da Universidade do Estado do Rio Grande do Norte e revoga a Resolu\u00e7\u00e3o N\u00ba 93\/2014-Consepe.<\/p>\n<p><a href=\"https:\/\/portal.uern.br\/propeg\/wp-content\/uploads\/2025\/04\/Regimento-Interno-do-Cipi.pdf\">Regimento Interno do CIPI<\/a><\/p>\n<p>P<a href=\"https:\/\/portal.uern.br\/propeg\/wp-content\/uploads\/2025\/05\/JOUERN-Portaria-No-46-2025-CIPI.pdf\">ortaria de composi\u00e7\u00e3o do CIPI (46\/2025-GR\/UERN)<\/a><\/p>\n<p><a href=\"https:\/\/portal.uern.br\/propeg\/wp-content\/uploads\/2026\/03\/Calendario-de-Reunioes-CIPI-2026.pdf\">Calend\u00e1rio de reuni\u00f5es do Comit\u00ea Institucional de Pesquisa e Inova\u00e7\u00e3o &#8211; CIPI 2026<\/a><\/p>\n<p><a href=\"https:\/\/portal.uern.br\/propeg\/wp-content\/uploads\/2025\/07\/index.pdf\">Edital 09\/2025 &#8211; Composi\u00e7\u00e3o do CIPI<\/a><\/p>\n<p><a href=\"https:\/\/portal.uern.br\/propeg\/wp-content\/uploads\/2025\/08\/P-Publicacao-PAG-PROPEG.pdf\">Resultado Final de Processo Seletivo Composi\u00e7\u00e3o CIPI 2025-2027<\/a><\/p>\n<p><a href=\"https:\/\/portal.uern.br\/propeg\/wp-content\/uploads\/2025\/08\/Jouern.-RESULTADO-FINAL-PROCESSO-SELETIVO-CIPI.pdf\">Jouern &#8211; Resultado Final Processo Seletivo Composi\u00e7\u00e3o CIPI 2025-2027<\/a><\/p>\n<p><a href=\"https:\/\/portal.uern.br\/propeg\/wp-content\/uploads\/2025\/08\/Portaria-CIPI-2025-2027.pdf\">Portaria de Composi\u00e7\u00e3o CIPI 2025-2027<\/a><\/p>\n","protected":false},"excerpt":{"rendered":"<p>Resolu\u00e7\u00e3o N.\u00ba 23\/2024 &#8211; CONSEPE &#8211; Disp\u00f5e sobre o Comit\u00ea Institucional de Pesquisa e Inova\u00e7\u00e3o da Pr\u00f3-Reitoria de Pesquisa e P\u00f3s-Gradua\u00e7\u00e3o da Universidade do Estado do Rio Grande do Norte e revoga a Resolu\u00e7\u00e3o N\u00ba 93\/2014-Consepe. Regimento Interno do CIPI Portaria de composi\u00e7\u00e3o do CIPI (46\/2025-GR\/UERN) Calend\u00e1rio de reuni\u00f5es do Comit\u00ea Institucional de Pesquisa e [&hellip;]<\/p>\n","protected":false},"author":1,"featured_media":0,"parent":0,"menu_order":0,"comment_status":"closed","ping_status":"closed","template":"","meta":{"footnotes":""},"class_list":["post-416","page","type-page","status-publish","hentry"],"_links":{"self":[{"href":"https:\/\/portal.uern.br\/propeg\/wp-json\/wp\/v2\/pages\/416","targetHints":{"allow":["GET"]}}],"collection":[{"href":"https:\/\/portal.uern.br\/propeg\/wp-json\/wp\/v2\/pages"}],"about":[{"href":"https:\/\/portal.uern.br\/propeg\/wp-json\/wp\/v2\/types\/page"}],"author":[{"embeddable":true,"href":"https:\/\/portal.uern.br\/propeg\/wp-json\/wp\/v2\/users\/1"}],"replies":[{"embeddable":true,"href":"https:\/\/portal.uern.br\/propeg\/wp-json\/wp\/v2\/comments?post=416"}],"version-history":[{"count":27,"href":"https:\/\/portal.uern.br\/propeg\/wp-json\/wp\/v2\/pages\/416\/revisions"}],"predecessor-version":[{"id":4534,"href":"https:\/\/portal.uern.br\/propeg\/wp-json\/wp\/v2\/pages\/416\/revisions\/4534"}],"wp:attachment":[{"href":"https:\/\/portal.uern.br\/propeg\/wp-json\/wp\/v2\/media?parent=416"}],"curies":[{"name":"wp","href":"https:\/\/api.w.org\/{rel}","templated":true}]}}