{"id":3993,"date":"2025-06-30T12:54:32","date_gmt":"2025-06-30T15:54:32","guid":{"rendered":"https:\/\/portal.uern.br\/propeg\/?page_id=3993"},"modified":"2025-07-01T10:18:33","modified_gmt":"2025-07-01T13:18:33","slug":"sala-multiuso-da-biblioteca-central","status":"publish","type":"page","link":"https:\/\/portal.uern.br\/propeg\/sala-multiuso-da-biblioteca-central\/","title":{"rendered":"Sala Multiuso da Biblioteca Central"},"content":{"rendered":"<p><img fetchpriority=\"high\" decoding=\"async\" class=\"alignnone wp-image-3994\" src=\"https:\/\/portal.uern.br\/propeg\/wp-content\/uploads\/2025\/06\/WhatsApp-Image-2025-06-30-at-10.49.08.jpeg\" alt=\"\" width=\"816\" height=\"347\" srcset=\"https:\/\/portal.uern.br\/propeg\/wp-content\/uploads\/2025\/06\/WhatsApp-Image-2025-06-30-at-10.49.08.jpeg 940w, https:\/\/portal.uern.br\/propeg\/wp-content\/uploads\/2025\/06\/WhatsApp-Image-2025-06-30-at-10.49.08-300x128.jpeg 300w, https:\/\/portal.uern.br\/propeg\/wp-content\/uploads\/2025\/06\/WhatsApp-Image-2025-06-30-at-10.49.08-768x327.jpeg 768w\" sizes=\"(max-width: 816px) 100vw, 816px\" \/><\/p>\n<p>&nbsp;<\/p>\n<p data-start=\"3178\" data-end=\"3472\">A <strong data-start=\"3180\" data-end=\"3219\">Sala Multiuso da Biblioteca Central<\/strong> \u00e9 um espa\u00e7o flex\u00edvel, pensado para apoiar atividades acad\u00eamicas, culturais e institucionais. O ambiente est\u00e1 dispon\u00edvel para realiza\u00e7\u00e3o de reuni\u00f5es, grupos de estudo, oficinas, palestras e pequenas exposi\u00e7\u00f5es, oferecendo estrutura confort\u00e1vel e adequada para diferentes necessidades da comunidade universit\u00e1ria. Os agendamentos podem ser feitos diretamente na administra\u00e7\u00e3o da Biblioteca ou por meio do nosso sistema online, respeitando os hor\u00e1rios de funcionamento do campus.<\/p>\n<p data-start=\"3178\" data-end=\"3472\">\n<p data-start=\"3474\" data-end=\"3831\">\ud83d\udccd <strong data-start=\"3477\" data-end=\"3493\">Localiza\u00e7\u00e3o:<\/strong> Biblioteca Central &#8211; Campus Central da UERN<br data-start=\"3537\" data-end=\"3540\" \/>\ud83d\udcdd <strong data-start=\"3543\" data-end=\"3562\">Para que serve:<\/strong> Eventos acad\u00eamicos, culturais e cient\u00edficos, al\u00e9m de atividades extensionistas e administrativas.<br data-start=\"3660\" data-end=\"3663\" \/>\ud83d\udcc5 <strong data-start=\"3666\" data-end=\"3682\">Agende aqui:<\/strong> <a class=\"\" href=\"https:\/\/docs.google.com\/forms\/d\/1NUVZ1xlyjjI45qih4hkfNqiMw-MP-dQM1kzbZpLFBls\/viewform?edit_requested=true\" target=\"_new\" rel=\"noopener\" data-start=\"3683\" data-end=\"3831\">Formul\u00e1rio de Agendamento Sala Multiuso<\/a><\/p>\n<p>&nbsp;<\/p>\n","protected":false},"excerpt":{"rendered":"<p>&nbsp; A Sala Multiuso da Biblioteca Central \u00e9 um espa\u00e7o flex\u00edvel, pensado para apoiar atividades acad\u00eamicas, culturais e institucionais. O ambiente est\u00e1 dispon\u00edvel para realiza\u00e7\u00e3o de reuni\u00f5es, grupos de estudo, oficinas, palestras e pequenas exposi\u00e7\u00f5es, oferecendo estrutura confort\u00e1vel e adequada para diferentes necessidades da comunidade universit\u00e1ria. Os agendamentos podem ser feitos diretamente na administra\u00e7\u00e3o da [&hellip;]<\/p>\n","protected":false},"author":2,"featured_media":0,"parent":0,"menu_order":0,"comment_status":"closed","ping_status":"closed","template":"","meta":{"footnotes":""},"class_list":["post-3993","page","type-page","status-publish","hentry"],"_links":{"self":[{"href":"https:\/\/portal.uern.br\/propeg\/wp-json\/wp\/v2\/pages\/3993","targetHints":{"allow":["GET"]}}],"collection":[{"href":"https:\/\/portal.uern.br\/propeg\/wp-json\/wp\/v2\/pages"}],"about":[{"href":"https:\/\/portal.uern.br\/propeg\/wp-json\/wp\/v2\/types\/page"}],"author":[{"embeddable":true,"href":"https:\/\/portal.uern.br\/propeg\/wp-json\/wp\/v2\/users\/2"}],"replies":[{"embeddable":true,"href":"https:\/\/portal.uern.br\/propeg\/wp-json\/wp\/v2\/comments?post=3993"}],"version-history":[{"count":3,"href":"https:\/\/portal.uern.br\/propeg\/wp-json\/wp\/v2\/pages\/3993\/revisions"}],"predecessor-version":[{"id":4020,"href":"https:\/\/portal.uern.br\/propeg\/wp-json\/wp\/v2\/pages\/3993\/revisions\/4020"}],"wp:attachment":[{"href":"https:\/\/portal.uern.br\/propeg\/wp-json\/wp\/v2\/media?parent=3993"}],"curies":[{"name":"wp","href":"https:\/\/api.w.org\/{rel}","templated":true}]}}