{"id":3986,"date":"2025-06-30T10:15:16","date_gmt":"2025-06-30T13:15:16","guid":{"rendered":"https:\/\/portal.uern.br\/propeg\/?page_id=3986"},"modified":"2025-07-01T10:44:35","modified_gmt":"2025-07-01T13:44:35","slug":"social-lab","status":"publish","type":"page","link":"https:\/\/portal.uern.br\/propeg\/social-lab\/","title":{"rendered":"Sala Coworking"},"content":{"rendered":"<p data-start=\"1086\" data-end=\"1438\"><img fetchpriority=\"high\" decoding=\"async\" class=\"wp-image-4021 aligncenter\" src=\"https:\/\/portal.uern.br\/propeg\/wp-content\/uploads\/2025\/07\/WhatsApp-Image-2025-07-01-at-10.21.34.jpeg\" alt=\"\" width=\"646\" height=\"381\" srcset=\"https:\/\/portal.uern.br\/propeg\/wp-content\/uploads\/2025\/07\/WhatsApp-Image-2025-07-01-at-10.21.34.jpeg 1024w, https:\/\/portal.uern.br\/propeg\/wp-content\/uploads\/2025\/07\/WhatsApp-Image-2025-07-01-at-10.21.34-300x177.jpeg 300w, https:\/\/portal.uern.br\/propeg\/wp-content\/uploads\/2025\/07\/WhatsApp-Image-2025-07-01-at-10.21.34-768x453.jpeg 768w\" sizes=\"(max-width: 646px) 100vw, 646px\" \/><\/p>\n<p data-start=\"1086\" data-end=\"1438\">A <strong data-start=\"1088\" data-end=\"1111\">Sala Coworking UERN<\/strong> \u00e9 um espa\u00e7o especialmente preparado para impulsionar o empreendedorismo e a inova\u00e7\u00e3o entre os estudantes, com foco em startups, incubadoras, empresas juniores e atl\u00e9ticas universit\u00e1rias. \u00c9 um ambiente din\u00e2mico, que oferece infraestrutura adequada para reuni\u00f5es, desenvolvimento de projetos, networking e eventos colaborativos. Mais informa\u00e7\u00f5es:\u00a0<a href=\"https:\/\/portal.uern.br\/prae\/coworking\/\">https:\/\/portal.uern.br\/prae\/coworking\/<\/a><\/p>\n<p data-start=\"1440\" data-end=\"1806\">\ud83d\udccd <strong data-start=\"1443\" data-end=\"1459\">Localiza\u00e7\u00e3o:<\/strong> Campus Central da UERN<br data-start=\"1482\" data-end=\"1485\" \/>\ud83d\udcdd <strong data-start=\"1488\" data-end=\"1507\">Para que serve:<\/strong> Desenvolver projetos empreendedores, realizar encontros e consolidar iniciativas que fortale\u00e7am o ecossistema de inova\u00e7\u00e3o acad\u00eamica.<br data-start=\"1640\" data-end=\"1643\" \/>\ud83d\udcc5 <strong data-start=\"1646\" data-end=\"1662\">Agende aqui:<\/strong> <a class=\"\" href=\"https:\/\/docs.google.com\/forms\/d\/e\/1FAIpQLSeo-KIBHKsSokiqgMJRyAUGyfuoG64Ki4Sv2WqpJMdg754wkw\/viewform\" target=\"_new\" rel=\"noopener\" data-start=\"1663\" data-end=\"1806\">Formul\u00e1rio de Agendamento Sala Coworking<\/a><\/p>\n","protected":false},"excerpt":{"rendered":"<p>A Sala Coworking UERN \u00e9 um espa\u00e7o especialmente preparado para impulsionar o empreendedorismo e a inova\u00e7\u00e3o entre os estudantes, com foco em startups, incubadoras, empresas juniores e atl\u00e9ticas universit\u00e1rias. \u00c9 um ambiente din\u00e2mico, que oferece infraestrutura adequada para reuni\u00f5es, desenvolvimento de projetos, networking e eventos colaborativos. Mais informa\u00e7\u00f5es:\u00a0https:\/\/portal.uern.br\/prae\/coworking\/ \ud83d\udccd Localiza\u00e7\u00e3o: Campus Central da UERN\ud83d\udcdd Para [&hellip;]<\/p>\n","protected":false},"author":2,"featured_media":0,"parent":0,"menu_order":0,"comment_status":"closed","ping_status":"closed","template":"","meta":{"footnotes":""},"class_list":["post-3986","page","type-page","status-publish","hentry"],"_links":{"self":[{"href":"https:\/\/portal.uern.br\/propeg\/wp-json\/wp\/v2\/pages\/3986","targetHints":{"allow":["GET"]}}],"collection":[{"href":"https:\/\/portal.uern.br\/propeg\/wp-json\/wp\/v2\/pages"}],"about":[{"href":"https:\/\/portal.uern.br\/propeg\/wp-json\/wp\/v2\/types\/page"}],"author":[{"embeddable":true,"href":"https:\/\/portal.uern.br\/propeg\/wp-json\/wp\/v2\/users\/2"}],"replies":[{"embeddable":true,"href":"https:\/\/portal.uern.br\/propeg\/wp-json\/wp\/v2\/comments?post=3986"}],"version-history":[{"count":5,"href":"https:\/\/portal.uern.br\/propeg\/wp-json\/wp\/v2\/pages\/3986\/revisions"}],"predecessor-version":[{"id":4033,"href":"https:\/\/portal.uern.br\/propeg\/wp-json\/wp\/v2\/pages\/3986\/revisions\/4033"}],"wp:attachment":[{"href":"https:\/\/portal.uern.br\/propeg\/wp-json\/wp\/v2\/media?parent=3986"}],"curies":[{"name":"wp","href":"https:\/\/api.w.org\/{rel}","templated":true}]}}