{"id":3983,"date":"2025-06-30T10:10:09","date_gmt":"2025-06-30T13:10:09","guid":{"rendered":"https:\/\/portal.uern.br\/propeg\/?page_id=3983"},"modified":"2025-07-01T09:37:38","modified_gmt":"2025-07-01T12:37:38","slug":"ambientes-colaborativos","status":"publish","type":"page","link":"https:\/\/portal.uern.br\/propeg\/ambientes-colaborativos\/","title":{"rendered":"Ambientes Colaborativos"},"content":{"rendered":"<p data-start=\"453\" data-end=\"918\">A Universidade do Estado do Rio Grande do Norte (UERN) disponibiliza \u00e0 comunidade acad\u00eamica uma s\u00e9rie de <strong data-start=\"558\" data-end=\"585\">ambientes colaborativos<\/strong>, projetados para fomentar o empreendedorismo, a inova\u00e7\u00e3o, o desenvolvimento de ideias criativas e o trabalho em rede. Esses espa\u00e7os s\u00e3o essenciais para aproximar estudantes, professores, pesquisadores, empreendedores e parceiros institucionais, criando oportunidades \u00fanicas de aprendizado, experimenta\u00e7\u00e3o e crescimento profissional.<\/p>\n<p data-start=\"920\" data-end=\"1054\">Confira abaixo cada um dos nossos ambientes colaborativos, suas finalidades, localiza\u00e7\u00f5es e como fazer o agendamento para utiliz\u00e1-los.<\/p>\n<h3 data-start=\"483\" data-end=\"509\">\ud83d\udccd Sala Coworking UERN<\/h3>\n<p data-start=\"510\" data-end=\"692\">Espa\u00e7o para startups, empresas juniores e projetos inovadores.<br data-start=\"572\" data-end=\"575\" \/>\ud83d\udc49 <a class=\"\" href=\"https:\/\/docs.google.com\/forms\/d\/e\/1FAIpQLSeo-KIBHKsSokiqgMJRyAUGyfuoG64Ki4Sv2WqpJMdg754wkw\/viewform\" target=\"_new\" rel=\"noopener\" data-start=\"578\" data-end=\"692\">Agende aqui<\/a><\/p>\n<h3 data-start=\"694\" data-end=\"727\">\ud83d\udccd Social Lab (UERN &amp; SEBRAE)<\/h3>\n<p data-start=\"728\" data-end=\"924\">Laborat\u00f3rio de inova\u00e7\u00e3o social no DAD para projetos colaborativos e eventos.<br data-start=\"804\" data-end=\"807\" \/>\ud83d\udc49 <a class=\"\" href=\"https:\/\/docs.google.com\/forms\/d\/e\/1FAIpQLSfeIcAL4aBDW2Y1K6cFouXlavhilU8gJ8kDxFfI8gjrV0SjUA\/viewform\" target=\"_new\" rel=\"noopener\" data-start=\"810\" data-end=\"924\">Agende aqui<\/a><\/p>\n<h3 data-start=\"926\" data-end=\"954\">\ud83d\udccd Cubo M\u00e1gico FUNCITERN<\/h3>\n<p data-start=\"955\" data-end=\"1067\">Ambiente criativo para reuni\u00f5es, mentorias e projetos multi\u00e1reas.<br data-start=\"1020\" data-end=\"1023\" \/>\ud83d\udc49 Solicite pelo e-mail: <a class=\"cursor-pointer\" rel=\"noopener\" data-start=\"1048\" data-end=\"1067\">funcitern@gmail.com<\/a><\/p>\n<h3 data-start=\"1069\" data-end=\"1111\">\ud83d\udccd Sala Multiuso da Biblioteca Central<\/h3>\n<p data-start=\"1112\" data-end=\"1299\">Local para palestras, oficinas, defesas e eventos acad\u00eamicos.<br data-start=\"1173\" data-end=\"1176\" \/>\ud83d\udc49 <a class=\"\" href=\"https:\/\/docs.google.com\/forms\/d\/1NUVZ1xlyjjI45qih4hkfNqiMw-MP-dQM1kzbZpLFBls\/viewform?edit_requested=true\" target=\"_new\" rel=\"noopener\" data-start=\"1179\" data-end=\"1299\">Agende aqui<\/a><\/p>\n<hr data-start=\"1301\" data-end=\"1304\" \/>\n<p data-start=\"1306\" data-end=\"1399\">\u2705 <strong data-start=\"1308\" data-end=\"1317\">Dica:<\/strong> Programe-se com anteced\u00eancia para garantir o melhor aproveitamento dos espa\u00e7os!<\/p>\n","protected":false},"excerpt":{"rendered":"<p>A Universidade do Estado do Rio Grande do Norte (UERN) disponibiliza \u00e0 comunidade acad\u00eamica uma s\u00e9rie de ambientes colaborativos, projetados para fomentar o empreendedorismo, a inova\u00e7\u00e3o, o desenvolvimento de ideias criativas e o trabalho em rede. Esses espa\u00e7os s\u00e3o essenciais para aproximar estudantes, professores, pesquisadores, empreendedores e parceiros institucionais, criando oportunidades \u00fanicas de aprendizado, experimenta\u00e7\u00e3o [&hellip;]<\/p>\n","protected":false},"author":2,"featured_media":0,"parent":0,"menu_order":0,"comment_status":"closed","ping_status":"closed","template":"","meta":{"footnotes":""},"class_list":["post-3983","page","type-page","status-publish","hentry"],"_links":{"self":[{"href":"https:\/\/portal.uern.br\/propeg\/wp-json\/wp\/v2\/pages\/3983","targetHints":{"allow":["GET"]}}],"collection":[{"href":"https:\/\/portal.uern.br\/propeg\/wp-json\/wp\/v2\/pages"}],"about":[{"href":"https:\/\/portal.uern.br\/propeg\/wp-json\/wp\/v2\/types\/page"}],"author":[{"embeddable":true,"href":"https:\/\/portal.uern.br\/propeg\/wp-json\/wp\/v2\/users\/2"}],"replies":[{"embeddable":true,"href":"https:\/\/portal.uern.br\/propeg\/wp-json\/wp\/v2\/comments?post=3983"}],"version-history":[{"count":3,"href":"https:\/\/portal.uern.br\/propeg\/wp-json\/wp\/v2\/pages\/3983\/revisions"}],"predecessor-version":[{"id":4014,"href":"https:\/\/portal.uern.br\/propeg\/wp-json\/wp\/v2\/pages\/3983\/revisions\/4014"}],"wp:attachment":[{"href":"https:\/\/portal.uern.br\/propeg\/wp-json\/wp\/v2\/media?parent=3983"}],"curies":[{"name":"wp","href":"https:\/\/api.w.org\/{rel}","templated":true}]}}