{"id":395,"date":"2022-07-29T09:53:56","date_gmt":"2022-07-29T12:53:56","guid":{"rendered":"https:\/\/paisdemossoro.com.br\/wordpress\/propeg\/?page_id=395"},"modified":"2022-12-13T11:22:02","modified_gmt":"2022-12-13T14:22:02","slug":"organograma","status":"publish","type":"page","link":"https:\/\/portal.uern.br\/propeg\/organograma\/","title":{"rendered":"Organograma"},"content":{"rendered":"<p><img fetchpriority=\"high\" decoding=\"async\" class=\"alignnone size-full wp-image-521\" src=\"http:\/\/beta.apps.uern.br\/wordpress\/propeg\/wp-content\/uploads\/2022\/10\/Organograma-PROPEG.png\" alt=\"\" width=\"2339\" height=\"1654\" srcset=\"https:\/\/portal.uern.br\/propeg\/wp-content\/uploads\/2022\/10\/Organograma-PROPEG.png 2339w, https:\/\/portal.uern.br\/propeg\/wp-content\/uploads\/2022\/10\/Organograma-PROPEG-300x212.png 300w, https:\/\/portal.uern.br\/propeg\/wp-content\/uploads\/2022\/10\/Organograma-PROPEG-1024x724.png 1024w, https:\/\/portal.uern.br\/propeg\/wp-content\/uploads\/2022\/10\/Organograma-PROPEG-768x543.png 768w, https:\/\/portal.uern.br\/propeg\/wp-content\/uploads\/2022\/10\/Organograma-PROPEG-1536x1086.png 1536w, https:\/\/portal.uern.br\/propeg\/wp-content\/uploads\/2022\/10\/Organograma-PROPEG-2048x1448.png 2048w\" sizes=\"(max-width: 2339px) 100vw, 2339px\" \/><\/p>\n<p>Conforme <a href=\"http:\/\/beta.apps.uern.br\/wordpress\/propeg\/wp-content\/uploads\/2022\/12\/Resolucao_59_2022_CD.pdf\">Resolu\u00e7\u00e3o n\u00ba 59\/2022<\/a> &#8211; CD, que Define as nomenclaturas, atribui\u00e7\u00f5es e institui organogramas, revogando as Resolu\u00e7\u00f5es n\u00ba06\/2012-CD, 30\/2012-CD e 03\/2016-CD.<\/p>\n","protected":false},"excerpt":{"rendered":"<p>Conforme Resolu\u00e7\u00e3o n\u00ba 59\/2022 &#8211; CD, que Define as nomenclaturas, atribui\u00e7\u00f5es e institui organogramas, revogando as Resolu\u00e7\u00f5es n\u00ba06\/2012-CD, 30\/2012-CD e 03\/2016-CD.<\/p>\n","protected":false},"author":1,"featured_media":0,"parent":0,"menu_order":0,"comment_status":"closed","ping_status":"closed","template":"","meta":{"footnotes":""},"class_list":["post-395","page","type-page","status-publish","hentry"],"_links":{"self":[{"href":"https:\/\/portal.uern.br\/propeg\/wp-json\/wp\/v2\/pages\/395","targetHints":{"allow":["GET"]}}],"collection":[{"href":"https:\/\/portal.uern.br\/propeg\/wp-json\/wp\/v2\/pages"}],"about":[{"href":"https:\/\/portal.uern.br\/propeg\/wp-json\/wp\/v2\/types\/page"}],"author":[{"embeddable":true,"href":"https:\/\/portal.uern.br\/propeg\/wp-json\/wp\/v2\/users\/1"}],"replies":[{"embeddable":true,"href":"https:\/\/portal.uern.br\/propeg\/wp-json\/wp\/v2\/comments?post=395"}],"version-history":[{"count":7,"href":"https:\/\/portal.uern.br\/propeg\/wp-json\/wp\/v2\/pages\/395\/revisions"}],"predecessor-version":[{"id":758,"href":"https:\/\/portal.uern.br\/propeg\/wp-json\/wp\/v2\/pages\/395\/revisions\/758"}],"wp:attachment":[{"href":"https:\/\/portal.uern.br\/propeg\/wp-json\/wp\/v2\/media?parent=395"}],"curies":[{"name":"wp","href":"https:\/\/api.w.org\/{rel}","templated":true}]}}