{"id":3833,"date":"2025-04-15T12:18:18","date_gmt":"2025-04-15T15:18:18","guid":{"rendered":"https:\/\/portal.uern.br\/propeg\/?page_id=3833"},"modified":"2025-04-24T11:48:52","modified_gmt":"2025-04-24T14:48:52","slug":"certificados-do-webinario-indexacao-e-qualificacao-de-periodicos-academicos","status":"publish","type":"page","link":"https:\/\/portal.uern.br\/propeg\/eventos\/certificados-do-webinario-indexacao-e-qualificacao-de-periodicos-academicos\/","title":{"rendered":"Certificados do Webin\u00e1rio &#8220;Indexa\u00e7\u00e3o e Qualifica\u00e7\u00e3o de Peri\u00f3dicos Acad\u00eamicos&#8221;"},"content":{"rendered":"<p>O link para acessar os certificados referentes ao Webin\u00e1rio <strong>&#8220;Indexa\u00e7\u00e3o e Qualifica\u00e7\u00e3o de Peri\u00f3dicos Acad\u00eamicos&#8221;<\/strong> est\u00e1 dispon\u00edvel abaixo nesta p\u00e1gina. Para obter o seu certificado, basta clicar no link abaixo e procurar pelo seu nome.<\/p>\n<p>Acesse seu certificado <a href=\"https:\/\/drive.google.com\/drive\/folders\/1CB7gszumIFgOuG0AJ3luvb40d08HDmBF?usp=sharing\">aqui.<\/a><\/p>\n","protected":false},"excerpt":{"rendered":"<p>Disponibiliza\u00e7\u00e3o de certificados.<\/p>\n","protected":false},"author":11,"featured_media":0,"parent":1996,"menu_order":0,"comment_status":"closed","ping_status":"closed","template":"","meta":{"footnotes":""},"class_list":["post-3833","page","type-page","status-publish","hentry"],"_links":{"self":[{"href":"https:\/\/portal.uern.br\/propeg\/wp-json\/wp\/v2\/pages\/3833","targetHints":{"allow":["GET"]}}],"collection":[{"href":"https:\/\/portal.uern.br\/propeg\/wp-json\/wp\/v2\/pages"}],"about":[{"href":"https:\/\/portal.uern.br\/propeg\/wp-json\/wp\/v2\/types\/page"}],"author":[{"embeddable":true,"href":"https:\/\/portal.uern.br\/propeg\/wp-json\/wp\/v2\/users\/11"}],"replies":[{"embeddable":true,"href":"https:\/\/portal.uern.br\/propeg\/wp-json\/wp\/v2\/comments?post=3833"}],"version-history":[{"count":6,"href":"https:\/\/portal.uern.br\/propeg\/wp-json\/wp\/v2\/pages\/3833\/revisions"}],"predecessor-version":[{"id":3853,"href":"https:\/\/portal.uern.br\/propeg\/wp-json\/wp\/v2\/pages\/3833\/revisions\/3853"}],"up":[{"embeddable":true,"href":"https:\/\/portal.uern.br\/propeg\/wp-json\/wp\/v2\/pages\/1996"}],"wp:attachment":[{"href":"https:\/\/portal.uern.br\/propeg\/wp-json\/wp\/v2\/media?parent=3833"}],"curies":[{"name":"wp","href":"https:\/\/api.w.org\/{rel}","templated":true}]}}