{"id":3795,"date":"2025-04-02T16:16:46","date_gmt":"2025-04-02T19:16:46","guid":{"rendered":"https:\/\/portal.uern.br\/propeg\/?page_id=3795"},"modified":"2025-04-04T12:33:50","modified_gmt":"2025-04-04T15:33:50","slug":"startup-2","status":"publish","type":"page","link":"https:\/\/portal.uern.br\/propeg\/startup-2\/","title":{"rendered":"Startups"},"content":{"rendered":"<p class=\"\" data-start=\"315\" data-end=\"552\">A <strong data-start=\"317\" data-end=\"339\">Ag\u00eancia UERN Inova<\/strong>, que \u00e9 o N\u00facleo de Inova\u00e7\u00e3o Tecnol\u00f3gica (NIT), tem como miss\u00e3o incentivar, apoiar e acompanhar a cria\u00e7\u00e3o e o desenvolvimento de <strong data-start=\"466\" data-end=\"478\">startups<\/strong> no ecossistema da Universidade do Estado do Rio Grande do Norte &#8211; UERN.<\/p>\n<p class=\"\" data-start=\"554\" data-end=\"761\">As startups s\u00e3o <strong data-start=\"570\" data-end=\"650\">modelos de neg\u00f3cios inovadores, escal\u00e1veis e com grande potencial de impacto<\/strong> no mercado e na sociedade. Elas nascem para resolver problemas reais com criatividade, tecnologia e agilidade.<\/p>\n<h3 class=\"\" data-start=\"768\" data-end=\"795\">\ud83e\udde0 O que \u00e9 uma Startup?<\/h3>\n<p class=\"\" data-start=\"797\" data-end=\"1138\">Uma startup \u00e9 uma empresa jovem, em fase inicial, que busca explorar <strong data-start=\"866\" data-end=\"899\">modelos de neg\u00f3cio inovadores<\/strong>, geralmente baseados em tecnologia, com <strong data-start=\"940\" data-end=\"973\">alto potencial de crescimento<\/strong>. Ao contr\u00e1rio de empresas tradicionais, startups operam em um ambiente de <strong data-start=\"1048\" data-end=\"1061\">incerteza<\/strong>, testando ideias e solu\u00e7\u00f5es at\u00e9 encontrar o melhor caminho para gerar valor.<\/p>\n<h3 class=\"\" data-start=\"1145\" data-end=\"1192\">\ud83c\udfaf Qual a import\u00e2ncia das Startups?<\/h3>\n<p class=\"\" data-start=\"1194\" data-end=\"1306\">Startups t\u00eam papel essencial na conex\u00e3o entre <strong data-start=\"1240\" data-end=\"1272\">pesquisa, inova\u00e7\u00e3o e mercado<\/strong>. No ambiente universit\u00e1rio, elas:<\/p>\n<ul data-start=\"1308\" data-end=\"1595\">\n<li class=\"\" data-start=\"1308\" data-end=\"1367\">\n<p class=\"\" data-start=\"1310\" data-end=\"1367\">Transformam conhecimento cient\u00edfico em solu\u00e7\u00f5es pr\u00e1ticas;<\/p>\n<\/li>\n<li class=\"\" data-start=\"1368\" data-end=\"1440\">\n<p class=\"\" data-start=\"1370\" data-end=\"1440\">Estimulam o empreendedorismo entre estudantes, professores e t\u00e9cnicos;<\/p>\n<\/li>\n<li class=\"\" data-start=\"1441\" data-end=\"1496\">\n<p class=\"\" data-start=\"1443\" data-end=\"1496\">Contribuem para o desenvolvimento econ\u00f4mico regional;<\/p>\n<\/li>\n<li class=\"\" data-start=\"1497\" data-end=\"1557\">\n<p class=\"\" data-start=\"1499\" data-end=\"1557\">Fortalecem parcerias com empresas e institui\u00e7\u00f5es p\u00fablicas;<\/p>\n<\/li>\n<li class=\"\" data-start=\"1558\" data-end=\"1595\">\n<p class=\"\" data-start=\"1560\" data-end=\"1595\">Geram impacto social e tecnol\u00f3gico.<\/p>\n<\/li>\n<\/ul>\n<p><span class=\"selectable-text copyable-text false\">\ud83d\udd39 A Universidade do Estado do Rio Grande do Norte (UERN) tem se consolidado como um ambiente f\u00e9rtil para o surgimento de ideias inovadoras. Ao longo dos anos, cerca de 9 startups foram criadas por egressos, estudantes e integrantes de empresas juniores e projetos de extens\u00e3o, refletindo o impacto positivo do ecossistema acad\u00eamico na forma\u00e7\u00e3o de empreendedores. <\/span><\/p>\n<p><span class=\"selectable-text copyable-text false\">\ud83d\udd39Embora n\u00e3o estejam formalmente vinculadas \u00e0 UERN, essas iniciativas carregam em sua ess\u00eancia a influ\u00eancia do conhecimento, das experi\u00eancias e das oportunidades vivenciadas no ambiente universit\u00e1rio. Aqui, destacamos algumas dessas hist\u00f3rias que nasceram com ra\u00edzes na UERN e hoje contribuem para o desenvolvimento regional com inova\u00e7\u00e3o e criatividade.<\/span><\/p>\n<p data-start=\"1882\" data-end=\"2058\"><img decoding=\"async\" class=\"wp-image-3789 alignleft\" src=\"https:\/\/portal.uern.br\/propeg\/wp-content\/uploads\/2025\/04\/WhatsApp-Image-2025-04-02-at-12.42.17-1-1.jpeg\" alt=\"\" width=\"212\" height=\"212\" srcset=\"https:\/\/portal.uern.br\/propeg\/wp-content\/uploads\/2025\/04\/WhatsApp-Image-2025-04-02-at-12.42.17-1-1.jpeg 1080w, https:\/\/portal.uern.br\/propeg\/wp-content\/uploads\/2025\/04\/WhatsApp-Image-2025-04-02-at-12.42.17-1-1-300x300.jpeg 300w, https:\/\/portal.uern.br\/propeg\/wp-content\/uploads\/2025\/04\/WhatsApp-Image-2025-04-02-at-12.42.17-1-1-1024x1024.jpeg 1024w, https:\/\/portal.uern.br\/propeg\/wp-content\/uploads\/2025\/04\/WhatsApp-Image-2025-04-02-at-12.42.17-1-1-150x150.jpeg 150w, https:\/\/portal.uern.br\/propeg\/wp-content\/uploads\/2025\/04\/WhatsApp-Image-2025-04-02-at-12.42.17-1-1-768x768.jpeg 768w\" sizes=\"(max-width: 212px) 100vw, 212px\" \/><\/p>\n<p data-start=\"1882\" data-end=\"2058\"><img decoding=\"async\" class=\"wp-image-3788 alignleft\" src=\"https:\/\/portal.uern.br\/propeg\/wp-content\/uploads\/2025\/04\/WhatsApp-Image-2025-04-02-at-12.42.16-2.jpeg\" alt=\"\" width=\"212\" height=\"212\" srcset=\"https:\/\/portal.uern.br\/propeg\/wp-content\/uploads\/2025\/04\/WhatsApp-Image-2025-04-02-at-12.42.16-2.jpeg 500w, https:\/\/portal.uern.br\/propeg\/wp-content\/uploads\/2025\/04\/WhatsApp-Image-2025-04-02-at-12.42.16-2-300x300.jpeg 300w, https:\/\/portal.uern.br\/propeg\/wp-content\/uploads\/2025\/04\/WhatsApp-Image-2025-04-02-at-12.42.16-2-150x150.jpeg 150w\" sizes=\"(max-width: 212px) 100vw, 212px\" \/><\/p>\n<h3 data-start=\"2065\" data-end=\"2095\"><\/h3>\n<p>&nbsp;<\/p>\n<h3 data-start=\"2065\" data-end=\"2095\"><img decoding=\"async\" class=\"alignnone wp-image-3792\" src=\"https:\/\/portal.uern.br\/propeg\/wp-content\/uploads\/2025\/04\/WhatsApp-Image-2025-04-02-at-12.42.17-2.jpeg\" alt=\"\" width=\"213\" height=\"110\" srcset=\"https:\/\/portal.uern.br\/propeg\/wp-content\/uploads\/2025\/04\/WhatsApp-Image-2025-04-02-at-12.42.17-2.jpeg 1170w, https:\/\/portal.uern.br\/propeg\/wp-content\/uploads\/2025\/04\/WhatsApp-Image-2025-04-02-at-12.42.17-2-300x156.jpeg 300w, https:\/\/portal.uern.br\/propeg\/wp-content\/uploads\/2025\/04\/WhatsApp-Image-2025-04-02-at-12.42.17-2-1024x531.jpeg 1024w, https:\/\/portal.uern.br\/propeg\/wp-content\/uploads\/2025\/04\/WhatsApp-Image-2025-04-02-at-12.42.17-2-768x398.jpeg 768w\" sizes=\"(max-width: 213px) 100vw, 213px\" \/><\/h3>\n<h3 data-start=\"2065\" data-end=\"2095\"><\/h3>\n<h3 data-start=\"2065\" data-end=\"2095\"><\/h3>\n<h3 data-start=\"2065\" data-end=\"2095\"><\/h3>\n<p>&nbsp;<\/p>\n<p>&nbsp;<\/p>\n<p>&nbsp;<\/p>\n<h3 class=\"\" data-start=\"2065\" data-end=\"2095\">\ud83d\udca1 Como abrir uma Startup?<\/h3>\n<p class=\"\" data-start=\"2097\" data-end=\"2190\">Se voc\u00ea tem uma ideia inovadora e deseja transform\u00e1-la em uma startup, veja por onde come\u00e7ar:<\/p>\n<ol data-start=\"2192\" data-end=\"2738\">\n<li class=\"\" data-start=\"2192\" data-end=\"2265\">\n<p class=\"\" data-start=\"2195\" data-end=\"2265\"><strong data-start=\"2195\" data-end=\"2227\">Identifique um problema real<\/strong> e pense em como voc\u00ea pode resolv\u00ea-lo.<\/p>\n<\/li>\n<li class=\"\" data-start=\"2266\" data-end=\"2349\">\n<p class=\"\" data-start=\"2269\" data-end=\"2349\"><strong data-start=\"2269\" data-end=\"2299\">Monte um time complementar<\/strong>, com pessoas que compartilhem do mesmo prop\u00f3sito.<\/p>\n<\/li>\n<li class=\"\" data-start=\"2350\" data-end=\"2430\">\n<p class=\"\" data-start=\"2353\" data-end=\"2430\"><strong data-start=\"2353\" data-end=\"2373\">Valide sua ideia<\/strong> com potenciais usu\u00e1rios (pesquisa, entrevistas, testes).<\/p>\n<\/li>\n<li class=\"\" data-start=\"2431\" data-end=\"2513\">\n<p class=\"\" data-start=\"2434\" data-end=\"2513\"><strong data-start=\"2434\" data-end=\"2479\">Desenvolva um MVP (Produto M\u00ednimo Vi\u00e1vel)<\/strong> para come\u00e7ar a testar no mercado.<\/p>\n<\/li>\n<li class=\"\" data-start=\"2514\" data-end=\"2596\">\n<p class=\"\" data-start=\"2517\" data-end=\"2596\"><strong data-start=\"2517\" data-end=\"2568\">Busque orienta\u00e7\u00e3o e apoio da Ag\u00eancia UERN Inova<\/strong> \u2013 estamos aqui para ajudar!<\/p>\n<\/li>\n<li class=\"\" data-start=\"2597\" data-end=\"2738\">\n<p class=\"\" data-start=\"2600\" data-end=\"2738\"><strong data-start=\"2600\" data-end=\"2625\">Formalize sua startup<\/strong>, criando CNPJ, definindo o modelo de neg\u00f3cio e buscando conex\u00f5es com incubadoras, aceleradoras e redes de apoio.<\/p>\n<\/li>\n<\/ol>\n<h3 class=\"\" data-start=\"2745\" data-end=\"2776\">\ud83e\udded Como a UERN pode ajudar?<\/h3>\n<p class=\"\" data-start=\"2778\" data-end=\"2807\">A Ag\u00eancia UERN Inova oferece:<\/p>\n<p class=\"\" data-start=\"2809\" data-end=\"3043\">\u2705 Apoio t\u00e9cnico e institucional;<br data-start=\"2841\" data-end=\"2844\" \/>\u2705 Orienta\u00e7\u00e3o para quem deseja empreender com inova\u00e7\u00e3o;<br data-start=\"2898\" data-end=\"2901\" \/>\u2705 Capacita\u00e7\u00f5es e rodas de conversa sobre empreendedorismo;<br data-start=\"2959\" data-end=\"2962\" \/>\u2705 Conex\u00f5es com parceiros estrat\u00e9gicos;<br data-start=\"3000\" data-end=\"3003\" \/>\u2705 Divulga\u00e7\u00e3o de oportunidades e editais.<\/p>\n<h3 class=\"\" data-start=\"3050\" data-end=\"3085\">\ud83e\udd1d Quer empreender com a gente?<\/h3>\n<p class=\"\" data-start=\"3087\" data-end=\"3348\">Se voc\u00ea tem uma ideia inovadora, j\u00e1 come\u00e7ou a empreender, ou simplesmente quer entender melhor esse universo, entre em contato com a <strong data-start=\"3220\" data-end=\"3242\">Ag\u00eancia UERN Inova<\/strong>. Estamos aqui para impulsionar talentos e construir, junto com voc\u00ea, solu\u00e7\u00f5es que transformam realidades.<\/p>\n<p class=\"\" data-start=\"3350\" data-end=\"3495\">\ud83d\udce7 <strong data-start=\"3353\" data-end=\"3364\">E-mail:<\/strong> inova.propeg<a class=\"cursor-pointer\" rel=\"noopener\" data-start=\"3365\" data-end=\"3382\">@uern.br<\/a><br data-start=\"3382\" data-end=\"3385\" \/>\ud83d\udccd <strong data-start=\"3388\" data-end=\"3398\">Local:<\/strong> Pr\u00f3-reitoria de Pesquisa e P\u00f3s-Gradua\u00e7\u00e3o &#8211; PROPEG<br data-start=\"3428\" data-end=\"3431\" \/>\ud83d\udcf2 Voc\u00ea tem uma Startup? Preencha o formul\u00e1rio e nos deixe te conhecer. <a href=\"https:\/\/docs.google.com\/forms\/d\/e\/1FAIpQLScTLyTgjcX1g2STyYHj5GHzqZcV3jhgIgBYTnrfSZ2fWvilJg\/viewform?usp=sf_link\">Mapeamento de startups\u00a0<\/a><\/p>\n<p class=\"\" data-start=\"3504\" data-end=\"3584\"><strong data-start=\"3504\" data-end=\"3584\">Inova\u00e7\u00e3o nasce de boas ideias, mas cresce com apoio certo. Conte com a UERN!<\/strong><\/p>\n","protected":false},"excerpt":{"rendered":"<p>A Ag\u00eancia UERN Inova, que \u00e9 o N\u00facleo de Inova\u00e7\u00e3o Tecnol\u00f3gica (NIT), tem como miss\u00e3o incentivar, apoiar e acompanhar a cria\u00e7\u00e3o e o desenvolvimento de startups no ecossistema da Universidade do Estado do Rio Grande do Norte &#8211; UERN. As startups s\u00e3o modelos de neg\u00f3cios inovadores, escal\u00e1veis e com grande potencial de impacto no mercado [&hellip;]<\/p>\n","protected":false},"author":2,"featured_media":0,"parent":0,"menu_order":0,"comment_status":"closed","ping_status":"closed","template":"","meta":{"footnotes":""},"class_list":["post-3795","page","type-page","status-publish","hentry"],"_links":{"self":[{"href":"https:\/\/portal.uern.br\/propeg\/wp-json\/wp\/v2\/pages\/3795","targetHints":{"allow":["GET"]}}],"collection":[{"href":"https:\/\/portal.uern.br\/propeg\/wp-json\/wp\/v2\/pages"}],"about":[{"href":"https:\/\/portal.uern.br\/propeg\/wp-json\/wp\/v2\/types\/page"}],"author":[{"embeddable":true,"href":"https:\/\/portal.uern.br\/propeg\/wp-json\/wp\/v2\/users\/2"}],"replies":[{"embeddable":true,"href":"https:\/\/portal.uern.br\/propeg\/wp-json\/wp\/v2\/comments?post=3795"}],"version-history":[{"count":13,"href":"https:\/\/portal.uern.br\/propeg\/wp-json\/wp\/v2\/pages\/3795\/revisions"}],"predecessor-version":[{"id":3822,"href":"https:\/\/portal.uern.br\/propeg\/wp-json\/wp\/v2\/pages\/3795\/revisions\/3822"}],"wp:attachment":[{"href":"https:\/\/portal.uern.br\/propeg\/wp-json\/wp\/v2\/media?parent=3795"}],"curies":[{"name":"wp","href":"https:\/\/api.w.org\/{rel}","templated":true}]}}