{"id":378,"date":"2022-04-05T08:56:30","date_gmt":"2022-04-05T11:56:30","guid":{"rendered":"https:\/\/paisdemossoro.com.br\/wordpress\/propeg\/?page_id=378"},"modified":"2022-04-05T08:56:30","modified_gmt":"2022-04-05T11:56:30","slug":"gestao","status":"publish","type":"page","link":"https:\/\/portal.uern.br\/propeg\/gestao\/","title":{"rendered":"Gest\u00e3o"},"content":{"rendered":"<p><strong>Pr\u00f3-Reitora<\/strong><br \/>\nProf\u00aa. Dr\u00aa. Ellany Gurgel Cosme do Nascimento<br \/>\nEmail:\u00a0propeg@uern.br<\/p>\n<p><strong>Pr\u00f3-Reitor Adjunto<\/strong><br \/>\nProf. Dr. Cl\u00e1udio Lopes de Vasconcelos<br \/>\nEmail: propeg@uern.br<\/p>\n<p><strong>Secret\u00e1ria<\/strong><br \/>\nTNS. Esp. Georgia Maria Pinto N\u00f3brega e Freitas<br \/>\nEmail: propeg@uern.br<\/p>\n<p><strong>Assessor de Fomento<\/strong><br \/>\nTNS. Me. Francisco Felipe da Silva<br \/>\nEmail: fomento.propeg@uern.br<\/p>\n<p><strong>T\u00e9cnico de N\u00edvel Superior<\/strong><br \/>\nTNS. Me. Francisco Anchieta Pinheiro Pinto<br \/>\nEmail: propeg@uern.br<\/p>\n","protected":false},"excerpt":{"rendered":"<p>Pr\u00f3-Reitora Prof\u00aa. Dr\u00aa. Ellany Gurgel Cosme do Nascimento Email:\u00a0propeg@uern.br Pr\u00f3-Reitor Adjunto Prof. Dr. Cl\u00e1udio Lopes de Vasconcelos Email: propeg@uern.br Secret\u00e1ria TNS. Esp. Georgia Maria Pinto N\u00f3brega e Freitas Email: propeg@uern.br Assessor de Fomento TNS. Me. Francisco Felipe da Silva Email: fomento.propeg@uern.br T\u00e9cnico de N\u00edvel Superior TNS. Me. Francisco Anchieta Pinheiro Pinto Email: propeg@uern.br<\/p>\n","protected":false},"author":1,"featured_media":0,"parent":0,"menu_order":0,"comment_status":"closed","ping_status":"closed","template":"","meta":{"footnotes":""},"class_list":["post-378","page","type-page","status-publish","hentry"],"_links":{"self":[{"href":"https:\/\/portal.uern.br\/propeg\/wp-json\/wp\/v2\/pages\/378","targetHints":{"allow":["GET"]}}],"collection":[{"href":"https:\/\/portal.uern.br\/propeg\/wp-json\/wp\/v2\/pages"}],"about":[{"href":"https:\/\/portal.uern.br\/propeg\/wp-json\/wp\/v2\/types\/page"}],"author":[{"embeddable":true,"href":"https:\/\/portal.uern.br\/propeg\/wp-json\/wp\/v2\/users\/1"}],"replies":[{"embeddable":true,"href":"https:\/\/portal.uern.br\/propeg\/wp-json\/wp\/v2\/comments?post=378"}],"version-history":[{"count":1,"href":"https:\/\/portal.uern.br\/propeg\/wp-json\/wp\/v2\/pages\/378\/revisions"}],"predecessor-version":[{"id":379,"href":"https:\/\/portal.uern.br\/propeg\/wp-json\/wp\/v2\/pages\/378\/revisions\/379"}],"wp:attachment":[{"href":"https:\/\/portal.uern.br\/propeg\/wp-json\/wp\/v2\/media?parent=378"}],"curies":[{"name":"wp","href":"https:\/\/api.w.org\/{rel}","templated":true}]}}