{"id":3368,"date":"2024-09-12T12:17:09","date_gmt":"2024-09-12T15:17:09","guid":{"rendered":"https:\/\/portal.uern.br\/propeg\/?page_id=3368"},"modified":"2025-11-25T09:17:18","modified_gmt":"2025-11-25T12:17:18","slug":"bolsa-de-produtividade","status":"publish","type":"page","link":"https:\/\/portal.uern.br\/propeg\/bolsa-de-produtividade\/","title":{"rendered":"Bolsa de Produtividade"},"content":{"rendered":"<p><strong>Edi\u00e7\u00e3o 2025\/2026 &#8211; Processo seletivo encerrado<\/strong><\/p>\n<p><a href=\"https:\/\/portal.uern.br\/propeg\/wp-content\/uploads\/2025\/09\/Edital-12_2025_bolsa-produtividade.pdf\">Edital 12\/2025 UERN &#8211; PROPEG &#8211; Bolsa de Produtividade<\/a><\/p>\n<p class=\"Texto_Alinhado_Esquerda\">Anexo I &#8211;\u00a0<a href=\"https:\/\/portal.uern.br\/propeg\/wp-content\/uploads\/2025\/09\/Anexo_I_FORMULARIO_PROPOSTA_DE_TRABALHO_Bolsa_de_Produtividade_2025-26.docx\" target=\"_blank\" rel=\"noopener\">Formul\u00e1rio Proposta de Trabalho<\/a><\/p>\n<p class=\"Texto_Alinhado_Esquerda\">Anexo II &#8211;\u00a0<a href=\"https:\/\/portal.uern.br\/propeg\/wp-content\/uploads\/2025\/09\/Anexo_II_Planilha_de_Produtividade_Edital_Bolsa_de_Produtividade_UERN__2025-26.xlsx\" target=\"_blank\" rel=\"noopener\">Planilha de Produtividade<\/a><\/p>\n<p class=\"Texto_Alinhado_Esquerda\">Anexo III &#8211;\u00a0<a href=\"https:\/\/portal.uern.br\/propeg\/wp-content\/uploads\/2025\/09\/Anexo-III-Formulario-de-Recurso-Inscricao-FINAL-2025-26.docx\" target=\"_blank\" rel=\"noopener\">Formul\u00e1rio de Recurso de Indeferimento da Inscri\u00e7\u00e3o<\/a><\/p>\n<p class=\"Texto_Alinhado_Esquerda\">Anexo IV &#8211;\u00a0<a href=\"https:\/\/portal.uern.br\/propeg\/wp-content\/uploads\/2025\/09\/Anexo-IV-Formulario-de-Recurso-Porposta-de-Trabalho-FINAL-2025-26.docx\" target=\"_blank\" rel=\"noopener\">Formul\u00e1rio de Recurso de Indeferimento da Proposta de Trabalho<\/a><\/p>\n<p class=\"Texto_Alinhado_Esquerda\">Anexo V &#8211;\u00a0<a href=\"https:\/\/portal.uern.br\/propeg\/wp-content\/uploads\/2025\/09\/Anexo-V-Formulario-de-Recurso-Producao-2025-26.docx\" target=\"_blank\" rel=\"noopener\">Formul\u00e1rio de Recurso quanto a pontua\u00e7\u00e3o da produ\u00e7\u00e3o<\/a><\/p>\n<p class=\"Texto_Alinhado_Esquerda\">Anexo VI &#8211;\u00a0<a href=\"https:\/\/portal.uern.br\/propeg\/wp-content\/uploads\/2025\/09\/Anexo-VI-Declaracao-de-pessoas-Trans-2025-26.docx\" target=\"_blank\" rel=\"noopener\">Declara\u00e7\u00e3o de pessoa trans<\/a><\/p>\n<p class=\"Texto_Alinhado_Esquerda\">Anexo VII &#8211;\u00a0<a href=\"https:\/\/portal.uern.br\/propeg\/wp-content\/uploads\/2025\/09\/Anexo-VII-Declaracao-pessoa-com-deficiencia-2025-26.docx\" target=\"_blank\" rel=\"noopener\">Declara\u00e7\u00e3o de pessoa com defici\u00eancia<\/a><\/p>\n<p><a href=\"https:\/\/portal.uern.br\/propeg\/wp-content\/uploads\/2025\/10\/Resultado-preliminar-das-inscricoes.pdf\">Resultado preliminar das inscri\u00e7\u00f5es<\/a><\/p>\n<p><a href=\"https:\/\/portal.uern.br\/propeg\/wp-content\/uploads\/2025\/10\/Resultado-final-das-inscricoes-Edital-no-12_2025.pdf\">Resultado final das inscri\u00e7\u00f5es<\/a><\/p>\n<p><a href=\"https:\/\/portal.uern.br\/propeg\/wp-content\/uploads\/2025\/10\/Edital-Propeg-no-13-2025.pdf\">Convoca\u00e7\u00e3o de candidatos para banca de heteroidentifica\u00e7\u00e3o<\/a><\/p>\n<p><a href=\"https:\/\/portal.uern.br\/propeg\/wp-content\/uploads\/2025\/10\/Resultado-preliminar-das-propostas-de-trabalho-submetidas-ao-EDITAL-No-12.2025-PROPEGUERN.pdf\">Resultado preliminar das propostas de trabalho<\/a><\/p>\n<p><a href=\"https:\/\/portal.uern.br\/propeg\/wp-content\/uploads\/2025\/10\/Resultado-final-propostas-de-trabalho-BP-edicao-25-26.pdf\">Resultado final das propostas de trabalho<\/a><\/p>\n<p><a href=\"https:\/\/portal.uern.br\/propeg\/wp-content\/uploads\/2025\/10\/Retificacao-I-ao-Edital-13-2025.pdf\">Retifica\u00e7\u00e3o ao edital de convoca\u00e7\u00e3o de candidatos para banca de heteroidentifica\u00e7\u00e3o<\/a><\/p>\n<p><a href=\"https:\/\/portal.uern.br\/propeg\/wp-content\/uploads\/2025\/10\/Resultado-preliminar-acoes-afirmativas.pdf\">Resultado preliminar a\u00e7\u00f5es afirmativas e pessoa com defici\u00eancia<\/a><\/p>\n<p><a href=\"https:\/\/portal.uern.br\/propeg\/wp-content\/uploads\/2025\/10\/Resultado-preliminar-producao-tecnico-cientifica.pdf\">Resultado preliminar produ\u00e7\u00e3o t\u00e9cnico-cient\u00edfica<\/a><\/p>\n<p><a href=\"https:\/\/portal.uern.br\/propeg\/wp-content\/uploads\/2025\/11\/Resultado-final-acoes-afirmativas.pdf\">Resultado final a\u00e7\u00f5s afirmativas e pessoa com defici\u00eancia<\/a><\/p>\n<p><a href=\"https:\/\/portal.uern.br\/propeg\/wp-content\/uploads\/2025\/11\/Resultado-final-producao-tecnico-cientifica.pdf\">Resultado final produ\u00e7\u00e3o t\u00e9cnico-cient\u00edfica<\/a><\/p>\n<p><a href=\"https:\/\/portal.uern.br\/propeg\/wp-content\/uploads\/2025\/11\/Convocacao-bolsa-remanescente.pdf\">Convoca\u00e7\u00e3o de bolsa remanescente<\/a><\/p>\n<p>\u2014\u2014\u2014\u2014\u2014\u2014\u2014\u2014\u2014\u2014\u2014\u2014\u2014\u2014\u2014\u2014\u2014\u2014\u2014\u2014\u2014\u2014\u2014\u2014\u2014\u2014\u2014\u2014\u2014\u2014\u2014\u2014\u2014\u2014\u2014\u2014\u2014\u2014\u2014\u2014\u2014\u2013<\/p>\n<p><strong>Edi\u00e7\u00e3o 2024\/2025 &#8211; Em andamento<\/strong><\/p>\n<p><a href=\"https:\/\/portal.uern.br\/propeg\/wp-content\/uploads\/2024\/10\/Edital-08-2024-PROPEG-Bolsa-de-Produtividade.pdf\">Edital 08\/2024 UERN -PROPEG &#8211; Bolsa de Produtividade<\/a><\/p>\n<p><a href=\"https:\/\/portal.uern.br\/propeg\/wp-content\/uploads\/2024\/09\/Anexo_I_FORMULARIO_PROPOSTA_DE_TRABALHO_Bolsa_de_Produtividade_Final.docx\" target=\"_blank\" rel=\"noopener\">Anexo_I_FORMULARIO_PROPOSTA_DE_TRABALHO_Bolsa_de_Produtividade<\/a><\/p>\n<p><a href=\"https:\/\/portal.uern.br\/propeg\/wp-content\/uploads\/2024\/09\/Anexo_II_Planilha_de_Produtividade_Edital_Bolsa_de_Produtividade_UERN__1_.xlsx\" target=\"_blank\" rel=\"noopener\">Anexo_II_Planilha_de_Produtividade_Edital_Bolsa_de_Produtividade_UERN<\/a><\/p>\n<p><a href=\"https:\/\/portal.uern.br\/propeg\/wp-content\/uploads\/2024\/09\/Anexo-III-Formulario-de-Recurso-Inscricao-FINAL.docx\" target=\"_blank\" rel=\"noopener\">Anexo III &#8211; Formul\u00e1rio de Recurso Inscri\u00e7\u00e3o<\/a><\/p>\n<p><a href=\"https:\/\/portal.uern.br\/propeg\/wp-content\/uploads\/2024\/09\/Anexo-IV-Formulario-de-Recurso-Porposta-de-Trabalho-FINAL.docx\" target=\"_blank\" rel=\"noopener\">Anexo IV- Formul\u00e1rio de Recurso Proposta de Trabalho<\/a><\/p>\n<p><a href=\"https:\/\/portal.uern.br\/propeg\/wp-content\/uploads\/2024\/09\/Anexo-V-Formulario-de-Recurso-Producao-FINAL.docx\" target=\"_blank\" rel=\"noopener\">Anexo V &#8211; Formul\u00e1rio de Recurso Produ\u00e7\u00e3o<\/a><\/p>\n<p><a href=\"https:\/\/portal.uern.br\/propeg\/wp-content\/uploads\/2024\/10\/Anexo-VI-Declaracao-de-pessoas-Trans.docx\">Anexo VI &#8211; Declara\u00e7\u00e3o Pessoa Trans<\/a><\/p>\n<p><a href=\"https:\/\/portal.uern.br\/propeg\/wp-content\/uploads\/2024\/10\/Anexo-VII-Declaracao-pessoa-com-deficiencia.docx\">Anexo VII &#8211; Declara\u00e7\u00e3o Pessoa com Defici\u00eancia<\/a><\/p>\n<p><a href=\"https:\/\/portal.uern.br\/propeg\/wp-content\/uploads\/2024\/10\/SEI_29888744_Documento.pdf\">Resultado das inscri\u00e7\u00f5es deferidas<\/a><\/p>\n<p><a href=\"https:\/\/portal.uern.br\/propeg\/wp-content\/uploads\/2024\/10\/SEI_30022694_Documento.pdf\">Resultado final das inscri\u00e7\u00f5es deferidas<\/a><\/p>\n<p><a href=\"https:\/\/portal.uern.br\/propeg\/wp-content\/uploads\/2024\/10\/resultado_preliminar_das_propostas_de_trabalho.pdf\">Resultado preliminar de avalia\u00e7\u00e3o das propostas de trabalho<\/a><\/p>\n<p><a href=\"https:\/\/portal.uern.br\/propeg\/wp-content\/uploads\/2024\/11\/RESULTADO-PRELIMINAR-DE-AVALIACAO-DA-PRODUCAO-TECNICO-CIENTIFICA.pdf\">Resultado preliminar de avalia\u00e7\u00e3o da produ\u00e7\u00e3o t\u00e9cnico cient\u00edfica<\/a><\/p>\n<p><a href=\"https:\/\/portal.uern.br\/propeg\/wp-content\/uploads\/2024\/11\/RESULTADO-DA-AVALIACAO-DAS-ACOES-AFIRMATIVAS-E-DAS-PESSOAS-COM-DEFICIENCIA.pdf\">Resultado preliminar das a\u00e7\u00f5es afirmativas e\u00a0 das pessoas com defici\u00eancia<\/a><\/p>\n<p><a href=\"https:\/\/portal.uern.br\/propeg\/wp-content\/uploads\/2024\/11\/RESULTADO-FINAL-DE-AVALIACAO-DA-PRODUCAO-TECNICO-CIENTIFICA.pdf\">Resultado final de avalia\u00e7\u00e3o da produ\u00e7\u00e3o t\u00e9cnico-cient\u00edfica<\/a><\/p>\n","protected":false},"excerpt":{"rendered":"<p>Edi\u00e7\u00e3o 2025\/2026 &#8211; Processo seletivo encerrado Edital 12\/2025 UERN &#8211; PROPEG &#8211; Bolsa de Produtividade Anexo I &#8211;\u00a0Formul\u00e1rio Proposta de Trabalho Anexo II &#8211;\u00a0Planilha de Produtividade Anexo III &#8211;\u00a0Formul\u00e1rio de Recurso de Indeferimento da Inscri\u00e7\u00e3o Anexo IV &#8211;\u00a0Formul\u00e1rio de Recurso de Indeferimento da Proposta de Trabalho Anexo V &#8211;\u00a0Formul\u00e1rio de Recurso quanto a pontua\u00e7\u00e3o da [&hellip;]<\/p>\n","protected":false},"author":2,"featured_media":0,"parent":0,"menu_order":0,"comment_status":"closed","ping_status":"closed","template":"","meta":{"footnotes":""},"class_list":["post-3368","page","type-page","status-publish","hentry"],"_links":{"self":[{"href":"https:\/\/portal.uern.br\/propeg\/wp-json\/wp\/v2\/pages\/3368","targetHints":{"allow":["GET"]}}],"collection":[{"href":"https:\/\/portal.uern.br\/propeg\/wp-json\/wp\/v2\/pages"}],"about":[{"href":"https:\/\/portal.uern.br\/propeg\/wp-json\/wp\/v2\/types\/page"}],"author":[{"embeddable":true,"href":"https:\/\/portal.uern.br\/propeg\/wp-json\/wp\/v2\/users\/2"}],"replies":[{"embeddable":true,"href":"https:\/\/portal.uern.br\/propeg\/wp-json\/wp\/v2\/comments?post=3368"}],"version-history":[{"count":30,"href":"https:\/\/portal.uern.br\/propeg\/wp-json\/wp\/v2\/pages\/3368\/revisions"}],"predecessor-version":[{"id":4399,"href":"https:\/\/portal.uern.br\/propeg\/wp-json\/wp\/v2\/pages\/3368\/revisions\/4399"}],"wp:attachment":[{"href":"https:\/\/portal.uern.br\/propeg\/wp-json\/wp\/v2\/media?parent=3368"}],"curies":[{"name":"wp","href":"https:\/\/api.w.org\/{rel}","templated":true}]}}