{"id":3091,"date":"2024-05-27T10:47:21","date_gmt":"2024-05-27T13:47:21","guid":{"rendered":"https:\/\/portal.uern.br\/propeg\/?page_id=3091"},"modified":"2024-09-04T13:05:30","modified_gmt":"2024-09-04T16:05:30","slug":"mai-dai-uern","status":"publish","type":"page","link":"https:\/\/portal.uern.br\/propeg\/mai-dai-uern\/","title":{"rendered":"MAI\/DAI UERN"},"content":{"rendered":"<p><strong>\u00a0 \u00a0 \u00a0 \u00a0 \u00a0 \u00a0 \u00a0 \u00a0 \u00a0 \u00a0 \u00a0 \u00a0 \u00a0 \u00a0 \u00a0 \u00a0 \u00a0 \u00a0 \u00a0 \u00a0 \u00a0 \u00a0 \u00a0 \u00a0 \u00a0 \u00a0 \u00a0 \u00a0 \u00a0 \u00a0 \u00a0 \u00a0 \u00a0 \u00a0 \u00a0 \u00a0 \u00a0 \u00a0 \u00a0 \u00a0 \u00a0 \u00a0 \u00a0 \u00a0 \u00a0 \u00a0 \u00a0 \u00a0 \u00a0 \u00a0 \u00a0 \u00a0 \u00a0 \u00a0 \u00a0 \u00a0 \u00a0 \u00a0 \u00a0 \u00a0 \u00a0 \u00a0 \u00a0<\/strong><\/p>\n<p><img decoding=\"async\" class=\"wp-image-3340 alignleft\" src=\"https:\/\/portal.uern.br\/propeg\/wp-content\/uploads\/2024\/09\/WhatsApp-Image-2024-09-04-at-09.56.52.jpeg\" alt=\"\" width=\"218\" height=\"218\" srcset=\"https:\/\/portal.uern.br\/propeg\/wp-content\/uploads\/2024\/09\/WhatsApp-Image-2024-09-04-at-09.56.52.jpeg 1600w, https:\/\/portal.uern.br\/propeg\/wp-content\/uploads\/2024\/09\/WhatsApp-Image-2024-09-04-at-09.56.52-300x300.jpeg 300w, https:\/\/portal.uern.br\/propeg\/wp-content\/uploads\/2024\/09\/WhatsApp-Image-2024-09-04-at-09.56.52-1024x1024.jpeg 1024w, https:\/\/portal.uern.br\/propeg\/wp-content\/uploads\/2024\/09\/WhatsApp-Image-2024-09-04-at-09.56.52-150x150.jpeg 150w, https:\/\/portal.uern.br\/propeg\/wp-content\/uploads\/2024\/09\/WhatsApp-Image-2024-09-04-at-09.56.52-768x768.jpeg 768w, https:\/\/portal.uern.br\/propeg\/wp-content\/uploads\/2024\/09\/WhatsApp-Image-2024-09-04-at-09.56.52-1536x1536.jpeg 1536w\" sizes=\"(max-width: 218px) 100vw, 218px\" \/><\/p>\n<p><strong>UERN fortalece a inova\u00e7\u00e3o e o empreendedorismo em parceria com empresas regionais atrav\u00e9s do Programa MAI\/DAI do CNPq<\/strong><\/p>\n<p>O Conselho Nacional de Desenvolvimento Cient\u00edfico e Tecnol\u00f3gico (CNPq), vinculado ao Minist\u00e9rio da Ci\u00eancia, Tecnologia, Inova\u00e7\u00f5es e Comunica\u00e7\u00f5es (MCTIC), lan\u00e7ou o Programa de Mestrado e Doutorado Acad\u00eamico para Inova\u00e7\u00e3o (MAI\/DAI), com o objetivo de fortalecer a pesquisa, o empreendedorismo e a inova\u00e7\u00e3o nas Institui\u00e7\u00f5es Cient\u00edficas, Tecnol\u00f3gicas e de Inova\u00e7\u00e3o (ICTs). O programa visa envolver estudantes de gradua\u00e7\u00e3o e p\u00f3s-gradua\u00e7\u00e3o em projetos de interesse do setor empresarial, por meio de parcerias com empresas.<\/p>\n<p>Com a aprova\u00e7\u00e3o do Programa MAI\/DAI (Chamada CNPq N\u00ba 12\/2020), a UERN intensificou suas parcerias com empresas da regi\u00e3o, resultando na cria\u00e7\u00e3o de tr\u00eas projetos de Pesquisa, Desenvolvimento e Inova\u00e7\u00e3o (PD&amp;I), alinhados ao seu planejamento estrat\u00e9gico institucional de desenvolvimento tecnol\u00f3gico e inova\u00e7\u00e3o.<\/p>\n<p>O projeto PD&amp;I firmado com a empresa Potiguar E&amp;P <a href=\"https:\/\/portal.uern.br\/blog\/uern-e-empresa-potiguar-ep-firmam-parceria-para-desenvolver-projetos-conjuntos-de-pesquisa\/\">(Link da not\u00edcia)<\/a> \u00a0aborda o tratamento da \u00e1gua produzida na cadeia produtiva do petr\u00f3leo, visando seu reuso adequado. Durante a produ\u00e7\u00e3o de petr\u00f3leo e g\u00e1s, grandes volumes de \u00e1gua s\u00e3o gerados, contendo uma variedade de subst\u00e2ncias org\u00e2nicas, inorg\u00e2nicas e aditivos qu\u00edmicos, que a tornam altamente poluente. O descarte inadequado desse efluente pode contaminar o solo e os corpos d&#8217;\u00e1gua. O projeto busca empregar materiais zeol\u00edticos para a remo\u00e7\u00e3o dessas impurezas, tornando a \u00e1gua reutiliz\u00e1vel, em conformidade com as exig\u00eancias ambientais e econ\u00f4micas.<\/p>\n<p>Em parceria com a Brasil Qu\u00edmica e Minera\u00e7\u00e3o Industrial Ltda. (BQMIL), foi desenvolvido um projeto PD&amp;I focado na valoriza\u00e7\u00e3o de res\u00edduos de materiais lignocelul\u00f3sicos, com o objetivo de transform\u00e1-los em aditivos para a ind\u00fastria da constru\u00e7\u00e3o civil. Essa iniciativa visa reduzir os impactos ambientais causados por res\u00edduos industriais, promovendo o uso sustent\u00e1vel e inovador de recursos renov\u00e1veis e abundantes.<\/p>\n<p>No setor salineiro, not\u00e1vel pela produ\u00e7\u00e3o de sal marinho na regi\u00e3o do Rio Grande do Norte, a UERN est\u00e1 desenvolvendo um projeto PD&amp;I que visa aprimorar o processo produtivo do sal marinho, resultando em produtos de maior qualidade para o mercado. O uso de adsorventes zeol\u00edticos nos tanques salineiros pretende remover impurezas, proporcionando produtos mais vers\u00e1teis para a ind\u00fastria qu\u00edmica, contribuindo para a inova\u00e7\u00e3o e efici\u00eancia no desenvolvimento econ\u00f4mico do setor salineiro regional.<\/p>\n<p>Todos os projetos PD&amp;I em andamento contam com a participa\u00e7\u00e3o da Faculdade de Ci\u00eancias Exatas e Naturais (FANAT), do Programa de P\u00f3s-gradua\u00e7\u00e3o em Ci\u00eancias Naturais (PPGCN), do Departamento de Qu\u00edmica (DQ), do Laborat\u00f3rio de Cat\u00e1lise, Ambiente e Materiais (LACAM) e do Centro de S\u00edntese e An\u00e1lise de Materiais Avan\u00e7ados (CSAMA). Os pesquisadores Dr. Vin\u00edcius Patr\u00edcio S. Caldeira, Dra. Anne Gabriella Dias Santos e Dr. Jo\u00e3o Maria Soares, juntamente com estudantes de gradua\u00e7\u00e3o e p\u00f3s-gradua\u00e7\u00e3o, est\u00e3o diretamente envolvidos nos projetos, fortalecendo a colabora\u00e7\u00e3o entre a academia e o setor empresarial.<\/p>\n","protected":false},"excerpt":{"rendered":"<p>\u00a0 \u00a0 \u00a0 \u00a0 \u00a0 \u00a0 \u00a0 \u00a0 \u00a0 \u00a0 \u00a0 \u00a0 \u00a0 \u00a0 \u00a0 \u00a0 \u00a0 \u00a0 \u00a0 \u00a0 \u00a0 \u00a0 \u00a0 \u00a0 \u00a0 \u00a0 \u00a0 \u00a0 \u00a0 \u00a0 \u00a0 \u00a0 \u00a0 \u00a0 \u00a0 \u00a0 \u00a0 \u00a0 \u00a0 \u00a0 \u00a0 \u00a0 \u00a0 \u00a0 \u00a0 \u00a0 \u00a0 \u00a0 \u00a0 \u00a0 \u00a0 \u00a0 \u00a0 \u00a0 \u00a0 [&hellip;]<\/p>\n","protected":false},"author":2,"featured_media":0,"parent":0,"menu_order":0,"comment_status":"closed","ping_status":"closed","template":"","meta":{"footnotes":""},"class_list":["post-3091","page","type-page","status-publish","hentry"],"_links":{"self":[{"href":"https:\/\/portal.uern.br\/propeg\/wp-json\/wp\/v2\/pages\/3091","targetHints":{"allow":["GET"]}}],"collection":[{"href":"https:\/\/portal.uern.br\/propeg\/wp-json\/wp\/v2\/pages"}],"about":[{"href":"https:\/\/portal.uern.br\/propeg\/wp-json\/wp\/v2\/types\/page"}],"author":[{"embeddable":true,"href":"https:\/\/portal.uern.br\/propeg\/wp-json\/wp\/v2\/users\/2"}],"replies":[{"embeddable":true,"href":"https:\/\/portal.uern.br\/propeg\/wp-json\/wp\/v2\/comments?post=3091"}],"version-history":[{"count":8,"href":"https:\/\/portal.uern.br\/propeg\/wp-json\/wp\/v2\/pages\/3091\/revisions"}],"predecessor-version":[{"id":3346,"href":"https:\/\/portal.uern.br\/propeg\/wp-json\/wp\/v2\/pages\/3091\/revisions\/3346"}],"wp:attachment":[{"href":"https:\/\/portal.uern.br\/propeg\/wp-json\/wp\/v2\/media?parent=3091"}],"curies":[{"name":"wp","href":"https:\/\/api.w.org\/{rel}","templated":true}]}}