{"id":2989,"date":"2024-05-07T12:09:45","date_gmt":"2024-05-07T15:09:45","guid":{"rendered":"https:\/\/portal.uern.br\/propeg\/?page_id=2989"},"modified":"2025-04-04T10:40:25","modified_gmt":"2025-04-04T13:40:25","slug":"incubadora-catavento","status":"publish","type":"page","link":"https:\/\/portal.uern.br\/propeg\/incubadora-catavento\/","title":{"rendered":"Incubadora Catavento"},"content":{"rendered":"<p><em><strong>Campus Natal<\/strong><\/em><\/p>\n<p>&nbsp;<\/p>\n<p><em><strong>Incubadora Catavento<\/strong><\/em><\/p>\n<p>A incubadora Catavento tem um direcionamento de a\u00e7\u00f5es voltadas aos neg\u00f3cios de impacto Social e tem trabalhado com metodologias inovadoras no processo de consultoria. Esses neg\u00f3cios de impacto social s\u00e3o empreendimentos criados para resolver problemas na<br \/>\nsociedade, sejam sociais ou ambientais, e n\u00e3o visam obter lucros, mas sim resolver o(s) problema(s) da regi\u00e3o na qual est\u00e3o inseridos.<\/p>\n<p>Gerente Executivo: Ant\u00f4nio Rufino da Costa<br \/>\nGerente Administrativo: Ricardo S\u00e1vio Trigueiro de Morais<br \/>\nEmail: catavento@uern.br<br \/>\nSite: http:\/\/catavento.uern.br\/<\/p>\n<p>Cria\u00e7\u00e3o: <a href=\"https:\/\/portal.uern.br\/propeg\/wp-content\/uploads\/2025\/04\/resolucao-Catavento.pdf\">Resolu\u00e7\u00e3o N\u00b0 20\/2018 &#8211; CONSEP<\/a><\/p>\n","protected":false},"excerpt":{"rendered":"<p>Campus Natal &nbsp; Incubadora Catavento A incubadora Catavento tem um direcionamento de a\u00e7\u00f5es voltadas aos neg\u00f3cios de impacto Social e tem trabalhado com metodologias inovadoras no processo de consultoria. Esses neg\u00f3cios de impacto social s\u00e3o empreendimentos criados para resolver problemas na sociedade, sejam sociais ou ambientais, e n\u00e3o visam obter lucros, mas sim resolver o(s) [&hellip;]<\/p>\n","protected":false},"author":2,"featured_media":0,"parent":0,"menu_order":0,"comment_status":"closed","ping_status":"closed","template":"","meta":{"footnotes":""},"class_list":["post-2989","page","type-page","status-publish","hentry"],"_links":{"self":[{"href":"https:\/\/portal.uern.br\/propeg\/wp-json\/wp\/v2\/pages\/2989","targetHints":{"allow":["GET"]}}],"collection":[{"href":"https:\/\/portal.uern.br\/propeg\/wp-json\/wp\/v2\/pages"}],"about":[{"href":"https:\/\/portal.uern.br\/propeg\/wp-json\/wp\/v2\/types\/page"}],"author":[{"embeddable":true,"href":"https:\/\/portal.uern.br\/propeg\/wp-json\/wp\/v2\/users\/2"}],"replies":[{"embeddable":true,"href":"https:\/\/portal.uern.br\/propeg\/wp-json\/wp\/v2\/comments?post=2989"}],"version-history":[{"count":4,"href":"https:\/\/portal.uern.br\/propeg\/wp-json\/wp\/v2\/pages\/2989\/revisions"}],"predecessor-version":[{"id":3817,"href":"https:\/\/portal.uern.br\/propeg\/wp-json\/wp\/v2\/pages\/2989\/revisions\/3817"}],"wp:attachment":[{"href":"https:\/\/portal.uern.br\/propeg\/wp-json\/wp\/v2\/media?parent=2989"}],"curies":[{"name":"wp","href":"https:\/\/api.w.org\/{rel}","templated":true}]}}