{"id":2987,"date":"2024-05-07T12:03:57","date_gmt":"2024-05-07T15:03:57","guid":{"rendered":"https:\/\/portal.uern.br\/propeg\/?page_id=2987"},"modified":"2025-04-04T10:36:15","modified_gmt":"2025-04-04T13:36:15","slug":"incubadora-juazeiro","status":"publish","type":"page","link":"https:\/\/portal.uern.br\/propeg\/incubadora-juazeiro\/","title":{"rendered":"Incubadora Juazeiro"},"content":{"rendered":"<p><em><strong>Campus Pau dos Ferros<\/strong><\/em><\/p>\n<p>&nbsp;<\/p>\n<p><em><strong>Incubadora Juazeiro<\/strong><\/em><\/p>\n<p>A incubadora Juazeiro, sediada no Alto Oeste potiguar, se destaca pelo apoio a empreendimentos sociais da agropecu\u00e1ria, do turismo e do artesanato naquela regi\u00e3o do RN.<\/p>\n<p>Gerente Executivo: Vamberto Torres de Almeida<br \/>\nGerente Administrativo: Jos\u00e9 Xavier Neto<br \/>\nEmail: incubadorajuazeiro@gmail.com<br \/>\nSite:\u00a0<a href=\"https:\/\/incubadorajuazeiro.wordpress.com\/\">https:\/\/incubadorajuazeiro.wordpress.com\/<\/a><br \/>\nCria\u00e7\u00e3o: <a href=\"https:\/\/portal.uern.br\/propeg\/wp-content\/uploads\/2025\/04\/resolucao-Juazeiro.pdf\">Resolu\u00e7\u00e3o N\u00ba 21-2018 \u2013 CONSEPE<\/a><\/p>\n","protected":false},"excerpt":{"rendered":"<p>Campus Pau dos Ferros &nbsp; Incubadora Juazeiro A incubadora Juazeiro, sediada no Alto Oeste potiguar, se destaca pelo apoio a empreendimentos sociais da agropecu\u00e1ria, do turismo e do artesanato naquela regi\u00e3o do RN. Gerente Executivo: Vamberto Torres de Almeida Gerente Administrativo: Jos\u00e9 Xavier Neto Email: incubadorajuazeiro@gmail.com Site:\u00a0https:\/\/incubadorajuazeiro.wordpress.com\/ Cria\u00e7\u00e3o: Resolu\u00e7\u00e3o N\u00ba 21-2018 \u2013 CONSEPE<\/p>\n","protected":false},"author":2,"featured_media":0,"parent":0,"menu_order":0,"comment_status":"closed","ping_status":"closed","template":"","meta":{"footnotes":""},"class_list":["post-2987","page","type-page","status-publish","hentry"],"_links":{"self":[{"href":"https:\/\/portal.uern.br\/propeg\/wp-json\/wp\/v2\/pages\/2987","targetHints":{"allow":["GET"]}}],"collection":[{"href":"https:\/\/portal.uern.br\/propeg\/wp-json\/wp\/v2\/pages"}],"about":[{"href":"https:\/\/portal.uern.br\/propeg\/wp-json\/wp\/v2\/types\/page"}],"author":[{"embeddable":true,"href":"https:\/\/portal.uern.br\/propeg\/wp-json\/wp\/v2\/users\/2"}],"replies":[{"embeddable":true,"href":"https:\/\/portal.uern.br\/propeg\/wp-json\/wp\/v2\/comments?post=2987"}],"version-history":[{"count":2,"href":"https:\/\/portal.uern.br\/propeg\/wp-json\/wp\/v2\/pages\/2987\/revisions"}],"predecessor-version":[{"id":3813,"href":"https:\/\/portal.uern.br\/propeg\/wp-json\/wp\/v2\/pages\/2987\/revisions\/3813"}],"wp:attachment":[{"href":"https:\/\/portal.uern.br\/propeg\/wp-json\/wp\/v2\/media?parent=2987"}],"curies":[{"name":"wp","href":"https:\/\/api.w.org\/{rel}","templated":true}]}}