{"id":2985,"date":"2024-05-07T12:02:40","date_gmt":"2024-05-07T15:02:40","guid":{"rendered":"https:\/\/portal.uern.br\/propeg\/?page_id=2985"},"modified":"2025-04-04T10:37:02","modified_gmt":"2025-04-04T13:37:02","slug":"citecs","status":"publish","type":"page","link":"https:\/\/portal.uern.br\/propeg\/citecs\/","title":{"rendered":"CITECS"},"content":{"rendered":"<p><em><strong>Campus Mossor\u00f3<\/strong><\/em><\/p>\n<p>&nbsp;<\/p>\n<p><em><strong>CITECS<\/strong><\/em><\/p>\n<p>O Centro de Incuba\u00e7\u00e3o Tecnol\u00f3gica do Semi\u00e1rido \u2013 CITECS \u00e9 uma incubadora de empresas concebida pela Universidade do Estado do Rio Grande do Norte \u2013 UERN, atrav\u00e9s do Departamento de Administra\u00e7\u00e3o, que desenvolve atividades de incuba\u00e7\u00e3o de empresas de base tecnol\u00f3gicas e tradicionais, cuja miss\u00e3o \u00e9 incrementar o desenvolvimento econ\u00f4mico do estado do Rio Grande do Norte, por meio de um trabalho de excel\u00eancia do processo de forma\u00e7\u00e3o de planos de neg\u00f3cios e de incuba\u00e7\u00e3o.<\/p>\n<p>Gerente Executiva: <strong>Prof. F\u00e1bio Ricardo Proc\u00f3pio de Ara\u00fajo<\/strong><br \/>\nGerente Administrativa: Riv\u00e2nia Rayane Dantas de Lima<br \/>\nEmail: citecs@uern.br<\/p>\n<p>Cria\u00e7\u00e3o: <a href=\"https:\/\/portal.uern.br\/propeg\/wp-content\/uploads\/2025\/04\/Portaria-Citecs.pdf\">Portaria n\u00ba 3814\/2012 \u2013 GR\/UERN<\/a><\/p>\n","protected":false},"excerpt":{"rendered":"<p>Campus Mossor\u00f3 &nbsp; CITECS O Centro de Incuba\u00e7\u00e3o Tecnol\u00f3gica do Semi\u00e1rido \u2013 CITECS \u00e9 uma incubadora de empresas concebida pela Universidade do Estado do Rio Grande do Norte \u2013 UERN, atrav\u00e9s do Departamento de Administra\u00e7\u00e3o, que desenvolve atividades de incuba\u00e7\u00e3o de empresas de base tecnol\u00f3gicas e tradicionais, cuja miss\u00e3o \u00e9 incrementar o desenvolvimento econ\u00f4mico do [&hellip;]<\/p>\n","protected":false},"author":2,"featured_media":0,"parent":0,"menu_order":0,"comment_status":"closed","ping_status":"closed","template":"","meta":{"footnotes":""},"class_list":["post-2985","page","type-page","status-publish","hentry"],"_links":{"self":[{"href":"https:\/\/portal.uern.br\/propeg\/wp-json\/wp\/v2\/pages\/2985","targetHints":{"allow":["GET"]}}],"collection":[{"href":"https:\/\/portal.uern.br\/propeg\/wp-json\/wp\/v2\/pages"}],"about":[{"href":"https:\/\/portal.uern.br\/propeg\/wp-json\/wp\/v2\/types\/page"}],"author":[{"embeddable":true,"href":"https:\/\/portal.uern.br\/propeg\/wp-json\/wp\/v2\/users\/2"}],"replies":[{"embeddable":true,"href":"https:\/\/portal.uern.br\/propeg\/wp-json\/wp\/v2\/comments?post=2985"}],"version-history":[{"count":4,"href":"https:\/\/portal.uern.br\/propeg\/wp-json\/wp\/v2\/pages\/2985\/revisions"}],"predecessor-version":[{"id":3814,"href":"https:\/\/portal.uern.br\/propeg\/wp-json\/wp\/v2\/pages\/2985\/revisions\/3814"}],"wp:attachment":[{"href":"https:\/\/portal.uern.br\/propeg\/wp-json\/wp\/v2\/media?parent=2985"}],"curies":[{"name":"wp","href":"https:\/\/api.w.org\/{rel}","templated":true}]}}