{"id":2969,"date":"2024-05-07T10:12:53","date_gmt":"2024-05-07T13:12:53","guid":{"rendered":"https:\/\/portal.uern.br\/propeg\/?page_id=2969"},"modified":"2024-05-07T10:34:15","modified_gmt":"2024-05-07T13:34:15","slug":"perguntas-frequentes","status":"publish","type":"page","link":"https:\/\/portal.uern.br\/propeg\/perguntas-frequentes\/","title":{"rendered":"Perguntas Frequentes"},"content":{"rendered":"<h1 style=\"text-align: center\"><\/h1>\n<ol>\n<li style=\"list-style-type: none\">\n<ol>\n<li>\n<h1><b style=\"font-family: 'Times New Roman', serif;font-size: medium\">Como ingressar no PIBIC?<\/b><\/h1>\n<\/li>\n<\/ol>\n<\/li>\n<\/ol>\n<p align=\"justify\"><span style=\"font-family: Liberation Serif, serif\"><span style=\"font-size: medium\"><span style=\"color: #202124\"><span style=\"font-family: Times New Roman, serif\">Anualmente \u00e9 lan\u00e7ado um edital com todas as informa\u00e7\u00f5es sobre o processo de sele\u00e7\u00e3o de projetos. Como os projetos s\u00e3o propostos por professor pesquisador, \u00e9 interessante que o discente busque estabelecer contato com os docentes que desenvolvem projetos de pesquisa, <\/span><\/span><span style=\"color: #000000\"><span style=\"font-family: Times New Roman, serif\">demonstrando seu interesse para uma poss\u00edvel inser\u00e7\u00e3o no projeto, e estar atento a um eventual processo seletivo realizado pelo professor para escolha de bolsista<\/span><\/span><span style=\"color: #202124\"><span style=\"font-family: Times New Roman, serif\">. Cada projeto pode conter at\u00e9 3 planos de trabalho, mas normalmente um dos discentes ser\u00e1 contemplado com uma bolsa e os demais podem participar como volunt\u00e1rios do projeto.<\/span><\/span><\/span><\/span><\/p>\n<ol start=\"2\">\n<li style=\"list-style-type: none\">\n<ol start=\"2\">\n<li><b style=\"font-family: 'Times New Roman', serif;font-size: medium\">O que eu ganho participando do PIBIC?<\/b><\/li>\n<\/ol>\n<\/li>\n<\/ol>\n<p align=\"justify\"><span style=\"font-family: Liberation Serif, serif\"><span style=\"font-size: medium\"><span style=\"color: #202124\"><span style=\"font-family: Times New Roman, serif\">Al\u00e9m do benef\u00edcio das bolsas, que atendem mais de 250 alunos (no valor de R$ 700,00), voc\u00ea aprender\u00e1 e desenvolver\u00e1 um maior senso de trabalho em grupo, terr\u00e1 a oportunidae de experimentar a imers\u00e3o no fazer cient\u00edfico e de participar de congressos, de ampliar seu curr\u00edculo, e, quem sabe, iniciar o processo para ingresso na P\u00f3s-Gradua\u00e7\u00e3o.<\/span><\/span><\/span><\/span><\/p>\n<ol start=\"3\">\n<li style=\"list-style-type: none\">\n<ol start=\"3\">\n<li><b style=\"font-family: 'Times New Roman', serif;font-size: medium\">Como submeter um projeto de pesquisa atrav\u00e9s do Edital de Fluxo cont\u00ednuo na Diretoria de Pesquisa?<\/b><\/li>\n<\/ol>\n<\/li>\n<\/ol>\n<p align=\"justify\"><span style=\"font-family: Liberation Serif, serif\"><span style=\"font-size: medium\"><span style=\"color: #000000\"><span style=\"font-family: Times New Roman, serif\">Atualmente, todos os projetos de pesquisa dever\u00e3o ser submetidos por meio do Sistema Eletr\u00f4nico de Informa\u00e7\u00f5es &#8211; Sei, tal como descrito no edital de fluxo cont\u00ednuo vigente )EDITAL N\u00b0 23\/2022 &#8211; FLUXO CONT\u00cdNUO PARA INSTITUCIONALIZA\u00c7\u00c3O DE PROJETOS DE PESQUISA \u2013 PROPEG\/UERN), dispon\u00edvel em: <\/span><\/span><a href=\"https:\/\/www.uern.br\/controledepaginas\/editais-formularios-e-resultados\/arquivos\/5579edital_23_2022.pdf\"><span style=\"color: #1155cc\"><span style=\"font-family: Times New Roman, serif\"><u>https:\/\/www.uern.br\/controledepaginas\/editais-formularios-e-resultados\/arquivos\/5579edital_23_2022.pdf<\/u><\/span><\/span><\/a><\/span><\/span><\/p>\n<p align=\"justify\"><span style=\"font-family: Liberation Serif, serif\"><span style=\"font-size: medium\"><span style=\"color: #000000\"><span style=\"font-family: Times New Roman, serif\">Em breve, as submiss\u00f5es acontecer\u00e3o atrav\u00e9s do SIGAA, na aba espec\u00edfica para submiss\u00e3o de projetos do menu Portal Docente (os docentes ser\u00e3o avisados sobre a mudan\u00e7a de fluxo).<\/span><\/span><\/span><\/span><\/p>\n<ol start=\"4\">\n<li style=\"list-style-type: none\">\n<ol start=\"4\">\n<li><b style=\"font-family: 'Times New Roman', serif;font-size: medium\">O que \u00e9 necess\u00e1rio para cria\u00e7\u00e3o de um grupo de pesquisa da UERN?<\/b><\/li>\n<\/ol>\n<\/li>\n<\/ol>\n<p align=\"justify\"><span style=\"font-family: Liberation Serif, serif\"><span style=\"font-size: medium\"><span style=\"color: #000000\"><span style=\"font-family: Times New Roman, serif\">Ter no m\u00ednimo um projeto de pesquisa institucionalizado, em andamento ou conclu\u00eddo, nos \u00faltimos tr\u00eas anos; ter publicado no m\u00ednimo, por cada um dos pesquisadores, um trabalho cient\u00edfico nos \u00faltimos tr\u00eas anos em meio da comunidade cient\u00edfica; preencher o formul\u00e1rio de cria\u00e7\u00e3o de grupo de pesquisa determinado pela diretoria de pesquisa \u2013 PROPEG; apresentar a ata de aprova\u00e7\u00e3o da plen\u00e1ria departamental do(s) departamento(s) do(s) curso(s) ao(s) qual(ais) pertence o grupo de pesquisa.<\/span><\/span><\/span><\/span><\/p>\n<ol start=\"5\">\n<li style=\"list-style-type: none\">\n<ol start=\"5\">\n<li><b style=\"font-family: 'Times New Roman', serif;font-size: medium\">Como criar um peri\u00f3dico cient\u00edfico?<\/b><\/li>\n<\/ol>\n<\/li>\n<\/ol>\n<p align=\"justify\"><span style=\"font-family: Liberation Serif, serif\"><span style=\"font-size: medium\"><span style=\"color: #333333\"><span style=\"font-family: Times New Roman, serif\">O proponente (Grupo de pesquisa, Programa de p\u00f3s-gradua\u00e7\u00e3o) deve apresentar ao Setor de Peri\u00f3dicos atrav\u00e9s do Sistema SEI, a proposta de cria\u00e7\u00e3o do peri\u00f3dico, incluindo detalhes sobre o escopo, pol\u00edtica editorial, regras de submiss\u00e3o e publica\u00e7\u00e3o, conselho editorial, conselho cient\u00edfico e periodicidade da revista, entre outras informa\u00e7\u00f5es constantes em formul\u00e1rio padr\u00e3o. <\/span><\/span><\/span><\/span><\/p>\n<p align=\"justify\"><span style=\"font-family: Liberation Serif, serif\"><span style=\"font-size: medium\"><span style=\"color: #333333\"><span style=\"font-family: Times New Roman, serif\">Para ter acesso ao formul\u00e1rio de projeto editorial de peri\u00f3dico, entrar em contato atrav\u00e9s do e-mail <\/span><\/span><a href=\"mailto:periodicosuern@uern.br\"><span style=\"color: #333333\"><span style=\"font-family: Times New Roman, serif\"><u>periodicosuern@uern.br<\/u><\/span><\/span><\/a><\/span><\/span><\/p>\n<ol start=\"6\">\n<li style=\"list-style-type: none\">\n<ol start=\"6\">\n<li><b style=\"font-family: 'Times New Roman', serif;color: #000000;font-size: medium\">Como posso me candidatar a um curso de mestrado ou doutorado?<\/b><\/li>\n<\/ol>\n<\/li>\n<\/ol>\n<p align=\"justify\"><span style=\"font-family: Liberation Serif, serif\"><span style=\"font-size: medium\"><span style=\"color: #000000\"><span style=\"font-family: Times New Roman, serif\">Caso o (a) Sr.(a) seja graduado(a), at\u00e9 a data da matr\u00edcula no curso de p\u00f3s-gradua\u00e7\u00e3o, poder\u00e1 se candidatar a uma vaga em um curso de p\u00f3s-gradua\u00e7\u00e3o <\/span><\/span><span style=\"color: #000000\"><span style=\"font-family: Times New Roman, serif\"><i>stricto sensu<\/i><\/span><\/span><span style=\"color: #000000\"><span style=\"font-family: Times New Roman, serif\"> na UERN. Atualmente a UERN possui 2<\/span><\/span><span style=\"font-family: Times New Roman, serif\">5<\/span><span style=\"color: #000000\"><span style=\"font-family: Times New Roman, serif\"> cursos de mestrado e <\/span><\/span><span style=\"font-family: Times New Roman, serif\">6<\/span><span style=\"color: #000000\"><span style=\"font-family: Times New Roman, serif\"> de doutorado nas mais variadas \u00e1reas do conhecimento. De acordo com sua forma\u00e7\u00e3o e o seu interesse, o(a) Sr(a). pode escolher um dos nossos cursos e participar dos processos seletivos que, geralmente, s\u00e3o anuais. Encaminhamos os links, a seguir: <a href=\"https:\/\/portal.uern.br\/propeg\/academico\/\">https:\/\/portal.uern.br\/propeg\/academico\/<\/a> e <\/span><\/span><a href=\"https:\/\/portal.uern.br\/propeg\/profissional\/\"><span style=\"font-family: Times New Roman, serif\">https:\/\/portal.uern.br\/propeg\/profissional\/<\/span><\/a><span style=\"color: #000000\"><span style=\"font-family: Times New Roman, serif\"> onde encontrar\u00e1 os cursos, localiza\u00e7\u00e3o e contato, al\u00e9m de link da p\u00e1gina virtual individual de cada curso, que possibilita o acesso \u00e0s informa\u00e7\u00f5es de cada Programa de p\u00f3s-gradua\u00e7\u00e3o da UERN, al\u00e9m da possibilidade de consultar documentos, editais de sele\u00e7\u00f5es anteriores e se preparar para as pr\u00f3ximas sele\u00e7\u00f5es.<\/span><\/span><\/span><\/span><\/p>\n<ol start=\"7\">\n<li style=\"list-style-type: none\">\n<ol start=\"7\">\n<li><b style=\"font-family: 'Times New Roman', serif;color: #000000;font-size: medium\">Qual prazo para emiss\u00e3o de diplomas (mestrado e doutorado)?<\/b><\/li>\n<\/ol>\n<\/li>\n<\/ol>\n<p align=\"justify\"><span style=\"font-family: Liberation Serif, serif\"><span style=\"font-size: medium\"><span style=\"color: #000000\"><span style=\"font-family: Times New Roman, serif\">O prazo para emiss\u00e3o de diplomas \u00e9 de at\u00e9 60 dias, contados a partir do recebimento do processo sem dilig\u00eancia.<\/span><\/span><\/span><\/span><\/p>\n<ol start=\"8\">\n<li style=\"list-style-type: none\">\n<ol start=\"8\">\n<li><span style=\"font-size: medium;font-family: 'Liberation Serif', serif;color: #000000\"><span style=\"font-family: Times New Roman, serif\"><b>Como <\/b><\/span><\/span><span style=\"font-size: medium;font-family: 'Times New Roman', serif\"><b>solicitar a emiss\u00e3o<\/b><\/span><span style=\"font-size: medium;font-family: 'Liberation Serif', serif;color: #000000\"><span style=\"font-family: Times New Roman, serif\"><b> de 2\u00aa via de diploma de mestrado\/doutorado?<\/b><\/span><\/span><\/li>\n<\/ol>\n<\/li>\n<\/ol>\n<p align=\"justify\"><span style=\"font-family: Liberation Serif, serif\"><span style=\"font-size: medium\"><span style=\"color: #000000\"><span style=\"font-family: Times New Roman, serif\">Deve ser enviado e-mail com a solicita\u00e7\u00e3o para <\/span><\/span><a href=\"mailto:strictosensu@uern.br\"><span style=\"color: #0000ff\"><span style=\"font-family: Times New Roman, serif\"><u>strictosensu@uern.br<\/u><\/span><\/span><\/a><span style=\"color: #000000\"><span style=\"font-family: Times New Roman, serif\"> e <\/span><\/span><a href=\"mailto:posgraduacao.propeg@uern.br\"><span style=\"color: #0000ff\"><span style=\"font-family: Times New Roman, serif\"><u>posgraduacao.propeg@uern.br<\/u><\/span><\/span><\/a><span style=\"color: #000000\"><span style=\"font-family: Times New Roman, serif\">, com nome completo do requerente, programa de p\u00f3s-gradua\u00e7\u00e3o, m\u00eas\/ano que finalizou o curso e c\u00f3pias d<\/span><\/span><span style=\"font-family: Times New Roman, serif\">o documento de identidade e CPF<\/span><span style=\"color: #000000\"><span style=\"font-family: Times New Roman, serif\">.<\/span><\/span><\/span><\/span><\/p>\n<ol start=\"9\">\n<li style=\"list-style-type: none\">\n<ol start=\"9\">\n<li><b style=\"font-family: 'Times New Roman', serif;color: #000000;font-size: medium\">Sou docente da UERN, como fa\u00e7o para submeter um projeto de curso de Especializa\u00e7\u00e3o?<\/b><\/li>\n<\/ol>\n<\/li>\n<\/ol>\n<p align=\"justify\"><span style=\"font-family: Liberation Serif, serif\"><span style=\"font-size: medium\"><span style=\"color: #000000\"><span style=\"font-family: Times New Roman, serif\">Caro docente, na p\u00e1gina da Propeg link: <\/span><\/span><span style=\"color: #0000ff\"><span style=\"font-family: Times New Roman, serif\"><u>https:\/\/portal.uern.br\/propeg\/cursos-de-pos-graduacao-lato-sensu-especializacao\/<\/u><\/span><\/span><span style=\"color: #000000\"><span style=\"font-family: Times New Roman, serif\"> apresentamos o formul\u00e1rio para cadastro de projeto de Curso de Especializa\u00e7\u00e3o e a <\/span><\/span><a href=\"https:\/\/portal.uern.br\/propeg\/wp-content\/uploads\/2023\/07\/3447documentos_apresentaa%E2%80%A1a%C6%92o_de_propostas_de_criaa%E2%80%A1a%C6%92o_de_cursos_de_pas.pdf\"><span style=\"color: #1155cc\"><span style=\"font-family: Times New Roman, serif\"><u>Lista dos documentos necess\u00e1rios para apresenta\u00e7\u00e3o de proposta de Cursos de P\u00f3s-gradua\u00e7\u00e3o Lato Sensu<\/u><\/span><\/span><\/a> <\/span><\/span><\/p>\n<ol start=\"10\">\n<li style=\"list-style-type: none\">\n<ol start=\"10\">\n<li><b style=\"font-family: 'Times New Roman', serif;color: #000000;font-size: medium\">Terminei o curso de Especializa\u00e7\u00e3o, como proceder para receber meu certificado?<\/b><\/li>\n<\/ol>\n<\/li>\n<\/ol>\n<p align=\"justify\"><a name=\"_heading=h.gjdgxs\"><\/a> <span style=\"font-family: Liberation Serif, serif\"><span style=\"font-size: medium\"><span style=\"font-family: Times New Roman, serif\">Os Certificados de Conclus\u00e3o de Cursos de Especializa\u00e7\u00e3o s\u00e3o emitidos pelo Departamento de Cursos, ap\u00f3s o envio de Relat\u00f3rio Final de conclus\u00e3o, pela Coordena\u00e7\u00e3o do Curso, c<\/span><span style=\"color: #000000\"><span style=\"font-family: Times New Roman, serif\">om a devida comprova\u00e7\u00e3o da aprova\u00e7\u00e3o e conclus\u00e3o nos componentes curriculares, cumprimento de carga hor\u00e1ria obrigat\u00f3ria e da entrega do Trabalho final de curso, no prazo de 60 dias. Ap\u00f3s confec\u00e7\u00e3o, a coordena\u00e7\u00e3o do curso comunica ao discente para retirada no Departamento de Cursos, presencialmente.<\/span><\/span><\/span><\/span><\/p>\n<ol start=\"11\">\n<li style=\"list-style-type: none\">\n<ol start=\"11\">\n<li><b style=\"font-family: 'Times New Roman', serif;color: #000000;font-size: medium\">Quais os Programas de Resid\u00eancias em Sa\u00fade a UERN disp\u00f5e e per\u00edodo de sele\u00e7\u00e3o?<\/b><\/li>\n<\/ol>\n<\/li>\n<\/ol>\n<p align=\"justify\"><span style=\"font-family: Liberation Serif, serif\"><span style=\"font-size: medium\"><span style=\"color: #000000\"><span style=\"font-family: Times New Roman, serif\">Na p\u00e1gina da Propeg link: <\/span><\/span><span style=\"color: #0000ff\"><span style=\"font-family: Times New Roman, serif\"><u>https:\/\/portal.uern.br\/propeg\/residencias-em-saude\/<\/u><\/span><\/span><span style=\"color: #000000\"><span style=\"font-family: Times New Roman, serif\"> mantemos atualizado as Informa\u00e7\u00f5es dos Programas de Resid\u00eancias em sa\u00fade e atualiza\u00e7\u00e3o sobre os editais de sele\u00e7\u00e3o.<\/span><\/span><\/span><\/span><\/p>\n<ol start=\"12\">\n<li style=\"list-style-type: none\">\n<ol start=\"12\">\n<li><b style=\"font-family: 'Times New Roman', serif;color: #000000;font-size: medium\">Como fa\u00e7o para proteger uma inven\u00e7\u00e3o como patente junto \u00e0 UERN?<\/b><\/li>\n<\/ol>\n<\/li>\n<\/ol>\n<p align=\"justify\"><span style=\"font-family: Liberation Serif, serif\"><span style=\"font-size: medium\"><span style=\"color: #000000\"><span style=\"font-family: Times New Roman, serif\">O inventor deve entrar em contato com o Setor de Propriedade Intelectual atrav\u00e9s do e-mail pi.<\/span><\/span><span style=\"font-family: Times New Roman, serif\">inova<\/span><span style=\"color: #000000\"><span style=\"font-family: Times New Roman, serif\">@uern.br sinalizando a inten\u00e7\u00e3o de prote\u00e7\u00e3o, onde receber\u00e1 orienta\u00e7\u00f5es gerais para iniciar a busca de anterioridade nas principais bases de dados e a constru\u00e7\u00e3o dos documentos obrigat\u00f3rios a serem depositados no Instituto Nacional de Propriedade Industrial &#8211; INPI.<br \/>\n<\/span><\/span><\/span><\/span><\/p>\n<ol start=\"13\">\n<li style=\"list-style-type: none\">\n<ol start=\"13\">\n<li><b style=\"font-family: 'Times New Roman', serif;color: #000000;font-size: medium\">Como fa\u00e7o para registrar um software junto \u00e0 UERN?<\/b><\/li>\n<\/ol>\n<\/li>\n<\/ol>\n<p align=\"justify\"><span style=\"font-family: Liberation Serif, serif\"><span style=\"font-size: medium\"><span style=\"color: #000000\"><span style=\"font-family: Times New Roman, serif\">O desenvolvedor do software deve seguir as orienta\u00e7\u00f5es dispon\u00edveis no link <\/span><\/span><a href=\"https:\/\/portal.uern.br\/propeg\/propriedade-intelectual-pi\/\"><span style=\"color: #1155cc\"><span style=\"font-family: Times New Roman, serif\"><u>https:\/\/portal.uern.br\/propeg\/propriedade-intelectual-pi\/<\/u><\/span><\/span><\/a> <span style=\"color: #000000\"><span style=\"font-family: Times New Roman, serif\">e seguir o passo a passo dispon\u00edvel. Em caso de d\u00favida, enviar e-mail para <\/span><\/span><a href=\"mailto:pi.inova@uern.br\"><span style=\"color: #1155cc\"><span style=\"font-family: Times New Roman, serif\"><u>pi.<\/u><\/span><\/span><\/a><a href=\"mailto:pi.inova@uern.br\"><span style=\"color: #1155cc\"><span style=\"font-family: Times New Roman, serif\"><u>inova<\/u><\/span><\/span><\/a><a href=\"mailto:pi.inova@uern.br\"><span style=\"color: #1155cc\"><span style=\"font-family: Times New Roman, serif\"><u>@uern.br<\/u><\/span><\/span><\/a><span style=\"font-family: Times New Roman, serif\"> ou <\/span><a href=\"mailto:inova.propeg@uern.br\"><span style=\"color: #1155cc\"><span style=\"font-family: Times New Roman, serif\"><u>inova.propeg@uern.br<\/u><\/span><\/span><\/a> <span style=\"color: #000000\"><span style=\"font-family: Times New Roman, serif\"><br \/>\n<\/span><\/span><\/span><\/span><\/p>\n<ol start=\"14\">\n<li style=\"list-style-type: none\">\n<ol start=\"14\">\n<li><b style=\"font-family: 'Times New Roman', serif;color: #000000;font-size: medium\">Como posso criar ou participar de uma incubadora na UERN?<\/b><\/li>\n<\/ol>\n<\/li>\n<\/ol>\n<p align=\"justify\"><span style=\"font-family: Liberation Serif, serif\"><span style=\"font-size: medium\"><span style=\"color: #000000\"><span style=\"font-family: Times New Roman, serif\">As propostas de cria\u00e7\u00e3o de uma incubadora e a sele\u00e7\u00e3o de empreendimentos a serem admitidos no sistema de incuba\u00e7\u00e3o s\u00e3o realizadas por meio de Editais publicados na p\u00e1gina da PROPEG e nas p\u00e1ginas de cada incubadora da UERN, respectivamente. Para mais informa\u00e7\u00f5es, acesse o link <\/span><\/span><a href=\"https:\/\/portal.uern.br\/propeg\/incubadoras\/\"><span style=\"color: #1155cc\"><span style=\"font-family: Times New Roman, serif\"><u>https:\/\/portal.uern.br\/propeg\/incubadoras\/<\/u><\/span><\/span><\/a> <span style=\"color: #000000\"><span style=\"font-family: Times New Roman, serif\">e a Resolu\u00e7\u00e3o n\u00ba 13\/2016 &#8211; CONSEPE (<\/span><\/span><a href=\"https:\/\/www.uern.br\/controledepaginas\/propeg-inovacao-incubadoras\/arquivos\/3743resolucao_13_2016_consepe.pdf\"><span style=\"color: #000000\"><span style=\"font-family: Times New Roman, serif\"><u>https:\/\/www.uern.br\/controledepaginas\/propeg-inovacao-incubadoras\/arquivos\/3743resolucao_13_2016_consepe.pdf<\/u><\/span><\/span><\/a><span style=\"color: #000000\"><span style=\"font-family: Times New Roman, serif\">)<\/span><\/span><\/span><\/span><\/p>\n<ol start=\"15\">\n<li style=\"list-style-type: none\">\n<ol start=\"15\">\n<li><b style=\"font-family: 'Times New Roman', serif;color: #000000;font-size: medium\">O que preciso saber para criar uma Empresa J\u00fanior?<\/b><\/li>\n<\/ol>\n<\/li>\n<\/ol>\n<p align=\"justify\"><span style=\"font-family: Liberation Serif, serif\"><span style=\"font-size: medium\"><span style=\"color: #000000\"><span style=\"font-family: Times New Roman, serif\">A Empresa J\u00fanior (EJ) \u00e9 uma associa\u00e7\u00e3o civil sem fins lucrativos, formada e gerida por alunos (as) matriculados (as) em cursos de gradua\u00e7\u00e3o de institui\u00e7\u00f5es de ensino superior, sendo disciplinada pela Lei n\u00ba 13.267\/2016. Para mais informa\u00e7\u00f5es, acesse o link: <\/span><\/span><a href=\"https:\/\/portal.uern.br\/propeg\/empresas-juniores\/\"><span style=\"color: #1155cc\"><span style=\"font-family: Times New Roman, serif\"><u>https:\/\/portal.uern.br\/propeg\/empresas-juniores\/<\/u><\/span><\/span><\/a><\/span><\/span><\/p>\n<p align=\"justify\">\n","protected":false},"excerpt":{"rendered":"<p>Como ingressar no PIBIC? Anualmente \u00e9 lan\u00e7ado um edital com todas as informa\u00e7\u00f5es sobre o processo de sele\u00e7\u00e3o de projetos. Como os projetos s\u00e3o propostos por professor pesquisador, \u00e9 interessante que o discente busque estabelecer contato com os docentes que desenvolvem projetos de pesquisa, demonstrando seu interesse para uma poss\u00edvel inser\u00e7\u00e3o no projeto, e estar [&hellip;]<\/p>\n","protected":false},"author":2,"featured_media":0,"parent":0,"menu_order":0,"comment_status":"closed","ping_status":"closed","template":"","meta":{"footnotes":""},"class_list":["post-2969","page","type-page","status-publish","hentry"],"_links":{"self":[{"href":"https:\/\/portal.uern.br\/propeg\/wp-json\/wp\/v2\/pages\/2969","targetHints":{"allow":["GET"]}}],"collection":[{"href":"https:\/\/portal.uern.br\/propeg\/wp-json\/wp\/v2\/pages"}],"about":[{"href":"https:\/\/portal.uern.br\/propeg\/wp-json\/wp\/v2\/types\/page"}],"author":[{"embeddable":true,"href":"https:\/\/portal.uern.br\/propeg\/wp-json\/wp\/v2\/users\/2"}],"replies":[{"embeddable":true,"href":"https:\/\/portal.uern.br\/propeg\/wp-json\/wp\/v2\/comments?post=2969"}],"version-history":[{"count":8,"href":"https:\/\/portal.uern.br\/propeg\/wp-json\/wp\/v2\/pages\/2969\/revisions"}],"predecessor-version":[{"id":2978,"href":"https:\/\/portal.uern.br\/propeg\/wp-json\/wp\/v2\/pages\/2969\/revisions\/2978"}],"wp:attachment":[{"href":"https:\/\/portal.uern.br\/propeg\/wp-json\/wp\/v2\/media?parent=2969"}],"curies":[{"name":"wp","href":"https:\/\/api.w.org\/{rel}","templated":true}]}}