{"id":2892,"date":"2024-04-19T14:04:08","date_gmt":"2024-04-19T17:04:08","guid":{"rendered":"https:\/\/portal.uern.br\/propeg\/?page_id=2892"},"modified":"2024-09-10T08:52:12","modified_gmt":"2024-09-10T11:52:12","slug":"periodicos-institucionalizados-atualmente","status":"publish","type":"page","link":"https:\/\/portal.uern.br\/propeg\/periodicos-institucionalizados-atualmente\/","title":{"rendered":"Peri\u00f3dicos institucionalizados"},"content":{"rendered":"<p>Acesse <a href=\"https:\/\/portal.uern.br\/propeg\/periodicos\/\">aqui<\/a> o Portal de Peri\u00f3dicos da UERN.<\/p>\n<p><a href=\"https:\/\/portal.uern.br\/propeg\/wp-content\/uploads\/2024\/09\/Resolucao-no-18-2024-CONSEPE-Dispoe-sobre-o-Portal-Periodicos-da-Uern-revoga-a-Resolucao-n\u00b0.-.pdf\"> RESOLU\u00c7\u00c3O N.\u00ba 18\/2024 &#8211; CONSEPE<\/a><br \/>\nDisp\u00f5e sobre o Portal Peri\u00f3dicos da Universidade do Estado do Rio Grande do Norte, revoga a Resolu\u00e7\u00e3o n. 22\/2017 &#8211; CONSEPE, e d\u00e1 outras provid\u00eancias.<\/p>\n","protected":false},"excerpt":{"rendered":"<p>Acesse aqui o Portal de Peri\u00f3dicos da UERN. RESOLU\u00c7\u00c3O N.\u00ba 18\/2024 &#8211; CONSEPE Disp\u00f5e sobre o Portal Peri\u00f3dicos da Universidade do Estado do Rio Grande do Norte, revoga a Resolu\u00e7\u00e3o n. 22\/2017 &#8211; CONSEPE, e d\u00e1 outras provid\u00eancias.<\/p>\n","protected":false},"author":2,"featured_media":0,"parent":0,"menu_order":0,"comment_status":"closed","ping_status":"closed","template":"","meta":{"footnotes":""},"class_list":["post-2892","page","type-page","status-publish","hentry"],"_links":{"self":[{"href":"https:\/\/portal.uern.br\/propeg\/wp-json\/wp\/v2\/pages\/2892","targetHints":{"allow":["GET"]}}],"collection":[{"href":"https:\/\/portal.uern.br\/propeg\/wp-json\/wp\/v2\/pages"}],"about":[{"href":"https:\/\/portal.uern.br\/propeg\/wp-json\/wp\/v2\/types\/page"}],"author":[{"embeddable":true,"href":"https:\/\/portal.uern.br\/propeg\/wp-json\/wp\/v2\/users\/2"}],"replies":[{"embeddable":true,"href":"https:\/\/portal.uern.br\/propeg\/wp-json\/wp\/v2\/comments?post=2892"}],"version-history":[{"count":7,"href":"https:\/\/portal.uern.br\/propeg\/wp-json\/wp\/v2\/pages\/2892\/revisions"}],"predecessor-version":[{"id":3358,"href":"https:\/\/portal.uern.br\/propeg\/wp-json\/wp\/v2\/pages\/2892\/revisions\/3358"}],"wp:attachment":[{"href":"https:\/\/portal.uern.br\/propeg\/wp-json\/wp\/v2\/media?parent=2892"}],"curies":[{"name":"wp","href":"https:\/\/api.w.org\/{rel}","templated":true}]}}