{"id":2886,"date":"2024-04-19T13:56:35","date_gmt":"2024-04-19T16:56:35","guid":{"rendered":"https:\/\/portal.uern.br\/propeg\/?page_id=2886"},"modified":"2026-03-24T19:50:11","modified_gmt":"2026-03-24T22:50:11","slug":"portfolio-dos-laboratorio-de-pesquisa","status":"publish","type":"page","link":"https:\/\/portal.uern.br\/propeg\/portfolio-dos-laboratorio-de-pesquisa\/","title":{"rendered":"Portf\u00f3lio dos laborat\u00f3rios de pesquisa"},"content":{"rendered":"<p>Acesse <a href=\"https:\/\/portal.uern.br\/propeg\/laboratorios\/\">aqui<\/a> o portal dos laborat\u00f3rios de pesquisa institucionalizados da UERN.<\/p>\n<p>&nbsp;<\/p>\n<table dir=\"ltr\" border=\"1\" cellspacing=\"0\" cellpadding=\"0\" data-sheets-root=\"1\" data-sheets-baot=\"1\">\n<colgroup>\n<col width=\"263\" \/>\n<col width=\"605\" \/>\n<col width=\"124\" \/>\n<col width=\"161\" \/>\n<col width=\"266\" \/>\n<col width=\"278\" \/><\/colgroup>\n<tbody>\n<tr>\n<td>\u00c1REA<\/td>\n<td>LABORATORIO<\/td>\n<td>SIGLA<\/td>\n<td>RESOLU\u00c7\u00c3O COM REGIMENTO<\/td>\n<td>COORDENADOR<\/td>\n<td>UNIDADE UNIVERSITARIA<\/td>\n<\/tr>\n<tr>\n<td>CI\u00caNCIAS HUMANAS<\/td>\n<td><\/td>\n<td><\/td>\n<td><\/td>\n<td><\/td>\n<td><\/td>\n<\/tr>\n<tr>\n<td>Geografia<\/td>\n<td>LABORAT\u00d3RIO DE ENSINO DE GEOGRAFIA HUMANA<\/td>\n<td>LAGHUM<\/td>\n<td><a href=\"https:\/\/www.uern.br\/controledepaginas\/documentos-legislacao-consepe\/arquivos\/5105resolucao_n0_2020_051___consepe___institucionaliza_o_laboratorio_de_ensino_de_geografia_humana___laghum_do_dge_fafic_e_aprova_o_seu_regimento_interno.pdf\">051\/2020 \u2013 CONSEPE<\/a><\/td>\n<td>JIONALDO PEREIRA DE OLIVEIRA<\/td>\n<td>FAFIC<\/td>\n<\/tr>\n<tr>\n<td>Geografia<\/td>\n<td>LABORAT\u00d3RIO DE ESTUDOS DA PAISAGEM E EDUCA\u00c7\u00c3O AMBIENTAL<\/td>\n<td>LABEPE<\/td>\n<td><a href=\"https:\/\/www.uern.br\/controledepaginas\/documentos-legislacao-consepe\/arquivos\/5105resolucao_n0_2021_048___consepe___institucionaliza_o_labepe_vinculado_ao_dge_fafic_e_aprova_seu_regimento_interno.pdf\">048\/2021 \u2013 CONSEPE<\/a><\/td>\n<td>ROBSON FERNANDES FILGUEIRA<\/td>\n<td>FAFIC<\/td>\n<\/tr>\n<tr>\n<td>Geografia<\/td>\n<td>LABORAT\u00d3RIO DE GEOGRAFIA F\u00cdSICA<\/td>\n<td>LAGEF<\/td>\n<td><a href=\"https:\/\/www.uern.br\/controledepaginas\/documentos-legislacao-consepe\/arquivos\/5105resolucao_n0_2020_050___consepe___institucionaliza_o_laboratorio_de_geografia_fisica___lagef_do_dge_fafic_e_aprova_o_seu_regimento_interno.pdf\">050\/2020 \u2013 CONSEPE<\/a><\/td>\n<td>Gutemberg Henrique Dias<\/td>\n<td>FAFIC<\/td>\n<\/tr>\n<tr>\n<td>Geografia<\/td>\n<td>LABORAT\u00d3RIO DE GEOPROCESSAMENTO<\/td>\n<td>LABGEO<\/td>\n<td><a href=\"https:\/\/www.uern.br\/controledepaginas\/documentos-legislacao-consepe\/arquivos\/5105resolucao_n0_2020_057___consepe___institucionaliza_o_laboratorio_de_geoprocessamento___labgeo_do_dge_fafic_e_aprova_o_seu_regimento_interno.pdf\">057\/2020 \u2013 CONSEPE<\/a><\/td>\n<td>Filipe da Silva Peixoto<\/td>\n<td>FAFIC<\/td>\n<\/tr>\n<tr>\n<td>Arqueologia<\/td>\n<td>LABORAT\u00d3RIO DE ARQUEOLOGIA O HOMEM POTIGUAR<\/td>\n<td>LAHP<\/td>\n<td><a href=\"https:\/\/www.uern.br\/controledepaginas\/documentos-legislacao-consepe\/arquivos\/5105resolucao_n0_2019_015___consepe___institucionaliza_o_laboratorio_de_arqueologia_o_homem_potiguar___lahp___vinculado_ao_dh_fafic_e_aprova_o_seu_regimento_interno.pdf\">015\/2019 \u2013 CONSEPE<\/a><\/td>\n<td>Valdeci dos Santos J\u00fanior<\/td>\n<td>FAFIC<\/td>\n<\/tr>\n<tr>\n<td>Hist\u00f3ria<\/td>\n<td>LABORAT\u00d3RIO DE HIST\u00d3RIA ORAL E IMAGEM<\/td>\n<td>LABHORI<\/td>\n<td><a href=\"https:\/\/www.uern.br\/controledepaginas\/documentos-legislacao-consepe\/arquivos\/5105resolucao_n0_2020_013___consepe___aprova_o_regimento_do_laboratorio_de_historia_oral_e_imagem_labhori_uern.pdf\">013\/2020 \u2013 CONSEPE<\/a><\/td>\n<td>Marc\u00edlio Lima Falc\u00e3o<\/td>\n<td>FAFIC<\/td>\n<\/tr>\n<tr>\n<td>Hist\u00f3ria<\/td>\n<td>LABORAT\u00d3RIO DE DOCUMENTA\u00c7\u00c3O E PESQUISA HIST\u00d3RICA DO VALE DO A\u00c7U<\/td>\n<td>LADHA<\/td>\n<td><a href=\"https:\/\/www.uern.br\/controledepaginas\/documentos-legislacao-consepe\/arquivos\/5105resolucao_n0_2020_017___consepe___cria_e_institucionaliza_o_laboratorio_de_documentacao_e_pesquisa_historica_do_vale_do_acu___ladha_e_aprova_o_seu_regimento_interno.pdf\">017\/2020 \u2013 CONSEPE<\/a><\/td>\n<td>Marcelo Vieira Magalh\u00e3es<\/td>\n<td>Campos Avan\u00e7ado de Assu<\/td>\n<\/tr>\n<tr>\n<td>Geografia<\/td>\n<td>LABORAT\u00d3RIO DE PESQUISA, ENSINO E EXTENS\u00c3O DE ESTUDOS GEOAMBIENTAIS<\/td>\n<td>LAPEEGEO<\/td>\n<td>011\/2024 \u2013 CONSEPE<\/td>\n<td>ANDREZA TACYANA FELIX CARVALHO<\/td>\n<td>Campos Avan\u00e7ado de Pau dos Ferros<\/td>\n<\/tr>\n<tr>\n<td>Geografia<\/td>\n<td>LABORAT\u00d3RIO DE GEOGRAFIA F\u00cdSICA<\/td>\n<td>LAGEO<\/td>\n<td><a href=\"https:\/\/www.uern.br\/controledepaginas\/documentos-legislacao-consepe\/arquivos\/5105resolucao_n0_2019_016___consepe___institucionaliza_o_laboratorio_de_geografia_fisica___lageo___vinculado_ao_dge_capwsl_e_aprova_o_seu_regimento_interno.pdf\">016\/2019 \u2013 CONSEPE<\/a><\/td>\n<td>Josiel Guedes<\/td>\n<td>Campos Avan\u00e7ado de Assu<\/td>\n<\/tr>\n<tr>\n<td>Educa\u00e7\u00e3o<\/td>\n<td>LABORAT\u00d3RIO DE PESQUISA, ENSINO, EXTENS\u00c3O E FORMA\u00c7\u00c3O DE PROFESSORES<\/td>\n<td>LAPEF<\/td>\n<td><a href=\"https:\/\/www.uern.br\/controledepaginas\/documentos-legislacao-consepe\/arquivos\/5105resolucao_n0_2020_033___consepe___cria_o_laboratorio_de_pesquisa_ensino_extensao_e_formacao_de_professores_a%E2%82%AC%E2%80%9C_lapef_uern.pdf\">033\/2020 \u2013 CONSEPE<\/a><\/td>\n<td>Kamila Costa de Sousa<\/td>\n<td>Campos Avan\u00e7ado de Patu<\/td>\n<\/tr>\n<\/tbody>\n<\/table>\n<p>&nbsp;<\/p>\n<table dir=\"ltr\" border=\"1\" cellspacing=\"0\" cellpadding=\"0\" data-sheets-root=\"1\" data-sheets-baot=\"1\">\n<colgroup>\n<col width=\"263\" \/>\n<col width=\"605\" \/>\n<col width=\"124\" \/>\n<col width=\"161\" \/>\n<col width=\"266\" \/>\n<col width=\"278\" \/><\/colgroup>\n<tbody>\n<tr>\n<td>\u00c1REA<\/td>\n<td>LABORATORIO<\/td>\n<td>SIGLA<\/td>\n<td>RESOLU\u00c7\u00c3O COM REGIMENTO<\/td>\n<td>COORDENADOR<\/td>\n<td>UNIDADE UNIVERSITARIA<\/td>\n<\/tr>\n<tr>\n<td>LINGUISTICA LETRAS E ARTES<\/td>\n<td><\/td>\n<td><\/td>\n<td><\/td>\n<td><\/td>\n<td><\/td>\n<\/tr>\n<tr>\n<td>Lingu\u00edstica e literatura<\/td>\n<td>LABORAT\u00d3RIO DE PESQUISA EM ENSINO DE L\u00cdNGUA PORTUGUESA E LITERATURA<\/td>\n<td>LAPLI<\/td>\n<td><a href=\"https:\/\/www.uern.br\/controledepaginas\/documentos-legislacao-consepe\/arquivos\/5105resolucao_n0_2021_015___consepe___cria_laboratorio_de_pesquisa_em_ensino_de_lingua_portuguesa_e_literatura___lapli_do_dl___cap_e_aprova_o_seu_regimento_interno.pdf\">015\/2021 \u2013 CONSEPE<\/a><\/td>\n<td>FRANCISCA LAILSA RIBEIRO PINTO<\/td>\n<td>Campos Avan\u00e7ado de Patu<\/td>\n<\/tr>\n<\/tbody>\n<\/table>\n<p>&nbsp;<\/p>\n<table dir=\"ltr\" border=\"1\" cellspacing=\"0\" cellpadding=\"0\" data-sheets-root=\"1\" data-sheets-baot=\"1\">\n<colgroup>\n<col width=\"263\" \/>\n<col width=\"605\" \/>\n<col width=\"124\" \/>\n<col width=\"161\" \/>\n<col width=\"266\" \/>\n<col width=\"278\" \/><\/colgroup>\n<tbody>\n<tr>\n<td>\u00c1REA<\/td>\n<td>LABORATORIO<\/td>\n<td>SIGLA<\/td>\n<td>RESOLU\u00c7\u00c3O COM REGIMENTO<\/td>\n<td>COORDENADOR<\/td>\n<td>UNIDADE UNIVERSITARIA<\/td>\n<\/tr>\n<tr>\n<td>CI\u00caNCIAS EXATAS E DA TERRA<\/td>\n<td><\/td>\n<td><\/td>\n<td><\/td>\n<td><\/td>\n<td><\/td>\n<\/tr>\n<tr>\n<td>Ci\u00eancias da Computa\u00e7\u00e3o<\/td>\n<td>LABORAT\u00d3RIO DE SISTEMAS EMBARCADOS E DE TEMPO REAL<\/td>\n<td>LUMEN<\/td>\n<td><a href=\"https:\/\/www.uern.br\/controledepaginas\/documentos-legislacao-consepe\/arquivos\/5105resolucao_n0_2022_003___consepe___altera_o_art_2_da_resolucao_n0_2021_050___consepe___e_da_outras_providencias.pdf\">003\/2022 \u2013 CONSEPE<\/a><\/td>\n<td>Felipe Denis Mendon\u00e7a de Oliveira<\/td>\n<td>Campos Avan\u00e7ado de Natal<\/td>\n<\/tr>\n<tr>\n<td>Ci\u00eancias da Computa\u00e7\u00e3o<\/td>\n<td>LABORAT\u00d3RIO DE APRENDIZAGEM ROB\u00d3TICA<\/td>\n<td>LAR<\/td>\n<td><a href=\"https:\/\/www.uern.br\/controledepaginas\/documentos-legislacao-consepe\/arquivos\/5105resolucao_n0_2019_023___consepe___institucionaliza_o_laboratorio_de_aprendizagem_robotica_lar_vinculado_a_ciencia_da_computacao_can_e_aprova_o_seu_regimento_interno.pdf\">023\/2019 \u2013 CONSEPE<\/a><\/td>\n<td>ANDERSON ABNER DE SANTANA SOUZA<\/td>\n<td>Campos Avan\u00e7ado de Natal<\/td>\n<\/tr>\n<tr>\n<td>Ci\u00eancias da Computa\u00e7\u00e3o<\/td>\n<td>LABORAT\u00d3RIO DE REDES E SISTEMAS DISTRIBU\u00cdDOS<\/td>\n<td>LORDI<\/td>\n<td><a href=\"https:\/\/www.uern.br\/controledepaginas\/documentos-legislacao-consepe\/arquivos\/5105resolucao_n0_2019_017___consepe___institucionaliza_o_laboratorio_de_redes_e_sistemas_distribuidos___lordi___vinculado_ao_di_fanat_e_aprova_o_seu_regimento_interno.pdf\">017\/2019 \u2013 CONSEPE<\/a><\/td>\n<td>Sebasti\u00e3o Emidio Alves Filho<\/td>\n<td>FANAT<\/td>\n<\/tr>\n<tr>\n<td>Ci\u00eancias da Computa\u00e7\u00e3o<\/td>\n<td>LABORAT\u00d3RIO DE OTIMIZA\u00c7\u00c3O E INTELIG\u00caNCIA ARTIFICIAL<\/td>\n<td>LOIA<\/td>\n<td><a href=\"https:\/\/www.uern.br\/controledepaginas\/documentos-legislacao-consepe\/arquivos\/5105resolucao_n0_2019_035___consepe___institucionaliza_o_laboratorio_de_otimizacao_e_inteligencia_artificial_loia_uern_vinculado_ao_di_fanat.pdf\">035\/2019 \u2013 CONSEPE<\/a><\/td>\n<td>Dario Jos\u00e9 Aloise<\/td>\n<td>FANAT<\/td>\n<\/tr>\n<tr>\n<td>Ci\u00eancias da Computa\u00e7\u00e3o<\/td>\n<td>LABORAT\u00d3RIO DE ENGENHARIA DE SOFTWARE<\/td>\n<td>LES<\/td>\n<td><a href=\"https:\/\/www.uern.br\/controledepaginas\/documentos-legislacao-consepe\/arquivos\/5105resolucao_n0_2021_059___consepe___institucionaliza_o_les_uern_do_di_fanat_e_aprova_seu_regimento_interno.pdf\">059\/2021\u2013 CONSEPE<\/a><\/td>\n<td>Maximiliano Ara\u00fajo da Silva Lopes<\/td>\n<td>FANAT<\/td>\n<\/tr>\n<tr>\n<td>Qu\u00edmica<\/td>\n<td>LABORAT\u00d3RIO DE CATALISE AMBIENTE E MATERIAIS<\/td>\n<td>LACAM<\/td>\n<td><a href=\"https:\/\/www.uern.br\/controledepaginas\/documentos-legislacao-consepe\/arquivos\/5105resolucao_n0_2019_014___consepe___institucionaliza_o_laboratorio_de_catalise_ambiente_e_materiais___lacam___vinculado_ao_dq_fanat_e_aprova_o_seu_regimento_interno.pdf\">014\/2019 \u2013 CONSEPE<\/a><\/td>\n<td>Anne Gabriella Dias dos Santos Caldeira<\/td>\n<td>FANAT<\/td>\n<\/tr>\n<tr>\n<td>Qu\u00edmica<\/td>\n<td>LABORAT\u00d3RIO DE ELETROQU\u00cdMICA E QU\u00cdMICA ANAL\u00cdTICA<\/td>\n<td>LEQA<\/td>\n<td><a href=\"https:\/\/www.uern.br\/controledepaginas\/documentos-legislacao-consepe\/arquivos\/5105resolucao_n0_2019_045___consepe___institucionaliza_o_laboratorio_de_eletroquimica_e_quimica_analitica_leqa_vinculado_dq_fanat_e_aprova_o_seu_regimento_interno.pdf\">045\/2019 \u2013 CONSEPE<\/a><\/td>\n<td>Suely Leal de Castro<\/td>\n<td>FANAT<\/td>\n<\/tr>\n<tr>\n<td>Qu\u00edmica<\/td>\n<td>LABORAT\u00d3RIO DE CROMATOGRAFIA<\/td>\n<td>CROMATOGRAFIA<\/td>\n<td><a href=\"https:\/\/www.uern.br\/controledepaginas\/documentos-legislacao-consepe\/arquivos\/5105resolucao_n0_2020_045___consepe___institucionaliza_o_laboratorio_de_cromatografia_do_dq_fanat_e_aprova_o_seu_regimento_interno.pdf\">045\/2020 \u2013 CONSEPE<\/a><\/td>\n<td>Ja\u00e9cio Carlos Diniz<\/td>\n<td>FANAT<\/td>\n<\/tr>\n<tr>\n<td>F\u00edsica<\/td>\n<td>LABORAT\u00d3RIO DE AN\u00c1LISES \u00d3PTICAS<\/td>\n<td><\/td>\n<td>13\/2025 &#8211; CONSEPE<\/td>\n<td>THOMAS DUMELOW<\/td>\n<td>FANAT<\/td>\n<\/tr>\n<tr>\n<td>F\u00edsica<\/td>\n<td>LABORAT\u00d3RIO DE SIMULA\u00c7\u00c3O NUM\u00c9RICA E AN\u00c1LISE DE DADOS<\/td>\n<td>LABSIM<\/td>\n<td>01\/2026- CONSEPE<\/td>\n<td>VAMBERTO DIAS DE MELLO<\/td>\n<td>FANAT<\/td>\n<\/tr>\n<\/tbody>\n<\/table>\n<p>&nbsp;<\/p>\n<table dir=\"ltr\" border=\"1\" cellspacing=\"0\" cellpadding=\"0\" data-sheets-root=\"1\" data-sheets-baot=\"1\">\n<colgroup>\n<col width=\"263\" \/>\n<col width=\"605\" \/>\n<col width=\"124\" \/>\n<col width=\"161\" \/>\n<col width=\"266\" \/>\n<col width=\"278\" \/><\/colgroup>\n<tbody>\n<tr>\n<td>\u00c1REA<\/td>\n<td>LABORATORIO<\/td>\n<td>SIGLA<\/td>\n<td>RESOLU\u00c7\u00c3O COM REGIMENTO<\/td>\n<td>COORDENADOR<\/td>\n<td>UNIDADE UNIVERSITARIA<\/td>\n<\/tr>\n<tr>\n<td>CI\u00caNCIAS BIOL\u00d3GICAS<\/td>\n<td><\/td>\n<td><\/td>\n<td><\/td>\n<td><\/td>\n<td><\/td>\n<\/tr>\n<tr>\n<td>Ci\u00eancias Biologicas II<\/td>\n<td>LABORAT\u00d3RIO DE PALEONTOLOGIA<\/td>\n<td>LABPALEO<\/td>\n<td><a href=\"https:\/\/www.uern.br\/controledepaginas\/documentos-legislacao-consepe\/arquivos\/5105resolucao_n0_2021_016___consepe___institucionaliza_o_laboratorio_de_paleontologia___labpaleo_vinculado_ao_dcb_fanat_e_aprova_o_regimento_interno.pdf\">016\/2021 \u2013 CONSEPE<\/a><\/td>\n<td>Kleberson Porpino<\/td>\n<td>FANAT<\/td>\n<\/tr>\n<tr>\n<td>Ci\u00eancias Biologicas II<\/td>\n<td>LABORAT\u00d3RIO DE BIOQU\u00cdMICA E BIOLOGIA MOLECULAR<\/td>\n<td>BIOMOL<\/td>\n<td><a href=\"https:\/\/www.uern.br\/controledepaginas\/documentos-legislacao-consepe\/arquivos\/5105resolucao_n0_2019_044___consepe___institucionaliza_o_laboratorio_de_bioquimica_e_biologia_molecular_biomol_vinculado_ao_dcb_facs_e_aprova_o_seu_regimento_interno.pdf\">044\/2019 \u2013 CONSEPE<\/a><\/td>\n<td>Thales Allyrio Ara\u00fajo de M Fernandes<\/td>\n<td>FANAT<\/td>\n<\/tr>\n<tr>\n<td>Ci\u00eancias Biologicas II<\/td>\n<td>LABORAT\u00d3RIO DE MICROSCOPIA<\/td>\n<td>LABMIC<\/td>\n<td>001\/2023 \u2013 CONSEPE<\/td>\n<td>Jos\u00e9 Edvan de Souza J\u00fanior<\/td>\n<td>FANAT<\/td>\n<\/tr>\n<tr>\n<td>Ci\u00eancias Biologicas II<\/td>\n<td>LABORAT\u00d3RIO DE FISIOLOGIA E BIOQU\u00cdMICA DE PLANTAS<\/td>\n<td>LFBP<\/td>\n<td><a href=\"https:\/\/www.uern.br\/controledepaginas\/documentos-legislacao-consepe\/arquivos\/5105resolucao_n0_2019_022___consepe___institucionaliza_o_laboratorio_de_fisiologia_e_bioquimica_de_plantas_lfbp_vinculado_do_decb_fanatl_e_aprova_o_seu_regimento_interno.pdf\">022\/2019 \u2013 CONSEPE<\/a><\/td>\n<td>Cynthia Cavalcanti de Albuquerque<\/td>\n<td>FANAT<\/td>\n<\/tr>\n<tr>\n<td>Ci\u00eancias Biologicas III<\/td>\n<td>LABORAT\u00d3RIO DE ESTUDOS EM PARASITOLOGIA E IMUNOLOGIA<\/td>\n<td>LEPI<\/td>\n<td>006\/2024 \u2013 CONSEPE<\/td>\n<td>Daysianne Ara\u00fajo Falc\u00e3o<\/td>\n<td>FANAT<\/td>\n<\/tr>\n<tr>\n<td>Ci\u00eancias Biologicas III<\/td>\n<td>LABORAT\u00d3RIO DE PARASITOLOGIA M\u00c9DICA<\/td>\n<td>LABPAM<\/td>\n<td><a href=\"https:\/\/www.uern.br\/controledepaginas\/documentos-legislacao-consepe\/arquivos\/5105resolucao_n0_2019_009___consepe___institucionaliza_o_laboratorio_de_parasitologia_medica___labpam_uern.pdf\">009\/2019 \u2013 CONSEPE<\/a><\/td>\n<td>Patricia Batista Barra<\/td>\n<td>FACS<\/td>\n<\/tr>\n<tr>\n<td>Biodiversidade<\/td>\n<td>LABORAT\u00d3RIO DE ECOLOGIA E SISTEM\u00c1TICA VEGETAL<\/td>\n<td>LESV<\/td>\n<td><a href=\"https:\/\/www.uern.br\/controledepaginas\/documentos-legislacao-consepe\/arquivos\/5105resolucao_n0_2019_018___consepe___institucionaliza_o_laboratorio_de_ecologia_e_sistematica_vegetal___lesv___vinculadoa_ao_dcb_fanat_e_aprova_o_seu_regimento_interno.pdf\">018\/2019 \u2013 CONSEPE<\/a><\/td>\n<td>Diego Nathan do Nascimento Souza<\/td>\n<td>FANAT<\/td>\n<\/tr>\n<tr>\n<td>Biodiversidade<\/td>\n<td>LABORAT\u00d3RIO DE MONITORAMENTO DE BIOTA MARINHA<\/td>\n<td>LMBM<\/td>\n<td><a href=\"https:\/\/www.uern.br\/controledepaginas\/documentos-legislacao-consepe\/arquivos\/5105resolucao_n0_2022_002___consepe___altera_resolucao_2021_085_que_dispoe_sobre_diretrizes_pertinentes_ao_reinicio_das_atividades_academicas_presenciais_na_uern.pdf\">002\/2022 \u2013 CONSEPE<\/a><\/td>\n<td>Ana Bernadete Lima Fragoso<\/td>\n<td>FANAT<\/td>\n<\/tr>\n<tr>\n<td>Biodiversidade<\/td>\n<td>LABORAT\u00d3RIO DE ICTIOLOGIA<\/td>\n<td>LABIC<\/td>\n<td><a href=\"https:\/\/www.uern.br\/controledepaginas\/documentos-legislacao-consepe\/arquivos\/5105resolucao_n0_2020_011___consepe___institucionaliza_o_laboratorio_de_ictiologia___labic___uern_e_aprova_o_seu_regimento_interno.pdf\">011\/2020 \u2013 CONSEPE<\/a><\/td>\n<td>Danielle Peretti<\/td>\n<td>FANAT<\/td>\n<\/tr>\n<\/tbody>\n<\/table>\n<p>&nbsp;<\/p>\n<table dir=\"ltr\" border=\"1\" cellspacing=\"0\" cellpadding=\"0\" data-sheets-root=\"1\" data-sheets-baot=\"1\">\n<colgroup>\n<col width=\"263\" \/>\n<col width=\"605\" \/>\n<col width=\"124\" \/>\n<col width=\"161\" \/>\n<col width=\"266\" \/>\n<col width=\"278\" \/><\/colgroup>\n<tbody>\n<tr>\n<td>\u00c1REA<\/td>\n<td>LABORATORIO<\/td>\n<td>SIGLA<\/td>\n<td>RESOLU\u00c7\u00c3O COM REGIMENTO<\/td>\n<td>COORDENADOR<\/td>\n<td>UNIDADE UNIVERSITARIA<\/td>\n<\/tr>\n<tr>\n<td>CI\u00caNCIAS DA SA\u00daDE<\/td>\n<td><\/td>\n<td><\/td>\n<td><\/td>\n<td><\/td>\n<td><\/td>\n<\/tr>\n<tr>\n<td>Educa\u00e7\u00e3o F\u00edsica<\/td>\n<td>LABORAT\u00d3RIO DE AVALIA\u00c7\u00c3O DO DESEMPENHO AQU\u00c1TICO<\/td>\n<td>LADA<\/td>\n<td><a href=\"https:\/\/www.uern.br\/controledepaginas\/documentos-legislacao-consepe\/arquivos\/5105resolucao_n0_2019_032___consepe___cria_o_laboratorio_de_avaliacao_do_desempenho_aquatico_lada_uern_vinculado_ao_def_faef.pdf\">032\/2019 \u2013 CONSEPE<\/a><\/td>\n<td>ADALBERTO VERONESE DA COSTA<\/td>\n<td>FAEF<\/td>\n<\/tr>\n<tr>\n<td>Educa\u00e7\u00e3o F\u00edsica<\/td>\n<td>LABORAT\u00d3RIO MOVIMENTO E SAUDE<\/td>\n<td>LABMOS<\/td>\n<td><a href=\"https:\/\/www.uern.br\/controledepaginas\/documentos-legislacao-consepe\/arquivos\/5105resolucao_n0_2020_077___consepe___cria_e_institucionaliza_o_laboratorio_movimento_e_saude___labmos.pdf\">077\/2020 \u2013 CONSEPE<\/a><\/td>\n<td>Maria Irany Kanackfuss<\/td>\n<td>FAEF<\/td>\n<\/tr>\n<tr>\n<td>Educa\u00e7\u00e3o F\u00edsica<\/td>\n<td>LABORAT\u00d3RIO DE NEUROFISIOLOGIA DO EXERC\u00cdCIO<\/td>\n<td>LANEX<\/td>\n<td>02\/2026- CONSEPE<\/td>\n<td>GLEIDSON MENDES REBOU\u00c7AS<\/td>\n<td>FAEF<\/td>\n<\/tr>\n<tr>\n<td>Educa\u00e7\u00e3o F\u00edsica<\/td>\n<td>LABORAT\u00d3RIO DE MEDIDAS E AVALIA\u00c7\u00c3O<\/td>\n<td>LABMA<\/td>\n<td><a href=\"https:\/\/www.uern.br\/controledepaginas\/documentos-legislacao-consepe\/arquivos\/5105resolucao_n0_2021_027___consepe___institucionaliza_o_laboratorio_de_medidas_e_avaliacao_labma_vinvulado_ao_curso_de_educacao_fisica_do_capf.pdf\">027\/2021 \u2013 CONSEPE<\/a><\/td>\n<td>Maria Lucia Lira de Andrade<\/td>\n<td>Campos Avan\u00e7ado de Pau dos Ferros<\/td>\n<\/tr>\n<tr>\n<td>Medicina II<\/td>\n<td>NEUROLOGIA EXPERIMENTAL<\/td>\n<td>LABNEURO<\/td>\n<td><a href=\"https:\/\/www.uern.br\/controledepaginas\/documentos-legislacao-consepe\/arquivos\/5105resolucao_n0_2022_001___consepe___altera_prazo_estabelecido_na_resolucao_n0_2021_085___consepe___modificada_pela_resolucao_n0___2021_087___consepe.pdf\">001\/2022 \u2013 CONSEPE<\/a><\/td>\n<td>Jos\u00e9 Rodolfo Lopes de Paiva Cavalcanti<\/td>\n<td>FACS<\/td>\n<\/tr>\n<\/tbody>\n<\/table>\n<p>&nbsp;<\/p>\n<table dir=\"ltr\" border=\"1\" cellspacing=\"0\" cellpadding=\"0\" data-sheets-root=\"1\" data-sheets-baot=\"1\">\n<colgroup>\n<col width=\"263\" \/>\n<col width=\"605\" \/>\n<col width=\"124\" \/>\n<col width=\"161\" \/>\n<col width=\"266\" \/>\n<col width=\"278\" \/><\/colgroup>\n<tbody>\n<tr>\n<td>\u00c1REA<\/td>\n<td>LABORATORIO<\/td>\n<td>SIGLA<\/td>\n<td>RESOLU\u00c7\u00c3O COM REGIMENTO<\/td>\n<td>COORDENADOR<\/td>\n<td>UNIDADE UNIVERSITARIA<\/td>\n<\/tr>\n<tr>\n<td>MULTIDISCIPLINAR<\/td>\n<td><\/td>\n<td><\/td>\n<td><\/td>\n<td><\/td>\n<td><\/td>\n<\/tr>\n<tr>\n<td>Ci\u00eancias ambientais<\/td>\n<td>LABORAT\u00d3RIO DE ECOLOGIA APLICADA<\/td>\n<td>LEA<\/td>\n<td><a href=\"https:\/\/www.uern.br\/controledepaginas\/documentos-legislacao-consepe\/arquivos\/5105resolucao_n0_2019_029___consepe___institucionaliza_o_laboratorio_de_ecologia_aplicada_lea_vinculado_ao_dga_facem_e_aprova_o_seu_regimento_interno..pdf\">029\/2019 \u2013 CONSEPE<\/a><\/td>\n<td>M\u00e1rcia Regina Faria<\/td>\n<td>FACEM<\/td>\n<\/tr>\n<tr>\n<td>Ci\u00eancias ambientais<\/td>\n<td>LABORAT\u00d3RIO DE ESTUDOS COSTEIROS E \u00c1REAS PROTEGIDAS<\/td>\n<td>LECAP<\/td>\n<td><a href=\"https:\/\/www.uern.br\/controledepaginas\/documentos-legislacao-consepe\/arquivos\/5105resolucao_n0_2019_034___consepe___institucionaliza_o_laboratorio_de_estudos_costeiros_e_areas_protegidas_lecap_uern_vinculado_dga_facem.pdf\">034\/2019 \u2013 CONSEPE<\/a><\/td>\n<td>Rodrigo Guimar\u00e3es<\/td>\n<td>FACEM<\/td>\n<\/tr>\n<tr>\n<td>Ci\u00eancias ambientais<\/td>\n<td>N\u00daCLEO DE ESTUDOS SOCIOAMBIENTAIS E TERRITORIAIS<\/td>\n<td>NESAT<\/td>\n<td><a href=\"https:\/\/www.uern.br\/controledepaginas\/documentos-legislacao-consepe\/arquivos\/5105resolucao_n0_2019_013___consepe___institucionaliza_o_nucleo_de_estudos_socioambientais_e_territoriais___nesat___vinculado_ao_dga_facem_e_aprova_o_seu_regimento_interno.pdf\">013\/2019 \u2013 CONSEPE<\/a><\/td>\n<td>Alfredo Marcelo Grigio<\/td>\n<td>FACEM<\/td>\n<\/tr>\n<tr>\n<td>Ci\u00eancias ambientais<\/td>\n<td>LABORAT\u00d3RIO DE ESTUDOS EM GEST\u00c3O AMBIENTAL APLICADAS<\/td>\n<td>LEGAP<\/td>\n<td>19\/2024 &#8211; CONSEPE<\/td>\n<td>ROSEANO MEDEIROS DA SILVA<\/td>\n<td>FACEM<\/td>\n<\/tr>\n<tr>\n<td>Ensino de Ci\u00eancias e Matem\u00e1tica<\/td>\n<td>LABORAT\u00d3RIO DE PR\u00c1TICA DO ENSINO DE MATEM\u00c1TICA<\/td>\n<td>LPEM<\/td>\n<td><a href=\"https:\/\/www.uern.br\/controledepaginas\/documentos-legislacao-consepe\/arquivos\/5105resolucao_n0_2020_044___consepe___institucionaliza_o_laboratorio_de_pratica_do_ensino_de_matematica___lpem_e_aprova_o_seu_regimento_interno.pdf\">044\/2020 \u2013 CONSEPE<\/a><\/td>\n<td>Samilly Alexandre de Souza<\/td>\n<td>Campos Avan\u00e7ado de Patu<\/td>\n<\/tr>\n<\/tbody>\n<\/table>\n<p>&nbsp;<\/p>\n<table dir=\"ltr\" border=\"1\" cellspacing=\"0\" cellpadding=\"0\" data-sheets-root=\"1\" data-sheets-baot=\"1\">\n<colgroup>\n<col width=\"263\" \/>\n<col width=\"605\" \/>\n<col width=\"124\" \/>\n<col width=\"161\" \/>\n<col width=\"266\" \/>\n<col width=\"278\" \/><\/colgroup>\n<tbody>\n<tr>\n<td colspan=\"6\" rowspan=\"1\">CENTRO DE PESQUISA<\/td>\n<\/tr>\n<tr>\n<td>CI\u00caNCIAS EXATAS E DA TERRA<\/td>\n<td><\/td>\n<td><\/td>\n<td><\/td>\n<td><\/td>\n<td><\/td>\n<\/tr>\n<tr>\n<td>F\u00edsica<\/td>\n<td>CENTRO DE S\u00cdNTESE E AN\u00c1LISE DE MATERIAIS AVAN\u00c7ADOS<\/td>\n<td>CSAMA<\/td>\n<td>08\/2025<\/td>\n<td>Jo\u00e3o Maria Soares<\/td>\n<td>FANAT<\/td>\n<\/tr>\n<\/tbody>\n<\/table>\n","protected":false},"excerpt":{"rendered":"<p>Acesse aqui o portal dos laborat\u00f3rios de pesquisa institucionalizados da UERN. &nbsp; \u00c1REA LABORATORIO SIGLA RESOLU\u00c7\u00c3O COM REGIMENTO COORDENADOR UNIDADE UNIVERSITARIA CI\u00caNCIAS HUMANAS Geografia LABORAT\u00d3RIO DE ENSINO DE GEOGRAFIA HUMANA LAGHUM 051\/2020 \u2013 CONSEPE JIONALDO PEREIRA DE OLIVEIRA FAFIC Geografia LABORAT\u00d3RIO DE ESTUDOS DA PAISAGEM E EDUCA\u00c7\u00c3O AMBIENTAL LABEPE 048\/2021 \u2013 CONSEPE ROBSON FERNANDES FILGUEIRA [&hellip;]<\/p>\n","protected":false},"author":2,"featured_media":0,"parent":0,"menu_order":0,"comment_status":"closed","ping_status":"closed","template":"","meta":{"footnotes":""},"class_list":["post-2886","page","type-page","status-publish","hentry"],"_links":{"self":[{"href":"https:\/\/portal.uern.br\/propeg\/wp-json\/wp\/v2\/pages\/2886","targetHints":{"allow":["GET"]}}],"collection":[{"href":"https:\/\/portal.uern.br\/propeg\/wp-json\/wp\/v2\/pages"}],"about":[{"href":"https:\/\/portal.uern.br\/propeg\/wp-json\/wp\/v2\/types\/page"}],"author":[{"embeddable":true,"href":"https:\/\/portal.uern.br\/propeg\/wp-json\/wp\/v2\/users\/2"}],"replies":[{"embeddable":true,"href":"https:\/\/portal.uern.br\/propeg\/wp-json\/wp\/v2\/comments?post=2886"}],"version-history":[{"count":15,"href":"https:\/\/portal.uern.br\/propeg\/wp-json\/wp\/v2\/pages\/2886\/revisions"}],"predecessor-version":[{"id":4580,"href":"https:\/\/portal.uern.br\/propeg\/wp-json\/wp\/v2\/pages\/2886\/revisions\/4580"}],"wp:attachment":[{"href":"https:\/\/portal.uern.br\/propeg\/wp-json\/wp\/v2\/media?parent=2886"}],"curies":[{"name":"wp","href":"https:\/\/api.w.org\/{rel}","templated":true}]}}