{"id":2879,"date":"2024-04-19T12:50:42","date_gmt":"2024-04-19T15:50:42","guid":{"rendered":"https:\/\/portal.uern.br\/propeg\/?page_id=2879"},"modified":"2025-10-16T12:24:24","modified_gmt":"2025-10-16T15:24:24","slug":"como-institucionalizar-um-laboratorio-de-pesquisa","status":"publish","type":"page","link":"https:\/\/portal.uern.br\/propeg\/como-institucionalizar-um-laboratorio-de-pesquisa\/","title":{"rendered":"Como institucionalizar um laborat\u00f3rio de pesquisa"},"content":{"rendered":"<p><a href=\"https:\/\/portal.uern.br\/propeg\/wp-content\/uploads\/2024\/09\/Resolucao-no-19-2024-CONSEPE-Regulamenta-funcionamento-laboratorios-pesquisa-e-centros-de-pesq.pdf\">RESOLU\u00c7\u00c3O N.\u00ba 19\/2024 &#8211; CONSEPE<\/a><\/p>\n<p><a href=\"https:\/\/portal.uern.br\/propeg\/wp-content\/uploads\/2024\/09\/SEI_29247989_Instrucao_Normativa_10.pdf\">INSTRU\u00c7\u00c3O NORMATIVA N\u00ba 10\/2024 &#8211; UERN<\/a><\/p>\n<p><a href=\"https:\/\/portal.uern.br\/propeg\/wp-content\/uploads\/2025\/10\/Anexo-I-Minuta-de-resolucao-Institucionalizacao-de-Laboratorio.docx\">ANEXO I &#8211; MINUTA DE RESOLU\u00c7\u00c3O<\/a><\/p>\n<p><a href=\"https:\/\/portal.uern.br\/propeg\/wp-content\/uploads\/2024\/09\/Anexo-II-Declaracao-de-coordenacao-1.docx\">ANEXO II &#8211; DECLARA\u00c7\u00c3O DE COORDENA\u00c7\u00c3O DE LABORAT\u00d3RIO<\/a><\/p>\n<p><a href=\"https:\/\/portal.uern.br\/propeg\/wp-content\/uploads\/2024\/09\/Anexo-III-Tutorial-laboratorios-pesquisa-1.pdf\">Tutorial com orienta\u00e7\u00f5es para o preenchimento dos dados na plataforma Sigaa<\/a><\/p>\n<p>Em casos de d\u00favidas entrar em contato com o Departamento de Apoio ao pesquisador &#8211; DAP: <a href=\"mailto:dap@uern.br\">dap@uern.br<\/a><\/p>\n","protected":false},"excerpt":{"rendered":"<p>RESOLU\u00c7\u00c3O N.\u00ba 19\/2024 &#8211; CONSEPE INSTRU\u00c7\u00c3O NORMATIVA N\u00ba 10\/2024 &#8211; UERN ANEXO I &#8211; MINUTA DE RESOLU\u00c7\u00c3O ANEXO II &#8211; DECLARA\u00c7\u00c3O DE COORDENA\u00c7\u00c3O DE LABORAT\u00d3RIO Tutorial com orienta\u00e7\u00f5es para o preenchimento dos dados na plataforma Sigaa Em casos de d\u00favidas entrar em contato com o Departamento de Apoio ao pesquisador &#8211; DAP: dap@uern.br<\/p>\n","protected":false},"author":2,"featured_media":0,"parent":0,"menu_order":0,"comment_status":"closed","ping_status":"closed","template":"","meta":{"footnotes":""},"class_list":["post-2879","page","type-page","status-publish","hentry"],"_links":{"self":[{"href":"https:\/\/portal.uern.br\/propeg\/wp-json\/wp\/v2\/pages\/2879","targetHints":{"allow":["GET"]}}],"collection":[{"href":"https:\/\/portal.uern.br\/propeg\/wp-json\/wp\/v2\/pages"}],"about":[{"href":"https:\/\/portal.uern.br\/propeg\/wp-json\/wp\/v2\/types\/page"}],"author":[{"embeddable":true,"href":"https:\/\/portal.uern.br\/propeg\/wp-json\/wp\/v2\/users\/2"}],"replies":[{"embeddable":true,"href":"https:\/\/portal.uern.br\/propeg\/wp-json\/wp\/v2\/comments?post=2879"}],"version-history":[{"count":12,"href":"https:\/\/portal.uern.br\/propeg\/wp-json\/wp\/v2\/pages\/2879\/revisions"}],"predecessor-version":[{"id":4345,"href":"https:\/\/portal.uern.br\/propeg\/wp-json\/wp\/v2\/pages\/2879\/revisions\/4345"}],"wp:attachment":[{"href":"https:\/\/portal.uern.br\/propeg\/wp-json\/wp\/v2\/media?parent=2879"}],"curies":[{"name":"wp","href":"https:\/\/api.w.org\/{rel}","templated":true}]}}