{"id":2863,"date":"2024-04-19T12:29:41","date_gmt":"2024-04-19T15:29:41","guid":{"rendered":"https:\/\/portal.uern.br\/propeg\/?page_id=2863"},"modified":"2024-04-19T12:30:03","modified_gmt":"2024-04-19T15:30:03","slug":"projetos-concluidos","status":"publish","type":"page","link":"https:\/\/portal.uern.br\/propeg\/projetos-concluidos\/","title":{"rendered":"Projetos conclu\u00eddos"},"content":{"rendered":"<p>Em constru\u00e7\u00e3o<\/p>\n","protected":false},"excerpt":{"rendered":"<p>Em constru\u00e7\u00e3o<\/p>\n","protected":false},"author":2,"featured_media":0,"parent":0,"menu_order":0,"comment_status":"closed","ping_status":"closed","template":"","meta":{"footnotes":""},"class_list":["post-2863","page","type-page","status-publish","hentry"],"_links":{"self":[{"href":"https:\/\/portal.uern.br\/propeg\/wp-json\/wp\/v2\/pages\/2863","targetHints":{"allow":["GET"]}}],"collection":[{"href":"https:\/\/portal.uern.br\/propeg\/wp-json\/wp\/v2\/pages"}],"about":[{"href":"https:\/\/portal.uern.br\/propeg\/wp-json\/wp\/v2\/types\/page"}],"author":[{"embeddable":true,"href":"https:\/\/portal.uern.br\/propeg\/wp-json\/wp\/v2\/users\/2"}],"replies":[{"embeddable":true,"href":"https:\/\/portal.uern.br\/propeg\/wp-json\/wp\/v2\/comments?post=2863"}],"version-history":[{"count":2,"href":"https:\/\/portal.uern.br\/propeg\/wp-json\/wp\/v2\/pages\/2863\/revisions"}],"predecessor-version":[{"id":2865,"href":"https:\/\/portal.uern.br\/propeg\/wp-json\/wp\/v2\/pages\/2863\/revisions\/2865"}],"wp:attachment":[{"href":"https:\/\/portal.uern.br\/propeg\/wp-json\/wp\/v2\/media?parent=2863"}],"curies":[{"name":"wp","href":"https:\/\/api.w.org\/{rel}","templated":true}]}}