{"id":2855,"date":"2024-04-19T12:17:42","date_gmt":"2024-04-19T15:17:42","guid":{"rendered":"https:\/\/portal.uern.br\/propeg\/?page_id=2855"},"modified":"2025-10-01T12:06:35","modified_gmt":"2025-10-01T15:06:35","slug":"como-submeter-um-projeto-ao-edital-de-fluxo-continuo","status":"publish","type":"page","link":"https:\/\/portal.uern.br\/propeg\/como-submeter-um-projeto-ao-edital-de-fluxo-continuo\/","title":{"rendered":"Como submeter um projeto ao edital de fluxo cont\u00ednuo"},"content":{"rendered":"<p><a href=\"https:\/\/portal.uern.br\/propeg\/wp-content\/uploads\/2025\/09\/Edital_10-2025-de_fluxo_continuo.pdf\">Edital_10 2025 de_fluxo_continuo<\/a><\/p>\n<p><a href=\"https:\/\/portal.uern.br\/propeg\/wp-content\/uploads\/2025\/09\/JOUERN-920.-13.09.25-Edital-de-Fluxo-Continuo.pdf\">Jouern Edital_10 2025 de_fluxo_continuo<\/a><\/p>\n<p><a href=\"https:\/\/portal.uern.br\/propeg\/wp-content\/uploads\/2025\/10\/Formulario-de-projeto-FC.odt\">Edital 10 2025 Anexo I Normas e Formulario-submissao-Fluxo cont\u00ednuo<\/a><\/p>\n<p><a href=\"https:\/\/portal.uern.br\/propeg\/wp-content\/uploads\/2025\/09\/Edital-10-2025-Anexo-II-Modelo-resumo-Fluxo-Continuo.docx\">Edital 10 2025 Anexo II &#8211; Modelo resumo Fluxo Cont\u00ednuo<\/a><\/p>\n<p><a href=\"https:\/\/portal.uern.br\/propeg\/wp-content\/uploads\/2023\/09\/Declaracao-Resp-Orcamentaria.odt\">Declara\u00e7\u00e3o de responsabilidade or\u00e7ament\u00e1ria\u00a0<\/a><\/p>\n<p>&nbsp;<\/p>\n","protected":false},"excerpt":{"rendered":"<p>Edital_10 2025 de_fluxo_continuo Jouern Edital_10 2025 de_fluxo_continuo Edital 10 2025 Anexo I Normas e Formulario-submissao-Fluxo cont\u00ednuo Edital 10 2025 Anexo II &#8211; Modelo resumo Fluxo Cont\u00ednuo Declara\u00e7\u00e3o de responsabilidade or\u00e7ament\u00e1ria\u00a0 &nbsp;<\/p>\n","protected":false},"author":2,"featured_media":0,"parent":0,"menu_order":0,"comment_status":"closed","ping_status":"closed","template":"","meta":{"footnotes":""},"class_list":["post-2855","page","type-page","status-publish","hentry"],"_links":{"self":[{"href":"https:\/\/portal.uern.br\/propeg\/wp-json\/wp\/v2\/pages\/2855","targetHints":{"allow":["GET"]}}],"collection":[{"href":"https:\/\/portal.uern.br\/propeg\/wp-json\/wp\/v2\/pages"}],"about":[{"href":"https:\/\/portal.uern.br\/propeg\/wp-json\/wp\/v2\/types\/page"}],"author":[{"embeddable":true,"href":"https:\/\/portal.uern.br\/propeg\/wp-json\/wp\/v2\/users\/2"}],"replies":[{"embeddable":true,"href":"https:\/\/portal.uern.br\/propeg\/wp-json\/wp\/v2\/comments?post=2855"}],"version-history":[{"count":9,"href":"https:\/\/portal.uern.br\/propeg\/wp-json\/wp\/v2\/pages\/2855\/revisions"}],"predecessor-version":[{"id":4195,"href":"https:\/\/portal.uern.br\/propeg\/wp-json\/wp\/v2\/pages\/2855\/revisions\/4195"}],"wp:attachment":[{"href":"https:\/\/portal.uern.br\/propeg\/wp-json\/wp\/v2\/media?parent=2855"}],"curies":[{"name":"wp","href":"https:\/\/api.w.org\/{rel}","templated":true}]}}